{"id":1126,"date":"2026-03-19T10:23:17","date_gmt":"2026-03-19T10:23:17","guid":{"rendered":"https:\/\/betlabel.games\/?page_id=1126"},"modified":"2026-04-26T16:38:22","modified_gmt":"2026-04-26T16:38:22","slug":"losing-bets","status":"publish","type":"page","link":"https:\/\/betlabel.games\/dk\/losing-bets\/","title":{"rendered":"Tabte v\u00e6ddem\u00e5l"},"content":{"rendered":"","protected":false},"excerpt":{"rendered":"","protected":false},"author":1,"featured_media":0,"parent":0,"menu_order":0,"comment_status":"closed","ping_status":"closed","template":"","meta":{"footnotes":""},"class_list":["post-1126","page","type-page","status-publish","hentry"],"yoast_head":"<!-- This site is optimized with the Yoast SEO plugin v27.4 - https:\/\/yoast.com\/product\/yoast-seo-wordpress\/ -->\n<title>BetLabel-bonus for tabte v\u00e6ddem\u00e5l \u2013 op til 2900 DKK<\/title>\n<meta name=\"description\" content=\"F\u00e5 en bonus hos BetLabel, hvis du har en taberserie. Op til 2900 DKK for 20 tabte v\u00e6ddem\u00e5l med indsatser p\u00e5 12 DKK, 30 DKK eller 60 DKK. Kundeservice og \u00f8jeblikkelig udbetaling.\" \/>\n<meta name=\"robots\" content=\"index, follow, max-snippet:-1, max-image-preview:large, max-video-preview:-1\" \/>\n<meta property=\"og:locale\" content=\"da_DK\" \/>\n<meta property=\"og:type\" content=\"article\" \/>\n<meta property=\"og:title\" content=\"BetLabel-bonus for tabte v\u00e6ddem\u00e5l \u2013 op til 2900 DKK\" \/>\n<meta property=\"og:description\" content=\"F\u00e5 en bonus hos BetLabel, hvis du har en taberserie. Op til 2900 DKK for 20 tabte v\u00e6ddem\u00e5l med indsatser p\u00e5 12 DKK, 30 DKK eller 60 DKK. Kundeservice og \u00f8jeblikkelig udbetaling.\" \/>\n<meta property=\"og:url\" content=\"https:\/\/betlabel.games\/dk\/losing-bets\/\" \/>\n<meta property=\"og:site_name\" content=\"Betlabel dk\" \/>\n<meta property=\"article:modified_time\" content=\"2026-04-26T16:38:22+00:00\" \/>\n<meta name=\"twitter:card\" content=\"summary_large_image\" \/>\n<script type=\"application\/ld+json\" class=\"yoast-schema-graph\">{\"@context\":\"https:\\\/\\\/schema.org\",\"@graph\":[{\"@type\":\"WebPage\",\"@id\":\"https:\\\/\\\/betlabel.games\\\/dk\\\/losing-bets\\\/\",\"url\":\"https:\\\/\\\/betlabel.games\\\/dk\\\/losing-bets\\\/\",\"name\":\"BetLabel-bonus for tabte v\u00e6ddem\u00e5l \u2013 op til 2900 DKK\",\"isPartOf\":{\"@id\":\"https:\\\/\\\/betlabel.games\\\/dk\\\/#website\"},\"datePublished\":\"2026-03-19T10:23:17+00:00\",\"dateModified\":\"2026-04-26T16:38:22+00:00\",\"description\":\"F\u00e5 en bonus hos BetLabel, hvis du har en taberserie. Op til 2900 DKK for 20 tabte v\u00e6ddem\u00e5l med indsatser p\u00e5 12 DKK, 30 DKK eller 60 DKK. Kundeservice og \u00f8jeblikkelig udbetaling.\",\"breadcrumb\":{\"@id\":\"https:\\\/\\\/betlabel.games\\\/dk\\\/losing-bets\\\/#breadcrumb\"},\"inLanguage\":\"da-DK\",\"potentialAction\":[{\"@type\":\"ReadAction\",\"target\":[\"https:\\\/\\\/betlabel.games\\\/dk\\\/losing-bets\\\/\"]}]},{\"@type\":\"BreadcrumbList\",\"@id\":\"https:\\\/\\\/betlabel.games\\\/dk\\\/losing-bets\\\/#breadcrumb\",\"itemListElement\":[{\"@type\":\"ListItem\",\"position\":1,\"name\":\"Home\",\"item\":\"https:\\\/\\\/betlabel.games\\\/dk\\\/\"},{\"@type\":\"ListItem\",\"position\":2,\"name\":\"Tabte v\u00e6ddem\u00e5l\"}]},{\"@type\":\"WebSite\",\"@id\":\"https:\\\/\\\/betlabel.games\\\/dk\\\/#website\",\"url\":\"https:\\\/\\\/betlabel.games\\\/dk\\\/\",\"name\":\"Betlabel dk\",\"description\":\"My WordPress Blog\",\"potentialAction\":[{\"@type\":\"SearchAction\",\"target\":{\"@type\":\"EntryPoint\",\"urlTemplate\":\"https:\\\/\\\/betlabel.games\\\/dk\\\/?s={search_term_string}\"},\"query-input\":{\"@type\":\"PropertyValueSpecification\",\"valueRequired\":true,\"valueName\":\"search_term_string\"}}],\"inLanguage\":\"da-DK\"}]}<\/script>\n<!-- \/ Yoast SEO plugin. -->","yoast_head_json":{"title":"BetLabel-bonus for tabte v\u00e6ddem\u00e5l \u2013 op til 2900 DKK","description":"F\u00e5 en bonus hos BetLabel, hvis du har en taberserie. Op til 2900 DKK for 20 tabte v\u00e6ddem\u00e5l med indsatser p\u00e5 12 DKK, 30 DKK eller 60 DKK. Kundeservice og \u00f8jeblikkelig udbetaling.","robots":{"index":"index","follow":"follow","max-snippet":"max-snippet:-1","max-image-preview":"max-image-preview:large","max-video-preview":"max-video-preview:-1"},"og_locale":"da_DK","og_type":"article","og_title":"BetLabel-bonus for tabte v\u00e6ddem\u00e5l \u2013 op til 2900 DKK","og_description":"F\u00e5 en bonus hos BetLabel, hvis du har en taberserie. Op til 2900 DKK for 20 tabte v\u00e6ddem\u00e5l med indsatser p\u00e5 12 DKK, 30 DKK eller 60 DKK. Kundeservice og \u00f8jeblikkelig udbetaling.","og_url":"https:\/\/betlabel.games\/dk\/losing-bets\/","og_site_name":"Betlabel dk","article_modified_time":"2026-04-26T16:38:22+00:00","twitter_card":"summary_large_image","schema":{"@context":"https:\/\/schema.org","@graph":[{"@type":"WebPage","@id":"https:\/\/betlabel.games\/dk\/losing-bets\/","url":"https:\/\/betlabel.games\/dk\/losing-bets\/","name":"BetLabel-bonus for tabte v\u00e6ddem\u00e5l \u2013 op til 2900 DKK","isPartOf":{"@id":"https:\/\/betlabel.games\/dk\/#website"},"datePublished":"2026-03-19T10:23:17+00:00","dateModified":"2026-04-26T16:38:22+00:00","description":"F\u00e5 en bonus hos BetLabel, hvis du har en taberserie. Op til 2900 DKK for 20 tabte v\u00e6ddem\u00e5l med indsatser p\u00e5 12 DKK, 30 DKK eller 60 DKK. Kundeservice og \u00f8jeblikkelig udbetaling.","breadcrumb":{"@id":"https:\/\/betlabel.games\/dk\/losing-bets\/#breadcrumb"},"inLanguage":"da-DK","potentialAction":[{"@type":"ReadAction","target":["https:\/\/betlabel.games\/dk\/losing-bets\/"]}]},{"@type":"BreadcrumbList","@id":"https:\/\/betlabel.games\/dk\/losing-bets\/#breadcrumb","itemListElement":[{"@type":"ListItem","position":1,"name":"Home","item":"https:\/\/betlabel.games\/dk\/"},{"@type":"ListItem","position":2,"name":"Tabte v\u00e6ddem\u00e5l"}]},{"@type":"WebSite","@id":"https:\/\/betlabel.games\/dk\/#website","url":"https:\/\/betlabel.games\/dk\/","name":"Betlabel dk","description":"My WordPress Blog","potentialAction":[{"@type":"SearchAction","target":{"@type":"EntryPoint","urlTemplate":"https:\/\/betlabel.games\/dk\/?s={search_term_string}"},"query-input":{"@type":"PropertyValueSpecification","valueRequired":true,"valueName":"search_term_string"}}],"inLanguage":"da-DK"}]}},"_links":{"self":[{"href":"https:\/\/betlabel.games\/dk\/wp-json\/wp\/v2\/pages\/1126","targetHints":{"allow":["GET"]}}],"collection":[{"href":"https:\/\/betlabel.games\/dk\/wp-json\/wp\/v2\/pages"}],"about":[{"href":"https:\/\/betlabel.games\/dk\/wp-json\/wp\/v2\/types\/page"}],"author":[{"embeddable":true,"href":"https:\/\/betlabel.games\/dk\/wp-json\/wp\/v2\/users\/1"}],"replies":[{"embeddable":true,"href":"https:\/\/betlabel.games\/dk\/wp-json\/wp\/v2\/comments?post=1126"}],"version-history":[{"count":3,"href":"https:\/\/betlabel.games\/dk\/wp-json\/wp\/v2\/pages\/1126\/revisions"}],"predecessor-version":[{"id":1214,"href":"https:\/\/betlabel.games\/dk\/wp-json\/wp\/v2\/pages\/1126\/revisions\/1214"}],"wp:attachment":[{"href":"https:\/\/betlabel.games\/dk\/wp-json\/wp\/v2\/media?parent=1126"}],"curies":[{"name":"wp","href":"https:\/\/api.w.org\/{rel}","templated":true}]}}