{"id":204,"date":"2024-10-03T12:46:23","date_gmt":"2024-10-03T12:46:23","guid":{"rendered":"https:\/\/betlabel.games\/dk\/?page_id=204"},"modified":"2026-02-12T17:28:07","modified_gmt":"2026-02-12T17:28:07","slug":"mobile","status":"publish","type":"page","link":"https:\/\/betlabel.games\/dk\/mobile\/","title":{"rendered":"Mobil"},"content":{"rendered":"","protected":false},"excerpt":{"rendered":"","protected":false},"author":1,"featured_media":0,"parent":0,"menu_order":0,"comment_status":"closed","ping_status":"closed","template":"","meta":{"footnotes":""},"class_list":["post-204","page","type-page","status-publish","hentry"],"yoast_head":"<!-- This site is optimized with the Yoast SEO plugin v27.4 - https:\/\/yoast.com\/product\/yoast-seo-wordpress\/ -->\n<title>BetLabel\u2122 App \u2014 Mobil platform til sportsv\u00e6ddem\u00e5l \u2014 2026<\/title>\n<meta name=\"description\" content=\"Download Bet Label-appen for at placere sportsv\u00e6ddem\u00e5l, f\u00e5 adgang til live odds, administrere din konto og nyde hurtig, sikker og problemfri mobilv\u00e6ddem\u00e5l p\u00e5 Android og iOS.\" \/>\n<meta name=\"robots\" content=\"index, follow, max-snippet:-1, max-image-preview:large, max-video-preview:-1\" \/>\n<meta property=\"og:locale\" content=\"da_DK\" \/>\n<meta property=\"og:type\" content=\"article\" \/>\n<meta property=\"og:title\" content=\"BetLabel\u2122 App \u2014 Mobil platform til sportsv\u00e6ddem\u00e5l \u2014 2026\" \/>\n<meta property=\"og:description\" content=\"Download Bet Label-appen for at placere sportsv\u00e6ddem\u00e5l, f\u00e5 adgang til live odds, administrere din konto og nyde hurtig, sikker og problemfri mobilv\u00e6ddem\u00e5l p\u00e5 Android og iOS.\" \/>\n<meta property=\"og:url\" content=\"https:\/\/betlabel.games\/dk\/mobile\/\" \/>\n<meta property=\"og:site_name\" content=\"Betlabel dk\" \/>\n<meta property=\"article:modified_time\" content=\"2026-02-12T17:28:07+00:00\" \/>\n<meta name=\"twitter:card\" content=\"summary_large_image\" \/>\n<script type=\"application\/ld+json\" class=\"yoast-schema-graph\">{\"@context\":\"https:\\\/\\\/schema.org\",\"@graph\":[{\"@type\":\"WebPage\",\"@id\":\"https:\\\/\\\/betlabel.games\\\/dk\\\/mobile\\\/\",\"url\":\"https:\\\/\\\/betlabel.games\\\/dk\\\/mobile\\\/\",\"name\":\"BetLabel\u2122 App \u2014 Mobil platform til sportsv\u00e6ddem\u00e5l \u2014 2026\",\"isPartOf\":{\"@id\":\"https:\\\/\\\/betlabel.games\\\/dk\\\/#website\"},\"datePublished\":\"2024-10-03T12:46:23+00:00\",\"dateModified\":\"2026-02-12T17:28:07+00:00\",\"description\":\"Download Bet Label-appen for at placere sportsv\u00e6ddem\u00e5l, f\u00e5 adgang til live odds, administrere din konto og nyde hurtig, sikker og problemfri mobilv\u00e6ddem\u00e5l p\u00e5 Android og iOS.\",\"breadcrumb\":{\"@id\":\"https:\\\/\\\/betlabel.games\\\/dk\\\/mobile\\\/#breadcrumb\"},\"inLanguage\":\"da-DK\",\"potentialAction\":[{\"@type\":\"ReadAction\",\"target\":[\"https:\\\/\\\/betlabel.games\\\/dk\\\/mobile\\\/\"]}]},{\"@type\":\"BreadcrumbList\",\"@id\":\"https:\\\/\\\/betlabel.games\\\/dk\\\/mobile\\\/#breadcrumb\",\"itemListElement\":[{\"@type\":\"ListItem\",\"position\":1,\"name\":\"Home\",\"item\":\"https:\\\/\\\/betlabel.games\\\/dk\\\/\"},{\"@type\":\"ListItem\",\"position\":2,\"name\":\"Mobil\"}]},{\"@type\":\"WebSite\",\"@id\":\"https:\\\/\\\/betlabel.games\\\/dk\\\/#website\",\"url\":\"https:\\\/\\\/betlabel.games\\\/dk\\\/\",\"name\":\"Betlabel dk\",\"description\":\"My WordPress Blog\",\"potentialAction\":[{\"@type\":\"SearchAction\",\"target\":{\"@type\":\"EntryPoint\",\"urlTemplate\":\"https:\\\/\\\/betlabel.games\\\/dk\\\/?s={search_term_string}\"},\"query-input\":{\"@type\":\"PropertyValueSpecification\",\"valueRequired\":true,\"valueName\":\"search_term_string\"}}],\"inLanguage\":\"da-DK\"}]}<\/script>\n<!-- \/ Yoast SEO plugin. -->","yoast_head_json":{"title":"BetLabel\u2122 App \u2014 Mobil platform til sportsv\u00e6ddem\u00e5l \u2014 2026","description":"Download Bet Label-appen for at placere sportsv\u00e6ddem\u00e5l, f\u00e5 adgang til live odds, administrere din konto og nyde hurtig, sikker og problemfri mobilv\u00e6ddem\u00e5l p\u00e5 Android og iOS.","robots":{"index":"index","follow":"follow","max-snippet":"max-snippet:-1","max-image-preview":"max-image-preview:large","max-video-preview":"max-video-preview:-1"},"og_locale":"da_DK","og_type":"article","og_title":"BetLabel\u2122 App \u2014 Mobil platform til sportsv\u00e6ddem\u00e5l \u2014 2026","og_description":"Download Bet Label-appen for at placere sportsv\u00e6ddem\u00e5l, f\u00e5 adgang til live odds, administrere din konto og nyde hurtig, sikker og problemfri mobilv\u00e6ddem\u00e5l p\u00e5 Android og iOS.","og_url":"https:\/\/betlabel.games\/dk\/mobile\/","og_site_name":"Betlabel dk","article_modified_time":"2026-02-12T17:28:07+00:00","twitter_card":"summary_large_image","schema":{"@context":"https:\/\/schema.org","@graph":[{"@type":"WebPage","@id":"https:\/\/betlabel.games\/dk\/mobile\/","url":"https:\/\/betlabel.games\/dk\/mobile\/","name":"BetLabel\u2122 App \u2014 Mobil platform til sportsv\u00e6ddem\u00e5l \u2014 2026","isPartOf":{"@id":"https:\/\/betlabel.games\/dk\/#website"},"datePublished":"2024-10-03T12:46:23+00:00","dateModified":"2026-02-12T17:28:07+00:00","description":"Download Bet Label-appen for at placere sportsv\u00e6ddem\u00e5l, f\u00e5 adgang til live odds, administrere din konto og nyde hurtig, sikker og problemfri mobilv\u00e6ddem\u00e5l p\u00e5 Android og iOS.","breadcrumb":{"@id":"https:\/\/betlabel.games\/dk\/mobile\/#breadcrumb"},"inLanguage":"da-DK","potentialAction":[{"@type":"ReadAction","target":["https:\/\/betlabel.games\/dk\/mobile\/"]}]},{"@type":"BreadcrumbList","@id":"https:\/\/betlabel.games\/dk\/mobile\/#breadcrumb","itemListElement":[{"@type":"ListItem","position":1,"name":"Home","item":"https:\/\/betlabel.games\/dk\/"},{"@type":"ListItem","position":2,"name":"Mobil"}]},{"@type":"WebSite","@id":"https:\/\/betlabel.games\/dk\/#website","url":"https:\/\/betlabel.games\/dk\/","name":"Betlabel dk","description":"My WordPress Blog","potentialAction":[{"@type":"SearchAction","target":{"@type":"EntryPoint","urlTemplate":"https:\/\/betlabel.games\/dk\/?s={search_term_string}"},"query-input":{"@type":"PropertyValueSpecification","valueRequired":true,"valueName":"search_term_string"}}],"inLanguage":"da-DK"}]}},"_links":{"self":[{"href":"https:\/\/betlabel.games\/dk\/wp-json\/wp\/v2\/pages\/204","targetHints":{"allow":["GET"]}}],"collection":[{"href":"https:\/\/betlabel.games\/dk\/wp-json\/wp\/v2\/pages"}],"about":[{"href":"https:\/\/betlabel.games\/dk\/wp-json\/wp\/v2\/types\/page"}],"author":[{"embeddable":true,"href":"https:\/\/betlabel.games\/dk\/wp-json\/wp\/v2\/users\/1"}],"replies":[{"embeddable":true,"href":"https:\/\/betlabel.games\/dk\/wp-json\/wp\/v2\/comments?post=204"}],"version-history":[{"count":5,"href":"https:\/\/betlabel.games\/dk\/wp-json\/wp\/v2\/pages\/204\/revisions"}],"predecessor-version":[{"id":1038,"href":"https:\/\/betlabel.games\/dk\/wp-json\/wp\/v2\/pages\/204\/revisions\/1038"}],"wp:attachment":[{"href":"https:\/\/betlabel.games\/dk\/wp-json\/wp\/v2\/media?parent=204"}],"curies":[{"name":"wp","href":"https:\/\/api.w.org\/{rel}","templated":true}]}}