{"id":270,"date":"2024-10-10T12:51:51","date_gmt":"2024-10-10T12:51:51","guid":{"rendered":"https:\/\/betlabel.games\/dk\/?page_id=270"},"modified":"2026-02-12T13:45:52","modified_gmt":"2026-02-12T13:45:52","slug":"login","status":"publish","type":"page","link":"https:\/\/betlabel.games\/dk\/login\/","title":{"rendered":"Login"},"content":{"rendered":"","protected":false},"excerpt":{"rendered":"","protected":false},"author":1,"featured_media":0,"parent":0,"menu_order":0,"comment_status":"closed","ping_status":"closed","template":"","meta":{"footnotes":""},"class_list":["post-270","page","type-page","status-publish","hentry"],"yoast_head":"<!-- This site is optimized with the Yoast SEO plugin v27.4 - https:\/\/yoast.com\/product\/yoast-seo-wordpress\/ -->\n<title>BetLabel\u2122 Login \u2014Sikker adgang til kontoen \u2014 2026<\/title>\n<meta name=\"description\" content=\"Log ind p\u00e5 Bet Label for at f\u00e5 adgang til din konto, administrere v\u00e6ddem\u00e5l, se bonusser, spore aktivitet og nyde hurtig, sikker og problemfri platformydelse.\" \/>\n<meta name=\"robots\" content=\"index, follow, max-snippet:-1, max-image-preview:large, max-video-preview:-1\" \/>\n<meta property=\"og:locale\" content=\"da_DK\" \/>\n<meta property=\"og:type\" content=\"article\" \/>\n<meta property=\"og:title\" content=\"BetLabel\u2122 Login \u2014Sikker adgang til kontoen \u2014 2026\" \/>\n<meta property=\"og:description\" content=\"Log ind p\u00e5 Bet Label for at f\u00e5 adgang til din konto, administrere v\u00e6ddem\u00e5l, se bonusser, spore aktivitet og nyde hurtig, sikker og problemfri platformydelse.\" \/>\n<meta property=\"og:url\" content=\"https:\/\/betlabel.games\/dk\/login\/\" \/>\n<meta property=\"og:site_name\" content=\"Betlabel dk\" \/>\n<meta property=\"article:modified_time\" content=\"2026-02-12T13:45:52+00:00\" \/>\n<meta name=\"twitter:card\" content=\"summary_large_image\" \/>\n<script type=\"application\/ld+json\" class=\"yoast-schema-graph\">{\"@context\":\"https:\\\/\\\/schema.org\",\"@graph\":[{\"@type\":\"WebPage\",\"@id\":\"https:\\\/\\\/betlabel.games\\\/dk\\\/login\\\/\",\"url\":\"https:\\\/\\\/betlabel.games\\\/dk\\\/login\\\/\",\"name\":\"BetLabel\u2122 Login \u2014Sikker adgang til kontoen \u2014 2026\",\"isPartOf\":{\"@id\":\"https:\\\/\\\/betlabel.games\\\/dk\\\/#website\"},\"datePublished\":\"2024-10-10T12:51:51+00:00\",\"dateModified\":\"2026-02-12T13:45:52+00:00\",\"description\":\"Log ind p\u00e5 Bet Label for at f\u00e5 adgang til din konto, administrere v\u00e6ddem\u00e5l, se bonusser, spore aktivitet og nyde hurtig, sikker og problemfri platformydelse.\",\"breadcrumb\":{\"@id\":\"https:\\\/\\\/betlabel.games\\\/dk\\\/login\\\/#breadcrumb\"},\"inLanguage\":\"da-DK\",\"potentialAction\":[{\"@type\":\"ReadAction\",\"target\":[\"https:\\\/\\\/betlabel.games\\\/dk\\\/login\\\/\"]}]},{\"@type\":\"BreadcrumbList\",\"@id\":\"https:\\\/\\\/betlabel.games\\\/dk\\\/login\\\/#breadcrumb\",\"itemListElement\":[{\"@type\":\"ListItem\",\"position\":1,\"name\":\"Home\",\"item\":\"https:\\\/\\\/betlabel.games\\\/dk\\\/\"},{\"@type\":\"ListItem\",\"position\":2,\"name\":\"Login\"}]},{\"@type\":\"WebSite\",\"@id\":\"https:\\\/\\\/betlabel.games\\\/dk\\\/#website\",\"url\":\"https:\\\/\\\/betlabel.games\\\/dk\\\/\",\"name\":\"Betlabel dk\",\"description\":\"My WordPress Blog\",\"potentialAction\":[{\"@type\":\"SearchAction\",\"target\":{\"@type\":\"EntryPoint\",\"urlTemplate\":\"https:\\\/\\\/betlabel.games\\\/dk\\\/?s={search_term_string}\"},\"query-input\":{\"@type\":\"PropertyValueSpecification\",\"valueRequired\":true,\"valueName\":\"search_term_string\"}}],\"inLanguage\":\"da-DK\"}]}<\/script>\n<!-- \/ Yoast SEO plugin. -->","yoast_head_json":{"title":"BetLabel\u2122 Login \u2014Sikker adgang til kontoen \u2014 2026","description":"Log ind p\u00e5 Bet Label for at f\u00e5 adgang til din konto, administrere v\u00e6ddem\u00e5l, se bonusser, spore aktivitet og nyde hurtig, sikker og problemfri platformydelse.","robots":{"index":"index","follow":"follow","max-snippet":"max-snippet:-1","max-image-preview":"max-image-preview:large","max-video-preview":"max-video-preview:-1"},"og_locale":"da_DK","og_type":"article","og_title":"BetLabel\u2122 Login \u2014Sikker adgang til kontoen \u2014 2026","og_description":"Log ind p\u00e5 Bet Label for at f\u00e5 adgang til din konto, administrere v\u00e6ddem\u00e5l, se bonusser, spore aktivitet og nyde hurtig, sikker og problemfri platformydelse.","og_url":"https:\/\/betlabel.games\/dk\/login\/","og_site_name":"Betlabel dk","article_modified_time":"2026-02-12T13:45:52+00:00","twitter_card":"summary_large_image","schema":{"@context":"https:\/\/schema.org","@graph":[{"@type":"WebPage","@id":"https:\/\/betlabel.games\/dk\/login\/","url":"https:\/\/betlabel.games\/dk\/login\/","name":"BetLabel\u2122 Login \u2014Sikker adgang til kontoen \u2014 2026","isPartOf":{"@id":"https:\/\/betlabel.games\/dk\/#website"},"datePublished":"2024-10-10T12:51:51+00:00","dateModified":"2026-02-12T13:45:52+00:00","description":"Log ind p\u00e5 Bet Label for at f\u00e5 adgang til din konto, administrere v\u00e6ddem\u00e5l, se bonusser, spore aktivitet og nyde hurtig, sikker og problemfri platformydelse.","breadcrumb":{"@id":"https:\/\/betlabel.games\/dk\/login\/#breadcrumb"},"inLanguage":"da-DK","potentialAction":[{"@type":"ReadAction","target":["https:\/\/betlabel.games\/dk\/login\/"]}]},{"@type":"BreadcrumbList","@id":"https:\/\/betlabel.games\/dk\/login\/#breadcrumb","itemListElement":[{"@type":"ListItem","position":1,"name":"Home","item":"https:\/\/betlabel.games\/dk\/"},{"@type":"ListItem","position":2,"name":"Login"}]},{"@type":"WebSite","@id":"https:\/\/betlabel.games\/dk\/#website","url":"https:\/\/betlabel.games\/dk\/","name":"Betlabel dk","description":"My WordPress Blog","potentialAction":[{"@type":"SearchAction","target":{"@type":"EntryPoint","urlTemplate":"https:\/\/betlabel.games\/dk\/?s={search_term_string}"},"query-input":{"@type":"PropertyValueSpecification","valueRequired":true,"valueName":"search_term_string"}}],"inLanguage":"da-DK"}]}},"_links":{"self":[{"href":"https:\/\/betlabel.games\/dk\/wp-json\/wp\/v2\/pages\/270","targetHints":{"allow":["GET"]}}],"collection":[{"href":"https:\/\/betlabel.games\/dk\/wp-json\/wp\/v2\/pages"}],"about":[{"href":"https:\/\/betlabel.games\/dk\/wp-json\/wp\/v2\/types\/page"}],"author":[{"embeddable":true,"href":"https:\/\/betlabel.games\/dk\/wp-json\/wp\/v2\/users\/1"}],"replies":[{"embeddable":true,"href":"https:\/\/betlabel.games\/dk\/wp-json\/wp\/v2\/comments?post=270"}],"version-history":[{"count":6,"href":"https:\/\/betlabel.games\/dk\/wp-json\/wp\/v2\/pages\/270\/revisions"}],"predecessor-version":[{"id":1034,"href":"https:\/\/betlabel.games\/dk\/wp-json\/wp\/v2\/pages\/270\/revisions\/1034"}],"wp:attachment":[{"href":"https:\/\/betlabel.games\/dk\/wp-json\/wp\/v2\/media?parent=270"}],"curies":[{"name":"wp","href":"https:\/\/api.w.org\/{rel}","templated":true}]}}