{"id":440,"date":"2025-06-13T07:21:59","date_gmt":"2025-06-13T07:21:59","guid":{"rendered":"https:\/\/betlabel.games\/dk\/?page_id=440"},"modified":"2026-02-12T10:29:42","modified_gmt":"2026-02-12T10:29:42","slug":"freebet","status":"publish","type":"page","link":"https:\/\/betlabel.games\/dk\/bonuses\/freebet\/","title":{"rendered":"Gratis v\u00e6ddem\u00e5l"},"content":{"rendered":"","protected":false},"excerpt":{"rendered":"","protected":false},"author":1,"featured_media":0,"parent":201,"menu_order":0,"comment_status":"closed","ping_status":"closed","template":"","meta":{"footnotes":""},"class_list":["post-440","page","type-page","status-publish","hentry"],"yoast_head":"<!-- This site is optimized with the Yoast SEO plugin v26.6 - https:\/\/yoast.com\/wordpress\/plugins\/seo\/ -->\n<title>Gratis v\u00e6ddem\u00e5l BetLabel | 15% p\u00e5 din indbetaling op til 550 DKK!<\/title>\n<meta name=\"description\" content=\"F\u00e5 dit velkomstbonus fra BetLabel og modtag 15 % p\u00e5 din f\u00f8rste indbetaling! Registrer dig, aktiver bonussen og top op din saldo \u2013 maksimale fordele venter p\u00e5 dig! G\u00e5 ikke glip af din chance!\" \/>\n<meta name=\"robots\" content=\"index, follow, max-snippet:-1, max-image-preview:large, max-video-preview:-1\" \/>\n<meta property=\"og:locale\" content=\"da_DK\" \/>\n<meta property=\"og:type\" content=\"article\" \/>\n<meta property=\"og:title\" content=\"Gratis v\u00e6ddem\u00e5l BetLabel | 15% p\u00e5 din indbetaling op til 550 DKK!\" \/>\n<meta property=\"og:description\" content=\"F\u00e5 dit velkomstbonus fra BetLabel og modtag 15 % p\u00e5 din f\u00f8rste indbetaling! Registrer dig, aktiver bonussen og top op din saldo \u2013 maksimale fordele venter p\u00e5 dig! G\u00e5 ikke glip af din chance!\" \/>\n<meta property=\"og:url\" content=\"https:\/\/betlabel.games\/dk\/bonuses\/freebet\/\" \/>\n<meta property=\"og:site_name\" content=\"Betlabel dk\" \/>\n<meta property=\"article:modified_time\" content=\"2026-02-12T10:29:42+00:00\" \/>\n<meta name=\"twitter:card\" content=\"summary_large_image\" \/>\n<script type=\"application\/ld+json\" class=\"yoast-schema-graph\">{\"@context\":\"https:\/\/schema.org\",\"@graph\":[{\"@type\":\"WebPage\",\"@id\":\"https:\/\/betlabel.games\/dk\/bonuses\/freebet\/\",\"url\":\"https:\/\/betlabel.games\/dk\/bonuses\/freebet\/\",\"name\":\"Gratis v\u00e6ddem\u00e5l BetLabel | 15% p\u00e5 din indbetaling op til 550 DKK!\",\"isPartOf\":{\"@id\":\"https:\/\/betlabel.games\/dk\/#website\"},\"datePublished\":\"2025-06-13T07:21:59+00:00\",\"dateModified\":\"2026-02-12T10:29:42+00:00\",\"description\":\"F\u00e5 dit velkomstbonus fra BetLabel og modtag 15 % p\u00e5 din f\u00f8rste indbetaling! Registrer dig, aktiver bonussen og top op din saldo \u2013 maksimale fordele venter p\u00e5 dig! G\u00e5 ikke glip af din chance!\",\"breadcrumb\":{\"@id\":\"https:\/\/betlabel.games\/dk\/bonuses\/freebet\/#breadcrumb\"},\"inLanguage\":\"da-DK\",\"potentialAction\":[{\"@type\":\"ReadAction\",\"target\":[\"https:\/\/betlabel.games\/dk\/bonuses\/freebet\/\"]}]},{\"@type\":\"BreadcrumbList\",\"@id\":\"https:\/\/betlabel.games\/dk\/bonuses\/freebet\/#breadcrumb\",\"itemListElement\":[{\"@type\":\"ListItem\",\"position\":1,\"name\":\"Home\",\"item\":\"https:\/\/betlabel.games\/dk\/\"},{\"@type\":\"ListItem\",\"position\":2,\"name\":\"Bonusser\",\"item\":\"https:\/\/betlabel.games\/dk\/bonuses\/\"},{\"@type\":\"ListItem\",\"position\":3,\"name\":\"Gratis v\u00e6ddem\u00e5l\"}]},{\"@type\":\"WebSite\",\"@id\":\"https:\/\/betlabel.games\/dk\/#website\",\"url\":\"https:\/\/betlabel.games\/dk\/\",\"name\":\"Betlabel dk\",\"description\":\"My WordPress Blog\",\"potentialAction\":[{\"@type\":\"SearchAction\",\"target\":{\"@type\":\"EntryPoint\",\"urlTemplate\":\"https:\/\/betlabel.games\/dk\/?s={search_term_string}\"},\"query-input\":{\"@type\":\"PropertyValueSpecification\",\"valueRequired\":true,\"valueName\":\"search_term_string\"}}],\"inLanguage\":\"da-DK\"}]}<\/script>\n<!-- \/ Yoast SEO plugin. -->","yoast_head_json":{"title":"Gratis v\u00e6ddem\u00e5l BetLabel | 15% p\u00e5 din indbetaling op til 550 DKK!","description":"F\u00e5 dit velkomstbonus fra BetLabel og modtag 15 % p\u00e5 din f\u00f8rste indbetaling! Registrer dig, aktiver bonussen og top op din saldo \u2013 maksimale fordele venter p\u00e5 dig! G\u00e5 ikke glip af din chance!","robots":{"index":"index","follow":"follow","max-snippet":"max-snippet:-1","max-image-preview":"max-image-preview:large","max-video-preview":"max-video-preview:-1"},"og_locale":"da_DK","og_type":"article","og_title":"Gratis v\u00e6ddem\u00e5l BetLabel | 15% p\u00e5 din indbetaling op til 550 DKK!","og_description":"F\u00e5 dit velkomstbonus fra BetLabel og modtag 15 % p\u00e5 din f\u00f8rste indbetaling! Registrer dig, aktiver bonussen og top op din saldo \u2013 maksimale fordele venter p\u00e5 dig! G\u00e5 ikke glip af din chance!","og_url":"https:\/\/betlabel.games\/dk\/bonuses\/freebet\/","og_site_name":"Betlabel dk","article_modified_time":"2026-02-12T10:29:42+00:00","twitter_card":"summary_large_image","schema":{"@context":"https:\/\/schema.org","@graph":[{"@type":"WebPage","@id":"https:\/\/betlabel.games\/dk\/bonuses\/freebet\/","url":"https:\/\/betlabel.games\/dk\/bonuses\/freebet\/","name":"Gratis v\u00e6ddem\u00e5l BetLabel | 15% p\u00e5 din indbetaling op til 550 DKK!","isPartOf":{"@id":"https:\/\/betlabel.games\/dk\/#website"},"datePublished":"2025-06-13T07:21:59+00:00","dateModified":"2026-02-12T10:29:42+00:00","description":"F\u00e5 dit velkomstbonus fra BetLabel og modtag 15 % p\u00e5 din f\u00f8rste indbetaling! Registrer dig, aktiver bonussen og top op din saldo \u2013 maksimale fordele venter p\u00e5 dig! G\u00e5 ikke glip af din chance!","breadcrumb":{"@id":"https:\/\/betlabel.games\/dk\/bonuses\/freebet\/#breadcrumb"},"inLanguage":"da-DK","potentialAction":[{"@type":"ReadAction","target":["https:\/\/betlabel.games\/dk\/bonuses\/freebet\/"]}]},{"@type":"BreadcrumbList","@id":"https:\/\/betlabel.games\/dk\/bonuses\/freebet\/#breadcrumb","itemListElement":[{"@type":"ListItem","position":1,"name":"Home","item":"https:\/\/betlabel.games\/dk\/"},{"@type":"ListItem","position":2,"name":"Bonusser","item":"https:\/\/betlabel.games\/dk\/bonuses\/"},{"@type":"ListItem","position":3,"name":"Gratis v\u00e6ddem\u00e5l"}]},{"@type":"WebSite","@id":"https:\/\/betlabel.games\/dk\/#website","url":"https:\/\/betlabel.games\/dk\/","name":"Betlabel dk","description":"My WordPress Blog","potentialAction":[{"@type":"SearchAction","target":{"@type":"EntryPoint","urlTemplate":"https:\/\/betlabel.games\/dk\/?s={search_term_string}"},"query-input":{"@type":"PropertyValueSpecification","valueRequired":true,"valueName":"search_term_string"}}],"inLanguage":"da-DK"}]}},"_links":{"self":[{"href":"https:\/\/betlabel.games\/dk\/wp-json\/wp\/v2\/pages\/440","targetHints":{"allow":["GET"]}}],"collection":[{"href":"https:\/\/betlabel.games\/dk\/wp-json\/wp\/v2\/pages"}],"about":[{"href":"https:\/\/betlabel.games\/dk\/wp-json\/wp\/v2\/types\/page"}],"author":[{"embeddable":true,"href":"https:\/\/betlabel.games\/dk\/wp-json\/wp\/v2\/users\/1"}],"replies":[{"embeddable":true,"href":"https:\/\/betlabel.games\/dk\/wp-json\/wp\/v2\/comments?post=440"}],"version-history":[{"count":4,"href":"https:\/\/betlabel.games\/dk\/wp-json\/wp\/v2\/pages\/440\/revisions"}],"predecessor-version":[{"id":1011,"href":"https:\/\/betlabel.games\/dk\/wp-json\/wp\/v2\/pages\/440\/revisions\/1011"}],"up":[{"embeddable":true,"href":"https:\/\/betlabel.games\/dk\/wp-json\/wp\/v2\/pages\/201"}],"wp:attachment":[{"href":"https:\/\/betlabel.games\/dk\/wp-json\/wp\/v2\/media?parent=440"}],"curies":[{"name":"wp","href":"https:\/\/api.w.org\/{rel}","templated":true}]}}