{"id":443,"date":"2025-06-13T07:30:16","date_gmt":"2025-06-13T07:30:16","guid":{"rendered":"https:\/\/betlabel.games\/dk\/?page_id=443"},"modified":"2026-02-12T10:23:41","modified_gmt":"2026-02-12T10:23:41","slug":"casino-welcome-pack","status":"publish","type":"page","link":"https:\/\/betlabel.games\/dk\/bonuses\/casino-welcome-pack\/","title":{"rendered":"Casino velkomstpakke"},"content":{"rendered":"","protected":false},"excerpt":{"rendered":"","protected":false},"author":1,"featured_media":0,"parent":201,"menu_order":0,"comment_status":"closed","ping_status":"closed","template":"","meta":{"footnotes":""},"class_list":["post-443","page","type-page","status-publish","hentry"],"yoast_head":"<!-- This site is optimized with the Yoast SEO plugin v26.6 - https:\/\/yoast.com\/wordpress\/plugins\/seo\/ -->\n<title>BetLabel Casino velkomstpakke | 10.000 DKK og 150 gratis spins!<\/title>\n<meta name=\"description\" content=\"Fordyb dig i en verden af sp\u00e6ndende gevinster med BetLabel casinots velkomstpakke! Modtag gener\u00f8se bonusser p\u00e5 op til 10.000 DKK og 150 gratis spins for dine f\u00f8rste fire indskud. Registrer dig og begynd at spille i dag!\" \/>\n<meta name=\"robots\" content=\"index, follow, max-snippet:-1, max-image-preview:large, max-video-preview:-1\" \/>\n<meta property=\"og:locale\" content=\"da_DK\" \/>\n<meta property=\"og:type\" content=\"article\" \/>\n<meta property=\"og:title\" content=\"BetLabel Casino velkomstpakke | 10.000 DKK og 150 gratis spins!\" \/>\n<meta property=\"og:description\" content=\"Fordyb dig i en verden af sp\u00e6ndende gevinster med BetLabel casinots velkomstpakke! Modtag gener\u00f8se bonusser p\u00e5 op til 10.000 DKK og 150 gratis spins for dine f\u00f8rste fire indskud. Registrer dig og begynd at spille i dag!\" \/>\n<meta property=\"og:url\" content=\"https:\/\/betlabel.games\/dk\/bonuses\/casino-welcome-pack\/\" \/>\n<meta property=\"og:site_name\" content=\"Betlabel dk\" \/>\n<meta property=\"article:modified_time\" content=\"2026-02-12T10:23:41+00:00\" \/>\n<meta name=\"twitter:card\" content=\"summary_large_image\" \/>\n<script type=\"application\/ld+json\" class=\"yoast-schema-graph\">{\"@context\":\"https:\/\/schema.org\",\"@graph\":[{\"@type\":\"WebPage\",\"@id\":\"https:\/\/betlabel.games\/dk\/bonuses\/casino-welcome-pack\/\",\"url\":\"https:\/\/betlabel.games\/dk\/bonuses\/casino-welcome-pack\/\",\"name\":\"BetLabel Casino velkomstpakke | 10.000 DKK og 150 gratis spins!\",\"isPartOf\":{\"@id\":\"https:\/\/betlabel.games\/dk\/#website\"},\"datePublished\":\"2025-06-13T07:30:16+00:00\",\"dateModified\":\"2026-02-12T10:23:41+00:00\",\"description\":\"Fordyb dig i en verden af sp\u00e6ndende gevinster med BetLabel casinots velkomstpakke! Modtag gener\u00f8se bonusser p\u00e5 op til 10.000 DKK og 150 gratis spins for dine f\u00f8rste fire indskud. Registrer dig og begynd at spille i dag!\",\"breadcrumb\":{\"@id\":\"https:\/\/betlabel.games\/dk\/bonuses\/casino-welcome-pack\/#breadcrumb\"},\"inLanguage\":\"da-DK\",\"potentialAction\":[{\"@type\":\"ReadAction\",\"target\":[\"https:\/\/betlabel.games\/dk\/bonuses\/casino-welcome-pack\/\"]}]},{\"@type\":\"BreadcrumbList\",\"@id\":\"https:\/\/betlabel.games\/dk\/bonuses\/casino-welcome-pack\/#breadcrumb\",\"itemListElement\":[{\"@type\":\"ListItem\",\"position\":1,\"name\":\"Home\",\"item\":\"https:\/\/betlabel.games\/dk\/\"},{\"@type\":\"ListItem\",\"position\":2,\"name\":\"Bonusser\",\"item\":\"https:\/\/betlabel.games\/dk\/bonuses\/\"},{\"@type\":\"ListItem\",\"position\":3,\"name\":\"Casino velkomstpakke\"}]},{\"@type\":\"WebSite\",\"@id\":\"https:\/\/betlabel.games\/dk\/#website\",\"url\":\"https:\/\/betlabel.games\/dk\/\",\"name\":\"Betlabel dk\",\"description\":\"My WordPress Blog\",\"potentialAction\":[{\"@type\":\"SearchAction\",\"target\":{\"@type\":\"EntryPoint\",\"urlTemplate\":\"https:\/\/betlabel.games\/dk\/?s={search_term_string}\"},\"query-input\":{\"@type\":\"PropertyValueSpecification\",\"valueRequired\":true,\"valueName\":\"search_term_string\"}}],\"inLanguage\":\"da-DK\"}]}<\/script>\n<!-- \/ Yoast SEO plugin. -->","yoast_head_json":{"title":"BetLabel Casino velkomstpakke | 10.000 DKK og 150 gratis spins!","description":"Fordyb dig i en verden af sp\u00e6ndende gevinster med BetLabel casinots velkomstpakke! Modtag gener\u00f8se bonusser p\u00e5 op til 10.000 DKK og 150 gratis spins for dine f\u00f8rste fire indskud. Registrer dig og begynd at spille i dag!","robots":{"index":"index","follow":"follow","max-snippet":"max-snippet:-1","max-image-preview":"max-image-preview:large","max-video-preview":"max-video-preview:-1"},"og_locale":"da_DK","og_type":"article","og_title":"BetLabel Casino velkomstpakke | 10.000 DKK og 150 gratis spins!","og_description":"Fordyb dig i en verden af sp\u00e6ndende gevinster med BetLabel casinots velkomstpakke! Modtag gener\u00f8se bonusser p\u00e5 op til 10.000 DKK og 150 gratis spins for dine f\u00f8rste fire indskud. Registrer dig og begynd at spille i dag!","og_url":"https:\/\/betlabel.games\/dk\/bonuses\/casino-welcome-pack\/","og_site_name":"Betlabel dk","article_modified_time":"2026-02-12T10:23:41+00:00","twitter_card":"summary_large_image","schema":{"@context":"https:\/\/schema.org","@graph":[{"@type":"WebPage","@id":"https:\/\/betlabel.games\/dk\/bonuses\/casino-welcome-pack\/","url":"https:\/\/betlabel.games\/dk\/bonuses\/casino-welcome-pack\/","name":"BetLabel Casino velkomstpakke | 10.000 DKK og 150 gratis spins!","isPartOf":{"@id":"https:\/\/betlabel.games\/dk\/#website"},"datePublished":"2025-06-13T07:30:16+00:00","dateModified":"2026-02-12T10:23:41+00:00","description":"Fordyb dig i en verden af sp\u00e6ndende gevinster med BetLabel casinots velkomstpakke! Modtag gener\u00f8se bonusser p\u00e5 op til 10.000 DKK og 150 gratis spins for dine f\u00f8rste fire indskud. Registrer dig og begynd at spille i dag!","breadcrumb":{"@id":"https:\/\/betlabel.games\/dk\/bonuses\/casino-welcome-pack\/#breadcrumb"},"inLanguage":"da-DK","potentialAction":[{"@type":"ReadAction","target":["https:\/\/betlabel.games\/dk\/bonuses\/casino-welcome-pack\/"]}]},{"@type":"BreadcrumbList","@id":"https:\/\/betlabel.games\/dk\/bonuses\/casino-welcome-pack\/#breadcrumb","itemListElement":[{"@type":"ListItem","position":1,"name":"Home","item":"https:\/\/betlabel.games\/dk\/"},{"@type":"ListItem","position":2,"name":"Bonusser","item":"https:\/\/betlabel.games\/dk\/bonuses\/"},{"@type":"ListItem","position":3,"name":"Casino velkomstpakke"}]},{"@type":"WebSite","@id":"https:\/\/betlabel.games\/dk\/#website","url":"https:\/\/betlabel.games\/dk\/","name":"Betlabel dk","description":"My WordPress Blog","potentialAction":[{"@type":"SearchAction","target":{"@type":"EntryPoint","urlTemplate":"https:\/\/betlabel.games\/dk\/?s={search_term_string}"},"query-input":{"@type":"PropertyValueSpecification","valueRequired":true,"valueName":"search_term_string"}}],"inLanguage":"da-DK"}]}},"_links":{"self":[{"href":"https:\/\/betlabel.games\/dk\/wp-json\/wp\/v2\/pages\/443","targetHints":{"allow":["GET"]}}],"collection":[{"href":"https:\/\/betlabel.games\/dk\/wp-json\/wp\/v2\/pages"}],"about":[{"href":"https:\/\/betlabel.games\/dk\/wp-json\/wp\/v2\/types\/page"}],"author":[{"embeddable":true,"href":"https:\/\/betlabel.games\/dk\/wp-json\/wp\/v2\/users\/1"}],"replies":[{"embeddable":true,"href":"https:\/\/betlabel.games\/dk\/wp-json\/wp\/v2\/comments?post=443"}],"version-history":[{"count":5,"href":"https:\/\/betlabel.games\/dk\/wp-json\/wp\/v2\/pages\/443\/revisions"}],"predecessor-version":[{"id":1008,"href":"https:\/\/betlabel.games\/dk\/wp-json\/wp\/v2\/pages\/443\/revisions\/1008"}],"up":[{"embeddable":true,"href":"https:\/\/betlabel.games\/dk\/wp-json\/wp\/v2\/pages\/201"}],"wp:attachment":[{"href":"https:\/\/betlabel.games\/dk\/wp-json\/wp\/v2\/media?parent=443"}],"curies":[{"name":"wp","href":"https:\/\/api.w.org\/{rel}","templated":true}]}}