{"id":772,"date":"2026-01-02T06:51:52","date_gmt":"2026-01-02T06:51:52","guid":{"rendered":"https:\/\/betlabel.games\/ec\/?page_id=772"},"modified":"2026-03-10T17:28:23","modified_gmt":"2026-03-10T17:28:23","slug":"chicken-road","status":"publish","type":"page","link":"https:\/\/betlabel.games\/ec\/chicken-road\/","title":{"rendered":"Chicken Road"},"content":{"rendered":"","protected":false},"excerpt":{"rendered":"","protected":false},"author":1,"featured_media":0,"parent":0,"menu_order":0,"comment_status":"closed","ping_status":"closed","template":"","meta":{"footnotes":""},"class_list":["post-772","page","type-page","status-publish","hentry"],"yoast_head":"<!-- This site is optimized with the Yoast SEO plugin v27.4 - https:\/\/yoast.com\/product\/yoast-seo-wordpress\/ -->\n<title>Chicken Road en BetLabel \u2014 juego de choque con un alto RTP<\/title>\n<meta name=\"description\" content=\"Chicken Road en BetLabel Ecuador Casino \u2014 es un juego din\u00e1mico con un alto RTP. Haz tu apuesta, observa c\u00f3mo crece el multiplicador y recoge tus ganancias a tiempo. Ideal para sesiones r\u00e1pidas y emocionantes.\" \/>\n<meta name=\"robots\" content=\"index, follow, max-snippet:-1, max-image-preview:large, max-video-preview:-1\" \/>\n<meta property=\"og:locale\" content=\"es_ES\" \/>\n<meta property=\"og:type\" content=\"article\" \/>\n<meta property=\"og:title\" content=\"Chicken Road en BetLabel \u2014 juego de choque con un alto RTP\" \/>\n<meta property=\"og:description\" content=\"Chicken Road en BetLabel Ecuador Casino \u2014 es un juego din\u00e1mico con un alto RTP. Haz tu apuesta, observa c\u00f3mo crece el multiplicador y recoge tus ganancias a tiempo. Ideal para sesiones r\u00e1pidas y emocionantes.\" \/>\n<meta property=\"og:url\" content=\"https:\/\/betlabel.games\/ec\/chicken-road\/\" \/>\n<meta property=\"og:site_name\" content=\"Betlabel ec\" \/>\n<meta property=\"article:modified_time\" content=\"2026-03-10T17:28:23+00:00\" \/>\n<meta name=\"twitter:card\" content=\"summary_large_image\" \/>\n<script type=\"application\/ld+json\" class=\"yoast-schema-graph\">{\"@context\":\"https:\\\/\\\/schema.org\",\"@graph\":[{\"@type\":\"WebPage\",\"@id\":\"https:\\\/\\\/betlabel.games\\\/ec\\\/chicken-road\\\/\",\"url\":\"https:\\\/\\\/betlabel.games\\\/ec\\\/chicken-road\\\/\",\"name\":\"Chicken Road en BetLabel \u2014 juego de choque con un alto RTP\",\"isPartOf\":{\"@id\":\"https:\\\/\\\/betlabel.games\\\/ec\\\/#website\"},\"datePublished\":\"2026-01-02T06:51:52+00:00\",\"dateModified\":\"2026-03-10T17:28:23+00:00\",\"description\":\"Chicken Road en BetLabel Ecuador Casino \u2014 es un juego din\u00e1mico con un alto RTP. Haz tu apuesta, observa c\u00f3mo crece el multiplicador y recoge tus ganancias a tiempo. Ideal para sesiones r\u00e1pidas y emocionantes.\",\"breadcrumb\":{\"@id\":\"https:\\\/\\\/betlabel.games\\\/ec\\\/chicken-road\\\/#breadcrumb\"},\"inLanguage\":\"es\",\"potentialAction\":[{\"@type\":\"ReadAction\",\"target\":[\"https:\\\/\\\/betlabel.games\\\/ec\\\/chicken-road\\\/\"]}]},{\"@type\":\"BreadcrumbList\",\"@id\":\"https:\\\/\\\/betlabel.games\\\/ec\\\/chicken-road\\\/#breadcrumb\",\"itemListElement\":[{\"@type\":\"ListItem\",\"position\":1,\"name\":\"Home\",\"item\":\"https:\\\/\\\/betlabel.games\\\/ec\\\/\"},{\"@type\":\"ListItem\",\"position\":2,\"name\":\"Chicken Road\"}]},{\"@type\":\"WebSite\",\"@id\":\"https:\\\/\\\/betlabel.games\\\/ec\\\/#website\",\"url\":\"https:\\\/\\\/betlabel.games\\\/ec\\\/\",\"name\":\"Betlabel ec\",\"description\":\"My WordPress Blog\",\"potentialAction\":[{\"@type\":\"SearchAction\",\"target\":{\"@type\":\"EntryPoint\",\"urlTemplate\":\"https:\\\/\\\/betlabel.games\\\/ec\\\/?s={search_term_string}\"},\"query-input\":{\"@type\":\"PropertyValueSpecification\",\"valueRequired\":true,\"valueName\":\"search_term_string\"}}],\"inLanguage\":\"es\"}]}<\/script>\n<!-- \/ Yoast SEO plugin. -->","yoast_head_json":{"title":"Chicken Road en BetLabel \u2014 juego de choque con un alto RTP","description":"Chicken Road en BetLabel Ecuador Casino \u2014 es un juego din\u00e1mico con un alto RTP. Haz tu apuesta, observa c\u00f3mo crece el multiplicador y recoge tus ganancias a tiempo. Ideal para sesiones r\u00e1pidas y emocionantes.","robots":{"index":"index","follow":"follow","max-snippet":"max-snippet:-1","max-image-preview":"max-image-preview:large","max-video-preview":"max-video-preview:-1"},"og_locale":"es_ES","og_type":"article","og_title":"Chicken Road en BetLabel \u2014 juego de choque con un alto RTP","og_description":"Chicken Road en BetLabel Ecuador Casino \u2014 es un juego din\u00e1mico con un alto RTP. Haz tu apuesta, observa c\u00f3mo crece el multiplicador y recoge tus ganancias a tiempo. Ideal para sesiones r\u00e1pidas y emocionantes.","og_url":"https:\/\/betlabel.games\/ec\/chicken-road\/","og_site_name":"Betlabel ec","article_modified_time":"2026-03-10T17:28:23+00:00","twitter_card":"summary_large_image","schema":{"@context":"https:\/\/schema.org","@graph":[{"@type":"WebPage","@id":"https:\/\/betlabel.games\/ec\/chicken-road\/","url":"https:\/\/betlabel.games\/ec\/chicken-road\/","name":"Chicken Road en BetLabel \u2014 juego de choque con un alto RTP","isPartOf":{"@id":"https:\/\/betlabel.games\/ec\/#website"},"datePublished":"2026-01-02T06:51:52+00:00","dateModified":"2026-03-10T17:28:23+00:00","description":"Chicken Road en BetLabel Ecuador Casino \u2014 es un juego din\u00e1mico con un alto RTP. Haz tu apuesta, observa c\u00f3mo crece el multiplicador y recoge tus ganancias a tiempo. Ideal para sesiones r\u00e1pidas y emocionantes.","breadcrumb":{"@id":"https:\/\/betlabel.games\/ec\/chicken-road\/#breadcrumb"},"inLanguage":"es","potentialAction":[{"@type":"ReadAction","target":["https:\/\/betlabel.games\/ec\/chicken-road\/"]}]},{"@type":"BreadcrumbList","@id":"https:\/\/betlabel.games\/ec\/chicken-road\/#breadcrumb","itemListElement":[{"@type":"ListItem","position":1,"name":"Home","item":"https:\/\/betlabel.games\/ec\/"},{"@type":"ListItem","position":2,"name":"Chicken Road"}]},{"@type":"WebSite","@id":"https:\/\/betlabel.games\/ec\/#website","url":"https:\/\/betlabel.games\/ec\/","name":"Betlabel ec","description":"My WordPress Blog","potentialAction":[{"@type":"SearchAction","target":{"@type":"EntryPoint","urlTemplate":"https:\/\/betlabel.games\/ec\/?s={search_term_string}"},"query-input":{"@type":"PropertyValueSpecification","valueRequired":true,"valueName":"search_term_string"}}],"inLanguage":"es"}]}},"_links":{"self":[{"href":"https:\/\/betlabel.games\/ec\/wp-json\/wp\/v2\/pages\/772","targetHints":{"allow":["GET"]}}],"collection":[{"href":"https:\/\/betlabel.games\/ec\/wp-json\/wp\/v2\/pages"}],"about":[{"href":"https:\/\/betlabel.games\/ec\/wp-json\/wp\/v2\/types\/page"}],"author":[{"embeddable":true,"href":"https:\/\/betlabel.games\/ec\/wp-json\/wp\/v2\/users\/1"}],"replies":[{"embeddable":true,"href":"https:\/\/betlabel.games\/ec\/wp-json\/wp\/v2\/comments?post=772"}],"version-history":[{"count":5,"href":"https:\/\/betlabel.games\/ec\/wp-json\/wp\/v2\/pages\/772\/revisions"}],"predecessor-version":[{"id":1084,"href":"https:\/\/betlabel.games\/ec\/wp-json\/wp\/v2\/pages\/772\/revisions\/1084"}],"wp:attachment":[{"href":"https:\/\/betlabel.games\/ec\/wp-json\/wp\/v2\/media?parent=772"}],"curies":[{"name":"wp","href":"https:\/\/api.w.org\/{rel}","templated":true}]}}