{"id":1129,"date":"2026-03-19T10:38:31","date_gmt":"2026-03-19T10:38:31","guid":{"rendered":"https:\/\/betlabel.games\/?page_id=1129"},"modified":"2026-04-30T05:13:07","modified_gmt":"2026-04-30T05:13:07","slug":"accumulator-of-the-day","status":"publish","type":"page","link":"https:\/\/betlabel.games\/es\/accumulator-of-the-day\/","title":{"rendered":"La apuesta del d\u00eda"},"content":{"rendered":"","protected":false},"excerpt":{"rendered":"","protected":false},"author":1,"featured_media":0,"parent":0,"menu_order":0,"comment_status":"closed","ping_status":"closed","template":"","meta":{"footnotes":""},"class_list":["post-1129","page","type-page","status-publish","hentry"],"yoast_head":"<!-- This site is optimized with the Yoast SEO plugin v27.4 - https:\/\/yoast.com\/product\/yoast-seo-wordpress\/ -->\n<title>Apuesta combinada del d\u00eda de BetLabel: +10 % en las cuotas<\/title>\n<meta name=\"description\" content=\"Elige la apuesta combinada del d\u00eda en BetLabel y consigue un +10 % en las cuotas. Apuesta en eventos previos al partido y en directo, con selecci\u00f3n r\u00e1pida y la oportunidad de aumentar tus ganancias.\" \/>\n<meta name=\"robots\" content=\"index, follow, max-snippet:-1, max-image-preview:large, max-video-preview:-1\" \/>\n<meta property=\"og:locale\" content=\"es_ES\" \/>\n<meta property=\"og:type\" content=\"article\" \/>\n<meta property=\"og:title\" content=\"Apuesta combinada del d\u00eda de BetLabel: +10 % en las cuotas\" \/>\n<meta property=\"og:description\" content=\"Elige la apuesta combinada del d\u00eda en BetLabel y consigue un +10 % en las cuotas. Apuesta en eventos previos al partido y en directo, con selecci\u00f3n r\u00e1pida y la oportunidad de aumentar tus ganancias.\" \/>\n<meta property=\"og:url\" content=\"https:\/\/betlabel.games\/es\/accumulator-of-the-day\/\" \/>\n<meta property=\"og:site_name\" content=\"Betlabel es\" \/>\n<meta property=\"article:modified_time\" content=\"2026-04-30T05:13:07+00:00\" \/>\n<meta name=\"twitter:card\" content=\"summary_large_image\" \/>\n<script type=\"application\/ld+json\" class=\"yoast-schema-graph\">{\"@context\":\"https:\\\/\\\/schema.org\",\"@graph\":[{\"@type\":\"WebPage\",\"@id\":\"https:\\\/\\\/betlabel.games\\\/es\\\/accumulator-of-the-day\\\/\",\"url\":\"https:\\\/\\\/betlabel.games\\\/es\\\/accumulator-of-the-day\\\/\",\"name\":\"Apuesta combinada del d\u00eda de BetLabel: +10 % en las cuotas\",\"isPartOf\":{\"@id\":\"https:\\\/\\\/betlabel.games\\\/es\\\/#website\"},\"datePublished\":\"2026-03-19T10:38:31+00:00\",\"dateModified\":\"2026-04-30T05:13:07+00:00\",\"description\":\"Elige la apuesta combinada del d\u00eda en BetLabel y consigue un +10 % en las cuotas. Apuesta en eventos previos al partido y en directo, con selecci\u00f3n r\u00e1pida y la oportunidad de aumentar tus ganancias.\",\"breadcrumb\":{\"@id\":\"https:\\\/\\\/betlabel.games\\\/es\\\/accumulator-of-the-day\\\/#breadcrumb\"},\"inLanguage\":\"es\",\"potentialAction\":[{\"@type\":\"ReadAction\",\"target\":[\"https:\\\/\\\/betlabel.games\\\/es\\\/accumulator-of-the-day\\\/\"]}]},{\"@type\":\"BreadcrumbList\",\"@id\":\"https:\\\/\\\/betlabel.games\\\/es\\\/accumulator-of-the-day\\\/#breadcrumb\",\"itemListElement\":[{\"@type\":\"ListItem\",\"position\":1,\"name\":\"Home\",\"item\":\"https:\\\/\\\/betlabel.games\\\/es\\\/\"},{\"@type\":\"ListItem\",\"position\":2,\"name\":\"La apuesta del d\u00eda\"}]},{\"@type\":\"WebSite\",\"@id\":\"https:\\\/\\\/betlabel.games\\\/es\\\/#website\",\"url\":\"https:\\\/\\\/betlabel.games\\\/es\\\/\",\"name\":\"Betlabel es\",\"description\":\"My WordPress Blog\",\"potentialAction\":[{\"@type\":\"SearchAction\",\"target\":{\"@type\":\"EntryPoint\",\"urlTemplate\":\"https:\\\/\\\/betlabel.games\\\/es\\\/?s={search_term_string}\"},\"query-input\":{\"@type\":\"PropertyValueSpecification\",\"valueRequired\":true,\"valueName\":\"search_term_string\"}}],\"inLanguage\":\"es\"}]}<\/script>\n<!-- \/ Yoast SEO plugin. -->","yoast_head_json":{"title":"Apuesta combinada del d\u00eda de BetLabel: +10 % en las cuotas","description":"Elige la apuesta combinada del d\u00eda en BetLabel y consigue un +10 % en las cuotas. Apuesta en eventos previos al partido y en directo, con selecci\u00f3n r\u00e1pida y la oportunidad de aumentar tus ganancias.","robots":{"index":"index","follow":"follow","max-snippet":"max-snippet:-1","max-image-preview":"max-image-preview:large","max-video-preview":"max-video-preview:-1"},"og_locale":"es_ES","og_type":"article","og_title":"Apuesta combinada del d\u00eda de BetLabel: +10 % en las cuotas","og_description":"Elige la apuesta combinada del d\u00eda en BetLabel y consigue un +10 % en las cuotas. Apuesta en eventos previos al partido y en directo, con selecci\u00f3n r\u00e1pida y la oportunidad de aumentar tus ganancias.","og_url":"https:\/\/betlabel.games\/es\/accumulator-of-the-day\/","og_site_name":"Betlabel es","article_modified_time":"2026-04-30T05:13:07+00:00","twitter_card":"summary_large_image","schema":{"@context":"https:\/\/schema.org","@graph":[{"@type":"WebPage","@id":"https:\/\/betlabel.games\/es\/accumulator-of-the-day\/","url":"https:\/\/betlabel.games\/es\/accumulator-of-the-day\/","name":"Apuesta combinada del d\u00eda de BetLabel: +10 % en las cuotas","isPartOf":{"@id":"https:\/\/betlabel.games\/es\/#website"},"datePublished":"2026-03-19T10:38:31+00:00","dateModified":"2026-04-30T05:13:07+00:00","description":"Elige la apuesta combinada del d\u00eda en BetLabel y consigue un +10 % en las cuotas. Apuesta en eventos previos al partido y en directo, con selecci\u00f3n r\u00e1pida y la oportunidad de aumentar tus ganancias.","breadcrumb":{"@id":"https:\/\/betlabel.games\/es\/accumulator-of-the-day\/#breadcrumb"},"inLanguage":"es","potentialAction":[{"@type":"ReadAction","target":["https:\/\/betlabel.games\/es\/accumulator-of-the-day\/"]}]},{"@type":"BreadcrumbList","@id":"https:\/\/betlabel.games\/es\/accumulator-of-the-day\/#breadcrumb","itemListElement":[{"@type":"ListItem","position":1,"name":"Home","item":"https:\/\/betlabel.games\/es\/"},{"@type":"ListItem","position":2,"name":"La apuesta del d\u00eda"}]},{"@type":"WebSite","@id":"https:\/\/betlabel.games\/es\/#website","url":"https:\/\/betlabel.games\/es\/","name":"Betlabel es","description":"My WordPress Blog","potentialAction":[{"@type":"SearchAction","target":{"@type":"EntryPoint","urlTemplate":"https:\/\/betlabel.games\/es\/?s={search_term_string}"},"query-input":{"@type":"PropertyValueSpecification","valueRequired":true,"valueName":"search_term_string"}}],"inLanguage":"es"}]}},"_links":{"self":[{"href":"https:\/\/betlabel.games\/es\/wp-json\/wp\/v2\/pages\/1129","targetHints":{"allow":["GET"]}}],"collection":[{"href":"https:\/\/betlabel.games\/es\/wp-json\/wp\/v2\/pages"}],"about":[{"href":"https:\/\/betlabel.games\/es\/wp-json\/wp\/v2\/types\/page"}],"author":[{"embeddable":true,"href":"https:\/\/betlabel.games\/es\/wp-json\/wp\/v2\/users\/1"}],"replies":[{"embeddable":true,"href":"https:\/\/betlabel.games\/es\/wp-json\/wp\/v2\/comments?post=1129"}],"version-history":[{"count":2,"href":"https:\/\/betlabel.games\/es\/wp-json\/wp\/v2\/pages\/1129\/revisions"}],"predecessor-version":[{"id":1194,"href":"https:\/\/betlabel.games\/es\/wp-json\/wp\/v2\/pages\/1129\/revisions\/1194"}],"wp:attachment":[{"href":"https:\/\/betlabel.games\/es\/wp-json\/wp\/v2\/media?parent=1129"}],"curies":[{"name":"wp","href":"https:\/\/api.w.org\/{rel}","templated":true}]}}