{"id":1148,"date":"2026-03-19T07:49:17","date_gmt":"2026-03-19T07:49:17","guid":{"rendered":"https:\/\/betlabel.games\/?page_id=1107"},"modified":"2026-04-30T05:43:29","modified_gmt":"2026-04-30T05:43:29","slug":"bonus-in-app","status":"publish","type":"page","link":"https:\/\/betlabel.games\/es\/bonus-in-app\/","title":{"rendered":"Bonificaci\u00f3n en la aplicaci\u00f3n"},"content":{"rendered":"","protected":false},"excerpt":{"rendered":"","protected":false},"author":1,"featured_media":0,"parent":0,"menu_order":0,"comment_status":"closed","ping_status":"closed","template":"","meta":{"footnotes":""},"class_list":["post-1148","page","type-page","status-publish","hentry"],"yoast_head":"<!-- This site is optimized with the Yoast SEO plugin v27.4 - https:\/\/yoast.com\/product\/yoast-seo-wordpress\/ -->\n<title>Bono de BetLabel de hasta 250 \u20ac \u2013 Bono en la aplicaci\u00f3n m\u00f3vil<\/title>\n<meta name=\"description\" content=\"Consigue hasta 250 \u20ac al mes en BetLabel por realizar apuestas a trav\u00e9s de la aplicaci\u00f3n m\u00f3vil. Descarga la aplicaci\u00f3n, activa la oferta y realiza apuestas en miles de eventos.\" \/>\n<meta name=\"robots\" content=\"index, follow, max-snippet:-1, max-image-preview:large, max-video-preview:-1\" \/>\n<meta property=\"og:locale\" content=\"es_ES\" \/>\n<meta property=\"og:type\" content=\"article\" \/>\n<meta property=\"og:title\" content=\"Bono de BetLabel de hasta 250 \u20ac \u2013 Bono en la aplicaci\u00f3n m\u00f3vil\" \/>\n<meta property=\"og:description\" content=\"Consigue hasta 250 \u20ac al mes en BetLabel por realizar apuestas a trav\u00e9s de la aplicaci\u00f3n m\u00f3vil. Descarga la aplicaci\u00f3n, activa la oferta y realiza apuestas en miles de eventos.\" \/>\n<meta property=\"og:url\" content=\"https:\/\/betlabel.games\/es\/bonus-in-app\/\" \/>\n<meta property=\"og:site_name\" content=\"Betlabel es\" \/>\n<meta property=\"article:modified_time\" content=\"2026-04-30T05:43:29+00:00\" \/>\n<meta name=\"twitter:card\" content=\"summary_large_image\" \/>\n<script type=\"application\/ld+json\" class=\"yoast-schema-graph\">{\"@context\":\"https:\\\/\\\/schema.org\",\"@graph\":[{\"@type\":\"WebPage\",\"@id\":\"https:\\\/\\\/betlabel.games\\\/es\\\/bonus-in-app\\\/\",\"url\":\"https:\\\/\\\/betlabel.games\\\/es\\\/bonus-in-app\\\/\",\"name\":\"Bono de BetLabel de hasta 250 \u20ac \u2013 Bono en la aplicaci\u00f3n m\u00f3vil\",\"isPartOf\":{\"@id\":\"https:\\\/\\\/betlabel.games\\\/es\\\/#website\"},\"datePublished\":\"2026-03-19T07:49:17+00:00\",\"dateModified\":\"2026-04-30T05:43:29+00:00\",\"description\":\"Consigue hasta 250 \u20ac al mes en BetLabel por realizar apuestas a trav\u00e9s de la aplicaci\u00f3n m\u00f3vil. Descarga la aplicaci\u00f3n, activa la oferta y realiza apuestas en miles de eventos.\",\"breadcrumb\":{\"@id\":\"https:\\\/\\\/betlabel.games\\\/es\\\/bonus-in-app\\\/#breadcrumb\"},\"inLanguage\":\"es\",\"potentialAction\":[{\"@type\":\"ReadAction\",\"target\":[\"https:\\\/\\\/betlabel.games\\\/es\\\/bonus-in-app\\\/\"]}]},{\"@type\":\"BreadcrumbList\",\"@id\":\"https:\\\/\\\/betlabel.games\\\/es\\\/bonus-in-app\\\/#breadcrumb\",\"itemListElement\":[{\"@type\":\"ListItem\",\"position\":1,\"name\":\"Home\",\"item\":\"https:\\\/\\\/betlabel.games\\\/es\\\/\"},{\"@type\":\"ListItem\",\"position\":2,\"name\":\"Bonificaci\u00f3n en la aplicaci\u00f3n\"}]},{\"@type\":\"WebSite\",\"@id\":\"https:\\\/\\\/betlabel.games\\\/es\\\/#website\",\"url\":\"https:\\\/\\\/betlabel.games\\\/es\\\/\",\"name\":\"Betlabel es\",\"description\":\"My WordPress Blog\",\"potentialAction\":[{\"@type\":\"SearchAction\",\"target\":{\"@type\":\"EntryPoint\",\"urlTemplate\":\"https:\\\/\\\/betlabel.games\\\/es\\\/?s={search_term_string}\"},\"query-input\":{\"@type\":\"PropertyValueSpecification\",\"valueRequired\":true,\"valueName\":\"search_term_string\"}}],\"inLanguage\":\"es\"}]}<\/script>\n<!-- \/ Yoast SEO plugin. -->","yoast_head_json":{"title":"Bono de BetLabel de hasta 250 \u20ac \u2013 Bono en la aplicaci\u00f3n m\u00f3vil","description":"Consigue hasta 250 \u20ac al mes en BetLabel por realizar apuestas a trav\u00e9s de la aplicaci\u00f3n m\u00f3vil. Descarga la aplicaci\u00f3n, activa la oferta y realiza apuestas en miles de eventos.","robots":{"index":"index","follow":"follow","max-snippet":"max-snippet:-1","max-image-preview":"max-image-preview:large","max-video-preview":"max-video-preview:-1"},"og_locale":"es_ES","og_type":"article","og_title":"Bono de BetLabel de hasta 250 \u20ac \u2013 Bono en la aplicaci\u00f3n m\u00f3vil","og_description":"Consigue hasta 250 \u20ac al mes en BetLabel por realizar apuestas a trav\u00e9s de la aplicaci\u00f3n m\u00f3vil. Descarga la aplicaci\u00f3n, activa la oferta y realiza apuestas en miles de eventos.","og_url":"https:\/\/betlabel.games\/es\/bonus-in-app\/","og_site_name":"Betlabel es","article_modified_time":"2026-04-30T05:43:29+00:00","twitter_card":"summary_large_image","schema":{"@context":"https:\/\/schema.org","@graph":[{"@type":"WebPage","@id":"https:\/\/betlabel.games\/es\/bonus-in-app\/","url":"https:\/\/betlabel.games\/es\/bonus-in-app\/","name":"Bono de BetLabel de hasta 250 \u20ac \u2013 Bono en la aplicaci\u00f3n m\u00f3vil","isPartOf":{"@id":"https:\/\/betlabel.games\/es\/#website"},"datePublished":"2026-03-19T07:49:17+00:00","dateModified":"2026-04-30T05:43:29+00:00","description":"Consigue hasta 250 \u20ac al mes en BetLabel por realizar apuestas a trav\u00e9s de la aplicaci\u00f3n m\u00f3vil. Descarga la aplicaci\u00f3n, activa la oferta y realiza apuestas en miles de eventos.","breadcrumb":{"@id":"https:\/\/betlabel.games\/es\/bonus-in-app\/#breadcrumb"},"inLanguage":"es","potentialAction":[{"@type":"ReadAction","target":["https:\/\/betlabel.games\/es\/bonus-in-app\/"]}]},{"@type":"BreadcrumbList","@id":"https:\/\/betlabel.games\/es\/bonus-in-app\/#breadcrumb","itemListElement":[{"@type":"ListItem","position":1,"name":"Home","item":"https:\/\/betlabel.games\/es\/"},{"@type":"ListItem","position":2,"name":"Bonificaci\u00f3n en la aplicaci\u00f3n"}]},{"@type":"WebSite","@id":"https:\/\/betlabel.games\/es\/#website","url":"https:\/\/betlabel.games\/es\/","name":"Betlabel es","description":"My WordPress Blog","potentialAction":[{"@type":"SearchAction","target":{"@type":"EntryPoint","urlTemplate":"https:\/\/betlabel.games\/es\/?s={search_term_string}"},"query-input":{"@type":"PropertyValueSpecification","valueRequired":true,"valueName":"search_term_string"}}],"inLanguage":"es"}]}},"_links":{"self":[{"href":"https:\/\/betlabel.games\/es\/wp-json\/wp\/v2\/pages\/1148","targetHints":{"allow":["GET"]}}],"collection":[{"href":"https:\/\/betlabel.games\/es\/wp-json\/wp\/v2\/pages"}],"about":[{"href":"https:\/\/betlabel.games\/es\/wp-json\/wp\/v2\/types\/page"}],"author":[{"embeddable":true,"href":"https:\/\/betlabel.games\/es\/wp-json\/wp\/v2\/users\/1"}],"replies":[{"embeddable":true,"href":"https:\/\/betlabel.games\/es\/wp-json\/wp\/v2\/comments?post=1148"}],"version-history":[{"count":3,"href":"https:\/\/betlabel.games\/es\/wp-json\/wp\/v2\/pages\/1148\/revisions"}],"predecessor-version":[{"id":1205,"href":"https:\/\/betlabel.games\/es\/wp-json\/wp\/v2\/pages\/1148\/revisions\/1205"}],"wp:attachment":[{"href":"https:\/\/betlabel.games\/es\/wp-json\/wp\/v2\/media?parent=1148"}],"curies":[{"name":"wp","href":"https:\/\/api.w.org\/{rel}","templated":true}]}}