{"id":808,"date":"2026-01-02T16:57:08","date_gmt":"2026-01-02T16:57:08","guid":{"rendered":"https:\/\/betlabel.games\/es\/?page_id=808"},"modified":"2026-03-11T11:42:24","modified_gmt":"2026-03-11T11:42:24","slug":"mines","status":"publish","type":"page","link":"https:\/\/betlabel.games\/es\/mines\/","title":{"rendered":"Mines"},"content":{"rendered":"","protected":false},"excerpt":{"rendered":"","protected":false},"author":1,"featured_media":0,"parent":0,"menu_order":0,"comment_status":"closed","ping_status":"closed","template":"","meta":{"footnotes":""},"class_list":["post-808","page","type-page","status-publish","hentry"],"yoast_head":"<!-- This site is optimized with the Yoast SEO plugin v27.4 - https:\/\/yoast.com\/product\/yoast-seo-wordpress\/ -->\n<title>Mines BetLabel \u2014 con control de riesgos y ganancias r\u00e1pidas<\/title>\n<meta name=\"description\" content=\"Juega a Mines en BetLabel Casino \u2014 un juego instant\u00e1neo din\u00e1mico con riesgo personalizable. Elige el n\u00famero de minas, controla las probabilidades y recoge tus ganancias en cualquier momento.\" \/>\n<meta name=\"robots\" content=\"index, follow, max-snippet:-1, max-image-preview:large, max-video-preview:-1\" \/>\n<meta property=\"og:locale\" content=\"es_ES\" \/>\n<meta property=\"og:type\" content=\"article\" \/>\n<meta property=\"og:title\" content=\"Mines BetLabel \u2014 con control de riesgos y ganancias r\u00e1pidas\" \/>\n<meta property=\"og:description\" content=\"Juega a Mines en BetLabel Casino \u2014 un juego instant\u00e1neo din\u00e1mico con riesgo personalizable. Elige el n\u00famero de minas, controla las probabilidades y recoge tus ganancias en cualquier momento.\" \/>\n<meta property=\"og:url\" content=\"https:\/\/betlabel.games\/es\/mines\/\" \/>\n<meta property=\"og:site_name\" content=\"Betlabel es\" \/>\n<meta property=\"article:modified_time\" content=\"2026-03-11T11:42:24+00:00\" \/>\n<meta name=\"twitter:card\" content=\"summary_large_image\" \/>\n<script type=\"application\/ld+json\" class=\"yoast-schema-graph\">{\"@context\":\"https:\\\/\\\/schema.org\",\"@graph\":[{\"@type\":\"WebPage\",\"@id\":\"https:\\\/\\\/betlabel.games\\\/es\\\/mines\\\/\",\"url\":\"https:\\\/\\\/betlabel.games\\\/es\\\/mines\\\/\",\"name\":\"Mines BetLabel \u2014 con control de riesgos y ganancias r\u00e1pidas\",\"isPartOf\":{\"@id\":\"https:\\\/\\\/betlabel.games\\\/es\\\/#website\"},\"datePublished\":\"2026-01-02T16:57:08+00:00\",\"dateModified\":\"2026-03-11T11:42:24+00:00\",\"description\":\"Juega a Mines en BetLabel Casino \u2014 un juego instant\u00e1neo din\u00e1mico con riesgo personalizable. Elige el n\u00famero de minas, controla las probabilidades y recoge tus ganancias en cualquier momento.\",\"breadcrumb\":{\"@id\":\"https:\\\/\\\/betlabel.games\\\/es\\\/mines\\\/#breadcrumb\"},\"inLanguage\":\"es\",\"potentialAction\":[{\"@type\":\"ReadAction\",\"target\":[\"https:\\\/\\\/betlabel.games\\\/es\\\/mines\\\/\"]}]},{\"@type\":\"BreadcrumbList\",\"@id\":\"https:\\\/\\\/betlabel.games\\\/es\\\/mines\\\/#breadcrumb\",\"itemListElement\":[{\"@type\":\"ListItem\",\"position\":1,\"name\":\"Home\",\"item\":\"https:\\\/\\\/betlabel.games\\\/es\\\/\"},{\"@type\":\"ListItem\",\"position\":2,\"name\":\"Mines\"}]},{\"@type\":\"WebSite\",\"@id\":\"https:\\\/\\\/betlabel.games\\\/es\\\/#website\",\"url\":\"https:\\\/\\\/betlabel.games\\\/es\\\/\",\"name\":\"Betlabel es\",\"description\":\"My WordPress Blog\",\"potentialAction\":[{\"@type\":\"SearchAction\",\"target\":{\"@type\":\"EntryPoint\",\"urlTemplate\":\"https:\\\/\\\/betlabel.games\\\/es\\\/?s={search_term_string}\"},\"query-input\":{\"@type\":\"PropertyValueSpecification\",\"valueRequired\":true,\"valueName\":\"search_term_string\"}}],\"inLanguage\":\"es\"}]}<\/script>\n<!-- \/ Yoast SEO plugin. -->","yoast_head_json":{"title":"Mines BetLabel \u2014 con control de riesgos y ganancias r\u00e1pidas","description":"Juega a Mines en BetLabel Casino \u2014 un juego instant\u00e1neo din\u00e1mico con riesgo personalizable. Elige el n\u00famero de minas, controla las probabilidades y recoge tus ganancias en cualquier momento.","robots":{"index":"index","follow":"follow","max-snippet":"max-snippet:-1","max-image-preview":"max-image-preview:large","max-video-preview":"max-video-preview:-1"},"og_locale":"es_ES","og_type":"article","og_title":"Mines BetLabel \u2014 con control de riesgos y ganancias r\u00e1pidas","og_description":"Juega a Mines en BetLabel Casino \u2014 un juego instant\u00e1neo din\u00e1mico con riesgo personalizable. Elige el n\u00famero de minas, controla las probabilidades y recoge tus ganancias en cualquier momento.","og_url":"https:\/\/betlabel.games\/es\/mines\/","og_site_name":"Betlabel es","article_modified_time":"2026-03-11T11:42:24+00:00","twitter_card":"summary_large_image","schema":{"@context":"https:\/\/schema.org","@graph":[{"@type":"WebPage","@id":"https:\/\/betlabel.games\/es\/mines\/","url":"https:\/\/betlabel.games\/es\/mines\/","name":"Mines BetLabel \u2014 con control de riesgos y ganancias r\u00e1pidas","isPartOf":{"@id":"https:\/\/betlabel.games\/es\/#website"},"datePublished":"2026-01-02T16:57:08+00:00","dateModified":"2026-03-11T11:42:24+00:00","description":"Juega a Mines en BetLabel Casino \u2014 un juego instant\u00e1neo din\u00e1mico con riesgo personalizable. Elige el n\u00famero de minas, controla las probabilidades y recoge tus ganancias en cualquier momento.","breadcrumb":{"@id":"https:\/\/betlabel.games\/es\/mines\/#breadcrumb"},"inLanguage":"es","potentialAction":[{"@type":"ReadAction","target":["https:\/\/betlabel.games\/es\/mines\/"]}]},{"@type":"BreadcrumbList","@id":"https:\/\/betlabel.games\/es\/mines\/#breadcrumb","itemListElement":[{"@type":"ListItem","position":1,"name":"Home","item":"https:\/\/betlabel.games\/es\/"},{"@type":"ListItem","position":2,"name":"Mines"}]},{"@type":"WebSite","@id":"https:\/\/betlabel.games\/es\/#website","url":"https:\/\/betlabel.games\/es\/","name":"Betlabel es","description":"My WordPress Blog","potentialAction":[{"@type":"SearchAction","target":{"@type":"EntryPoint","urlTemplate":"https:\/\/betlabel.games\/es\/?s={search_term_string}"},"query-input":{"@type":"PropertyValueSpecification","valueRequired":true,"valueName":"search_term_string"}}],"inLanguage":"es"}]}},"_links":{"self":[{"href":"https:\/\/betlabel.games\/es\/wp-json\/wp\/v2\/pages\/808","targetHints":{"allow":["GET"]}}],"collection":[{"href":"https:\/\/betlabel.games\/es\/wp-json\/wp\/v2\/pages"}],"about":[{"href":"https:\/\/betlabel.games\/es\/wp-json\/wp\/v2\/types\/page"}],"author":[{"embeddable":true,"href":"https:\/\/betlabel.games\/es\/wp-json\/wp\/v2\/users\/1"}],"replies":[{"embeddable":true,"href":"https:\/\/betlabel.games\/es\/wp-json\/wp\/v2\/comments?post=808"}],"version-history":[{"count":5,"href":"https:\/\/betlabel.games\/es\/wp-json\/wp\/v2\/pages\/808\/revisions"}],"predecessor-version":[{"id":1106,"href":"https:\/\/betlabel.games\/es\/wp-json\/wp\/v2\/pages\/808\/revisions\/1106"}],"wp:attachment":[{"href":"https:\/\/betlabel.games\/es\/wp-json\/wp\/v2\/media?parent=808"}],"curies":[{"name":"wp","href":"https:\/\/api.w.org\/{rel}","templated":true}]}}