{"id":267,"date":"2024-10-10T12:44:36","date_gmt":"2024-10-10T12:44:36","guid":{"rendered":"https:\/\/betlabel.games\/fi\/?page_id=267"},"modified":"2025-01-11T07:29:29","modified_gmt":"2025-01-11T07:29:29","slug":"registration","status":"publish","type":"page","link":"https:\/\/betlabel.games\/fi\/registration\/","title":{"rendered":"Rekister\u00f6inti"},"content":{"rendered":"","protected":false},"excerpt":{"rendered":"","protected":false},"author":1,"featured_media":0,"parent":0,"menu_order":0,"comment_status":"closed","ping_status":"closed","template":"","meta":{"footnotes":""},"class_list":["post-267","page","type-page","status-publish","hentry"],"yoast_head":"<!-- This site is optimized with the Yoast SEO plugin v27.4 - https:\/\/yoast.com\/product\/yoast-seo-wordpress\/ -->\n<title>BetLabel rekister\u00f6inti | Helppo rekister\u00f6itymisopas vuodelle 2025<\/title>\n<meta name=\"description\" content=\"Kuinka avata BetLabel-tili ja hy\u00f6dynt\u00e4\u00e4 bonukset. Rekister\u00f6idy ja saat BetLabelin tervetuliaisbonuksen \u2713 Rekister\u00f6idy ja aloita vedonly\u00f6ntimatkasi nyt.\" \/>\n<meta name=\"robots\" content=\"index, follow, max-snippet:-1, max-image-preview:large, max-video-preview:-1\" \/>\n<meta property=\"og:locale\" content=\"fi_FI\" \/>\n<meta property=\"og:type\" content=\"article\" \/>\n<meta property=\"og:title\" content=\"BetLabel rekister\u00f6inti | Helppo rekister\u00f6itymisopas vuodelle 2025\" \/>\n<meta property=\"og:description\" content=\"Kuinka avata BetLabel-tili ja hy\u00f6dynt\u00e4\u00e4 bonukset. Rekister\u00f6idy ja saat BetLabelin tervetuliaisbonuksen \u2713 Rekister\u00f6idy ja aloita vedonly\u00f6ntimatkasi nyt.\" \/>\n<meta property=\"og:url\" content=\"https:\/\/betlabel.games\/fi\/registration\/\" \/>\n<meta property=\"og:site_name\" content=\"Betlabel fi\" \/>\n<meta property=\"article:modified_time\" content=\"2025-01-11T07:29:29+00:00\" \/>\n<meta name=\"twitter:card\" content=\"summary_large_image\" \/>\n<script type=\"application\/ld+json\" class=\"yoast-schema-graph\">{\"@context\":\"https:\\\/\\\/schema.org\",\"@graph\":[{\"@type\":\"WebPage\",\"@id\":\"https:\\\/\\\/betlabel.games\\\/fi\\\/registration\\\/\",\"url\":\"https:\\\/\\\/betlabel.games\\\/fi\\\/registration\\\/\",\"name\":\"BetLabel rekister\u00f6inti | Helppo rekister\u00f6itymisopas vuodelle 2025\",\"isPartOf\":{\"@id\":\"https:\\\/\\\/betlabel.games\\\/fi\\\/#website\"},\"datePublished\":\"2024-10-10T12:44:36+00:00\",\"dateModified\":\"2025-01-11T07:29:29+00:00\",\"description\":\"Kuinka avata BetLabel-tili ja hy\u00f6dynt\u00e4\u00e4 bonukset. Rekister\u00f6idy ja saat BetLabelin tervetuliaisbonuksen \u2713 Rekister\u00f6idy ja aloita vedonly\u00f6ntimatkasi nyt.\",\"breadcrumb\":{\"@id\":\"https:\\\/\\\/betlabel.games\\\/fi\\\/registration\\\/#breadcrumb\"},\"inLanguage\":\"fi\",\"potentialAction\":[{\"@type\":\"ReadAction\",\"target\":[\"https:\\\/\\\/betlabel.games\\\/fi\\\/registration\\\/\"]}]},{\"@type\":\"BreadcrumbList\",\"@id\":\"https:\\\/\\\/betlabel.games\\\/fi\\\/registration\\\/#breadcrumb\",\"itemListElement\":[{\"@type\":\"ListItem\",\"position\":1,\"name\":\"Home\",\"item\":\"https:\\\/\\\/betlabel.games\\\/fi\\\/\"},{\"@type\":\"ListItem\",\"position\":2,\"name\":\"Rekister\u00f6inti\"}]},{\"@type\":\"WebSite\",\"@id\":\"https:\\\/\\\/betlabel.games\\\/fi\\\/#website\",\"url\":\"https:\\\/\\\/betlabel.games\\\/fi\\\/\",\"name\":\"Betlabel fi\",\"description\":\"My WordPress Blog\",\"potentialAction\":[{\"@type\":\"SearchAction\",\"target\":{\"@type\":\"EntryPoint\",\"urlTemplate\":\"https:\\\/\\\/betlabel.games\\\/fi\\\/?s={search_term_string}\"},\"query-input\":{\"@type\":\"PropertyValueSpecification\",\"valueRequired\":true,\"valueName\":\"search_term_string\"}}],\"inLanguage\":\"fi\"}]}<\/script>\n<!-- \/ Yoast SEO plugin. -->","yoast_head_json":{"title":"BetLabel rekister\u00f6inti | Helppo rekister\u00f6itymisopas vuodelle 2025","description":"Kuinka avata BetLabel-tili ja hy\u00f6dynt\u00e4\u00e4 bonukset. Rekister\u00f6idy ja saat BetLabelin tervetuliaisbonuksen \u2713 Rekister\u00f6idy ja aloita vedonly\u00f6ntimatkasi nyt.","robots":{"index":"index","follow":"follow","max-snippet":"max-snippet:-1","max-image-preview":"max-image-preview:large","max-video-preview":"max-video-preview:-1"},"og_locale":"fi_FI","og_type":"article","og_title":"BetLabel rekister\u00f6inti | Helppo rekister\u00f6itymisopas vuodelle 2025","og_description":"Kuinka avata BetLabel-tili ja hy\u00f6dynt\u00e4\u00e4 bonukset. Rekister\u00f6idy ja saat BetLabelin tervetuliaisbonuksen \u2713 Rekister\u00f6idy ja aloita vedonly\u00f6ntimatkasi nyt.","og_url":"https:\/\/betlabel.games\/fi\/registration\/","og_site_name":"Betlabel fi","article_modified_time":"2025-01-11T07:29:29+00:00","twitter_card":"summary_large_image","schema":{"@context":"https:\/\/schema.org","@graph":[{"@type":"WebPage","@id":"https:\/\/betlabel.games\/fi\/registration\/","url":"https:\/\/betlabel.games\/fi\/registration\/","name":"BetLabel rekister\u00f6inti | Helppo rekister\u00f6itymisopas vuodelle 2025","isPartOf":{"@id":"https:\/\/betlabel.games\/fi\/#website"},"datePublished":"2024-10-10T12:44:36+00:00","dateModified":"2025-01-11T07:29:29+00:00","description":"Kuinka avata BetLabel-tili ja hy\u00f6dynt\u00e4\u00e4 bonukset. Rekister\u00f6idy ja saat BetLabelin tervetuliaisbonuksen \u2713 Rekister\u00f6idy ja aloita vedonly\u00f6ntimatkasi nyt.","breadcrumb":{"@id":"https:\/\/betlabel.games\/fi\/registration\/#breadcrumb"},"inLanguage":"fi","potentialAction":[{"@type":"ReadAction","target":["https:\/\/betlabel.games\/fi\/registration\/"]}]},{"@type":"BreadcrumbList","@id":"https:\/\/betlabel.games\/fi\/registration\/#breadcrumb","itemListElement":[{"@type":"ListItem","position":1,"name":"Home","item":"https:\/\/betlabel.games\/fi\/"},{"@type":"ListItem","position":2,"name":"Rekister\u00f6inti"}]},{"@type":"WebSite","@id":"https:\/\/betlabel.games\/fi\/#website","url":"https:\/\/betlabel.games\/fi\/","name":"Betlabel fi","description":"My WordPress Blog","potentialAction":[{"@type":"SearchAction","target":{"@type":"EntryPoint","urlTemplate":"https:\/\/betlabel.games\/fi\/?s={search_term_string}"},"query-input":{"@type":"PropertyValueSpecification","valueRequired":true,"valueName":"search_term_string"}}],"inLanguage":"fi"}]}},"_links":{"self":[{"href":"https:\/\/betlabel.games\/fi\/wp-json\/wp\/v2\/pages\/267","targetHints":{"allow":["GET"]}}],"collection":[{"href":"https:\/\/betlabel.games\/fi\/wp-json\/wp\/v2\/pages"}],"about":[{"href":"https:\/\/betlabel.games\/fi\/wp-json\/wp\/v2\/types\/page"}],"author":[{"embeddable":true,"href":"https:\/\/betlabel.games\/fi\/wp-json\/wp\/v2\/users\/1"}],"replies":[{"embeddable":true,"href":"https:\/\/betlabel.games\/fi\/wp-json\/wp\/v2\/comments?post=267"}],"version-history":[{"count":1,"href":"https:\/\/betlabel.games\/fi\/wp-json\/wp\/v2\/pages\/267\/revisions"}],"predecessor-version":[{"id":431,"href":"https:\/\/betlabel.games\/fi\/wp-json\/wp\/v2\/pages\/267\/revisions\/431"}],"wp:attachment":[{"href":"https:\/\/betlabel.games\/fi\/wp-json\/wp\/v2\/media?parent=267"}],"curies":[{"name":"wp","href":"https:\/\/api.w.org\/{rel}","templated":true}]}}