{"id":279,"date":"2024-10-10T13:11:39","date_gmt":"2024-10-10T13:11:39","guid":{"rendered":"https:\/\/betlabel.games\/fr\/?page_id=279"},"modified":"2024-10-21T11:38:32","modified_gmt":"2024-10-21T11:38:32","slug":"casino","status":"publish","type":"page","link":"https:\/\/betlabel.games\/fr\/casino\/","title":{"rendered":"Casino"},"content":{"rendered":"","protected":false},"excerpt":{"rendered":"","protected":false},"author":1,"featured_media":0,"parent":0,"menu_order":0,"comment_status":"closed","ping_status":"closed","template":"","meta":{"footnotes":""},"class_list":["post-279","page","type-page","status-publish","hentry"],"yoast_head":"<!-- This site is optimized with the Yoast SEO plugin v26.6 - https:\/\/yoast.com\/wordpress\/plugins\/seo\/ -->\n<title>BetLabel France Casino | Jouer aux machines \u00e0 sous et aux jeux<\/title>\n<meta name=\"description\" content=\"BetLabel Casino est un site de casino prim\u00e9 qui propose des centaines de jeux et de machines \u00e0 sous ainsi qu&#039;une gamme exceptionnelle de bonus. Profitez d&#039;une exp\u00e9rience de casino s\u00fbre et s\u00e9curis\u00e9e avec BetLabel\" \/>\n<meta name=\"robots\" content=\"index, follow, max-snippet:-1, max-image-preview:large, max-video-preview:-1\" \/>\n<meta property=\"og:locale\" content=\"fr_FR\" \/>\n<meta property=\"og:type\" content=\"article\" \/>\n<meta property=\"og:title\" content=\"BetLabel France Casino | Jouer aux machines \u00e0 sous et aux jeux\" \/>\n<meta property=\"og:description\" content=\"BetLabel Casino est un site de casino prim\u00e9 qui propose des centaines de jeux et de machines \u00e0 sous ainsi qu&#039;une gamme exceptionnelle de bonus. Profitez d&#039;une exp\u00e9rience de casino s\u00fbre et s\u00e9curis\u00e9e avec BetLabel\" \/>\n<meta property=\"og:url\" content=\"https:\/\/betlabel.games\/fr\/casino\/\" \/>\n<meta property=\"og:site_name\" content=\"Betlabel fr\" \/>\n<meta property=\"article:modified_time\" content=\"2024-10-21T11:38:32+00:00\" \/>\n<meta name=\"twitter:card\" content=\"summary_large_image\" \/>\n<script type=\"application\/ld+json\" class=\"yoast-schema-graph\">{\"@context\":\"https:\/\/schema.org\",\"@graph\":[{\"@type\":\"WebPage\",\"@id\":\"https:\/\/betlabel.games\/fr\/casino\/\",\"url\":\"https:\/\/betlabel.games\/fr\/casino\/\",\"name\":\"BetLabel France Casino | Jouer aux machines \u00e0 sous et aux jeux\",\"isPartOf\":{\"@id\":\"https:\/\/betlabel.games\/fr\/#website\"},\"datePublished\":\"2024-10-10T13:11:39+00:00\",\"dateModified\":\"2024-10-21T11:38:32+00:00\",\"description\":\"BetLabel Casino est un site de casino prim\u00e9 qui propose des centaines de jeux et de machines \u00e0 sous ainsi qu'une gamme exceptionnelle de bonus. Profitez d'une exp\u00e9rience de casino s\u00fbre et s\u00e9curis\u00e9e avec BetLabel\",\"breadcrumb\":{\"@id\":\"https:\/\/betlabel.games\/fr\/casino\/#breadcrumb\"},\"inLanguage\":\"fr-FR\",\"potentialAction\":[{\"@type\":\"ReadAction\",\"target\":[\"https:\/\/betlabel.games\/fr\/casino\/\"]}]},{\"@type\":\"BreadcrumbList\",\"@id\":\"https:\/\/betlabel.games\/fr\/casino\/#breadcrumb\",\"itemListElement\":[{\"@type\":\"ListItem\",\"position\":1,\"name\":\"Home\",\"item\":\"https:\/\/betlabel.games\/fr\/\"},{\"@type\":\"ListItem\",\"position\":2,\"name\":\"Casino\"}]},{\"@type\":\"WebSite\",\"@id\":\"https:\/\/betlabel.games\/fr\/#website\",\"url\":\"https:\/\/betlabel.games\/fr\/\",\"name\":\"Betlabel fr\",\"description\":\"My WordPress Blog\",\"potentialAction\":[{\"@type\":\"SearchAction\",\"target\":{\"@type\":\"EntryPoint\",\"urlTemplate\":\"https:\/\/betlabel.games\/fr\/?s={search_term_string}\"},\"query-input\":{\"@type\":\"PropertyValueSpecification\",\"valueRequired\":true,\"valueName\":\"search_term_string\"}}],\"inLanguage\":\"fr-FR\"}]}<\/script>\n<!-- \/ Yoast SEO plugin. -->","yoast_head_json":{"title":"BetLabel France Casino | Jouer aux machines \u00e0 sous et aux jeux","description":"BetLabel Casino est un site de casino prim\u00e9 qui propose des centaines de jeux et de machines \u00e0 sous ainsi qu'une gamme exceptionnelle de bonus. Profitez d'une exp\u00e9rience de casino s\u00fbre et s\u00e9curis\u00e9e avec BetLabel","robots":{"index":"index","follow":"follow","max-snippet":"max-snippet:-1","max-image-preview":"max-image-preview:large","max-video-preview":"max-video-preview:-1"},"og_locale":"fr_FR","og_type":"article","og_title":"BetLabel France Casino | Jouer aux machines \u00e0 sous et aux jeux","og_description":"BetLabel Casino est un site de casino prim\u00e9 qui propose des centaines de jeux et de machines \u00e0 sous ainsi qu'une gamme exceptionnelle de bonus. Profitez d'une exp\u00e9rience de casino s\u00fbre et s\u00e9curis\u00e9e avec BetLabel","og_url":"https:\/\/betlabel.games\/fr\/casino\/","og_site_name":"Betlabel fr","article_modified_time":"2024-10-21T11:38:32+00:00","twitter_card":"summary_large_image","schema":{"@context":"https:\/\/schema.org","@graph":[{"@type":"WebPage","@id":"https:\/\/betlabel.games\/fr\/casino\/","url":"https:\/\/betlabel.games\/fr\/casino\/","name":"BetLabel France Casino | Jouer aux machines \u00e0 sous et aux jeux","isPartOf":{"@id":"https:\/\/betlabel.games\/fr\/#website"},"datePublished":"2024-10-10T13:11:39+00:00","dateModified":"2024-10-21T11:38:32+00:00","description":"BetLabel Casino est un site de casino prim\u00e9 qui propose des centaines de jeux et de machines \u00e0 sous ainsi qu'une gamme exceptionnelle de bonus. Profitez d'une exp\u00e9rience de casino s\u00fbre et s\u00e9curis\u00e9e avec BetLabel","breadcrumb":{"@id":"https:\/\/betlabel.games\/fr\/casino\/#breadcrumb"},"inLanguage":"fr-FR","potentialAction":[{"@type":"ReadAction","target":["https:\/\/betlabel.games\/fr\/casino\/"]}]},{"@type":"BreadcrumbList","@id":"https:\/\/betlabel.games\/fr\/casino\/#breadcrumb","itemListElement":[{"@type":"ListItem","position":1,"name":"Home","item":"https:\/\/betlabel.games\/fr\/"},{"@type":"ListItem","position":2,"name":"Casino"}]},{"@type":"WebSite","@id":"https:\/\/betlabel.games\/fr\/#website","url":"https:\/\/betlabel.games\/fr\/","name":"Betlabel fr","description":"My WordPress Blog","potentialAction":[{"@type":"SearchAction","target":{"@type":"EntryPoint","urlTemplate":"https:\/\/betlabel.games\/fr\/?s={search_term_string}"},"query-input":{"@type":"PropertyValueSpecification","valueRequired":true,"valueName":"search_term_string"}}],"inLanguage":"fr-FR"}]}},"_links":{"self":[{"href":"https:\/\/betlabel.games\/fr\/wp-json\/wp\/v2\/pages\/279","targetHints":{"allow":["GET"]}}],"collection":[{"href":"https:\/\/betlabel.games\/fr\/wp-json\/wp\/v2\/pages"}],"about":[{"href":"https:\/\/betlabel.games\/fr\/wp-json\/wp\/v2\/types\/page"}],"author":[{"embeddable":true,"href":"https:\/\/betlabel.games\/fr\/wp-json\/wp\/v2\/users\/1"}],"replies":[{"embeddable":true,"href":"https:\/\/betlabel.games\/fr\/wp-json\/wp\/v2\/comments?post=279"}],"version-history":[{"count":0,"href":"https:\/\/betlabel.games\/fr\/wp-json\/wp\/v2\/pages\/279\/revisions"}],"wp:attachment":[{"href":"https:\/\/betlabel.games\/fr\/wp-json\/wp\/v2\/media?parent=279"}],"curies":[{"name":"wp","href":"https:\/\/api.w.org\/{rel}","templated":true}]}}