{"id":447,"date":"2025-06-13T07:40:56","date_gmt":"2025-06-13T07:40:56","guid":{"rendered":"https:\/\/betlabel.games\/?page_id=447"},"modified":"2025-11-12T04:53:18","modified_gmt":"2025-11-12T04:53:18","slug":"sports-cashback","status":"publish","type":"page","link":"https:\/\/betlabel.games\/fr\/bonuses\/sports-cashback\/","title":{"rendered":"Cashback sports"},"content":{"rendered":"","protected":false},"excerpt":{"rendered":"","protected":false},"author":1,"featured_media":0,"parent":201,"menu_order":0,"comment_status":"closed","ping_status":"closed","template":"","meta":{"footnotes":""},"class_list":["post-447","page","type-page","status-publish","hentry"],"yoast_head":"<!-- This site is optimized with the Yoast SEO plugin v26.6 - https:\/\/yoast.com\/wordpress\/plugins\/seo\/ -->\n<title>Cashback sportif avec BetLabel | R\u00e9cup\u00e9rez 3% de vos pertes<\/title>\n<meta name=\"description\" content=\"Ne manquez pas votre chance de r\u00e9cup\u00e9rer une partie de vos pertes gr\u00e2ce au cashback de BetLabel! R\u00e9cup\u00e9rez 3% de vos paris chaque semaine sans d\u00e9p\u00f4t suppl\u00e9mentaire.\" \/>\n<meta name=\"robots\" content=\"index, follow, max-snippet:-1, max-image-preview:large, max-video-preview:-1\" \/>\n<meta property=\"og:locale\" content=\"fr_FR\" \/>\n<meta property=\"og:type\" content=\"article\" \/>\n<meta property=\"og:title\" content=\"Cashback sportif avec BetLabel | R\u00e9cup\u00e9rez 3% de vos pertes\" \/>\n<meta property=\"og:description\" content=\"Ne manquez pas votre chance de r\u00e9cup\u00e9rer une partie de vos pertes gr\u00e2ce au cashback de BetLabel! R\u00e9cup\u00e9rez 3% de vos paris chaque semaine sans d\u00e9p\u00f4t suppl\u00e9mentaire.\" \/>\n<meta property=\"og:url\" content=\"https:\/\/betlabel.games\/fr\/bonuses\/sports-cashback\/\" \/>\n<meta property=\"og:site_name\" content=\"Betlabel fr\" \/>\n<meta property=\"article:modified_time\" content=\"2025-11-12T04:53:18+00:00\" \/>\n<meta name=\"twitter:card\" content=\"summary_large_image\" \/>\n<script type=\"application\/ld+json\" class=\"yoast-schema-graph\">{\"@context\":\"https:\/\/schema.org\",\"@graph\":[{\"@type\":\"WebPage\",\"@id\":\"https:\/\/betlabel.games\/fr\/bonuses\/sports-cashback\/\",\"url\":\"https:\/\/betlabel.games\/fr\/bonuses\/sports-cashback\/\",\"name\":\"Cashback sportif avec BetLabel | R\u00e9cup\u00e9rez 3% de vos pertes\",\"isPartOf\":{\"@id\":\"https:\/\/betlabel.games\/fr\/#website\"},\"datePublished\":\"2025-06-13T07:40:56+00:00\",\"dateModified\":\"2025-11-12T04:53:18+00:00\",\"description\":\"Ne manquez pas votre chance de r\u00e9cup\u00e9rer une partie de vos pertes gr\u00e2ce au cashback de BetLabel! R\u00e9cup\u00e9rez 3% de vos paris chaque semaine sans d\u00e9p\u00f4t suppl\u00e9mentaire.\",\"breadcrumb\":{\"@id\":\"https:\/\/betlabel.games\/fr\/bonuses\/sports-cashback\/#breadcrumb\"},\"inLanguage\":\"fr-FR\",\"potentialAction\":[{\"@type\":\"ReadAction\",\"target\":[\"https:\/\/betlabel.games\/fr\/bonuses\/sports-cashback\/\"]}]},{\"@type\":\"BreadcrumbList\",\"@id\":\"https:\/\/betlabel.games\/fr\/bonuses\/sports-cashback\/#breadcrumb\",\"itemListElement\":[{\"@type\":\"ListItem\",\"position\":1,\"name\":\"Home\",\"item\":\"https:\/\/betlabel.games\/fr\/\"},{\"@type\":\"ListItem\",\"position\":2,\"name\":\"Bonus\",\"item\":\"https:\/\/betlabel.games\/fr\/bonuses\/\"},{\"@type\":\"ListItem\",\"position\":3,\"name\":\"Cashback sports\"}]},{\"@type\":\"WebSite\",\"@id\":\"https:\/\/betlabel.games\/fr\/#website\",\"url\":\"https:\/\/betlabel.games\/fr\/\",\"name\":\"Betlabel fr\",\"description\":\"My WordPress Blog\",\"potentialAction\":[{\"@type\":\"SearchAction\",\"target\":{\"@type\":\"EntryPoint\",\"urlTemplate\":\"https:\/\/betlabel.games\/fr\/?s={search_term_string}\"},\"query-input\":{\"@type\":\"PropertyValueSpecification\",\"valueRequired\":true,\"valueName\":\"search_term_string\"}}],\"inLanguage\":\"fr-FR\"}]}<\/script>\n<!-- \/ Yoast SEO plugin. -->","yoast_head_json":{"title":"Cashback sportif avec BetLabel | R\u00e9cup\u00e9rez 3% de vos pertes","description":"Ne manquez pas votre chance de r\u00e9cup\u00e9rer une partie de vos pertes gr\u00e2ce au cashback de BetLabel! R\u00e9cup\u00e9rez 3% de vos paris chaque semaine sans d\u00e9p\u00f4t suppl\u00e9mentaire.","robots":{"index":"index","follow":"follow","max-snippet":"max-snippet:-1","max-image-preview":"max-image-preview:large","max-video-preview":"max-video-preview:-1"},"og_locale":"fr_FR","og_type":"article","og_title":"Cashback sportif avec BetLabel | R\u00e9cup\u00e9rez 3% de vos pertes","og_description":"Ne manquez pas votre chance de r\u00e9cup\u00e9rer une partie de vos pertes gr\u00e2ce au cashback de BetLabel! R\u00e9cup\u00e9rez 3% de vos paris chaque semaine sans d\u00e9p\u00f4t suppl\u00e9mentaire.","og_url":"https:\/\/betlabel.games\/fr\/bonuses\/sports-cashback\/","og_site_name":"Betlabel fr","article_modified_time":"2025-11-12T04:53:18+00:00","twitter_card":"summary_large_image","schema":{"@context":"https:\/\/schema.org","@graph":[{"@type":"WebPage","@id":"https:\/\/betlabel.games\/fr\/bonuses\/sports-cashback\/","url":"https:\/\/betlabel.games\/fr\/bonuses\/sports-cashback\/","name":"Cashback sportif avec BetLabel | R\u00e9cup\u00e9rez 3% de vos pertes","isPartOf":{"@id":"https:\/\/betlabel.games\/fr\/#website"},"datePublished":"2025-06-13T07:40:56+00:00","dateModified":"2025-11-12T04:53:18+00:00","description":"Ne manquez pas votre chance de r\u00e9cup\u00e9rer une partie de vos pertes gr\u00e2ce au cashback de BetLabel! R\u00e9cup\u00e9rez 3% de vos paris chaque semaine sans d\u00e9p\u00f4t suppl\u00e9mentaire.","breadcrumb":{"@id":"https:\/\/betlabel.games\/fr\/bonuses\/sports-cashback\/#breadcrumb"},"inLanguage":"fr-FR","potentialAction":[{"@type":"ReadAction","target":["https:\/\/betlabel.games\/fr\/bonuses\/sports-cashback\/"]}]},{"@type":"BreadcrumbList","@id":"https:\/\/betlabel.games\/fr\/bonuses\/sports-cashback\/#breadcrumb","itemListElement":[{"@type":"ListItem","position":1,"name":"Home","item":"https:\/\/betlabel.games\/fr\/"},{"@type":"ListItem","position":2,"name":"Bonus","item":"https:\/\/betlabel.games\/fr\/bonuses\/"},{"@type":"ListItem","position":3,"name":"Cashback sports"}]},{"@type":"WebSite","@id":"https:\/\/betlabel.games\/fr\/#website","url":"https:\/\/betlabel.games\/fr\/","name":"Betlabel fr","description":"My WordPress Blog","potentialAction":[{"@type":"SearchAction","target":{"@type":"EntryPoint","urlTemplate":"https:\/\/betlabel.games\/fr\/?s={search_term_string}"},"query-input":{"@type":"PropertyValueSpecification","valueRequired":true,"valueName":"search_term_string"}}],"inLanguage":"fr-FR"}]}},"_links":{"self":[{"href":"https:\/\/betlabel.games\/fr\/wp-json\/wp\/v2\/pages\/447","targetHints":{"allow":["GET"]}}],"collection":[{"href":"https:\/\/betlabel.games\/fr\/wp-json\/wp\/v2\/pages"}],"about":[{"href":"https:\/\/betlabel.games\/fr\/wp-json\/wp\/v2\/types\/page"}],"author":[{"embeddable":true,"href":"https:\/\/betlabel.games\/fr\/wp-json\/wp\/v2\/users\/1"}],"replies":[{"embeddable":true,"href":"https:\/\/betlabel.games\/fr\/wp-json\/wp\/v2\/comments?post=447"}],"version-history":[{"count":2,"href":"https:\/\/betlabel.games\/fr\/wp-json\/wp\/v2\/pages\/447\/revisions"}],"predecessor-version":[{"id":457,"href":"https:\/\/betlabel.games\/fr\/wp-json\/wp\/v2\/pages\/447\/revisions\/457"}],"up":[{"embeddable":true,"href":"https:\/\/betlabel.games\/fr\/wp-json\/wp\/v2\/pages\/201"}],"wp:attachment":[{"href":"https:\/\/betlabel.games\/fr\/wp-json\/wp\/v2\/media?parent=447"}],"curies":[{"name":"wp","href":"https:\/\/api.w.org\/{rel}","templated":true}]}}