{"id":1069,"date":"2026-03-17T12:33:28","date_gmt":"2026-03-17T12:33:28","guid":{"rendered":"https:\/\/betlabel.games\/hr\/?page_id=1069"},"modified":"2026-04-22T04:48:13","modified_gmt":"2026-04-22T04:48:13","slug":"withdrawal","status":"publish","type":"page","link":"https:\/\/betlabel.games\/hr\/withdrawal\/","title":{"rendered":"Povla\u010denje"},"content":{"rendered":"","protected":false},"excerpt":{"rendered":"","protected":false},"author":1,"featured_media":0,"parent":0,"menu_order":0,"comment_status":"closed","ping_status":"closed","template":"","meta":{"footnotes":""},"class_list":["post-1069","page","type-page","status-publish","hentry"],"yoast_head":"<!-- This site is optimized with the Yoast SEO plugin v27.4 - https:\/\/yoast.com\/product\/yoast-seo-wordpress\/ -->\n<title>BetLabel vodi\u010d za isplatu \u2014 Kako brzo i sigurno isplatiti sredstva<\/title>\n<meta name=\"description\" content=\"Izvla\u010denje sredstava s BetLabela je lak\u0161e nego \u0161to mislite. Slijedite ovaj jednostavan vodi\u010d kako biste brzo, sigurno i bez uobi\u010dajenih pogre\u0161aka povukli svoja sredstva.\" \/>\n<meta name=\"robots\" content=\"index, follow, max-snippet:-1, max-image-preview:large, max-video-preview:-1\" \/>\n<meta property=\"og:locale\" content=\"hr_HR\" \/>\n<meta property=\"og:type\" content=\"article\" \/>\n<meta property=\"og:title\" content=\"BetLabel vodi\u010d za isplatu \u2014 Kako brzo i sigurno isplatiti sredstva\" \/>\n<meta property=\"og:description\" content=\"Izvla\u010denje sredstava s BetLabela je lak\u0161e nego \u0161to mislite. Slijedite ovaj jednostavan vodi\u010d kako biste brzo, sigurno i bez uobi\u010dajenih pogre\u0161aka povukli svoja sredstva.\" \/>\n<meta property=\"og:url\" content=\"https:\/\/betlabel.games\/hr\/withdrawal\/\" \/>\n<meta property=\"og:site_name\" content=\"Betlabel hr\" \/>\n<meta property=\"article:modified_time\" content=\"2026-04-22T04:48:13+00:00\" \/>\n<meta name=\"twitter:card\" content=\"summary_large_image\" \/>\n<script type=\"application\/ld+json\" class=\"yoast-schema-graph\">{\"@context\":\"https:\\\/\\\/schema.org\",\"@graph\":[{\"@type\":\"WebPage\",\"@id\":\"https:\\\/\\\/betlabel.games\\\/hr\\\/withdrawal\\\/\",\"url\":\"https:\\\/\\\/betlabel.games\\\/hr\\\/withdrawal\\\/\",\"name\":\"BetLabel vodi\u010d za isplatu \u2014 Kako brzo i sigurno isplatiti sredstva\",\"isPartOf\":{\"@id\":\"https:\\\/\\\/betlabel.games\\\/hr\\\/#website\"},\"datePublished\":\"2026-03-17T12:33:28+00:00\",\"dateModified\":\"2026-04-22T04:48:13+00:00\",\"description\":\"Izvla\u010denje sredstava s BetLabela je lak\u0161e nego \u0161to mislite. Slijedite ovaj jednostavan vodi\u010d kako biste brzo, sigurno i bez uobi\u010dajenih pogre\u0161aka povukli svoja sredstva.\",\"breadcrumb\":{\"@id\":\"https:\\\/\\\/betlabel.games\\\/hr\\\/withdrawal\\\/#breadcrumb\"},\"inLanguage\":\"hr\",\"potentialAction\":[{\"@type\":\"ReadAction\",\"target\":[\"https:\\\/\\\/betlabel.games\\\/hr\\\/withdrawal\\\/\"]}]},{\"@type\":\"BreadcrumbList\",\"@id\":\"https:\\\/\\\/betlabel.games\\\/hr\\\/withdrawal\\\/#breadcrumb\",\"itemListElement\":[{\"@type\":\"ListItem\",\"position\":1,\"name\":\"Home\",\"item\":\"https:\\\/\\\/betlabel.games\\\/hr\\\/\"},{\"@type\":\"ListItem\",\"position\":2,\"name\":\"Povla\u010denje\"}]},{\"@type\":\"WebSite\",\"@id\":\"https:\\\/\\\/betlabel.games\\\/hr\\\/#website\",\"url\":\"https:\\\/\\\/betlabel.games\\\/hr\\\/\",\"name\":\"Betlabel hr\",\"description\":\"My WordPress Blog\",\"potentialAction\":[{\"@type\":\"SearchAction\",\"target\":{\"@type\":\"EntryPoint\",\"urlTemplate\":\"https:\\\/\\\/betlabel.games\\\/hr\\\/?s={search_term_string}\"},\"query-input\":{\"@type\":\"PropertyValueSpecification\",\"valueRequired\":true,\"valueName\":\"search_term_string\"}}],\"inLanguage\":\"hr\"}]}<\/script>\n<!-- \/ Yoast SEO plugin. -->","yoast_head_json":{"title":"BetLabel vodi\u010d za isplatu \u2014 Kako brzo i sigurno isplatiti sredstva","description":"Izvla\u010denje sredstava s BetLabela je lak\u0161e nego \u0161to mislite. Slijedite ovaj jednostavan vodi\u010d kako biste brzo, sigurno i bez uobi\u010dajenih pogre\u0161aka povukli svoja sredstva.","robots":{"index":"index","follow":"follow","max-snippet":"max-snippet:-1","max-image-preview":"max-image-preview:large","max-video-preview":"max-video-preview:-1"},"og_locale":"hr_HR","og_type":"article","og_title":"BetLabel vodi\u010d za isplatu \u2014 Kako brzo i sigurno isplatiti sredstva","og_description":"Izvla\u010denje sredstava s BetLabela je lak\u0161e nego \u0161to mislite. Slijedite ovaj jednostavan vodi\u010d kako biste brzo, sigurno i bez uobi\u010dajenih pogre\u0161aka povukli svoja sredstva.","og_url":"https:\/\/betlabel.games\/hr\/withdrawal\/","og_site_name":"Betlabel hr","article_modified_time":"2026-04-22T04:48:13+00:00","twitter_card":"summary_large_image","schema":{"@context":"https:\/\/schema.org","@graph":[{"@type":"WebPage","@id":"https:\/\/betlabel.games\/hr\/withdrawal\/","url":"https:\/\/betlabel.games\/hr\/withdrawal\/","name":"BetLabel vodi\u010d za isplatu \u2014 Kako brzo i sigurno isplatiti sredstva","isPartOf":{"@id":"https:\/\/betlabel.games\/hr\/#website"},"datePublished":"2026-03-17T12:33:28+00:00","dateModified":"2026-04-22T04:48:13+00:00","description":"Izvla\u010denje sredstava s BetLabela je lak\u0161e nego \u0161to mislite. Slijedite ovaj jednostavan vodi\u010d kako biste brzo, sigurno i bez uobi\u010dajenih pogre\u0161aka povukli svoja sredstva.","breadcrumb":{"@id":"https:\/\/betlabel.games\/hr\/withdrawal\/#breadcrumb"},"inLanguage":"hr","potentialAction":[{"@type":"ReadAction","target":["https:\/\/betlabel.games\/hr\/withdrawal\/"]}]},{"@type":"BreadcrumbList","@id":"https:\/\/betlabel.games\/hr\/withdrawal\/#breadcrumb","itemListElement":[{"@type":"ListItem","position":1,"name":"Home","item":"https:\/\/betlabel.games\/hr\/"},{"@type":"ListItem","position":2,"name":"Povla\u010denje"}]},{"@type":"WebSite","@id":"https:\/\/betlabel.games\/hr\/#website","url":"https:\/\/betlabel.games\/hr\/","name":"Betlabel hr","description":"My WordPress Blog","potentialAction":[{"@type":"SearchAction","target":{"@type":"EntryPoint","urlTemplate":"https:\/\/betlabel.games\/hr\/?s={search_term_string}"},"query-input":{"@type":"PropertyValueSpecification","valueRequired":true,"valueName":"search_term_string"}}],"inLanguage":"hr"}]}},"_links":{"self":[{"href":"https:\/\/betlabel.games\/hr\/wp-json\/wp\/v2\/pages\/1069","targetHints":{"allow":["GET"]}}],"collection":[{"href":"https:\/\/betlabel.games\/hr\/wp-json\/wp\/v2\/pages"}],"about":[{"href":"https:\/\/betlabel.games\/hr\/wp-json\/wp\/v2\/types\/page"}],"author":[{"embeddable":true,"href":"https:\/\/betlabel.games\/hr\/wp-json\/wp\/v2\/users\/1"}],"replies":[{"embeddable":true,"href":"https:\/\/betlabel.games\/hr\/wp-json\/wp\/v2\/comments?post=1069"}],"version-history":[{"count":5,"href":"https:\/\/betlabel.games\/hr\/wp-json\/wp\/v2\/pages\/1069\/revisions"}],"predecessor-version":[{"id":1251,"href":"https:\/\/betlabel.games\/hr\/wp-json\/wp\/v2\/pages\/1069\/revisions\/1251"}],"wp:attachment":[{"href":"https:\/\/betlabel.games\/hr\/wp-json\/wp\/v2\/media?parent=1069"}],"curies":[{"name":"wp","href":"https:\/\/api.w.org\/{rel}","templated":true}]}}