{"id":267,"date":"2024-10-10T12:44:36","date_gmt":"2024-10-10T12:44:36","guid":{"rendered":"https:\/\/betlabel.games\/hr\/?page_id=267"},"modified":"2025-01-12T18:10:02","modified_gmt":"2025-01-12T18:10:02","slug":"registration","status":"publish","type":"page","link":"https:\/\/betlabel.games\/hr\/registration\/","title":{"rendered":"Registracija"},"content":{"rendered":"","protected":false},"excerpt":{"rendered":"","protected":false},"author":1,"featured_media":0,"parent":0,"menu_order":0,"comment_status":"closed","ping_status":"closed","template":"","meta":{"footnotes":""},"class_list":["post-267","page","type-page","status-publish","hentry"],"yoast_head":"<!-- This site is optimized with the Yoast SEO plugin v26.6 - https:\/\/yoast.com\/wordpress\/plugins\/seo\/ -->\n<title>BetLabel Registracija | Vodi\u010d za jednostavnu registraciju za 2025<\/title>\n<meta name=\"description\" content=\"Kako otvoriti BetLabel Hrvatska ra\u010dun i iskoristiti bonuse. Prijavite se i dobijte BetLabel bonus dobrodo\u0161lice \u2713 Registrirajte se i zapo\u010dnite svoje kladioni\u010darsko putovanje sada\" \/>\n<meta name=\"robots\" content=\"index, follow, max-snippet:-1, max-image-preview:large, max-video-preview:-1\" \/>\n<meta property=\"og:locale\" content=\"hr_HR\" \/>\n<meta property=\"og:type\" content=\"article\" \/>\n<meta property=\"og:title\" content=\"BetLabel Registracija | Vodi\u010d za jednostavnu registraciju za 2025\" \/>\n<meta property=\"og:description\" content=\"Kako otvoriti BetLabel Hrvatska ra\u010dun i iskoristiti bonuse. Prijavite se i dobijte BetLabel bonus dobrodo\u0161lice \u2713 Registrirajte se i zapo\u010dnite svoje kladioni\u010darsko putovanje sada\" \/>\n<meta property=\"og:url\" content=\"https:\/\/betlabel.games\/hr\/registration\/\" \/>\n<meta property=\"og:site_name\" content=\"Betlabel hr\" \/>\n<meta property=\"article:modified_time\" content=\"2025-01-12T18:10:02+00:00\" \/>\n<meta name=\"twitter:card\" content=\"summary_large_image\" \/>\n<script type=\"application\/ld+json\" class=\"yoast-schema-graph\">{\"@context\":\"https:\/\/schema.org\",\"@graph\":[{\"@type\":\"WebPage\",\"@id\":\"https:\/\/betlabel.games\/hr\/registration\/\",\"url\":\"https:\/\/betlabel.games\/hr\/registration\/\",\"name\":\"BetLabel Registracija | Vodi\u010d za jednostavnu registraciju za 2025\",\"isPartOf\":{\"@id\":\"https:\/\/betlabel.games\/hr\/#website\"},\"datePublished\":\"2024-10-10T12:44:36+00:00\",\"dateModified\":\"2025-01-12T18:10:02+00:00\",\"description\":\"Kako otvoriti BetLabel Hrvatska ra\u010dun i iskoristiti bonuse. Prijavite se i dobijte BetLabel bonus dobrodo\u0161lice \u2713 Registrirajte se i zapo\u010dnite svoje kladioni\u010darsko putovanje sada\",\"breadcrumb\":{\"@id\":\"https:\/\/betlabel.games\/hr\/registration\/#breadcrumb\"},\"inLanguage\":\"hr\",\"potentialAction\":[{\"@type\":\"ReadAction\",\"target\":[\"https:\/\/betlabel.games\/hr\/registration\/\"]}]},{\"@type\":\"BreadcrumbList\",\"@id\":\"https:\/\/betlabel.games\/hr\/registration\/#breadcrumb\",\"itemListElement\":[{\"@type\":\"ListItem\",\"position\":1,\"name\":\"Home\",\"item\":\"https:\/\/betlabel.games\/hr\/\"},{\"@type\":\"ListItem\",\"position\":2,\"name\":\"Registracija\"}]},{\"@type\":\"WebSite\",\"@id\":\"https:\/\/betlabel.games\/hr\/#website\",\"url\":\"https:\/\/betlabel.games\/hr\/\",\"name\":\"Betlabel hr\",\"description\":\"My WordPress Blog\",\"potentialAction\":[{\"@type\":\"SearchAction\",\"target\":{\"@type\":\"EntryPoint\",\"urlTemplate\":\"https:\/\/betlabel.games\/hr\/?s={search_term_string}\"},\"query-input\":{\"@type\":\"PropertyValueSpecification\",\"valueRequired\":true,\"valueName\":\"search_term_string\"}}],\"inLanguage\":\"hr\"}]}<\/script>\n<!-- \/ Yoast SEO plugin. -->","yoast_head_json":{"title":"BetLabel Registracija | Vodi\u010d za jednostavnu registraciju za 2025","description":"Kako otvoriti BetLabel Hrvatska ra\u010dun i iskoristiti bonuse. Prijavite se i dobijte BetLabel bonus dobrodo\u0161lice \u2713 Registrirajte se i zapo\u010dnite svoje kladioni\u010darsko putovanje sada","robots":{"index":"index","follow":"follow","max-snippet":"max-snippet:-1","max-image-preview":"max-image-preview:large","max-video-preview":"max-video-preview:-1"},"og_locale":"hr_HR","og_type":"article","og_title":"BetLabel Registracija | Vodi\u010d za jednostavnu registraciju za 2025","og_description":"Kako otvoriti BetLabel Hrvatska ra\u010dun i iskoristiti bonuse. Prijavite se i dobijte BetLabel bonus dobrodo\u0161lice \u2713 Registrirajte se i zapo\u010dnite svoje kladioni\u010darsko putovanje sada","og_url":"https:\/\/betlabel.games\/hr\/registration\/","og_site_name":"Betlabel hr","article_modified_time":"2025-01-12T18:10:02+00:00","twitter_card":"summary_large_image","schema":{"@context":"https:\/\/schema.org","@graph":[{"@type":"WebPage","@id":"https:\/\/betlabel.games\/hr\/registration\/","url":"https:\/\/betlabel.games\/hr\/registration\/","name":"BetLabel Registracija | Vodi\u010d za jednostavnu registraciju za 2025","isPartOf":{"@id":"https:\/\/betlabel.games\/hr\/#website"},"datePublished":"2024-10-10T12:44:36+00:00","dateModified":"2025-01-12T18:10:02+00:00","description":"Kako otvoriti BetLabel Hrvatska ra\u010dun i iskoristiti bonuse. Prijavite se i dobijte BetLabel bonus dobrodo\u0161lice \u2713 Registrirajte se i zapo\u010dnite svoje kladioni\u010darsko putovanje sada","breadcrumb":{"@id":"https:\/\/betlabel.games\/hr\/registration\/#breadcrumb"},"inLanguage":"hr","potentialAction":[{"@type":"ReadAction","target":["https:\/\/betlabel.games\/hr\/registration\/"]}]},{"@type":"BreadcrumbList","@id":"https:\/\/betlabel.games\/hr\/registration\/#breadcrumb","itemListElement":[{"@type":"ListItem","position":1,"name":"Home","item":"https:\/\/betlabel.games\/hr\/"},{"@type":"ListItem","position":2,"name":"Registracija"}]},{"@type":"WebSite","@id":"https:\/\/betlabel.games\/hr\/#website","url":"https:\/\/betlabel.games\/hr\/","name":"Betlabel hr","description":"My WordPress Blog","potentialAction":[{"@type":"SearchAction","target":{"@type":"EntryPoint","urlTemplate":"https:\/\/betlabel.games\/hr\/?s={search_term_string}"},"query-input":{"@type":"PropertyValueSpecification","valueRequired":true,"valueName":"search_term_string"}}],"inLanguage":"hr"}]}},"_links":{"self":[{"href":"https:\/\/betlabel.games\/hr\/wp-json\/wp\/v2\/pages\/267","targetHints":{"allow":["GET"]}}],"collection":[{"href":"https:\/\/betlabel.games\/hr\/wp-json\/wp\/v2\/pages"}],"about":[{"href":"https:\/\/betlabel.games\/hr\/wp-json\/wp\/v2\/types\/page"}],"author":[{"embeddable":true,"href":"https:\/\/betlabel.games\/hr\/wp-json\/wp\/v2\/users\/1"}],"replies":[{"embeddable":true,"href":"https:\/\/betlabel.games\/hr\/wp-json\/wp\/v2\/comments?post=267"}],"version-history":[{"count":1,"href":"https:\/\/betlabel.games\/hr\/wp-json\/wp\/v2\/pages\/267\/revisions"}],"predecessor-version":[{"id":423,"href":"https:\/\/betlabel.games\/hr\/wp-json\/wp\/v2\/pages\/267\/revisions\/423"}],"wp:attachment":[{"href":"https:\/\/betlabel.games\/hr\/wp-json\/wp\/v2\/media?parent=267"}],"curies":[{"name":"wp","href":"https:\/\/api.w.org\/{rel}","templated":true}]}}