{"id":702,"date":"2025-12-24T09:08:01","date_gmt":"2025-12-24T09:08:01","guid":{"rendered":"https:\/\/betlabel.games\/hr\/?page_id=702"},"modified":"2026-04-22T05:06:00","modified_gmt":"2026-04-22T05:06:00","slug":"football-betting","status":"publish","type":"page","link":"https:\/\/betlabel.games\/hr\/football-betting\/","title":{"rendered":"Nogomet"},"content":{"rendered":"","protected":false},"excerpt":{"rendered":"","protected":false},"author":1,"featured_media":0,"parent":0,"menu_order":0,"comment_status":"closed","ping_status":"closed","template":"","meta":{"footnotes":""},"class_list":["post-702","page","type-page","status-publish","hentry"],"yoast_head":"<!-- This site is optimized with the Yoast SEO plugin v27.4 - https:\/\/yoast.com\/product\/yoast-seo-wordpress\/ -->\n<title>BetLabel nogometno kla\u0111enje \u2014 linija, u\u017eivo i visoke kvote<\/title>\n<meta name=\"description\" content=\"Kladite se na nogomet na BetLabel \u2014 Premier liga, Liga prvaka, Serie A s vi\u0161e od 1.300 tr\u017ei\u0161ta. Visoke kvote, prijenosi u\u017eivo, statistike i 100% bonus. Predme\u010dane i u\u017eivo oklade s brzim isplatama.\" \/>\n<meta name=\"robots\" content=\"index, follow, max-snippet:-1, max-image-preview:large, max-video-preview:-1\" \/>\n<meta property=\"og:locale\" content=\"hr_HR\" \/>\n<meta property=\"og:type\" content=\"article\" \/>\n<meta property=\"og:title\" content=\"BetLabel nogometno kla\u0111enje \u2014 linija, u\u017eivo i visoke kvote\" \/>\n<meta property=\"og:description\" content=\"Kladite se na nogomet na BetLabel \u2014 Premier liga, Liga prvaka, Serie A s vi\u0161e od 1.300 tr\u017ei\u0161ta. Visoke kvote, prijenosi u\u017eivo, statistike i 100% bonus. Predme\u010dane i u\u017eivo oklade s brzim isplatama.\" \/>\n<meta property=\"og:url\" content=\"https:\/\/betlabel.games\/hr\/football-betting\/\" \/>\n<meta property=\"og:site_name\" content=\"Betlabel hr\" \/>\n<meta property=\"article:modified_time\" content=\"2026-04-22T05:06:00+00:00\" \/>\n<meta name=\"twitter:card\" content=\"summary_large_image\" \/>\n<script type=\"application\/ld+json\" class=\"yoast-schema-graph\">{\"@context\":\"https:\\\/\\\/schema.org\",\"@graph\":[{\"@type\":\"WebPage\",\"@id\":\"https:\\\/\\\/betlabel.games\\\/hr\\\/football-betting\\\/\",\"url\":\"https:\\\/\\\/betlabel.games\\\/hr\\\/football-betting\\\/\",\"name\":\"BetLabel nogometno kla\u0111enje \u2014 linija, u\u017eivo i visoke kvote\",\"isPartOf\":{\"@id\":\"https:\\\/\\\/betlabel.games\\\/hr\\\/#website\"},\"datePublished\":\"2025-12-24T09:08:01+00:00\",\"dateModified\":\"2026-04-22T05:06:00+00:00\",\"description\":\"Kladite se na nogomet na BetLabel \u2014 Premier liga, Liga prvaka, Serie A s vi\u0161e od 1.300 tr\u017ei\u0161ta. Visoke kvote, prijenosi u\u017eivo, statistike i 100% bonus. Predme\u010dane i u\u017eivo oklade s brzim isplatama.\",\"breadcrumb\":{\"@id\":\"https:\\\/\\\/betlabel.games\\\/hr\\\/football-betting\\\/#breadcrumb\"},\"inLanguage\":\"hr\",\"potentialAction\":[{\"@type\":\"ReadAction\",\"target\":[\"https:\\\/\\\/betlabel.games\\\/hr\\\/football-betting\\\/\"]}]},{\"@type\":\"BreadcrumbList\",\"@id\":\"https:\\\/\\\/betlabel.games\\\/hr\\\/football-betting\\\/#breadcrumb\",\"itemListElement\":[{\"@type\":\"ListItem\",\"position\":1,\"name\":\"Home\",\"item\":\"https:\\\/\\\/betlabel.games\\\/hr\\\/\"},{\"@type\":\"ListItem\",\"position\":2,\"name\":\"Nogomet\"}]},{\"@type\":\"WebSite\",\"@id\":\"https:\\\/\\\/betlabel.games\\\/hr\\\/#website\",\"url\":\"https:\\\/\\\/betlabel.games\\\/hr\\\/\",\"name\":\"Betlabel hr\",\"description\":\"My WordPress Blog\",\"potentialAction\":[{\"@type\":\"SearchAction\",\"target\":{\"@type\":\"EntryPoint\",\"urlTemplate\":\"https:\\\/\\\/betlabel.games\\\/hr\\\/?s={search_term_string}\"},\"query-input\":{\"@type\":\"PropertyValueSpecification\",\"valueRequired\":true,\"valueName\":\"search_term_string\"}}],\"inLanguage\":\"hr\"}]}<\/script>\n<!-- \/ Yoast SEO plugin. -->","yoast_head_json":{"title":"BetLabel nogometno kla\u0111enje \u2014 linija, u\u017eivo i visoke kvote","description":"Kladite se na nogomet na BetLabel \u2014 Premier liga, Liga prvaka, Serie A s vi\u0161e od 1.300 tr\u017ei\u0161ta. Visoke kvote, prijenosi u\u017eivo, statistike i 100% bonus. Predme\u010dane i u\u017eivo oklade s brzim isplatama.","robots":{"index":"index","follow":"follow","max-snippet":"max-snippet:-1","max-image-preview":"max-image-preview:large","max-video-preview":"max-video-preview:-1"},"og_locale":"hr_HR","og_type":"article","og_title":"BetLabel nogometno kla\u0111enje \u2014 linija, u\u017eivo i visoke kvote","og_description":"Kladite se na nogomet na BetLabel \u2014 Premier liga, Liga prvaka, Serie A s vi\u0161e od 1.300 tr\u017ei\u0161ta. Visoke kvote, prijenosi u\u017eivo, statistike i 100% bonus. Predme\u010dane i u\u017eivo oklade s brzim isplatama.","og_url":"https:\/\/betlabel.games\/hr\/football-betting\/","og_site_name":"Betlabel hr","article_modified_time":"2026-04-22T05:06:00+00:00","twitter_card":"summary_large_image","schema":{"@context":"https:\/\/schema.org","@graph":[{"@type":"WebPage","@id":"https:\/\/betlabel.games\/hr\/football-betting\/","url":"https:\/\/betlabel.games\/hr\/football-betting\/","name":"BetLabel nogometno kla\u0111enje \u2014 linija, u\u017eivo i visoke kvote","isPartOf":{"@id":"https:\/\/betlabel.games\/hr\/#website"},"datePublished":"2025-12-24T09:08:01+00:00","dateModified":"2026-04-22T05:06:00+00:00","description":"Kladite se na nogomet na BetLabel \u2014 Premier liga, Liga prvaka, Serie A s vi\u0161e od 1.300 tr\u017ei\u0161ta. Visoke kvote, prijenosi u\u017eivo, statistike i 100% bonus. Predme\u010dane i u\u017eivo oklade s brzim isplatama.","breadcrumb":{"@id":"https:\/\/betlabel.games\/hr\/football-betting\/#breadcrumb"},"inLanguage":"hr","potentialAction":[{"@type":"ReadAction","target":["https:\/\/betlabel.games\/hr\/football-betting\/"]}]},{"@type":"BreadcrumbList","@id":"https:\/\/betlabel.games\/hr\/football-betting\/#breadcrumb","itemListElement":[{"@type":"ListItem","position":1,"name":"Home","item":"https:\/\/betlabel.games\/hr\/"},{"@type":"ListItem","position":2,"name":"Nogomet"}]},{"@type":"WebSite","@id":"https:\/\/betlabel.games\/hr\/#website","url":"https:\/\/betlabel.games\/hr\/","name":"Betlabel hr","description":"My WordPress Blog","potentialAction":[{"@type":"SearchAction","target":{"@type":"EntryPoint","urlTemplate":"https:\/\/betlabel.games\/hr\/?s={search_term_string}"},"query-input":{"@type":"PropertyValueSpecification","valueRequired":true,"valueName":"search_term_string"}}],"inLanguage":"hr"}]}},"_links":{"self":[{"href":"https:\/\/betlabel.games\/hr\/wp-json\/wp\/v2\/pages\/702","targetHints":{"allow":["GET"]}}],"collection":[{"href":"https:\/\/betlabel.games\/hr\/wp-json\/wp\/v2\/pages"}],"about":[{"href":"https:\/\/betlabel.games\/hr\/wp-json\/wp\/v2\/types\/page"}],"author":[{"embeddable":true,"href":"https:\/\/betlabel.games\/hr\/wp-json\/wp\/v2\/users\/1"}],"replies":[{"embeddable":true,"href":"https:\/\/betlabel.games\/hr\/wp-json\/wp\/v2\/comments?post=702"}],"version-history":[{"count":5,"href":"https:\/\/betlabel.games\/hr\/wp-json\/wp\/v2\/pages\/702\/revisions"}],"predecessor-version":[{"id":1270,"href":"https:\/\/betlabel.games\/hr\/wp-json\/wp\/v2\/pages\/702\/revisions\/1270"}],"wp:attachment":[{"href":"https:\/\/betlabel.games\/hr\/wp-json\/wp\/v2\/media?parent=702"}],"curies":[{"name":"wp","href":"https:\/\/api.w.org\/{rel}","templated":true}]}}