{"id":1103,"date":"2026-03-19T07:24:38","date_gmt":"2026-03-19T07:24:38","guid":{"rendered":"https:\/\/betlabel.games\/?page_id=1103"},"modified":"2026-05-05T05:36:09","modified_gmt":"2026-05-05T05:36:09","slug":"cashback","status":"publish","type":"page","link":"https:\/\/betlabel.games\/hu\/cashback\/","title":{"rendered":"VIP-visszat\u00e9r\u00edt\u00e9s"},"content":{"rendered":"","protected":false},"excerpt":{"rendered":"","protected":false},"author":1,"featured_media":0,"parent":0,"menu_order":0,"comment_status":"closed","ping_status":"closed","template":"","meta":{"footnotes":""},"class_list":["post-1103","page","type-page","status-publish","hentry"],"yoast_head":"<!-- This site is optimized with the Yoast SEO plugin v27.4 - https:\/\/yoast.com\/product\/yoast-seo-wordpress\/ -->\n<title>BetLabel VIP Cashback \u2013 H\u0171s\u00e9gprogram ak\u00e1r 8 szinttel<\/title>\n<meta name=\"description\" content=\"Csatlakozzon a BetLabel VIP cashback programj\u00e1hoz! 8 h\u0171s\u00e9gszint, fogad\u00e1sok ut\u00e1n j\u00e1r\u00f3 cashback, exkluz\u00edv b\u00f3nuszok \u00e9s VIP \u00fcgyf\u00e9lszolg\u00e1lat az akt\u00edv j\u00e1t\u00e9kosok sz\u00e1m\u00e1ra.\" \/>\n<meta name=\"robots\" content=\"index, follow, max-snippet:-1, max-image-preview:large, max-video-preview:-1\" \/>\n<meta property=\"og:locale\" content=\"hu_HU\" \/>\n<meta property=\"og:type\" content=\"article\" \/>\n<meta property=\"og:title\" content=\"BetLabel VIP Cashback \u2013 H\u0171s\u00e9gprogram ak\u00e1r 8 szinttel\" \/>\n<meta property=\"og:description\" content=\"Csatlakozzon a BetLabel VIP cashback programj\u00e1hoz! 8 h\u0171s\u00e9gszint, fogad\u00e1sok ut\u00e1n j\u00e1r\u00f3 cashback, exkluz\u00edv b\u00f3nuszok \u00e9s VIP \u00fcgyf\u00e9lszolg\u00e1lat az akt\u00edv j\u00e1t\u00e9kosok sz\u00e1m\u00e1ra.\" \/>\n<meta property=\"og:url\" content=\"https:\/\/betlabel.games\/hu\/cashback\/\" \/>\n<meta property=\"og:site_name\" content=\"Betlabel hu\" \/>\n<meta property=\"article:modified_time\" content=\"2026-05-05T05:36:09+00:00\" \/>\n<meta name=\"twitter:card\" content=\"summary_large_image\" \/>\n<script type=\"application\/ld+json\" class=\"yoast-schema-graph\">{\"@context\":\"https:\\\/\\\/schema.org\",\"@graph\":[{\"@type\":\"WebPage\",\"@id\":\"https:\\\/\\\/betlabel.games\\\/hu\\\/cashback\\\/\",\"url\":\"https:\\\/\\\/betlabel.games\\\/hu\\\/cashback\\\/\",\"name\":\"BetLabel VIP Cashback \u2013 H\u0171s\u00e9gprogram ak\u00e1r 8 szinttel\",\"isPartOf\":{\"@id\":\"https:\\\/\\\/betlabel.games\\\/hu\\\/#website\"},\"datePublished\":\"2026-03-19T07:24:38+00:00\",\"dateModified\":\"2026-05-05T05:36:09+00:00\",\"description\":\"Csatlakozzon a BetLabel VIP cashback programj\u00e1hoz! 8 h\u0171s\u00e9gszint, fogad\u00e1sok ut\u00e1n j\u00e1r\u00f3 cashback, exkluz\u00edv b\u00f3nuszok \u00e9s VIP \u00fcgyf\u00e9lszolg\u00e1lat az akt\u00edv j\u00e1t\u00e9kosok sz\u00e1m\u00e1ra.\",\"breadcrumb\":{\"@id\":\"https:\\\/\\\/betlabel.games\\\/hu\\\/cashback\\\/#breadcrumb\"},\"inLanguage\":\"hu\",\"potentialAction\":[{\"@type\":\"ReadAction\",\"target\":[\"https:\\\/\\\/betlabel.games\\\/hu\\\/cashback\\\/\"]}]},{\"@type\":\"BreadcrumbList\",\"@id\":\"https:\\\/\\\/betlabel.games\\\/hu\\\/cashback\\\/#breadcrumb\",\"itemListElement\":[{\"@type\":\"ListItem\",\"position\":1,\"name\":\"Home\",\"item\":\"https:\\\/\\\/betlabel.games\\\/hu\\\/\"},{\"@type\":\"ListItem\",\"position\":2,\"name\":\"VIP-visszat\u00e9r\u00edt\u00e9s\"}]},{\"@type\":\"WebSite\",\"@id\":\"https:\\\/\\\/betlabel.games\\\/hu\\\/#website\",\"url\":\"https:\\\/\\\/betlabel.games\\\/hu\\\/\",\"name\":\"Betlabel hu\",\"description\":\"A WordPress blogom\",\"potentialAction\":[{\"@type\":\"SearchAction\",\"target\":{\"@type\":\"EntryPoint\",\"urlTemplate\":\"https:\\\/\\\/betlabel.games\\\/hu\\\/?s={search_term_string}\"},\"query-input\":{\"@type\":\"PropertyValueSpecification\",\"valueRequired\":true,\"valueName\":\"search_term_string\"}}],\"inLanguage\":\"hu\"}]}<\/script>\n<!-- \/ Yoast SEO plugin. -->","yoast_head_json":{"title":"BetLabel VIP Cashback \u2013 H\u0171s\u00e9gprogram ak\u00e1r 8 szinttel","description":"Csatlakozzon a BetLabel VIP cashback programj\u00e1hoz! 8 h\u0171s\u00e9gszint, fogad\u00e1sok ut\u00e1n j\u00e1r\u00f3 cashback, exkluz\u00edv b\u00f3nuszok \u00e9s VIP \u00fcgyf\u00e9lszolg\u00e1lat az akt\u00edv j\u00e1t\u00e9kosok sz\u00e1m\u00e1ra.","robots":{"index":"index","follow":"follow","max-snippet":"max-snippet:-1","max-image-preview":"max-image-preview:large","max-video-preview":"max-video-preview:-1"},"og_locale":"hu_HU","og_type":"article","og_title":"BetLabel VIP Cashback \u2013 H\u0171s\u00e9gprogram ak\u00e1r 8 szinttel","og_description":"Csatlakozzon a BetLabel VIP cashback programj\u00e1hoz! 8 h\u0171s\u00e9gszint, fogad\u00e1sok ut\u00e1n j\u00e1r\u00f3 cashback, exkluz\u00edv b\u00f3nuszok \u00e9s VIP \u00fcgyf\u00e9lszolg\u00e1lat az akt\u00edv j\u00e1t\u00e9kosok sz\u00e1m\u00e1ra.","og_url":"https:\/\/betlabel.games\/hu\/cashback\/","og_site_name":"Betlabel hu","article_modified_time":"2026-05-05T05:36:09+00:00","twitter_card":"summary_large_image","schema":{"@context":"https:\/\/schema.org","@graph":[{"@type":"WebPage","@id":"https:\/\/betlabel.games\/hu\/cashback\/","url":"https:\/\/betlabel.games\/hu\/cashback\/","name":"BetLabel VIP Cashback \u2013 H\u0171s\u00e9gprogram ak\u00e1r 8 szinttel","isPartOf":{"@id":"https:\/\/betlabel.games\/hu\/#website"},"datePublished":"2026-03-19T07:24:38+00:00","dateModified":"2026-05-05T05:36:09+00:00","description":"Csatlakozzon a BetLabel VIP cashback programj\u00e1hoz! 8 h\u0171s\u00e9gszint, fogad\u00e1sok ut\u00e1n j\u00e1r\u00f3 cashback, exkluz\u00edv b\u00f3nuszok \u00e9s VIP \u00fcgyf\u00e9lszolg\u00e1lat az akt\u00edv j\u00e1t\u00e9kosok sz\u00e1m\u00e1ra.","breadcrumb":{"@id":"https:\/\/betlabel.games\/hu\/cashback\/#breadcrumb"},"inLanguage":"hu","potentialAction":[{"@type":"ReadAction","target":["https:\/\/betlabel.games\/hu\/cashback\/"]}]},{"@type":"BreadcrumbList","@id":"https:\/\/betlabel.games\/hu\/cashback\/#breadcrumb","itemListElement":[{"@type":"ListItem","position":1,"name":"Home","item":"https:\/\/betlabel.games\/hu\/"},{"@type":"ListItem","position":2,"name":"VIP-visszat\u00e9r\u00edt\u00e9s"}]},{"@type":"WebSite","@id":"https:\/\/betlabel.games\/hu\/#website","url":"https:\/\/betlabel.games\/hu\/","name":"Betlabel hu","description":"A WordPress blogom","potentialAction":[{"@type":"SearchAction","target":{"@type":"EntryPoint","urlTemplate":"https:\/\/betlabel.games\/hu\/?s={search_term_string}"},"query-input":{"@type":"PropertyValueSpecification","valueRequired":true,"valueName":"search_term_string"}}],"inLanguage":"hu"}]}},"_links":{"self":[{"href":"https:\/\/betlabel.games\/hu\/wp-json\/wp\/v2\/pages\/1103","targetHints":{"allow":["GET"]}}],"collection":[{"href":"https:\/\/betlabel.games\/hu\/wp-json\/wp\/v2\/pages"}],"about":[{"href":"https:\/\/betlabel.games\/hu\/wp-json\/wp\/v2\/types\/page"}],"author":[{"embeddable":true,"href":"https:\/\/betlabel.games\/hu\/wp-json\/wp\/v2\/users\/1"}],"replies":[{"embeddable":true,"href":"https:\/\/betlabel.games\/hu\/wp-json\/wp\/v2\/comments?post=1103"}],"version-history":[{"count":2,"href":"https:\/\/betlabel.games\/hu\/wp-json\/wp\/v2\/pages\/1103\/revisions"}],"predecessor-version":[{"id":1222,"href":"https:\/\/betlabel.games\/hu\/wp-json\/wp\/v2\/pages\/1103\/revisions\/1222"}],"wp:attachment":[{"href":"https:\/\/betlabel.games\/hu\/wp-json\/wp\/v2\/media?parent=1103"}],"curies":[{"name":"wp","href":"https:\/\/api.w.org\/{rel}","templated":true}]}}