{"id":1126,"date":"2026-03-19T10:23:17","date_gmt":"2026-03-19T10:23:17","guid":{"rendered":"https:\/\/betlabel.games\/?page_id=1126"},"modified":"2026-05-05T05:05:32","modified_gmt":"2026-05-05T05:05:32","slug":"losing-bets","status":"publish","type":"page","link":"https:\/\/betlabel.games\/hu\/losing-bets\/","title":{"rendered":"Elvesztett fogad\u00e1sok"},"content":{"rendered":"","protected":false},"excerpt":{"rendered":"","protected":false},"author":1,"featured_media":0,"parent":0,"menu_order":0,"comment_status":"closed","ping_status":"closed","template":"","meta":{"footnotes":""},"class_list":["post-1126","page","type-page","status-publish","hentry"],"yoast_head":"<!-- This site is optimized with the Yoast SEO plugin v27.4 - https:\/\/yoast.com\/product\/yoast-seo-wordpress\/ -->\n<title>BetLabel vesztes fogad\u00e1sok ut\u00e1ni b\u00f3nusz \u2013 ak\u00e1r 140 000 HUF<\/title>\n<meta name=\"description\" content=\"Kapjon b\u00f3nuszt a BetLabeln\u00e9l, ha sorozatban vesz\u00edt. Ak\u00e1r 140 000 HUF 20 elvesztett fogad\u00e1s ut\u00e1n, 600 HUF, 1500 HUF vagy 3000 HUF t\u00e9tekkel. \u00dcgyf\u00e9lszolg\u00e1lat \u00e9s azonnali j\u00f3v\u00e1\u00edr\u00e1s.\" \/>\n<meta name=\"robots\" content=\"index, follow, max-snippet:-1, max-image-preview:large, max-video-preview:-1\" \/>\n<meta property=\"og:locale\" content=\"hu_HU\" \/>\n<meta property=\"og:type\" content=\"article\" \/>\n<meta property=\"og:title\" content=\"BetLabel vesztes fogad\u00e1sok ut\u00e1ni b\u00f3nusz \u2013 ak\u00e1r 140 000 HUF\" \/>\n<meta property=\"og:description\" content=\"Kapjon b\u00f3nuszt a BetLabeln\u00e9l, ha sorozatban vesz\u00edt. Ak\u00e1r 140 000 HUF 20 elvesztett fogad\u00e1s ut\u00e1n, 600 HUF, 1500 HUF vagy 3000 HUF t\u00e9tekkel. \u00dcgyf\u00e9lszolg\u00e1lat \u00e9s azonnali j\u00f3v\u00e1\u00edr\u00e1s.\" \/>\n<meta property=\"og:url\" content=\"https:\/\/betlabel.games\/hu\/losing-bets\/\" \/>\n<meta property=\"og:site_name\" content=\"Betlabel hu\" \/>\n<meta property=\"article:modified_time\" content=\"2026-05-05T05:05:32+00:00\" \/>\n<meta name=\"twitter:card\" content=\"summary_large_image\" \/>\n<script type=\"application\/ld+json\" class=\"yoast-schema-graph\">{\"@context\":\"https:\\\/\\\/schema.org\",\"@graph\":[{\"@type\":\"WebPage\",\"@id\":\"https:\\\/\\\/betlabel.games\\\/hu\\\/losing-bets\\\/\",\"url\":\"https:\\\/\\\/betlabel.games\\\/hu\\\/losing-bets\\\/\",\"name\":\"BetLabel vesztes fogad\u00e1sok ut\u00e1ni b\u00f3nusz \u2013 ak\u00e1r 140 000 HUF\",\"isPartOf\":{\"@id\":\"https:\\\/\\\/betlabel.games\\\/hu\\\/#website\"},\"datePublished\":\"2026-03-19T10:23:17+00:00\",\"dateModified\":\"2026-05-05T05:05:32+00:00\",\"description\":\"Kapjon b\u00f3nuszt a BetLabeln\u00e9l, ha sorozatban vesz\u00edt. Ak\u00e1r 140 000 HUF 20 elvesztett fogad\u00e1s ut\u00e1n, 600 HUF, 1500 HUF vagy 3000 HUF t\u00e9tekkel. \u00dcgyf\u00e9lszolg\u00e1lat \u00e9s azonnali j\u00f3v\u00e1\u00edr\u00e1s.\",\"breadcrumb\":{\"@id\":\"https:\\\/\\\/betlabel.games\\\/hu\\\/losing-bets\\\/#breadcrumb\"},\"inLanguage\":\"hu\",\"potentialAction\":[{\"@type\":\"ReadAction\",\"target\":[\"https:\\\/\\\/betlabel.games\\\/hu\\\/losing-bets\\\/\"]}]},{\"@type\":\"BreadcrumbList\",\"@id\":\"https:\\\/\\\/betlabel.games\\\/hu\\\/losing-bets\\\/#breadcrumb\",\"itemListElement\":[{\"@type\":\"ListItem\",\"position\":1,\"name\":\"Home\",\"item\":\"https:\\\/\\\/betlabel.games\\\/hu\\\/\"},{\"@type\":\"ListItem\",\"position\":2,\"name\":\"Elvesztett fogad\u00e1sok\"}]},{\"@type\":\"WebSite\",\"@id\":\"https:\\\/\\\/betlabel.games\\\/hu\\\/#website\",\"url\":\"https:\\\/\\\/betlabel.games\\\/hu\\\/\",\"name\":\"Betlabel hu\",\"description\":\"A WordPress blogom\",\"potentialAction\":[{\"@type\":\"SearchAction\",\"target\":{\"@type\":\"EntryPoint\",\"urlTemplate\":\"https:\\\/\\\/betlabel.games\\\/hu\\\/?s={search_term_string}\"},\"query-input\":{\"@type\":\"PropertyValueSpecification\",\"valueRequired\":true,\"valueName\":\"search_term_string\"}}],\"inLanguage\":\"hu\"}]}<\/script>\n<!-- \/ Yoast SEO plugin. -->","yoast_head_json":{"title":"BetLabel vesztes fogad\u00e1sok ut\u00e1ni b\u00f3nusz \u2013 ak\u00e1r 140 000 HUF","description":"Kapjon b\u00f3nuszt a BetLabeln\u00e9l, ha sorozatban vesz\u00edt. Ak\u00e1r 140 000 HUF 20 elvesztett fogad\u00e1s ut\u00e1n, 600 HUF, 1500 HUF vagy 3000 HUF t\u00e9tekkel. \u00dcgyf\u00e9lszolg\u00e1lat \u00e9s azonnali j\u00f3v\u00e1\u00edr\u00e1s.","robots":{"index":"index","follow":"follow","max-snippet":"max-snippet:-1","max-image-preview":"max-image-preview:large","max-video-preview":"max-video-preview:-1"},"og_locale":"hu_HU","og_type":"article","og_title":"BetLabel vesztes fogad\u00e1sok ut\u00e1ni b\u00f3nusz \u2013 ak\u00e1r 140 000 HUF","og_description":"Kapjon b\u00f3nuszt a BetLabeln\u00e9l, ha sorozatban vesz\u00edt. Ak\u00e1r 140 000 HUF 20 elvesztett fogad\u00e1s ut\u00e1n, 600 HUF, 1500 HUF vagy 3000 HUF t\u00e9tekkel. \u00dcgyf\u00e9lszolg\u00e1lat \u00e9s azonnali j\u00f3v\u00e1\u00edr\u00e1s.","og_url":"https:\/\/betlabel.games\/hu\/losing-bets\/","og_site_name":"Betlabel hu","article_modified_time":"2026-05-05T05:05:32+00:00","twitter_card":"summary_large_image","schema":{"@context":"https:\/\/schema.org","@graph":[{"@type":"WebPage","@id":"https:\/\/betlabel.games\/hu\/losing-bets\/","url":"https:\/\/betlabel.games\/hu\/losing-bets\/","name":"BetLabel vesztes fogad\u00e1sok ut\u00e1ni b\u00f3nusz \u2013 ak\u00e1r 140 000 HUF","isPartOf":{"@id":"https:\/\/betlabel.games\/hu\/#website"},"datePublished":"2026-03-19T10:23:17+00:00","dateModified":"2026-05-05T05:05:32+00:00","description":"Kapjon b\u00f3nuszt a BetLabeln\u00e9l, ha sorozatban vesz\u00edt. Ak\u00e1r 140 000 HUF 20 elvesztett fogad\u00e1s ut\u00e1n, 600 HUF, 1500 HUF vagy 3000 HUF t\u00e9tekkel. \u00dcgyf\u00e9lszolg\u00e1lat \u00e9s azonnali j\u00f3v\u00e1\u00edr\u00e1s.","breadcrumb":{"@id":"https:\/\/betlabel.games\/hu\/losing-bets\/#breadcrumb"},"inLanguage":"hu","potentialAction":[{"@type":"ReadAction","target":["https:\/\/betlabel.games\/hu\/losing-bets\/"]}]},{"@type":"BreadcrumbList","@id":"https:\/\/betlabel.games\/hu\/losing-bets\/#breadcrumb","itemListElement":[{"@type":"ListItem","position":1,"name":"Home","item":"https:\/\/betlabel.games\/hu\/"},{"@type":"ListItem","position":2,"name":"Elvesztett fogad\u00e1sok"}]},{"@type":"WebSite","@id":"https:\/\/betlabel.games\/hu\/#website","url":"https:\/\/betlabel.games\/hu\/","name":"Betlabel hu","description":"A WordPress blogom","potentialAction":[{"@type":"SearchAction","target":{"@type":"EntryPoint","urlTemplate":"https:\/\/betlabel.games\/hu\/?s={search_term_string}"},"query-input":{"@type":"PropertyValueSpecification","valueRequired":true,"valueName":"search_term_string"}}],"inLanguage":"hu"}]}},"_links":{"self":[{"href":"https:\/\/betlabel.games\/hu\/wp-json\/wp\/v2\/pages\/1126","targetHints":{"allow":["GET"]}}],"collection":[{"href":"https:\/\/betlabel.games\/hu\/wp-json\/wp\/v2\/pages"}],"about":[{"href":"https:\/\/betlabel.games\/hu\/wp-json\/wp\/v2\/types\/page"}],"author":[{"embeddable":true,"href":"https:\/\/betlabel.games\/hu\/wp-json\/wp\/v2\/users\/1"}],"replies":[{"embeddable":true,"href":"https:\/\/betlabel.games\/hu\/wp-json\/wp\/v2\/comments?post=1126"}],"version-history":[{"count":2,"href":"https:\/\/betlabel.games\/hu\/wp-json\/wp\/v2\/pages\/1126\/revisions"}],"predecessor-version":[{"id":1211,"href":"https:\/\/betlabel.games\/hu\/wp-json\/wp\/v2\/pages\/1126\/revisions\/1211"}],"wp:attachment":[{"href":"https:\/\/betlabel.games\/hu\/wp-json\/wp\/v2\/media?parent=1126"}],"curies":[{"name":"wp","href":"https:\/\/api.w.org\/{rel}","templated":true}]}}