{"id":1174,"date":"2026-04-24T16:58:10","date_gmt":"2026-04-24T16:58:10","guid":{"rendered":"https:\/\/betlabel.games\/?page_id=1174"},"modified":"2026-05-05T05:17:56","modified_gmt":"2026-05-05T05:17:56","slug":"sugar-rush","status":"publish","type":"page","link":"https:\/\/betlabel.games\/hu\/sugar-rush\/","title":{"rendered":"Sugar Rush"},"content":{"rendered":"","protected":false},"excerpt":{"rendered":"","protected":false},"author":1,"featured_media":0,"parent":0,"menu_order":0,"comment_status":"closed","ping_status":"closed","template":"","meta":{"footnotes":""},"class_list":["post-1174","page","type-page","status-publish","hentry"],"yoast_head":"<!-- This site is optimized with the Yoast SEO plugin v27.4 - https:\/\/yoast.com\/product\/yoast-seo-wordpress\/ -->\n<title>BetLabel Sugar Rush nyerem\u00e9nyek, klaszternyerem\u00e9nyek, szorz\u00f3<\/title>\n<meta name=\"description\" content=\"J\u00e1tssz a Sugar Rush nyer\u0151g\u00e9pen a BetLabel oldalon, \u00e9s mer\u00fclj el egy cukork\u00e1s t\u00e9m\u00e1j\u00fa j\u00e1t\u00e9kt\u00e9rben, amely tele van klaszternyerem\u00e9nyekkel, bukfenc-mechanik\u00e1val \u00e9s n\u00f6vekv\u0151 szorz\u00f3kkal. Magas volatilit\u00e1s\u00e1val, ingyenes p\u00f6rget\u00e9seivel \u00e9s hatalmas nyer\u00e9si lehet\u0151s\u00e9geivel ez a nyer\u0151g\u00e9p azoknak a j\u00e1t\u00e9kosoknak k\u00e9sz\u00fclt, akik gyors j\u00e1t\u00e9kmenetet \u00e9s j\u00f6vedelmez\u0151 b\u00f3nuszfordul\u00f3kat keresnek.\" \/>\n<meta name=\"robots\" content=\"index, follow, max-snippet:-1, max-image-preview:large, max-video-preview:-1\" \/>\n<meta property=\"og:locale\" content=\"hu_HU\" \/>\n<meta property=\"og:type\" content=\"article\" \/>\n<meta property=\"og:title\" content=\"BetLabel Sugar Rush nyerem\u00e9nyek, klaszternyerem\u00e9nyek, szorz\u00f3\" \/>\n<meta property=\"og:description\" content=\"J\u00e1tssz a Sugar Rush nyer\u0151g\u00e9pen a BetLabel oldalon, \u00e9s mer\u00fclj el egy cukork\u00e1s t\u00e9m\u00e1j\u00fa j\u00e1t\u00e9kt\u00e9rben, amely tele van klaszternyerem\u00e9nyekkel, bukfenc-mechanik\u00e1val \u00e9s n\u00f6vekv\u0151 szorz\u00f3kkal. Magas volatilit\u00e1s\u00e1val, ingyenes p\u00f6rget\u00e9seivel \u00e9s hatalmas nyer\u00e9si lehet\u0151s\u00e9geivel ez a nyer\u0151g\u00e9p azoknak a j\u00e1t\u00e9kosoknak k\u00e9sz\u00fclt, akik gyors j\u00e1t\u00e9kmenetet \u00e9s j\u00f6vedelmez\u0151 b\u00f3nuszfordul\u00f3kat keresnek.\" \/>\n<meta property=\"og:url\" content=\"https:\/\/betlabel.games\/hu\/sugar-rush\/\" \/>\n<meta property=\"og:site_name\" content=\"Betlabel hu\" \/>\n<meta property=\"article:modified_time\" content=\"2026-05-05T05:17:56+00:00\" \/>\n<meta name=\"twitter:card\" content=\"summary_large_image\" \/>\n<script type=\"application\/ld+json\" class=\"yoast-schema-graph\">{\"@context\":\"https:\\\/\\\/schema.org\",\"@graph\":[{\"@type\":\"WebPage\",\"@id\":\"https:\\\/\\\/betlabel.games\\\/hu\\\/sugar-rush\\\/\",\"url\":\"https:\\\/\\\/betlabel.games\\\/hu\\\/sugar-rush\\\/\",\"name\":\"BetLabel Sugar Rush nyerem\u00e9nyek, klaszternyerem\u00e9nyek, szorz\u00f3\",\"isPartOf\":{\"@id\":\"https:\\\/\\\/betlabel.games\\\/hu\\\/#website\"},\"datePublished\":\"2026-04-24T16:58:10+00:00\",\"dateModified\":\"2026-05-05T05:17:56+00:00\",\"description\":\"J\u00e1tssz a Sugar Rush nyer\u0151g\u00e9pen a BetLabel oldalon, \u00e9s mer\u00fclj el egy cukork\u00e1s t\u00e9m\u00e1j\u00fa j\u00e1t\u00e9kt\u00e9rben, amely tele van klaszternyerem\u00e9nyekkel, bukfenc-mechanik\u00e1val \u00e9s n\u00f6vekv\u0151 szorz\u00f3kkal. Magas volatilit\u00e1s\u00e1val, ingyenes p\u00f6rget\u00e9seivel \u00e9s hatalmas nyer\u00e9si lehet\u0151s\u00e9geivel ez a nyer\u0151g\u00e9p azoknak a j\u00e1t\u00e9kosoknak k\u00e9sz\u00fclt, akik gyors j\u00e1t\u00e9kmenetet \u00e9s j\u00f6vedelmez\u0151 b\u00f3nuszfordul\u00f3kat keresnek.\",\"breadcrumb\":{\"@id\":\"https:\\\/\\\/betlabel.games\\\/hu\\\/sugar-rush\\\/#breadcrumb\"},\"inLanguage\":\"hu\",\"potentialAction\":[{\"@type\":\"ReadAction\",\"target\":[\"https:\\\/\\\/betlabel.games\\\/hu\\\/sugar-rush\\\/\"]}]},{\"@type\":\"BreadcrumbList\",\"@id\":\"https:\\\/\\\/betlabel.games\\\/hu\\\/sugar-rush\\\/#breadcrumb\",\"itemListElement\":[{\"@type\":\"ListItem\",\"position\":1,\"name\":\"Home\",\"item\":\"https:\\\/\\\/betlabel.games\\\/hu\\\/\"},{\"@type\":\"ListItem\",\"position\":2,\"name\":\"Sugar Rush\"}]},{\"@type\":\"WebSite\",\"@id\":\"https:\\\/\\\/betlabel.games\\\/hu\\\/#website\",\"url\":\"https:\\\/\\\/betlabel.games\\\/hu\\\/\",\"name\":\"Betlabel hu\",\"description\":\"A WordPress blogom\",\"potentialAction\":[{\"@type\":\"SearchAction\",\"target\":{\"@type\":\"EntryPoint\",\"urlTemplate\":\"https:\\\/\\\/betlabel.games\\\/hu\\\/?s={search_term_string}\"},\"query-input\":{\"@type\":\"PropertyValueSpecification\",\"valueRequired\":true,\"valueName\":\"search_term_string\"}}],\"inLanguage\":\"hu\"}]}<\/script>\n<!-- \/ Yoast SEO plugin. -->","yoast_head_json":{"title":"BetLabel Sugar Rush nyerem\u00e9nyek, klaszternyerem\u00e9nyek, szorz\u00f3","description":"J\u00e1tssz a Sugar Rush nyer\u0151g\u00e9pen a BetLabel oldalon, \u00e9s mer\u00fclj el egy cukork\u00e1s t\u00e9m\u00e1j\u00fa j\u00e1t\u00e9kt\u00e9rben, amely tele van klaszternyerem\u00e9nyekkel, bukfenc-mechanik\u00e1val \u00e9s n\u00f6vekv\u0151 szorz\u00f3kkal. Magas volatilit\u00e1s\u00e1val, ingyenes p\u00f6rget\u00e9seivel \u00e9s hatalmas nyer\u00e9si lehet\u0151s\u00e9geivel ez a nyer\u0151g\u00e9p azoknak a j\u00e1t\u00e9kosoknak k\u00e9sz\u00fclt, akik gyors j\u00e1t\u00e9kmenetet \u00e9s j\u00f6vedelmez\u0151 b\u00f3nuszfordul\u00f3kat keresnek.","robots":{"index":"index","follow":"follow","max-snippet":"max-snippet:-1","max-image-preview":"max-image-preview:large","max-video-preview":"max-video-preview:-1"},"og_locale":"hu_HU","og_type":"article","og_title":"BetLabel Sugar Rush nyerem\u00e9nyek, klaszternyerem\u00e9nyek, szorz\u00f3","og_description":"J\u00e1tssz a Sugar Rush nyer\u0151g\u00e9pen a BetLabel oldalon, \u00e9s mer\u00fclj el egy cukork\u00e1s t\u00e9m\u00e1j\u00fa j\u00e1t\u00e9kt\u00e9rben, amely tele van klaszternyerem\u00e9nyekkel, bukfenc-mechanik\u00e1val \u00e9s n\u00f6vekv\u0151 szorz\u00f3kkal. Magas volatilit\u00e1s\u00e1val, ingyenes p\u00f6rget\u00e9seivel \u00e9s hatalmas nyer\u00e9si lehet\u0151s\u00e9geivel ez a nyer\u0151g\u00e9p azoknak a j\u00e1t\u00e9kosoknak k\u00e9sz\u00fclt, akik gyors j\u00e1t\u00e9kmenetet \u00e9s j\u00f6vedelmez\u0151 b\u00f3nuszfordul\u00f3kat keresnek.","og_url":"https:\/\/betlabel.games\/hu\/sugar-rush\/","og_site_name":"Betlabel hu","article_modified_time":"2026-05-05T05:17:56+00:00","twitter_card":"summary_large_image","schema":{"@context":"https:\/\/schema.org","@graph":[{"@type":"WebPage","@id":"https:\/\/betlabel.games\/hu\/sugar-rush\/","url":"https:\/\/betlabel.games\/hu\/sugar-rush\/","name":"BetLabel Sugar Rush nyerem\u00e9nyek, klaszternyerem\u00e9nyek, szorz\u00f3","isPartOf":{"@id":"https:\/\/betlabel.games\/hu\/#website"},"datePublished":"2026-04-24T16:58:10+00:00","dateModified":"2026-05-05T05:17:56+00:00","description":"J\u00e1tssz a Sugar Rush nyer\u0151g\u00e9pen a BetLabel oldalon, \u00e9s mer\u00fclj el egy cukork\u00e1s t\u00e9m\u00e1j\u00fa j\u00e1t\u00e9kt\u00e9rben, amely tele van klaszternyerem\u00e9nyekkel, bukfenc-mechanik\u00e1val \u00e9s n\u00f6vekv\u0151 szorz\u00f3kkal. Magas volatilit\u00e1s\u00e1val, ingyenes p\u00f6rget\u00e9seivel \u00e9s hatalmas nyer\u00e9si lehet\u0151s\u00e9geivel ez a nyer\u0151g\u00e9p azoknak a j\u00e1t\u00e9kosoknak k\u00e9sz\u00fclt, akik gyors j\u00e1t\u00e9kmenetet \u00e9s j\u00f6vedelmez\u0151 b\u00f3nuszfordul\u00f3kat keresnek.","breadcrumb":{"@id":"https:\/\/betlabel.games\/hu\/sugar-rush\/#breadcrumb"},"inLanguage":"hu","potentialAction":[{"@type":"ReadAction","target":["https:\/\/betlabel.games\/hu\/sugar-rush\/"]}]},{"@type":"BreadcrumbList","@id":"https:\/\/betlabel.games\/hu\/sugar-rush\/#breadcrumb","itemListElement":[{"@type":"ListItem","position":1,"name":"Home","item":"https:\/\/betlabel.games\/hu\/"},{"@type":"ListItem","position":2,"name":"Sugar Rush"}]},{"@type":"WebSite","@id":"https:\/\/betlabel.games\/hu\/#website","url":"https:\/\/betlabel.games\/hu\/","name":"Betlabel hu","description":"A WordPress blogom","potentialAction":[{"@type":"SearchAction","target":{"@type":"EntryPoint","urlTemplate":"https:\/\/betlabel.games\/hu\/?s={search_term_string}"},"query-input":{"@type":"PropertyValueSpecification","valueRequired":true,"valueName":"search_term_string"}}],"inLanguage":"hu"}]}},"_links":{"self":[{"href":"https:\/\/betlabel.games\/hu\/wp-json\/wp\/v2\/pages\/1174","targetHints":{"allow":["GET"]}}],"collection":[{"href":"https:\/\/betlabel.games\/hu\/wp-json\/wp\/v2\/pages"}],"about":[{"href":"https:\/\/betlabel.games\/hu\/wp-json\/wp\/v2\/types\/page"}],"author":[{"embeddable":true,"href":"https:\/\/betlabel.games\/hu\/wp-json\/wp\/v2\/users\/1"}],"replies":[{"embeddable":true,"href":"https:\/\/betlabel.games\/hu\/wp-json\/wp\/v2\/comments?post=1174"}],"version-history":[{"count":1,"href":"https:\/\/betlabel.games\/hu\/wp-json\/wp\/v2\/pages\/1174\/revisions"}],"predecessor-version":[{"id":1214,"href":"https:\/\/betlabel.games\/hu\/wp-json\/wp\/v2\/pages\/1174\/revisions\/1214"}],"wp:attachment":[{"href":"https:\/\/betlabel.games\/hu\/wp-json\/wp\/v2\/media?parent=1174"}],"curies":[{"name":"wp","href":"https:\/\/api.w.org\/{rel}","templated":true}]}}