{"id":1184,"date":"2026-05-01T07:31:35","date_gmt":"2026-05-01T07:31:35","guid":{"rendered":"https:\/\/betlabel.games\/?page_id=1184"},"modified":"2026-05-05T05:28:35","modified_gmt":"2026-05-05T05:28:35","slug":"horse-racing","status":"publish","type":"page","link":"https:\/\/betlabel.games\/hu\/horse-racing\/","title":{"rendered":"L\u00f3verseny"},"content":{"rendered":"","protected":false},"excerpt":{"rendered":"","protected":false},"author":1,"featured_media":0,"parent":0,"menu_order":0,"comment_status":"closed","ping_status":"closed","template":"","meta":{"footnotes":""},"class_list":["post-1184","page","type-page","status-publish","hentry"],"yoast_head":"<!-- This site is optimized with the Yoast SEO plugin v27.4 - https:\/\/yoast.com\/product\/yoast-seo-wordpress\/ -->\n<title>BetLabel l\u00f3verseny-fogad\u00e1s \u2013 \u00c9l\u0151 oddsok, versenyfogad\u00e1si piacok<\/title>\n<meta name=\"description\" content=\"A BetLabel l\u00f3verseny-fogad\u00e1si szolg\u00e1ltat\u00e1sa versenyk\u00e9pes oddsokat \u00e9s sz\u00e9les k\u00f6r\u0171 fogad\u00e1si lehet\u0151s\u00e9geket k\u00edn\u00e1l azoknak a rajong\u00f3knak, akik szeretik elemezni a lovak form\u00e1j\u00e1t \u00e9s kiakn\u00e1zni a legjobb \u00e9rt\u00e9keket. K\u00f6vesse a l\u00f3verseny-tippeket, hasonl\u00edtsa \u00f6ssze az oddsokat, \u00e9s fogadjon magabiztosan a gyors temp\u00f3j\u00fa futamokra a bukm\u00e9ker egyik legn\u00e9pszer\u0171bb sportrovat\u00e1ban.\" \/>\n<meta name=\"robots\" content=\"index, follow, max-snippet:-1, max-image-preview:large, max-video-preview:-1\" \/>\n<meta property=\"og:locale\" content=\"hu_HU\" \/>\n<meta property=\"og:type\" content=\"article\" \/>\n<meta property=\"og:title\" content=\"BetLabel l\u00f3verseny-fogad\u00e1s \u2013 \u00c9l\u0151 oddsok, versenyfogad\u00e1si piacok\" \/>\n<meta property=\"og:description\" content=\"A BetLabel l\u00f3verseny-fogad\u00e1si szolg\u00e1ltat\u00e1sa versenyk\u00e9pes oddsokat \u00e9s sz\u00e9les k\u00f6r\u0171 fogad\u00e1si lehet\u0151s\u00e9geket k\u00edn\u00e1l azoknak a rajong\u00f3knak, akik szeretik elemezni a lovak form\u00e1j\u00e1t \u00e9s kiakn\u00e1zni a legjobb \u00e9rt\u00e9keket. K\u00f6vesse a l\u00f3verseny-tippeket, hasonl\u00edtsa \u00f6ssze az oddsokat, \u00e9s fogadjon magabiztosan a gyors temp\u00f3j\u00fa futamokra a bukm\u00e9ker egyik legn\u00e9pszer\u0171bb sportrovat\u00e1ban.\" \/>\n<meta property=\"og:url\" content=\"https:\/\/betlabel.games\/hu\/horse-racing\/\" \/>\n<meta property=\"og:site_name\" content=\"Betlabel hu\" \/>\n<meta property=\"article:modified_time\" content=\"2026-05-05T05:28:35+00:00\" \/>\n<meta name=\"twitter:card\" content=\"summary_large_image\" \/>\n<script type=\"application\/ld+json\" class=\"yoast-schema-graph\">{\"@context\":\"https:\\\/\\\/schema.org\",\"@graph\":[{\"@type\":\"WebPage\",\"@id\":\"https:\\\/\\\/betlabel.games\\\/hu\\\/horse-racing\\\/\",\"url\":\"https:\\\/\\\/betlabel.games\\\/hu\\\/horse-racing\\\/\",\"name\":\"BetLabel l\u00f3verseny-fogad\u00e1s \u2013 \u00c9l\u0151 oddsok, versenyfogad\u00e1si piacok\",\"isPartOf\":{\"@id\":\"https:\\\/\\\/betlabel.games\\\/hu\\\/#website\"},\"datePublished\":\"2026-05-01T07:31:35+00:00\",\"dateModified\":\"2026-05-05T05:28:35+00:00\",\"description\":\"A BetLabel l\u00f3verseny-fogad\u00e1si szolg\u00e1ltat\u00e1sa versenyk\u00e9pes oddsokat \u00e9s sz\u00e9les k\u00f6r\u0171 fogad\u00e1si lehet\u0151s\u00e9geket k\u00edn\u00e1l azoknak a rajong\u00f3knak, akik szeretik elemezni a lovak form\u00e1j\u00e1t \u00e9s kiakn\u00e1zni a legjobb \u00e9rt\u00e9keket. K\u00f6vesse a l\u00f3verseny-tippeket, hasonl\u00edtsa \u00f6ssze az oddsokat, \u00e9s fogadjon magabiztosan a gyors temp\u00f3j\u00fa futamokra a bukm\u00e9ker egyik legn\u00e9pszer\u0171bb sportrovat\u00e1ban.\",\"breadcrumb\":{\"@id\":\"https:\\\/\\\/betlabel.games\\\/hu\\\/horse-racing\\\/#breadcrumb\"},\"inLanguage\":\"hu\",\"potentialAction\":[{\"@type\":\"ReadAction\",\"target\":[\"https:\\\/\\\/betlabel.games\\\/hu\\\/horse-racing\\\/\"]}]},{\"@type\":\"BreadcrumbList\",\"@id\":\"https:\\\/\\\/betlabel.games\\\/hu\\\/horse-racing\\\/#breadcrumb\",\"itemListElement\":[{\"@type\":\"ListItem\",\"position\":1,\"name\":\"Home\",\"item\":\"https:\\\/\\\/betlabel.games\\\/hu\\\/\"},{\"@type\":\"ListItem\",\"position\":2,\"name\":\"L\u00f3verseny\"}]},{\"@type\":\"WebSite\",\"@id\":\"https:\\\/\\\/betlabel.games\\\/hu\\\/#website\",\"url\":\"https:\\\/\\\/betlabel.games\\\/hu\\\/\",\"name\":\"Betlabel hu\",\"description\":\"A WordPress blogom\",\"potentialAction\":[{\"@type\":\"SearchAction\",\"target\":{\"@type\":\"EntryPoint\",\"urlTemplate\":\"https:\\\/\\\/betlabel.games\\\/hu\\\/?s={search_term_string}\"},\"query-input\":{\"@type\":\"PropertyValueSpecification\",\"valueRequired\":true,\"valueName\":\"search_term_string\"}}],\"inLanguage\":\"hu\"}]}<\/script>\n<!-- \/ Yoast SEO plugin. -->","yoast_head_json":{"title":"BetLabel l\u00f3verseny-fogad\u00e1s \u2013 \u00c9l\u0151 oddsok, versenyfogad\u00e1si piacok","description":"A BetLabel l\u00f3verseny-fogad\u00e1si szolg\u00e1ltat\u00e1sa versenyk\u00e9pes oddsokat \u00e9s sz\u00e9les k\u00f6r\u0171 fogad\u00e1si lehet\u0151s\u00e9geket k\u00edn\u00e1l azoknak a rajong\u00f3knak, akik szeretik elemezni a lovak form\u00e1j\u00e1t \u00e9s kiakn\u00e1zni a legjobb \u00e9rt\u00e9keket. K\u00f6vesse a l\u00f3verseny-tippeket, hasonl\u00edtsa \u00f6ssze az oddsokat, \u00e9s fogadjon magabiztosan a gyors temp\u00f3j\u00fa futamokra a bukm\u00e9ker egyik legn\u00e9pszer\u0171bb sportrovat\u00e1ban.","robots":{"index":"index","follow":"follow","max-snippet":"max-snippet:-1","max-image-preview":"max-image-preview:large","max-video-preview":"max-video-preview:-1"},"og_locale":"hu_HU","og_type":"article","og_title":"BetLabel l\u00f3verseny-fogad\u00e1s \u2013 \u00c9l\u0151 oddsok, versenyfogad\u00e1si piacok","og_description":"A BetLabel l\u00f3verseny-fogad\u00e1si szolg\u00e1ltat\u00e1sa versenyk\u00e9pes oddsokat \u00e9s sz\u00e9les k\u00f6r\u0171 fogad\u00e1si lehet\u0151s\u00e9geket k\u00edn\u00e1l azoknak a rajong\u00f3knak, akik szeretik elemezni a lovak form\u00e1j\u00e1t \u00e9s kiakn\u00e1zni a legjobb \u00e9rt\u00e9keket. K\u00f6vesse a l\u00f3verseny-tippeket, hasonl\u00edtsa \u00f6ssze az oddsokat, \u00e9s fogadjon magabiztosan a gyors temp\u00f3j\u00fa futamokra a bukm\u00e9ker egyik legn\u00e9pszer\u0171bb sportrovat\u00e1ban.","og_url":"https:\/\/betlabel.games\/hu\/horse-racing\/","og_site_name":"Betlabel hu","article_modified_time":"2026-05-05T05:28:35+00:00","twitter_card":"summary_large_image","schema":{"@context":"https:\/\/schema.org","@graph":[{"@type":"WebPage","@id":"https:\/\/betlabel.games\/hu\/horse-racing\/","url":"https:\/\/betlabel.games\/hu\/horse-racing\/","name":"BetLabel l\u00f3verseny-fogad\u00e1s \u2013 \u00c9l\u0151 oddsok, versenyfogad\u00e1si piacok","isPartOf":{"@id":"https:\/\/betlabel.games\/hu\/#website"},"datePublished":"2026-05-01T07:31:35+00:00","dateModified":"2026-05-05T05:28:35+00:00","description":"A BetLabel l\u00f3verseny-fogad\u00e1si szolg\u00e1ltat\u00e1sa versenyk\u00e9pes oddsokat \u00e9s sz\u00e9les k\u00f6r\u0171 fogad\u00e1si lehet\u0151s\u00e9geket k\u00edn\u00e1l azoknak a rajong\u00f3knak, akik szeretik elemezni a lovak form\u00e1j\u00e1t \u00e9s kiakn\u00e1zni a legjobb \u00e9rt\u00e9keket. K\u00f6vesse a l\u00f3verseny-tippeket, hasonl\u00edtsa \u00f6ssze az oddsokat, \u00e9s fogadjon magabiztosan a gyors temp\u00f3j\u00fa futamokra a bukm\u00e9ker egyik legn\u00e9pszer\u0171bb sportrovat\u00e1ban.","breadcrumb":{"@id":"https:\/\/betlabel.games\/hu\/horse-racing\/#breadcrumb"},"inLanguage":"hu","potentialAction":[{"@type":"ReadAction","target":["https:\/\/betlabel.games\/hu\/horse-racing\/"]}]},{"@type":"BreadcrumbList","@id":"https:\/\/betlabel.games\/hu\/horse-racing\/#breadcrumb","itemListElement":[{"@type":"ListItem","position":1,"name":"Home","item":"https:\/\/betlabel.games\/hu\/"},{"@type":"ListItem","position":2,"name":"L\u00f3verseny"}]},{"@type":"WebSite","@id":"https:\/\/betlabel.games\/hu\/#website","url":"https:\/\/betlabel.games\/hu\/","name":"Betlabel hu","description":"A WordPress blogom","potentialAction":[{"@type":"SearchAction","target":{"@type":"EntryPoint","urlTemplate":"https:\/\/betlabel.games\/hu\/?s={search_term_string}"},"query-input":{"@type":"PropertyValueSpecification","valueRequired":true,"valueName":"search_term_string"}}],"inLanguage":"hu"}]}},"_links":{"self":[{"href":"https:\/\/betlabel.games\/hu\/wp-json\/wp\/v2\/pages\/1184","targetHints":{"allow":["GET"]}}],"collection":[{"href":"https:\/\/betlabel.games\/hu\/wp-json\/wp\/v2\/pages"}],"about":[{"href":"https:\/\/betlabel.games\/hu\/wp-json\/wp\/v2\/types\/page"}],"author":[{"embeddable":true,"href":"https:\/\/betlabel.games\/hu\/wp-json\/wp\/v2\/users\/1"}],"replies":[{"embeddable":true,"href":"https:\/\/betlabel.games\/hu\/wp-json\/wp\/v2\/comments?post=1184"}],"version-history":[{"count":2,"href":"https:\/\/betlabel.games\/hu\/wp-json\/wp\/v2\/pages\/1184\/revisions"}],"predecessor-version":[{"id":1218,"href":"https:\/\/betlabel.games\/hu\/wp-json\/wp\/v2\/pages\/1184\/revisions\/1218"}],"wp:attachment":[{"href":"https:\/\/betlabel.games\/hu\/wp-json\/wp\/v2\/media?parent=1184"}],"curies":[{"name":"wp","href":"https:\/\/api.w.org\/{rel}","templated":true}]}}