{"id":258,"date":"2024-10-09T14:42:29","date_gmt":"2024-10-09T14:42:29","guid":{"rendered":"https:\/\/betlabel.games\/hu\/?page_id=258"},"modified":"2026-01-28T08:02:51","modified_gmt":"2026-01-28T08:02:51","slug":"promo-code","status":"publish","type":"page","link":"https:\/\/betlabel.games\/hu\/promo-code\/","title":{"rendered":"Prom\u00f3ci\u00f3s k\u00f3d"},"content":{"rendered":"","protected":false},"excerpt":{"rendered":"","protected":false},"author":1,"featured_media":0,"parent":0,"menu_order":0,"comment_status":"closed","ping_status":"closed","template":"","meta":{"footnotes":""},"class_list":["post-258","page","type-page","status-publish","hentry"],"yoast_head":"<!-- This site is optimized with the Yoast SEO plugin v26.6 - https:\/\/yoast.com\/wordpress\/plugins\/seo\/ -->\n<title>BetLabel prom\u00f3ci\u00f3s k\u00f3d 2026 \ud83c\udf81 Haszn\u00e1lja 100% b\u00f3nuszhoz<\/title>\n<meta name=\"description\" content=\"Regisztr\u00e1ci\u00f3ja sor\u00e1n szerezze meg az \u00fcdv\u00f6zl\u0151 b\u00f3nuszt a BetLabel prom\u00f3ci\u00f3s k\u00f3ddal. Tudja meg, hogyan ig\u00e9nyelheti a BetLabel prom\u00f3ci\u00f3s k\u00f3djait kedvenc sportjaira \u00e9s j\u00e1t\u00e9kaira t\u00f6rt\u00e9n\u0151 fogad\u00e1shoz. Hogyan aktiv\u00e1lhatja a BetLabel b\u00f3nuszk\u00f3dot?\" \/>\n<meta name=\"robots\" content=\"index, follow, max-snippet:-1, max-image-preview:large, max-video-preview:-1\" \/>\n<meta property=\"og:locale\" content=\"hu_HU\" \/>\n<meta property=\"og:type\" content=\"article\" \/>\n<meta property=\"og:title\" content=\"BetLabel prom\u00f3ci\u00f3s k\u00f3d 2026 \ud83c\udf81 Haszn\u00e1lja 100% b\u00f3nuszhoz\" \/>\n<meta property=\"og:description\" content=\"Regisztr\u00e1ci\u00f3ja sor\u00e1n szerezze meg az \u00fcdv\u00f6zl\u0151 b\u00f3nuszt a BetLabel prom\u00f3ci\u00f3s k\u00f3ddal. Tudja meg, hogyan ig\u00e9nyelheti a BetLabel prom\u00f3ci\u00f3s k\u00f3djait kedvenc sportjaira \u00e9s j\u00e1t\u00e9kaira t\u00f6rt\u00e9n\u0151 fogad\u00e1shoz. Hogyan aktiv\u00e1lhatja a BetLabel b\u00f3nuszk\u00f3dot?\" \/>\n<meta property=\"og:url\" content=\"https:\/\/betlabel.games\/hu\/promo-code\/\" \/>\n<meta property=\"og:site_name\" content=\"Betlabel hu\" \/>\n<meta property=\"article:modified_time\" content=\"2026-01-28T08:02:51+00:00\" \/>\n<meta name=\"twitter:card\" content=\"summary_large_image\" \/>\n<script type=\"application\/ld+json\" class=\"yoast-schema-graph\">{\"@context\":\"https:\/\/schema.org\",\"@graph\":[{\"@type\":\"WebPage\",\"@id\":\"https:\/\/betlabel.games\/hu\/promo-code\/\",\"url\":\"https:\/\/betlabel.games\/hu\/promo-code\/\",\"name\":\"BetLabel prom\u00f3ci\u00f3s k\u00f3d 2026 \ud83c\udf81 Haszn\u00e1lja 100% b\u00f3nuszhoz\",\"isPartOf\":{\"@id\":\"https:\/\/betlabel.games\/hu\/#website\"},\"datePublished\":\"2024-10-09T14:42:29+00:00\",\"dateModified\":\"2026-01-28T08:02:51+00:00\",\"description\":\"Regisztr\u00e1ci\u00f3ja sor\u00e1n szerezze meg az \u00fcdv\u00f6zl\u0151 b\u00f3nuszt a BetLabel prom\u00f3ci\u00f3s k\u00f3ddal. Tudja meg, hogyan ig\u00e9nyelheti a BetLabel prom\u00f3ci\u00f3s k\u00f3djait kedvenc sportjaira \u00e9s j\u00e1t\u00e9kaira t\u00f6rt\u00e9n\u0151 fogad\u00e1shoz. Hogyan aktiv\u00e1lhatja a BetLabel b\u00f3nuszk\u00f3dot?\",\"breadcrumb\":{\"@id\":\"https:\/\/betlabel.games\/hu\/promo-code\/#breadcrumb\"},\"inLanguage\":\"hu\",\"potentialAction\":[{\"@type\":\"ReadAction\",\"target\":[\"https:\/\/betlabel.games\/hu\/promo-code\/\"]}]},{\"@type\":\"BreadcrumbList\",\"@id\":\"https:\/\/betlabel.games\/hu\/promo-code\/#breadcrumb\",\"itemListElement\":[{\"@type\":\"ListItem\",\"position\":1,\"name\":\"Home\",\"item\":\"https:\/\/betlabel.games\/hu\/\"},{\"@type\":\"ListItem\",\"position\":2,\"name\":\"Prom\u00f3ci\u00f3s k\u00f3d\"}]},{\"@type\":\"WebSite\",\"@id\":\"https:\/\/betlabel.games\/hu\/#website\",\"url\":\"https:\/\/betlabel.games\/hu\/\",\"name\":\"Betlabel hu\",\"description\":\"A WordPress blogom\",\"potentialAction\":[{\"@type\":\"SearchAction\",\"target\":{\"@type\":\"EntryPoint\",\"urlTemplate\":\"https:\/\/betlabel.games\/hu\/?s={search_term_string}\"},\"query-input\":{\"@type\":\"PropertyValueSpecification\",\"valueRequired\":true,\"valueName\":\"search_term_string\"}}],\"inLanguage\":\"hu\"}]}<\/script>\n<!-- \/ Yoast SEO plugin. -->","yoast_head_json":{"title":"BetLabel prom\u00f3ci\u00f3s k\u00f3d 2026 \ud83c\udf81 Haszn\u00e1lja 100% b\u00f3nuszhoz","description":"Regisztr\u00e1ci\u00f3ja sor\u00e1n szerezze meg az \u00fcdv\u00f6zl\u0151 b\u00f3nuszt a BetLabel prom\u00f3ci\u00f3s k\u00f3ddal. Tudja meg, hogyan ig\u00e9nyelheti a BetLabel prom\u00f3ci\u00f3s k\u00f3djait kedvenc sportjaira \u00e9s j\u00e1t\u00e9kaira t\u00f6rt\u00e9n\u0151 fogad\u00e1shoz. Hogyan aktiv\u00e1lhatja a BetLabel b\u00f3nuszk\u00f3dot?","robots":{"index":"index","follow":"follow","max-snippet":"max-snippet:-1","max-image-preview":"max-image-preview:large","max-video-preview":"max-video-preview:-1"},"og_locale":"hu_HU","og_type":"article","og_title":"BetLabel prom\u00f3ci\u00f3s k\u00f3d 2026 \ud83c\udf81 Haszn\u00e1lja 100% b\u00f3nuszhoz","og_description":"Regisztr\u00e1ci\u00f3ja sor\u00e1n szerezze meg az \u00fcdv\u00f6zl\u0151 b\u00f3nuszt a BetLabel prom\u00f3ci\u00f3s k\u00f3ddal. Tudja meg, hogyan ig\u00e9nyelheti a BetLabel prom\u00f3ci\u00f3s k\u00f3djait kedvenc sportjaira \u00e9s j\u00e1t\u00e9kaira t\u00f6rt\u00e9n\u0151 fogad\u00e1shoz. Hogyan aktiv\u00e1lhatja a BetLabel b\u00f3nuszk\u00f3dot?","og_url":"https:\/\/betlabel.games\/hu\/promo-code\/","og_site_name":"Betlabel hu","article_modified_time":"2026-01-28T08:02:51+00:00","twitter_card":"summary_large_image","schema":{"@context":"https:\/\/schema.org","@graph":[{"@type":"WebPage","@id":"https:\/\/betlabel.games\/hu\/promo-code\/","url":"https:\/\/betlabel.games\/hu\/promo-code\/","name":"BetLabel prom\u00f3ci\u00f3s k\u00f3d 2026 \ud83c\udf81 Haszn\u00e1lja 100% b\u00f3nuszhoz","isPartOf":{"@id":"https:\/\/betlabel.games\/hu\/#website"},"datePublished":"2024-10-09T14:42:29+00:00","dateModified":"2026-01-28T08:02:51+00:00","description":"Regisztr\u00e1ci\u00f3ja sor\u00e1n szerezze meg az \u00fcdv\u00f6zl\u0151 b\u00f3nuszt a BetLabel prom\u00f3ci\u00f3s k\u00f3ddal. Tudja meg, hogyan ig\u00e9nyelheti a BetLabel prom\u00f3ci\u00f3s k\u00f3djait kedvenc sportjaira \u00e9s j\u00e1t\u00e9kaira t\u00f6rt\u00e9n\u0151 fogad\u00e1shoz. Hogyan aktiv\u00e1lhatja a BetLabel b\u00f3nuszk\u00f3dot?","breadcrumb":{"@id":"https:\/\/betlabel.games\/hu\/promo-code\/#breadcrumb"},"inLanguage":"hu","potentialAction":[{"@type":"ReadAction","target":["https:\/\/betlabel.games\/hu\/promo-code\/"]}]},{"@type":"BreadcrumbList","@id":"https:\/\/betlabel.games\/hu\/promo-code\/#breadcrumb","itemListElement":[{"@type":"ListItem","position":1,"name":"Home","item":"https:\/\/betlabel.games\/hu\/"},{"@type":"ListItem","position":2,"name":"Prom\u00f3ci\u00f3s k\u00f3d"}]},{"@type":"WebSite","@id":"https:\/\/betlabel.games\/hu\/#website","url":"https:\/\/betlabel.games\/hu\/","name":"Betlabel hu","description":"A WordPress blogom","potentialAction":[{"@type":"SearchAction","target":{"@type":"EntryPoint","urlTemplate":"https:\/\/betlabel.games\/hu\/?s={search_term_string}"},"query-input":{"@type":"PropertyValueSpecification","valueRequired":true,"valueName":"search_term_string"}}],"inLanguage":"hu"}]}},"_links":{"self":[{"href":"https:\/\/betlabel.games\/hu\/wp-json\/wp\/v2\/pages\/258","targetHints":{"allow":["GET"]}}],"collection":[{"href":"https:\/\/betlabel.games\/hu\/wp-json\/wp\/v2\/pages"}],"about":[{"href":"https:\/\/betlabel.games\/hu\/wp-json\/wp\/v2\/types\/page"}],"author":[{"embeddable":true,"href":"https:\/\/betlabel.games\/hu\/wp-json\/wp\/v2\/users\/1"}],"replies":[{"embeddable":true,"href":"https:\/\/betlabel.games\/hu\/wp-json\/wp\/v2\/comments?post=258"}],"version-history":[{"count":5,"href":"https:\/\/betlabel.games\/hu\/wp-json\/wp\/v2\/pages\/258\/revisions"}],"predecessor-version":[{"id":1047,"href":"https:\/\/betlabel.games\/hu\/wp-json\/wp\/v2\/pages\/258\/revisions\/1047"}],"wp:attachment":[{"href":"https:\/\/betlabel.games\/hu\/wp-json\/wp\/v2\/media?parent=258"}],"curies":[{"name":"wp","href":"https:\/\/api.w.org\/{rel}","templated":true}]}}