{"id":270,"date":"2024-10-10T12:51:51","date_gmt":"2024-10-10T12:51:51","guid":{"rendered":"https:\/\/betlabel.games\/hu\/?page_id=270"},"modified":"2026-01-28T07:30:15","modified_gmt":"2026-01-28T07:30:15","slug":"login","status":"publish","type":"page","link":"https:\/\/betlabel.games\/hu\/login\/","title":{"rendered":"Bejelentkez\u00e9s"},"content":{"rendered":"","protected":false},"excerpt":{"rendered":"","protected":false},"author":1,"featured_media":0,"parent":0,"menu_order":0,"comment_status":"closed","ping_status":"closed","template":"","meta":{"footnotes":""},"class_list":["post-270","page","type-page","status-publish","hentry"],"yoast_head":"<!-- This site is optimized with the Yoast SEO plugin v26.6 - https:\/\/yoast.com\/wordpress\/plugins\/seo\/ -->\n<title>BetLabel \u26bd Bel\u00e9p\u00e9s a hivatalos fogad\u00e1si oldalra<\/title>\n<meta name=\"description\" content=\"Jelentkezzen be a BetLabel hivatalos weboldal\u00e1ra \u2713 Hogyan lehet bejelentkezni a BetLabel-be \u00e9s elkezdeni a fogad\u00e1st \u279c A BetLabel-be val\u00f3 bejelentkez\u00e9shez egyszer\u0171en l\u00e9pjen a BetLabel Sportsbook oldalra, \u00e9s adja meg felhaszn\u00e1l\u00f3nev\u00e9t \u00e9s jelszav\u00e1t.\" \/>\n<meta name=\"robots\" content=\"index, follow, max-snippet:-1, max-image-preview:large, max-video-preview:-1\" \/>\n<meta property=\"og:locale\" content=\"hu_HU\" \/>\n<meta property=\"og:type\" content=\"article\" \/>\n<meta property=\"og:title\" content=\"BetLabel \u26bd Bel\u00e9p\u00e9s a hivatalos fogad\u00e1si oldalra\" \/>\n<meta property=\"og:description\" content=\"Jelentkezzen be a BetLabel hivatalos weboldal\u00e1ra \u2713 Hogyan lehet bejelentkezni a BetLabel-be \u00e9s elkezdeni a fogad\u00e1st \u279c A BetLabel-be val\u00f3 bejelentkez\u00e9shez egyszer\u0171en l\u00e9pjen a BetLabel Sportsbook oldalra, \u00e9s adja meg felhaszn\u00e1l\u00f3nev\u00e9t \u00e9s jelszav\u00e1t.\" \/>\n<meta property=\"og:url\" content=\"https:\/\/betlabel.games\/hu\/login\/\" \/>\n<meta property=\"og:site_name\" content=\"Betlabel hu\" \/>\n<meta property=\"article:modified_time\" content=\"2026-01-28T07:30:15+00:00\" \/>\n<meta name=\"twitter:card\" content=\"summary_large_image\" \/>\n<script type=\"application\/ld+json\" class=\"yoast-schema-graph\">{\"@context\":\"https:\/\/schema.org\",\"@graph\":[{\"@type\":\"WebPage\",\"@id\":\"https:\/\/betlabel.games\/hu\/login\/\",\"url\":\"https:\/\/betlabel.games\/hu\/login\/\",\"name\":\"BetLabel \u26bd Bel\u00e9p\u00e9s a hivatalos fogad\u00e1si oldalra\",\"isPartOf\":{\"@id\":\"https:\/\/betlabel.games\/hu\/#website\"},\"datePublished\":\"2024-10-10T12:51:51+00:00\",\"dateModified\":\"2026-01-28T07:30:15+00:00\",\"description\":\"Jelentkezzen be a BetLabel hivatalos weboldal\u00e1ra \u2713 Hogyan lehet bejelentkezni a BetLabel-be \u00e9s elkezdeni a fogad\u00e1st \u279c A BetLabel-be val\u00f3 bejelentkez\u00e9shez egyszer\u0171en l\u00e9pjen a BetLabel Sportsbook oldalra, \u00e9s adja meg felhaszn\u00e1l\u00f3nev\u00e9t \u00e9s jelszav\u00e1t.\",\"breadcrumb\":{\"@id\":\"https:\/\/betlabel.games\/hu\/login\/#breadcrumb\"},\"inLanguage\":\"hu\",\"potentialAction\":[{\"@type\":\"ReadAction\",\"target\":[\"https:\/\/betlabel.games\/hu\/login\/\"]}]},{\"@type\":\"BreadcrumbList\",\"@id\":\"https:\/\/betlabel.games\/hu\/login\/#breadcrumb\",\"itemListElement\":[{\"@type\":\"ListItem\",\"position\":1,\"name\":\"Home\",\"item\":\"https:\/\/betlabel.games\/hu\/\"},{\"@type\":\"ListItem\",\"position\":2,\"name\":\"Bejelentkez\u00e9s\"}]},{\"@type\":\"WebSite\",\"@id\":\"https:\/\/betlabel.games\/hu\/#website\",\"url\":\"https:\/\/betlabel.games\/hu\/\",\"name\":\"Betlabel hu\",\"description\":\"A WordPress blogom\",\"potentialAction\":[{\"@type\":\"SearchAction\",\"target\":{\"@type\":\"EntryPoint\",\"urlTemplate\":\"https:\/\/betlabel.games\/hu\/?s={search_term_string}\"},\"query-input\":{\"@type\":\"PropertyValueSpecification\",\"valueRequired\":true,\"valueName\":\"search_term_string\"}}],\"inLanguage\":\"hu\"}]}<\/script>\n<!-- \/ Yoast SEO plugin. -->","yoast_head_json":{"title":"BetLabel \u26bd Bel\u00e9p\u00e9s a hivatalos fogad\u00e1si oldalra","description":"Jelentkezzen be a BetLabel hivatalos weboldal\u00e1ra \u2713 Hogyan lehet bejelentkezni a BetLabel-be \u00e9s elkezdeni a fogad\u00e1st \u279c A BetLabel-be val\u00f3 bejelentkez\u00e9shez egyszer\u0171en l\u00e9pjen a BetLabel Sportsbook oldalra, \u00e9s adja meg felhaszn\u00e1l\u00f3nev\u00e9t \u00e9s jelszav\u00e1t.","robots":{"index":"index","follow":"follow","max-snippet":"max-snippet:-1","max-image-preview":"max-image-preview:large","max-video-preview":"max-video-preview:-1"},"og_locale":"hu_HU","og_type":"article","og_title":"BetLabel \u26bd Bel\u00e9p\u00e9s a hivatalos fogad\u00e1si oldalra","og_description":"Jelentkezzen be a BetLabel hivatalos weboldal\u00e1ra \u2713 Hogyan lehet bejelentkezni a BetLabel-be \u00e9s elkezdeni a fogad\u00e1st \u279c A BetLabel-be val\u00f3 bejelentkez\u00e9shez egyszer\u0171en l\u00e9pjen a BetLabel Sportsbook oldalra, \u00e9s adja meg felhaszn\u00e1l\u00f3nev\u00e9t \u00e9s jelszav\u00e1t.","og_url":"https:\/\/betlabel.games\/hu\/login\/","og_site_name":"Betlabel hu","article_modified_time":"2026-01-28T07:30:15+00:00","twitter_card":"summary_large_image","schema":{"@context":"https:\/\/schema.org","@graph":[{"@type":"WebPage","@id":"https:\/\/betlabel.games\/hu\/login\/","url":"https:\/\/betlabel.games\/hu\/login\/","name":"BetLabel \u26bd Bel\u00e9p\u00e9s a hivatalos fogad\u00e1si oldalra","isPartOf":{"@id":"https:\/\/betlabel.games\/hu\/#website"},"datePublished":"2024-10-10T12:51:51+00:00","dateModified":"2026-01-28T07:30:15+00:00","description":"Jelentkezzen be a BetLabel hivatalos weboldal\u00e1ra \u2713 Hogyan lehet bejelentkezni a BetLabel-be \u00e9s elkezdeni a fogad\u00e1st \u279c A BetLabel-be val\u00f3 bejelentkez\u00e9shez egyszer\u0171en l\u00e9pjen a BetLabel Sportsbook oldalra, \u00e9s adja meg felhaszn\u00e1l\u00f3nev\u00e9t \u00e9s jelszav\u00e1t.","breadcrumb":{"@id":"https:\/\/betlabel.games\/hu\/login\/#breadcrumb"},"inLanguage":"hu","potentialAction":[{"@type":"ReadAction","target":["https:\/\/betlabel.games\/hu\/login\/"]}]},{"@type":"BreadcrumbList","@id":"https:\/\/betlabel.games\/hu\/login\/#breadcrumb","itemListElement":[{"@type":"ListItem","position":1,"name":"Home","item":"https:\/\/betlabel.games\/hu\/"},{"@type":"ListItem","position":2,"name":"Bejelentkez\u00e9s"}]},{"@type":"WebSite","@id":"https:\/\/betlabel.games\/hu\/#website","url":"https:\/\/betlabel.games\/hu\/","name":"Betlabel hu","description":"A WordPress blogom","potentialAction":[{"@type":"SearchAction","target":{"@type":"EntryPoint","urlTemplate":"https:\/\/betlabel.games\/hu\/?s={search_term_string}"},"query-input":{"@type":"PropertyValueSpecification","valueRequired":true,"valueName":"search_term_string"}}],"inLanguage":"hu"}]}},"_links":{"self":[{"href":"https:\/\/betlabel.games\/hu\/wp-json\/wp\/v2\/pages\/270","targetHints":{"allow":["GET"]}}],"collection":[{"href":"https:\/\/betlabel.games\/hu\/wp-json\/wp\/v2\/pages"}],"about":[{"href":"https:\/\/betlabel.games\/hu\/wp-json\/wp\/v2\/types\/page"}],"author":[{"embeddable":true,"href":"https:\/\/betlabel.games\/hu\/wp-json\/wp\/v2\/users\/1"}],"replies":[{"embeddable":true,"href":"https:\/\/betlabel.games\/hu\/wp-json\/wp\/v2\/comments?post=270"}],"version-history":[{"count":6,"href":"https:\/\/betlabel.games\/hu\/wp-json\/wp\/v2\/pages\/270\/revisions"}],"predecessor-version":[{"id":1040,"href":"https:\/\/betlabel.games\/hu\/wp-json\/wp\/v2\/pages\/270\/revisions\/1040"}],"wp:attachment":[{"href":"https:\/\/betlabel.games\/hu\/wp-json\/wp\/v2\/media?parent=270"}],"curies":[{"name":"wp","href":"https:\/\/api.w.org\/{rel}","templated":true}]}}