{"id":275,"date":"2024-10-10T12:58:51","date_gmt":"2024-10-10T12:58:51","guid":{"rendered":"https:\/\/betlabel.games\/hu\/?page_id=275"},"modified":"2026-01-27T17:41:02","modified_gmt":"2026-01-27T17:41:02","slug":"affiliate","status":"publish","type":"page","link":"https:\/\/betlabel.games\/hu\/affiliate\/","title":{"rendered":"Partner"},"content":{"rendered":"","protected":false},"excerpt":{"rendered":"","protected":false},"author":1,"featured_media":0,"parent":0,"menu_order":0,"comment_status":"closed","ping_status":"closed","template":"","meta":{"footnotes":""},"class_list":["post-275","page","type-page","status-publish","hentry"],"yoast_head":"<!-- This site is optimized with the Yoast SEO plugin v26.6 - https:\/\/yoast.com\/wordpress\/plugins\/seo\/ -->\n<title>BetLabel Partners \ud83c\udfb0 Fogad\u00e1s \u00e9s Kaszin\u00f3 Partnerprogram<\/title>\n<meta name=\"description\" content=\"A BetLabel partnerprogram 30%-os bev\u00e9telr\u00e9szesed\u00e9si jutal\u00e9kot k\u00edn\u00e1l k\u00e9nyelmes jelent\u00e9si \u00e9s marketing eszk\u00f6z\u00f6kkel. Ossza meg szem\u00e9lyes BetLabel linkj\u00e9t, \u00e9s jutal\u00e9kot kap minden regisztr\u00e1lt \u00e9s p\u00e9nzt feltett felhaszn\u00e1l\u00f3 ut\u00e1n.\" \/>\n<meta name=\"robots\" content=\"index, follow, max-snippet:-1, max-image-preview:large, max-video-preview:-1\" \/>\n<meta property=\"og:locale\" content=\"hu_HU\" \/>\n<meta property=\"og:type\" content=\"article\" \/>\n<meta property=\"og:title\" content=\"BetLabel Partners \ud83c\udfb0 Fogad\u00e1s \u00e9s Kaszin\u00f3 Partnerprogram\" \/>\n<meta property=\"og:description\" content=\"A BetLabel partnerprogram 30%-os bev\u00e9telr\u00e9szesed\u00e9si jutal\u00e9kot k\u00edn\u00e1l k\u00e9nyelmes jelent\u00e9si \u00e9s marketing eszk\u00f6z\u00f6kkel. Ossza meg szem\u00e9lyes BetLabel linkj\u00e9t, \u00e9s jutal\u00e9kot kap minden regisztr\u00e1lt \u00e9s p\u00e9nzt feltett felhaszn\u00e1l\u00f3 ut\u00e1n.\" \/>\n<meta property=\"og:url\" content=\"https:\/\/betlabel.games\/hu\/affiliate\/\" \/>\n<meta property=\"og:site_name\" content=\"Betlabel hu\" \/>\n<meta property=\"article:modified_time\" content=\"2026-01-27T17:41:02+00:00\" \/>\n<meta name=\"twitter:card\" content=\"summary_large_image\" \/>\n<script type=\"application\/ld+json\" class=\"yoast-schema-graph\">{\"@context\":\"https:\/\/schema.org\",\"@graph\":[{\"@type\":\"WebPage\",\"@id\":\"https:\/\/betlabel.games\/hu\/affiliate\/\",\"url\":\"https:\/\/betlabel.games\/hu\/affiliate\/\",\"name\":\"BetLabel Partners \ud83c\udfb0 Fogad\u00e1s \u00e9s Kaszin\u00f3 Partnerprogram\",\"isPartOf\":{\"@id\":\"https:\/\/betlabel.games\/hu\/#website\"},\"datePublished\":\"2024-10-10T12:58:51+00:00\",\"dateModified\":\"2026-01-27T17:41:02+00:00\",\"description\":\"A BetLabel partnerprogram 30%-os bev\u00e9telr\u00e9szesed\u00e9si jutal\u00e9kot k\u00edn\u00e1l k\u00e9nyelmes jelent\u00e9si \u00e9s marketing eszk\u00f6z\u00f6kkel. Ossza meg szem\u00e9lyes BetLabel linkj\u00e9t, \u00e9s jutal\u00e9kot kap minden regisztr\u00e1lt \u00e9s p\u00e9nzt feltett felhaszn\u00e1l\u00f3 ut\u00e1n.\",\"breadcrumb\":{\"@id\":\"https:\/\/betlabel.games\/hu\/affiliate\/#breadcrumb\"},\"inLanguage\":\"hu\",\"potentialAction\":[{\"@type\":\"ReadAction\",\"target\":[\"https:\/\/betlabel.games\/hu\/affiliate\/\"]}]},{\"@type\":\"BreadcrumbList\",\"@id\":\"https:\/\/betlabel.games\/hu\/affiliate\/#breadcrumb\",\"itemListElement\":[{\"@type\":\"ListItem\",\"position\":1,\"name\":\"Home\",\"item\":\"https:\/\/betlabel.games\/hu\/\"},{\"@type\":\"ListItem\",\"position\":2,\"name\":\"Partner\"}]},{\"@type\":\"WebSite\",\"@id\":\"https:\/\/betlabel.games\/hu\/#website\",\"url\":\"https:\/\/betlabel.games\/hu\/\",\"name\":\"Betlabel hu\",\"description\":\"A WordPress blogom\",\"potentialAction\":[{\"@type\":\"SearchAction\",\"target\":{\"@type\":\"EntryPoint\",\"urlTemplate\":\"https:\/\/betlabel.games\/hu\/?s={search_term_string}\"},\"query-input\":{\"@type\":\"PropertyValueSpecification\",\"valueRequired\":true,\"valueName\":\"search_term_string\"}}],\"inLanguage\":\"hu\"}]}<\/script>\n<!-- \/ Yoast SEO plugin. -->","yoast_head_json":{"title":"BetLabel Partners \ud83c\udfb0 Fogad\u00e1s \u00e9s Kaszin\u00f3 Partnerprogram","description":"A BetLabel partnerprogram 30%-os bev\u00e9telr\u00e9szesed\u00e9si jutal\u00e9kot k\u00edn\u00e1l k\u00e9nyelmes jelent\u00e9si \u00e9s marketing eszk\u00f6z\u00f6kkel. Ossza meg szem\u00e9lyes BetLabel linkj\u00e9t, \u00e9s jutal\u00e9kot kap minden regisztr\u00e1lt \u00e9s p\u00e9nzt feltett felhaszn\u00e1l\u00f3 ut\u00e1n.","robots":{"index":"index","follow":"follow","max-snippet":"max-snippet:-1","max-image-preview":"max-image-preview:large","max-video-preview":"max-video-preview:-1"},"og_locale":"hu_HU","og_type":"article","og_title":"BetLabel Partners \ud83c\udfb0 Fogad\u00e1s \u00e9s Kaszin\u00f3 Partnerprogram","og_description":"A BetLabel partnerprogram 30%-os bev\u00e9telr\u00e9szesed\u00e9si jutal\u00e9kot k\u00edn\u00e1l k\u00e9nyelmes jelent\u00e9si \u00e9s marketing eszk\u00f6z\u00f6kkel. Ossza meg szem\u00e9lyes BetLabel linkj\u00e9t, \u00e9s jutal\u00e9kot kap minden regisztr\u00e1lt \u00e9s p\u00e9nzt feltett felhaszn\u00e1l\u00f3 ut\u00e1n.","og_url":"https:\/\/betlabel.games\/hu\/affiliate\/","og_site_name":"Betlabel hu","article_modified_time":"2026-01-27T17:41:02+00:00","twitter_card":"summary_large_image","schema":{"@context":"https:\/\/schema.org","@graph":[{"@type":"WebPage","@id":"https:\/\/betlabel.games\/hu\/affiliate\/","url":"https:\/\/betlabel.games\/hu\/affiliate\/","name":"BetLabel Partners \ud83c\udfb0 Fogad\u00e1s \u00e9s Kaszin\u00f3 Partnerprogram","isPartOf":{"@id":"https:\/\/betlabel.games\/hu\/#website"},"datePublished":"2024-10-10T12:58:51+00:00","dateModified":"2026-01-27T17:41:02+00:00","description":"A BetLabel partnerprogram 30%-os bev\u00e9telr\u00e9szesed\u00e9si jutal\u00e9kot k\u00edn\u00e1l k\u00e9nyelmes jelent\u00e9si \u00e9s marketing eszk\u00f6z\u00f6kkel. Ossza meg szem\u00e9lyes BetLabel linkj\u00e9t, \u00e9s jutal\u00e9kot kap minden regisztr\u00e1lt \u00e9s p\u00e9nzt feltett felhaszn\u00e1l\u00f3 ut\u00e1n.","breadcrumb":{"@id":"https:\/\/betlabel.games\/hu\/affiliate\/#breadcrumb"},"inLanguage":"hu","potentialAction":[{"@type":"ReadAction","target":["https:\/\/betlabel.games\/hu\/affiliate\/"]}]},{"@type":"BreadcrumbList","@id":"https:\/\/betlabel.games\/hu\/affiliate\/#breadcrumb","itemListElement":[{"@type":"ListItem","position":1,"name":"Home","item":"https:\/\/betlabel.games\/hu\/"},{"@type":"ListItem","position":2,"name":"Partner"}]},{"@type":"WebSite","@id":"https:\/\/betlabel.games\/hu\/#website","url":"https:\/\/betlabel.games\/hu\/","name":"Betlabel hu","description":"A WordPress blogom","potentialAction":[{"@type":"SearchAction","target":{"@type":"EntryPoint","urlTemplate":"https:\/\/betlabel.games\/hu\/?s={search_term_string}"},"query-input":{"@type":"PropertyValueSpecification","valueRequired":true,"valueName":"search_term_string"}}],"inLanguage":"hu"}]}},"_links":{"self":[{"href":"https:\/\/betlabel.games\/hu\/wp-json\/wp\/v2\/pages\/275","targetHints":{"allow":["GET"]}}],"collection":[{"href":"https:\/\/betlabel.games\/hu\/wp-json\/wp\/v2\/pages"}],"about":[{"href":"https:\/\/betlabel.games\/hu\/wp-json\/wp\/v2\/types\/page"}],"author":[{"embeddable":true,"href":"https:\/\/betlabel.games\/hu\/wp-json\/wp\/v2\/users\/1"}],"replies":[{"embeddable":true,"href":"https:\/\/betlabel.games\/hu\/wp-json\/wp\/v2\/comments?post=275"}],"version-history":[{"count":8,"href":"https:\/\/betlabel.games\/hu\/wp-json\/wp\/v2\/pages\/275\/revisions"}],"predecessor-version":[{"id":1000,"href":"https:\/\/betlabel.games\/hu\/wp-json\/wp\/v2\/pages\/275\/revisions\/1000"}],"wp:attachment":[{"href":"https:\/\/betlabel.games\/hu\/wp-json\/wp\/v2\/media?parent=275"}],"curies":[{"name":"wp","href":"https:\/\/api.w.org\/{rel}","templated":true}]}}