{"id":440,"date":"2025-06-13T07:21:59","date_gmt":"2025-06-13T07:21:59","guid":{"rendered":"https:\/\/betlabel.games\/hu\/?page_id=440"},"modified":"2026-01-30T04:48:17","modified_gmt":"2026-01-30T04:48:17","slug":"freebet","status":"publish","type":"page","link":"https:\/\/betlabel.games\/hu\/bonuses\/freebet\/","title":{"rendered":"Ingyenes fogad\u00e1s"},"content":{"rendered":"","protected":false},"excerpt":{"rendered":"","protected":false},"author":1,"featured_media":0,"parent":201,"menu_order":0,"comment_status":"closed","ping_status":"closed","template":"","meta":{"footnotes":""},"class_list":["post-440","page","type-page","status-publish","hentry"],"yoast_head":"<!-- This site is optimized with the Yoast SEO plugin v27.4 - https:\/\/yoast.com\/product\/yoast-seo-wordpress\/ -->\n<title>BetLabel ingyenes fogad\u00e1s \ud83c\udf81 15% az els\u0151 befizet\u00e9sre 40300HUF!<\/title>\n<meta name=\"description\" content=\"Szerezze meg ingyenes \u00fcdv\u00f6zl\u0151 fogad\u00e1s\u00e1t a BetLabel-t\u0151l, \u00e9s kapjon 15% b\u00f3nuszt az els\u0151 befizet\u00e9s\u00e9re! Regisztr\u00e1ljon, aktiv\u00e1lja a b\u00f3nuszt, \u00e9s t\u00f6ltse fel egyenleg\u00e9t \u2013 maxim\u00e1lis el\u0151ny\u00f6k v\u00e1rnak \u00d6nre! Ne hagyja ki ezt a lehet\u0151s\u00e9get!\" \/>\n<meta name=\"robots\" content=\"index, follow, max-snippet:-1, max-image-preview:large, max-video-preview:-1\" \/>\n<meta property=\"og:locale\" content=\"hu_HU\" \/>\n<meta property=\"og:type\" content=\"article\" \/>\n<meta property=\"og:title\" content=\"BetLabel ingyenes fogad\u00e1s \ud83c\udf81 15% az els\u0151 befizet\u00e9sre 40300HUF!\" \/>\n<meta property=\"og:description\" content=\"Szerezze meg ingyenes \u00fcdv\u00f6zl\u0151 fogad\u00e1s\u00e1t a BetLabel-t\u0151l, \u00e9s kapjon 15% b\u00f3nuszt az els\u0151 befizet\u00e9s\u00e9re! Regisztr\u00e1ljon, aktiv\u00e1lja a b\u00f3nuszt, \u00e9s t\u00f6ltse fel egyenleg\u00e9t \u2013 maxim\u00e1lis el\u0151ny\u00f6k v\u00e1rnak \u00d6nre! Ne hagyja ki ezt a lehet\u0151s\u00e9get!\" \/>\n<meta property=\"og:url\" content=\"https:\/\/betlabel.games\/hu\/bonuses\/freebet\/\" \/>\n<meta property=\"og:site_name\" content=\"Betlabel hu\" \/>\n<meta property=\"article:modified_time\" content=\"2026-01-30T04:48:17+00:00\" \/>\n<meta name=\"twitter:card\" content=\"summary_large_image\" \/>\n<script type=\"application\/ld+json\" class=\"yoast-schema-graph\">{\"@context\":\"https:\\\/\\\/schema.org\",\"@graph\":[{\"@type\":\"WebPage\",\"@id\":\"https:\\\/\\\/betlabel.games\\\/hu\\\/bonuses\\\/freebet\\\/\",\"url\":\"https:\\\/\\\/betlabel.games\\\/hu\\\/bonuses\\\/freebet\\\/\",\"name\":\"BetLabel ingyenes fogad\u00e1s \ud83c\udf81 15% az els\u0151 befizet\u00e9sre 40300HUF!\",\"isPartOf\":{\"@id\":\"https:\\\/\\\/betlabel.games\\\/hu\\\/#website\"},\"datePublished\":\"2025-06-13T07:21:59+00:00\",\"dateModified\":\"2026-01-30T04:48:17+00:00\",\"description\":\"Szerezze meg ingyenes \u00fcdv\u00f6zl\u0151 fogad\u00e1s\u00e1t a BetLabel-t\u0151l, \u00e9s kapjon 15% b\u00f3nuszt az els\u0151 befizet\u00e9s\u00e9re! Regisztr\u00e1ljon, aktiv\u00e1lja a b\u00f3nuszt, \u00e9s t\u00f6ltse fel egyenleg\u00e9t \u2013 maxim\u00e1lis el\u0151ny\u00f6k v\u00e1rnak \u00d6nre! Ne hagyja ki ezt a lehet\u0151s\u00e9get!\",\"breadcrumb\":{\"@id\":\"https:\\\/\\\/betlabel.games\\\/hu\\\/bonuses\\\/freebet\\\/#breadcrumb\"},\"inLanguage\":\"hu\",\"potentialAction\":[{\"@type\":\"ReadAction\",\"target\":[\"https:\\\/\\\/betlabel.games\\\/hu\\\/bonuses\\\/freebet\\\/\"]}]},{\"@type\":\"BreadcrumbList\",\"@id\":\"https:\\\/\\\/betlabel.games\\\/hu\\\/bonuses\\\/freebet\\\/#breadcrumb\",\"itemListElement\":[{\"@type\":\"ListItem\",\"position\":1,\"name\":\"Home\",\"item\":\"https:\\\/\\\/betlabel.games\\\/hu\\\/\"},{\"@type\":\"ListItem\",\"position\":2,\"name\":\"B\u00f3nuszok\",\"item\":\"https:\\\/\\\/betlabel.games\\\/hu\\\/bonuses\\\/\"},{\"@type\":\"ListItem\",\"position\":3,\"name\":\"Ingyenes fogad\u00e1s\"}]},{\"@type\":\"WebSite\",\"@id\":\"https:\\\/\\\/betlabel.games\\\/hu\\\/#website\",\"url\":\"https:\\\/\\\/betlabel.games\\\/hu\\\/\",\"name\":\"Betlabel hu\",\"description\":\"A WordPress blogom\",\"potentialAction\":[{\"@type\":\"SearchAction\",\"target\":{\"@type\":\"EntryPoint\",\"urlTemplate\":\"https:\\\/\\\/betlabel.games\\\/hu\\\/?s={search_term_string}\"},\"query-input\":{\"@type\":\"PropertyValueSpecification\",\"valueRequired\":true,\"valueName\":\"search_term_string\"}}],\"inLanguage\":\"hu\"}]}<\/script>\n<!-- \/ Yoast SEO plugin. -->","yoast_head_json":{"title":"BetLabel ingyenes fogad\u00e1s \ud83c\udf81 15% az els\u0151 befizet\u00e9sre 40300HUF!","description":"Szerezze meg ingyenes \u00fcdv\u00f6zl\u0151 fogad\u00e1s\u00e1t a BetLabel-t\u0151l, \u00e9s kapjon 15% b\u00f3nuszt az els\u0151 befizet\u00e9s\u00e9re! Regisztr\u00e1ljon, aktiv\u00e1lja a b\u00f3nuszt, \u00e9s t\u00f6ltse fel egyenleg\u00e9t \u2013 maxim\u00e1lis el\u0151ny\u00f6k v\u00e1rnak \u00d6nre! Ne hagyja ki ezt a lehet\u0151s\u00e9get!","robots":{"index":"index","follow":"follow","max-snippet":"max-snippet:-1","max-image-preview":"max-image-preview:large","max-video-preview":"max-video-preview:-1"},"og_locale":"hu_HU","og_type":"article","og_title":"BetLabel ingyenes fogad\u00e1s \ud83c\udf81 15% az els\u0151 befizet\u00e9sre 40300HUF!","og_description":"Szerezze meg ingyenes \u00fcdv\u00f6zl\u0151 fogad\u00e1s\u00e1t a BetLabel-t\u0151l, \u00e9s kapjon 15% b\u00f3nuszt az els\u0151 befizet\u00e9s\u00e9re! Regisztr\u00e1ljon, aktiv\u00e1lja a b\u00f3nuszt, \u00e9s t\u00f6ltse fel egyenleg\u00e9t \u2013 maxim\u00e1lis el\u0151ny\u00f6k v\u00e1rnak \u00d6nre! Ne hagyja ki ezt a lehet\u0151s\u00e9get!","og_url":"https:\/\/betlabel.games\/hu\/bonuses\/freebet\/","og_site_name":"Betlabel hu","article_modified_time":"2026-01-30T04:48:17+00:00","twitter_card":"summary_large_image","schema":{"@context":"https:\/\/schema.org","@graph":[{"@type":"WebPage","@id":"https:\/\/betlabel.games\/hu\/bonuses\/freebet\/","url":"https:\/\/betlabel.games\/hu\/bonuses\/freebet\/","name":"BetLabel ingyenes fogad\u00e1s \ud83c\udf81 15% az els\u0151 befizet\u00e9sre 40300HUF!","isPartOf":{"@id":"https:\/\/betlabel.games\/hu\/#website"},"datePublished":"2025-06-13T07:21:59+00:00","dateModified":"2026-01-30T04:48:17+00:00","description":"Szerezze meg ingyenes \u00fcdv\u00f6zl\u0151 fogad\u00e1s\u00e1t a BetLabel-t\u0151l, \u00e9s kapjon 15% b\u00f3nuszt az els\u0151 befizet\u00e9s\u00e9re! Regisztr\u00e1ljon, aktiv\u00e1lja a b\u00f3nuszt, \u00e9s t\u00f6ltse fel egyenleg\u00e9t \u2013 maxim\u00e1lis el\u0151ny\u00f6k v\u00e1rnak \u00d6nre! Ne hagyja ki ezt a lehet\u0151s\u00e9get!","breadcrumb":{"@id":"https:\/\/betlabel.games\/hu\/bonuses\/freebet\/#breadcrumb"},"inLanguage":"hu","potentialAction":[{"@type":"ReadAction","target":["https:\/\/betlabel.games\/hu\/bonuses\/freebet\/"]}]},{"@type":"BreadcrumbList","@id":"https:\/\/betlabel.games\/hu\/bonuses\/freebet\/#breadcrumb","itemListElement":[{"@type":"ListItem","position":1,"name":"Home","item":"https:\/\/betlabel.games\/hu\/"},{"@type":"ListItem","position":2,"name":"B\u00f3nuszok","item":"https:\/\/betlabel.games\/hu\/bonuses\/"},{"@type":"ListItem","position":3,"name":"Ingyenes fogad\u00e1s"}]},{"@type":"WebSite","@id":"https:\/\/betlabel.games\/hu\/#website","url":"https:\/\/betlabel.games\/hu\/","name":"Betlabel hu","description":"A WordPress blogom","potentialAction":[{"@type":"SearchAction","target":{"@type":"EntryPoint","urlTemplate":"https:\/\/betlabel.games\/hu\/?s={search_term_string}"},"query-input":{"@type":"PropertyValueSpecification","valueRequired":true,"valueName":"search_term_string"}}],"inLanguage":"hu"}]}},"_links":{"self":[{"href":"https:\/\/betlabel.games\/hu\/wp-json\/wp\/v2\/pages\/440","targetHints":{"allow":["GET"]}}],"collection":[{"href":"https:\/\/betlabel.games\/hu\/wp-json\/wp\/v2\/pages"}],"about":[{"href":"https:\/\/betlabel.games\/hu\/wp-json\/wp\/v2\/types\/page"}],"author":[{"embeddable":true,"href":"https:\/\/betlabel.games\/hu\/wp-json\/wp\/v2\/users\/1"}],"replies":[{"embeddable":true,"href":"https:\/\/betlabel.games\/hu\/wp-json\/wp\/v2\/comments?post=440"}],"version-history":[{"count":3,"href":"https:\/\/betlabel.games\/hu\/wp-json\/wp\/v2\/pages\/440\/revisions"}],"predecessor-version":[{"id":1010,"href":"https:\/\/betlabel.games\/hu\/wp-json\/wp\/v2\/pages\/440\/revisions\/1010"}],"up":[{"embeddable":true,"href":"https:\/\/betlabel.games\/hu\/wp-json\/wp\/v2\/pages\/201"}],"wp:attachment":[{"href":"https:\/\/betlabel.games\/hu\/wp-json\/wp\/v2\/media?parent=440"}],"curies":[{"name":"wp","href":"https:\/\/api.w.org\/{rel}","templated":true}]}}