{"id":443,"date":"2025-06-13T07:30:16","date_gmt":"2025-06-13T07:30:16","guid":{"rendered":"https:\/\/betlabel.games\/hu\/?page_id=443"},"modified":"2026-01-27T18:45:26","modified_gmt":"2026-01-27T18:45:26","slug":"casino-welcome-pack","status":"publish","type":"page","link":"https:\/\/betlabel.games\/hu\/bonuses\/casino-welcome-pack\/","title":{"rendered":"Kaszin\u00f3 \u00fcdv\u00f6zl\u0151 csomag"},"content":{"rendered":"","protected":false},"excerpt":{"rendered":"","protected":false},"author":1,"featured_media":0,"parent":201,"menu_order":0,"comment_status":"closed","ping_status":"closed","template":"","meta":{"footnotes":""},"class_list":["post-443","page","type-page","status-publish","hentry"],"yoast_head":"<!-- This site is optimized with the Yoast SEO plugin v26.6 - https:\/\/yoast.com\/wordpress\/plugins\/seo\/ -->\n<title>BetLabel Kaszin\u00f3 \u00dcdv\u00f6zl\u0151 Csomag \ud83c\udf81 549 000 HUF \u00e9s 150 FS<\/title>\n<meta name=\"description\" content=\"Mer\u00fclj\u00f6n el az izgalmas nyerem\u00e9nyek vil\u00e1g\u00e1ban a BetLabel kaszin\u00f3 \u00fcdv\u00f6zl\u0151 csomagj\u00e1val! Kapjon nagylelk\u0171 b\u00f3nuszokat, ak\u00e1r 549 000 HUF-ig \u00e9s 150 ingyenes p\u00f6rget\u00e9st az els\u0151 n\u00e9gy befizet\u00e9s\u00e9\u00e9rt. Regisztr\u00e1ljon \u00e9s kezdjen el j\u00e1tszani m\u00e9g ma!\" \/>\n<meta name=\"robots\" content=\"index, follow, max-snippet:-1, max-image-preview:large, max-video-preview:-1\" \/>\n<meta property=\"og:locale\" content=\"hu_HU\" \/>\n<meta property=\"og:type\" content=\"article\" \/>\n<meta property=\"og:title\" content=\"BetLabel Kaszin\u00f3 \u00dcdv\u00f6zl\u0151 Csomag \ud83c\udf81 549 000 HUF \u00e9s 150 FS\" \/>\n<meta property=\"og:description\" content=\"Mer\u00fclj\u00f6n el az izgalmas nyerem\u00e9nyek vil\u00e1g\u00e1ban a BetLabel kaszin\u00f3 \u00fcdv\u00f6zl\u0151 csomagj\u00e1val! Kapjon nagylelk\u0171 b\u00f3nuszokat, ak\u00e1r 549 000 HUF-ig \u00e9s 150 ingyenes p\u00f6rget\u00e9st az els\u0151 n\u00e9gy befizet\u00e9s\u00e9\u00e9rt. Regisztr\u00e1ljon \u00e9s kezdjen el j\u00e1tszani m\u00e9g ma!\" \/>\n<meta property=\"og:url\" content=\"https:\/\/betlabel.games\/hu\/bonuses\/casino-welcome-pack\/\" \/>\n<meta property=\"og:site_name\" content=\"Betlabel hu\" \/>\n<meta property=\"article:modified_time\" content=\"2026-01-27T18:45:26+00:00\" \/>\n<meta name=\"twitter:card\" content=\"summary_large_image\" \/>\n<script type=\"application\/ld+json\" class=\"yoast-schema-graph\">{\"@context\":\"https:\/\/schema.org\",\"@graph\":[{\"@type\":\"WebPage\",\"@id\":\"https:\/\/betlabel.games\/hu\/bonuses\/casino-welcome-pack\/\",\"url\":\"https:\/\/betlabel.games\/hu\/bonuses\/casino-welcome-pack\/\",\"name\":\"BetLabel Kaszin\u00f3 \u00dcdv\u00f6zl\u0151 Csomag \ud83c\udf81 549 000 HUF \u00e9s 150 FS\",\"isPartOf\":{\"@id\":\"https:\/\/betlabel.games\/hu\/#website\"},\"datePublished\":\"2025-06-13T07:30:16+00:00\",\"dateModified\":\"2026-01-27T18:45:26+00:00\",\"description\":\"Mer\u00fclj\u00f6n el az izgalmas nyerem\u00e9nyek vil\u00e1g\u00e1ban a BetLabel kaszin\u00f3 \u00fcdv\u00f6zl\u0151 csomagj\u00e1val! Kapjon nagylelk\u0171 b\u00f3nuszokat, ak\u00e1r 549 000 HUF-ig \u00e9s 150 ingyenes p\u00f6rget\u00e9st az els\u0151 n\u00e9gy befizet\u00e9s\u00e9\u00e9rt. Regisztr\u00e1ljon \u00e9s kezdjen el j\u00e1tszani m\u00e9g ma!\",\"breadcrumb\":{\"@id\":\"https:\/\/betlabel.games\/hu\/bonuses\/casino-welcome-pack\/#breadcrumb\"},\"inLanguage\":\"hu\",\"potentialAction\":[{\"@type\":\"ReadAction\",\"target\":[\"https:\/\/betlabel.games\/hu\/bonuses\/casino-welcome-pack\/\"]}]},{\"@type\":\"BreadcrumbList\",\"@id\":\"https:\/\/betlabel.games\/hu\/bonuses\/casino-welcome-pack\/#breadcrumb\",\"itemListElement\":[{\"@type\":\"ListItem\",\"position\":1,\"name\":\"Home\",\"item\":\"https:\/\/betlabel.games\/hu\/\"},{\"@type\":\"ListItem\",\"position\":2,\"name\":\"B\u00f3nuszok\",\"item\":\"https:\/\/betlabel.games\/hu\/bonuses\/\"},{\"@type\":\"ListItem\",\"position\":3,\"name\":\"Kaszin\u00f3 \u00fcdv\u00f6zl\u0151 csomag\"}]},{\"@type\":\"WebSite\",\"@id\":\"https:\/\/betlabel.games\/hu\/#website\",\"url\":\"https:\/\/betlabel.games\/hu\/\",\"name\":\"Betlabel hu\",\"description\":\"A WordPress blogom\",\"potentialAction\":[{\"@type\":\"SearchAction\",\"target\":{\"@type\":\"EntryPoint\",\"urlTemplate\":\"https:\/\/betlabel.games\/hu\/?s={search_term_string}\"},\"query-input\":{\"@type\":\"PropertyValueSpecification\",\"valueRequired\":true,\"valueName\":\"search_term_string\"}}],\"inLanguage\":\"hu\"}]}<\/script>\n<!-- \/ Yoast SEO plugin. -->","yoast_head_json":{"title":"BetLabel Kaszin\u00f3 \u00dcdv\u00f6zl\u0151 Csomag \ud83c\udf81 549 000 HUF \u00e9s 150 FS","description":"Mer\u00fclj\u00f6n el az izgalmas nyerem\u00e9nyek vil\u00e1g\u00e1ban a BetLabel kaszin\u00f3 \u00fcdv\u00f6zl\u0151 csomagj\u00e1val! Kapjon nagylelk\u0171 b\u00f3nuszokat, ak\u00e1r 549 000 HUF-ig \u00e9s 150 ingyenes p\u00f6rget\u00e9st az els\u0151 n\u00e9gy befizet\u00e9s\u00e9\u00e9rt. Regisztr\u00e1ljon \u00e9s kezdjen el j\u00e1tszani m\u00e9g ma!","robots":{"index":"index","follow":"follow","max-snippet":"max-snippet:-1","max-image-preview":"max-image-preview:large","max-video-preview":"max-video-preview:-1"},"og_locale":"hu_HU","og_type":"article","og_title":"BetLabel Kaszin\u00f3 \u00dcdv\u00f6zl\u0151 Csomag \ud83c\udf81 549 000 HUF \u00e9s 150 FS","og_description":"Mer\u00fclj\u00f6n el az izgalmas nyerem\u00e9nyek vil\u00e1g\u00e1ban a BetLabel kaszin\u00f3 \u00fcdv\u00f6zl\u0151 csomagj\u00e1val! Kapjon nagylelk\u0171 b\u00f3nuszokat, ak\u00e1r 549 000 HUF-ig \u00e9s 150 ingyenes p\u00f6rget\u00e9st az els\u0151 n\u00e9gy befizet\u00e9s\u00e9\u00e9rt. Regisztr\u00e1ljon \u00e9s kezdjen el j\u00e1tszani m\u00e9g ma!","og_url":"https:\/\/betlabel.games\/hu\/bonuses\/casino-welcome-pack\/","og_site_name":"Betlabel hu","article_modified_time":"2026-01-27T18:45:26+00:00","twitter_card":"summary_large_image","schema":{"@context":"https:\/\/schema.org","@graph":[{"@type":"WebPage","@id":"https:\/\/betlabel.games\/hu\/bonuses\/casino-welcome-pack\/","url":"https:\/\/betlabel.games\/hu\/bonuses\/casino-welcome-pack\/","name":"BetLabel Kaszin\u00f3 \u00dcdv\u00f6zl\u0151 Csomag \ud83c\udf81 549 000 HUF \u00e9s 150 FS","isPartOf":{"@id":"https:\/\/betlabel.games\/hu\/#website"},"datePublished":"2025-06-13T07:30:16+00:00","dateModified":"2026-01-27T18:45:26+00:00","description":"Mer\u00fclj\u00f6n el az izgalmas nyerem\u00e9nyek vil\u00e1g\u00e1ban a BetLabel kaszin\u00f3 \u00fcdv\u00f6zl\u0151 csomagj\u00e1val! Kapjon nagylelk\u0171 b\u00f3nuszokat, ak\u00e1r 549 000 HUF-ig \u00e9s 150 ingyenes p\u00f6rget\u00e9st az els\u0151 n\u00e9gy befizet\u00e9s\u00e9\u00e9rt. Regisztr\u00e1ljon \u00e9s kezdjen el j\u00e1tszani m\u00e9g ma!","breadcrumb":{"@id":"https:\/\/betlabel.games\/hu\/bonuses\/casino-welcome-pack\/#breadcrumb"},"inLanguage":"hu","potentialAction":[{"@type":"ReadAction","target":["https:\/\/betlabel.games\/hu\/bonuses\/casino-welcome-pack\/"]}]},{"@type":"BreadcrumbList","@id":"https:\/\/betlabel.games\/hu\/bonuses\/casino-welcome-pack\/#breadcrumb","itemListElement":[{"@type":"ListItem","position":1,"name":"Home","item":"https:\/\/betlabel.games\/hu\/"},{"@type":"ListItem","position":2,"name":"B\u00f3nuszok","item":"https:\/\/betlabel.games\/hu\/bonuses\/"},{"@type":"ListItem","position":3,"name":"Kaszin\u00f3 \u00fcdv\u00f6zl\u0151 csomag"}]},{"@type":"WebSite","@id":"https:\/\/betlabel.games\/hu\/#website","url":"https:\/\/betlabel.games\/hu\/","name":"Betlabel hu","description":"A WordPress blogom","potentialAction":[{"@type":"SearchAction","target":{"@type":"EntryPoint","urlTemplate":"https:\/\/betlabel.games\/hu\/?s={search_term_string}"},"query-input":{"@type":"PropertyValueSpecification","valueRequired":true,"valueName":"search_term_string"}}],"inLanguage":"hu"}]}},"_links":{"self":[{"href":"https:\/\/betlabel.games\/hu\/wp-json\/wp\/v2\/pages\/443","targetHints":{"allow":["GET"]}}],"collection":[{"href":"https:\/\/betlabel.games\/hu\/wp-json\/wp\/v2\/pages"}],"about":[{"href":"https:\/\/betlabel.games\/hu\/wp-json\/wp\/v2\/types\/page"}],"author":[{"embeddable":true,"href":"https:\/\/betlabel.games\/hu\/wp-json\/wp\/v2\/users\/1"}],"replies":[{"embeddable":true,"href":"https:\/\/betlabel.games\/hu\/wp-json\/wp\/v2\/comments?post=443"}],"version-history":[{"count":5,"href":"https:\/\/betlabel.games\/hu\/wp-json\/wp\/v2\/pages\/443\/revisions"}],"predecessor-version":[{"id":1007,"href":"https:\/\/betlabel.games\/hu\/wp-json\/wp\/v2\/pages\/443\/revisions\/1007"}],"up":[{"embeddable":true,"href":"https:\/\/betlabel.games\/hu\/wp-json\/wp\/v2\/pages\/201"}],"wp:attachment":[{"href":"https:\/\/betlabel.games\/hu\/wp-json\/wp\/v2\/media?parent=443"}],"curies":[{"name":"wp","href":"https:\/\/api.w.org\/{rel}","templated":true}]}}