{"id":716,"date":"2025-12-24T12:19:05","date_gmt":"2025-12-24T12:19:05","guid":{"rendered":"https:\/\/betlabel.games\/hu\/?page_id=716"},"modified":"2026-01-30T05:01:35","modified_gmt":"2026-01-30T05:01:35","slug":"ice-hockey-betting","status":"publish","type":"page","link":"https:\/\/betlabel.games\/hu\/ice-hockey-betting\/","title":{"rendered":"J\u00e9gkorong"},"content":{"rendered":"","protected":false},"excerpt":{"rendered":"","protected":false},"author":1,"featured_media":0,"parent":0,"menu_order":0,"comment_status":"closed","ping_status":"closed","template":"","meta":{"footnotes":""},"class_list":["post-716","page","type-page","status-publish","hentry"],"yoast_head":"<!-- This site is optimized with the Yoast SEO plugin v27.4 - https:\/\/yoast.com\/product\/yoast-seo-wordpress\/ -->\n<title>BetLabel J\u00e9gkorong \ud83c\udfd2 NHL, KHL, \u00e9l\u0151 \u00e9s magas oddsok<\/title>\n<meta name=\"description\" content=\"Hoki fogad\u00e1sok a BetLabel-n\u00e9l \ud83c\udfd2\ud83e\udd45 NHL, KHL, vil\u00e1gbajnoks\u00e1gok t\u00f6bb mint 1000 piaccal. Magas oddsok a hendikepekre, \u00f6sszes\u00edtett eredm\u00e9nyekre, peri\u00f3dusokra. \u00c9l\u0151 k\u00f6zvet\u00edt\u00e9sek, statisztik\u00e1k \u00e9s 100% b\u00f3nusz az els\u0151 befizet\u00e9sedre!\" \/>\n<meta name=\"robots\" content=\"index, follow, max-snippet:-1, max-image-preview:large, max-video-preview:-1\" \/>\n<meta property=\"og:locale\" content=\"hu_HU\" \/>\n<meta property=\"og:type\" content=\"article\" \/>\n<meta property=\"og:title\" content=\"BetLabel J\u00e9gkorong \ud83c\udfd2 NHL, KHL, \u00e9l\u0151 \u00e9s magas oddsok\" \/>\n<meta property=\"og:description\" content=\"Hoki fogad\u00e1sok a BetLabel-n\u00e9l \ud83c\udfd2\ud83e\udd45 NHL, KHL, vil\u00e1gbajnoks\u00e1gok t\u00f6bb mint 1000 piaccal. Magas oddsok a hendikepekre, \u00f6sszes\u00edtett eredm\u00e9nyekre, peri\u00f3dusokra. \u00c9l\u0151 k\u00f6zvet\u00edt\u00e9sek, statisztik\u00e1k \u00e9s 100% b\u00f3nusz az els\u0151 befizet\u00e9sedre!\" \/>\n<meta property=\"og:url\" content=\"https:\/\/betlabel.games\/hu\/ice-hockey-betting\/\" \/>\n<meta property=\"og:site_name\" content=\"Betlabel hu\" \/>\n<meta property=\"article:modified_time\" content=\"2026-01-30T05:01:35+00:00\" \/>\n<meta name=\"twitter:card\" content=\"summary_large_image\" \/>\n<script type=\"application\/ld+json\" class=\"yoast-schema-graph\">{\"@context\":\"https:\\\/\\\/schema.org\",\"@graph\":[{\"@type\":\"WebPage\",\"@id\":\"https:\\\/\\\/betlabel.games\\\/hu\\\/ice-hockey-betting\\\/\",\"url\":\"https:\\\/\\\/betlabel.games\\\/hu\\\/ice-hockey-betting\\\/\",\"name\":\"BetLabel J\u00e9gkorong \ud83c\udfd2 NHL, KHL, \u00e9l\u0151 \u00e9s magas oddsok\",\"isPartOf\":{\"@id\":\"https:\\\/\\\/betlabel.games\\\/hu\\\/#website\"},\"datePublished\":\"2025-12-24T12:19:05+00:00\",\"dateModified\":\"2026-01-30T05:01:35+00:00\",\"description\":\"Hoki fogad\u00e1sok a BetLabel-n\u00e9l \ud83c\udfd2\ud83e\udd45 NHL, KHL, vil\u00e1gbajnoks\u00e1gok t\u00f6bb mint 1000 piaccal. Magas oddsok a hendikepekre, \u00f6sszes\u00edtett eredm\u00e9nyekre, peri\u00f3dusokra. \u00c9l\u0151 k\u00f6zvet\u00edt\u00e9sek, statisztik\u00e1k \u00e9s 100% b\u00f3nusz az els\u0151 befizet\u00e9sedre!\",\"breadcrumb\":{\"@id\":\"https:\\\/\\\/betlabel.games\\\/hu\\\/ice-hockey-betting\\\/#breadcrumb\"},\"inLanguage\":\"hu\",\"potentialAction\":[{\"@type\":\"ReadAction\",\"target\":[\"https:\\\/\\\/betlabel.games\\\/hu\\\/ice-hockey-betting\\\/\"]}]},{\"@type\":\"BreadcrumbList\",\"@id\":\"https:\\\/\\\/betlabel.games\\\/hu\\\/ice-hockey-betting\\\/#breadcrumb\",\"itemListElement\":[{\"@type\":\"ListItem\",\"position\":1,\"name\":\"Home\",\"item\":\"https:\\\/\\\/betlabel.games\\\/hu\\\/\"},{\"@type\":\"ListItem\",\"position\":2,\"name\":\"J\u00e9gkorong\"}]},{\"@type\":\"WebSite\",\"@id\":\"https:\\\/\\\/betlabel.games\\\/hu\\\/#website\",\"url\":\"https:\\\/\\\/betlabel.games\\\/hu\\\/\",\"name\":\"Betlabel hu\",\"description\":\"A WordPress blogom\",\"potentialAction\":[{\"@type\":\"SearchAction\",\"target\":{\"@type\":\"EntryPoint\",\"urlTemplate\":\"https:\\\/\\\/betlabel.games\\\/hu\\\/?s={search_term_string}\"},\"query-input\":{\"@type\":\"PropertyValueSpecification\",\"valueRequired\":true,\"valueName\":\"search_term_string\"}}],\"inLanguage\":\"hu\"}]}<\/script>\n<!-- \/ Yoast SEO plugin. -->","yoast_head_json":{"title":"BetLabel J\u00e9gkorong \ud83c\udfd2 NHL, KHL, \u00e9l\u0151 \u00e9s magas oddsok","description":"Hoki fogad\u00e1sok a BetLabel-n\u00e9l \ud83c\udfd2\ud83e\udd45 NHL, KHL, vil\u00e1gbajnoks\u00e1gok t\u00f6bb mint 1000 piaccal. Magas oddsok a hendikepekre, \u00f6sszes\u00edtett eredm\u00e9nyekre, peri\u00f3dusokra. \u00c9l\u0151 k\u00f6zvet\u00edt\u00e9sek, statisztik\u00e1k \u00e9s 100% b\u00f3nusz az els\u0151 befizet\u00e9sedre!","robots":{"index":"index","follow":"follow","max-snippet":"max-snippet:-1","max-image-preview":"max-image-preview:large","max-video-preview":"max-video-preview:-1"},"og_locale":"hu_HU","og_type":"article","og_title":"BetLabel J\u00e9gkorong \ud83c\udfd2 NHL, KHL, \u00e9l\u0151 \u00e9s magas oddsok","og_description":"Hoki fogad\u00e1sok a BetLabel-n\u00e9l \ud83c\udfd2\ud83e\udd45 NHL, KHL, vil\u00e1gbajnoks\u00e1gok t\u00f6bb mint 1000 piaccal. Magas oddsok a hendikepekre, \u00f6sszes\u00edtett eredm\u00e9nyekre, peri\u00f3dusokra. \u00c9l\u0151 k\u00f6zvet\u00edt\u00e9sek, statisztik\u00e1k \u00e9s 100% b\u00f3nusz az els\u0151 befizet\u00e9sedre!","og_url":"https:\/\/betlabel.games\/hu\/ice-hockey-betting\/","og_site_name":"Betlabel hu","article_modified_time":"2026-01-30T05:01:35+00:00","twitter_card":"summary_large_image","schema":{"@context":"https:\/\/schema.org","@graph":[{"@type":"WebPage","@id":"https:\/\/betlabel.games\/hu\/ice-hockey-betting\/","url":"https:\/\/betlabel.games\/hu\/ice-hockey-betting\/","name":"BetLabel J\u00e9gkorong \ud83c\udfd2 NHL, KHL, \u00e9l\u0151 \u00e9s magas oddsok","isPartOf":{"@id":"https:\/\/betlabel.games\/hu\/#website"},"datePublished":"2025-12-24T12:19:05+00:00","dateModified":"2026-01-30T05:01:35+00:00","description":"Hoki fogad\u00e1sok a BetLabel-n\u00e9l \ud83c\udfd2\ud83e\udd45 NHL, KHL, vil\u00e1gbajnoks\u00e1gok t\u00f6bb mint 1000 piaccal. Magas oddsok a hendikepekre, \u00f6sszes\u00edtett eredm\u00e9nyekre, peri\u00f3dusokra. \u00c9l\u0151 k\u00f6zvet\u00edt\u00e9sek, statisztik\u00e1k \u00e9s 100% b\u00f3nusz az els\u0151 befizet\u00e9sedre!","breadcrumb":{"@id":"https:\/\/betlabel.games\/hu\/ice-hockey-betting\/#breadcrumb"},"inLanguage":"hu","potentialAction":[{"@type":"ReadAction","target":["https:\/\/betlabel.games\/hu\/ice-hockey-betting\/"]}]},{"@type":"BreadcrumbList","@id":"https:\/\/betlabel.games\/hu\/ice-hockey-betting\/#breadcrumb","itemListElement":[{"@type":"ListItem","position":1,"name":"Home","item":"https:\/\/betlabel.games\/hu\/"},{"@type":"ListItem","position":2,"name":"J\u00e9gkorong"}]},{"@type":"WebSite","@id":"https:\/\/betlabel.games\/hu\/#website","url":"https:\/\/betlabel.games\/hu\/","name":"Betlabel hu","description":"A WordPress blogom","potentialAction":[{"@type":"SearchAction","target":{"@type":"EntryPoint","urlTemplate":"https:\/\/betlabel.games\/hu\/?s={search_term_string}"},"query-input":{"@type":"PropertyValueSpecification","valueRequired":true,"valueName":"search_term_string"}}],"inLanguage":"hu"}]}},"_links":{"self":[{"href":"https:\/\/betlabel.games\/hu\/wp-json\/wp\/v2\/pages\/716","targetHints":{"allow":["GET"]}}],"collection":[{"href":"https:\/\/betlabel.games\/hu\/wp-json\/wp\/v2\/pages"}],"about":[{"href":"https:\/\/betlabel.games\/hu\/wp-json\/wp\/v2\/types\/page"}],"author":[{"embeddable":true,"href":"https:\/\/betlabel.games\/hu\/wp-json\/wp\/v2\/users\/1"}],"replies":[{"embeddable":true,"href":"https:\/\/betlabel.games\/hu\/wp-json\/wp\/v2\/comments?post=716"}],"version-history":[{"count":5,"href":"https:\/\/betlabel.games\/hu\/wp-json\/wp\/v2\/pages\/716\/revisions"}],"predecessor-version":[{"id":1038,"href":"https:\/\/betlabel.games\/hu\/wp-json\/wp\/v2\/pages\/716\/revisions\/1038"}],"wp:attachment":[{"href":"https:\/\/betlabel.games\/hu\/wp-json\/wp\/v2\/media?parent=716"}],"curies":[{"name":"wp","href":"https:\/\/api.w.org\/{rel}","templated":true}]}}