{"id":750,"date":"2025-12-29T17:25:25","date_gmt":"2025-12-29T17:25:25","guid":{"rendered":"https:\/\/betlabel.games\/hu\/?page_id=750"},"modified":"2026-01-28T06:19:18","modified_gmt":"2026-01-28T06:19:18","slug":"esports-betting","status":"publish","type":"page","link":"https:\/\/betlabel.games\/hu\/esports-betting\/","title":{"rendered":"E-sport fogad\u00e1sok"},"content":{"rendered":"","protected":false},"excerpt":{"rendered":"","protected":false},"author":1,"featured_media":0,"parent":0,"menu_order":0,"comment_status":"closed","ping_status":"closed","template":"","meta":{"footnotes":""},"class_list":["post-750","page","type-page","status-publish","hentry"],"yoast_head":"<!-- This site is optimized with the Yoast SEO plugin v27.4 - https:\/\/yoast.com\/product\/yoast-seo-wordpress\/ -->\n<title>Esports fogad\u00e1sok a BetLabel-en \ud83d\udc68\ud83c\udffb\u200d\ud83d\udcbb Dota 2, CS2 \u00e9s \u00e9l\u0151 oddsok<\/title>\n<meta name=\"description\" content=\"Fogadjon az e-sportra a BetLabeln\u00e9l \ud83d\udc68\ud83c\udffb\u200d\ud83d\udcbb Dota 2, CS2, LoL \u00e9s egy\u00e9b sport\u00e1gak. Magas oddsok, k\u00e9nyelmes vonal, r\u00e9szletes statisztik\u00e1k \u00e9s \u00e9l\u0151 fogad\u00e1s \u2013 kezd\u0151knek \u00e9s tapasztalt j\u00e1t\u00e9kosoknak egyar\u00e1nt.\" \/>\n<meta name=\"robots\" content=\"index, follow, max-snippet:-1, max-image-preview:large, max-video-preview:-1\" \/>\n<meta property=\"og:locale\" content=\"hu_HU\" \/>\n<meta property=\"og:type\" content=\"article\" \/>\n<meta property=\"og:title\" content=\"Esports fogad\u00e1sok a BetLabel-en \ud83d\udc68\ud83c\udffb\u200d\ud83d\udcbb Dota 2, CS2 \u00e9s \u00e9l\u0151 oddsok\" \/>\n<meta property=\"og:description\" content=\"Fogadjon az e-sportra a BetLabeln\u00e9l \ud83d\udc68\ud83c\udffb\u200d\ud83d\udcbb Dota 2, CS2, LoL \u00e9s egy\u00e9b sport\u00e1gak. Magas oddsok, k\u00e9nyelmes vonal, r\u00e9szletes statisztik\u00e1k \u00e9s \u00e9l\u0151 fogad\u00e1s \u2013 kezd\u0151knek \u00e9s tapasztalt j\u00e1t\u00e9kosoknak egyar\u00e1nt.\" \/>\n<meta property=\"og:url\" content=\"https:\/\/betlabel.games\/hu\/esports-betting\/\" \/>\n<meta property=\"og:site_name\" content=\"Betlabel hu\" \/>\n<meta property=\"article:modified_time\" content=\"2026-01-28T06:19:18+00:00\" \/>\n<meta name=\"twitter:card\" content=\"summary_large_image\" \/>\n<script type=\"application\/ld+json\" class=\"yoast-schema-graph\">{\"@context\":\"https:\\\/\\\/schema.org\",\"@graph\":[{\"@type\":\"WebPage\",\"@id\":\"https:\\\/\\\/betlabel.games\\\/hu\\\/esports-betting\\\/\",\"url\":\"https:\\\/\\\/betlabel.games\\\/hu\\\/esports-betting\\\/\",\"name\":\"Esports fogad\u00e1sok a BetLabel-en \ud83d\udc68\ud83c\udffb\u200d\ud83d\udcbb Dota 2, CS2 \u00e9s \u00e9l\u0151 oddsok\",\"isPartOf\":{\"@id\":\"https:\\\/\\\/betlabel.games\\\/hu\\\/#website\"},\"datePublished\":\"2025-12-29T17:25:25+00:00\",\"dateModified\":\"2026-01-28T06:19:18+00:00\",\"description\":\"Fogadjon az e-sportra a BetLabeln\u00e9l \ud83d\udc68\ud83c\udffb\u200d\ud83d\udcbb Dota 2, CS2, LoL \u00e9s egy\u00e9b sport\u00e1gak. Magas oddsok, k\u00e9nyelmes vonal, r\u00e9szletes statisztik\u00e1k \u00e9s \u00e9l\u0151 fogad\u00e1s \u2013 kezd\u0151knek \u00e9s tapasztalt j\u00e1t\u00e9kosoknak egyar\u00e1nt.\",\"breadcrumb\":{\"@id\":\"https:\\\/\\\/betlabel.games\\\/hu\\\/esports-betting\\\/#breadcrumb\"},\"inLanguage\":\"hu\",\"potentialAction\":[{\"@type\":\"ReadAction\",\"target\":[\"https:\\\/\\\/betlabel.games\\\/hu\\\/esports-betting\\\/\"]}]},{\"@type\":\"BreadcrumbList\",\"@id\":\"https:\\\/\\\/betlabel.games\\\/hu\\\/esports-betting\\\/#breadcrumb\",\"itemListElement\":[{\"@type\":\"ListItem\",\"position\":1,\"name\":\"Home\",\"item\":\"https:\\\/\\\/betlabel.games\\\/hu\\\/\"},{\"@type\":\"ListItem\",\"position\":2,\"name\":\"E-sport fogad\u00e1sok\"}]},{\"@type\":\"WebSite\",\"@id\":\"https:\\\/\\\/betlabel.games\\\/hu\\\/#website\",\"url\":\"https:\\\/\\\/betlabel.games\\\/hu\\\/\",\"name\":\"Betlabel hu\",\"description\":\"A WordPress blogom\",\"potentialAction\":[{\"@type\":\"SearchAction\",\"target\":{\"@type\":\"EntryPoint\",\"urlTemplate\":\"https:\\\/\\\/betlabel.games\\\/hu\\\/?s={search_term_string}\"},\"query-input\":{\"@type\":\"PropertyValueSpecification\",\"valueRequired\":true,\"valueName\":\"search_term_string\"}}],\"inLanguage\":\"hu\"}]}<\/script>\n<!-- \/ Yoast SEO plugin. -->","yoast_head_json":{"title":"Esports fogad\u00e1sok a BetLabel-en \ud83d\udc68\ud83c\udffb\u200d\ud83d\udcbb Dota 2, CS2 \u00e9s \u00e9l\u0151 oddsok","description":"Fogadjon az e-sportra a BetLabeln\u00e9l \ud83d\udc68\ud83c\udffb\u200d\ud83d\udcbb Dota 2, CS2, LoL \u00e9s egy\u00e9b sport\u00e1gak. Magas oddsok, k\u00e9nyelmes vonal, r\u00e9szletes statisztik\u00e1k \u00e9s \u00e9l\u0151 fogad\u00e1s \u2013 kezd\u0151knek \u00e9s tapasztalt j\u00e1t\u00e9kosoknak egyar\u00e1nt.","robots":{"index":"index","follow":"follow","max-snippet":"max-snippet:-1","max-image-preview":"max-image-preview:large","max-video-preview":"max-video-preview:-1"},"og_locale":"hu_HU","og_type":"article","og_title":"Esports fogad\u00e1sok a BetLabel-en \ud83d\udc68\ud83c\udffb\u200d\ud83d\udcbb Dota 2, CS2 \u00e9s \u00e9l\u0151 oddsok","og_description":"Fogadjon az e-sportra a BetLabeln\u00e9l \ud83d\udc68\ud83c\udffb\u200d\ud83d\udcbb Dota 2, CS2, LoL \u00e9s egy\u00e9b sport\u00e1gak. Magas oddsok, k\u00e9nyelmes vonal, r\u00e9szletes statisztik\u00e1k \u00e9s \u00e9l\u0151 fogad\u00e1s \u2013 kezd\u0151knek \u00e9s tapasztalt j\u00e1t\u00e9kosoknak egyar\u00e1nt.","og_url":"https:\/\/betlabel.games\/hu\/esports-betting\/","og_site_name":"Betlabel hu","article_modified_time":"2026-01-28T06:19:18+00:00","twitter_card":"summary_large_image","schema":{"@context":"https:\/\/schema.org","@graph":[{"@type":"WebPage","@id":"https:\/\/betlabel.games\/hu\/esports-betting\/","url":"https:\/\/betlabel.games\/hu\/esports-betting\/","name":"Esports fogad\u00e1sok a BetLabel-en \ud83d\udc68\ud83c\udffb\u200d\ud83d\udcbb Dota 2, CS2 \u00e9s \u00e9l\u0151 oddsok","isPartOf":{"@id":"https:\/\/betlabel.games\/hu\/#website"},"datePublished":"2025-12-29T17:25:25+00:00","dateModified":"2026-01-28T06:19:18+00:00","description":"Fogadjon az e-sportra a BetLabeln\u00e9l \ud83d\udc68\ud83c\udffb\u200d\ud83d\udcbb Dota 2, CS2, LoL \u00e9s egy\u00e9b sport\u00e1gak. Magas oddsok, k\u00e9nyelmes vonal, r\u00e9szletes statisztik\u00e1k \u00e9s \u00e9l\u0151 fogad\u00e1s \u2013 kezd\u0151knek \u00e9s tapasztalt j\u00e1t\u00e9kosoknak egyar\u00e1nt.","breadcrumb":{"@id":"https:\/\/betlabel.games\/hu\/esports-betting\/#breadcrumb"},"inLanguage":"hu","potentialAction":[{"@type":"ReadAction","target":["https:\/\/betlabel.games\/hu\/esports-betting\/"]}]},{"@type":"BreadcrumbList","@id":"https:\/\/betlabel.games\/hu\/esports-betting\/#breadcrumb","itemListElement":[{"@type":"ListItem","position":1,"name":"Home","item":"https:\/\/betlabel.games\/hu\/"},{"@type":"ListItem","position":2,"name":"E-sport fogad\u00e1sok"}]},{"@type":"WebSite","@id":"https:\/\/betlabel.games\/hu\/#website","url":"https:\/\/betlabel.games\/hu\/","name":"Betlabel hu","description":"A WordPress blogom","potentialAction":[{"@type":"SearchAction","target":{"@type":"EntryPoint","urlTemplate":"https:\/\/betlabel.games\/hu\/?s={search_term_string}"},"query-input":{"@type":"PropertyValueSpecification","valueRequired":true,"valueName":"search_term_string"}}],"inLanguage":"hu"}]}},"_links":{"self":[{"href":"https:\/\/betlabel.games\/hu\/wp-json\/wp\/v2\/pages\/750","targetHints":{"allow":["GET"]}}],"collection":[{"href":"https:\/\/betlabel.games\/hu\/wp-json\/wp\/v2\/pages"}],"about":[{"href":"https:\/\/betlabel.games\/hu\/wp-json\/wp\/v2\/types\/page"}],"author":[{"embeddable":true,"href":"https:\/\/betlabel.games\/hu\/wp-json\/wp\/v2\/users\/1"}],"replies":[{"embeddable":true,"href":"https:\/\/betlabel.games\/hu\/wp-json\/wp\/v2\/comments?post=750"}],"version-history":[{"count":5,"href":"https:\/\/betlabel.games\/hu\/wp-json\/wp\/v2\/pages\/750\/revisions"}],"predecessor-version":[{"id":1026,"href":"https:\/\/betlabel.games\/hu\/wp-json\/wp\/v2\/pages\/750\/revisions\/1026"}],"wp:attachment":[{"href":"https:\/\/betlabel.games\/hu\/wp-json\/wp\/v2\/media?parent=750"}],"curies":[{"name":"wp","href":"https:\/\/api.w.org\/{rel}","templated":true}]}}