{"id":772,"date":"2026-01-02T06:51:52","date_gmt":"2026-01-02T06:51:52","guid":{"rendered":"https:\/\/betlabel.games\/hu\/?page_id=772"},"modified":"2026-01-30T04:59:15","modified_gmt":"2026-01-30T04:59:15","slug":"chicken-road","status":"publish","type":"page","link":"https:\/\/betlabel.games\/hu\/chicken-road\/","title":{"rendered":"Chicken Road"},"content":{"rendered":"","protected":false},"excerpt":{"rendered":"","protected":false},"author":1,"featured_media":0,"parent":0,"menu_order":0,"comment_status":"closed","ping_status":"closed","template":"","meta":{"footnotes":""},"class_list":["post-772","page","type-page","status-publish","hentry"],"yoast_head":"<!-- This site is optimized with the Yoast SEO plugin v27.4 - https:\/\/yoast.com\/product\/yoast-seo-wordpress\/ -->\n<title>Chicken Road BetLabeln\u00e9l \ud83d\udc14 magas RTP rendelkez\u0151 crash j\u00e1t\u00e9k<\/title>\n<meta name=\"description\" content=\"A Chicken Road a BetLabel Kaszin\u00f3ban \ud83d\udcbb egy dinamikus crash j\u00e1t\u00e9k magas RTP-vel. Tegye meg t\u00e9tj\u00e9t, figyelje a szorz\u00f3 n\u00f6veked\u00e9s\u00e9t, \u00e9s id\u0151ben szedje be nyerem\u00e9ny\u00e9t. Ide\u00e1lis a gyors temp\u00f3j\u00fa \u00e9s izgalmas j\u00e1t\u00e9kokhoz.\" \/>\n<meta name=\"robots\" content=\"index, follow, max-snippet:-1, max-image-preview:large, max-video-preview:-1\" \/>\n<meta property=\"og:locale\" content=\"hu_HU\" \/>\n<meta property=\"og:type\" content=\"article\" \/>\n<meta property=\"og:title\" content=\"Chicken Road BetLabeln\u00e9l \ud83d\udc14 magas RTP rendelkez\u0151 crash j\u00e1t\u00e9k\" \/>\n<meta property=\"og:description\" content=\"A Chicken Road a BetLabel Kaszin\u00f3ban \ud83d\udcbb egy dinamikus crash j\u00e1t\u00e9k magas RTP-vel. Tegye meg t\u00e9tj\u00e9t, figyelje a szorz\u00f3 n\u00f6veked\u00e9s\u00e9t, \u00e9s id\u0151ben szedje be nyerem\u00e9ny\u00e9t. Ide\u00e1lis a gyors temp\u00f3j\u00fa \u00e9s izgalmas j\u00e1t\u00e9kokhoz.\" \/>\n<meta property=\"og:url\" content=\"https:\/\/betlabel.games\/hu\/chicken-road\/\" \/>\n<meta property=\"og:site_name\" content=\"Betlabel hu\" \/>\n<meta property=\"article:modified_time\" content=\"2026-01-30T04:59:15+00:00\" \/>\n<meta name=\"twitter:card\" content=\"summary_large_image\" \/>\n<script type=\"application\/ld+json\" class=\"yoast-schema-graph\">{\"@context\":\"https:\\\/\\\/schema.org\",\"@graph\":[{\"@type\":\"WebPage\",\"@id\":\"https:\\\/\\\/betlabel.games\\\/hu\\\/chicken-road\\\/\",\"url\":\"https:\\\/\\\/betlabel.games\\\/hu\\\/chicken-road\\\/\",\"name\":\"Chicken Road BetLabeln\u00e9l \ud83d\udc14 magas RTP rendelkez\u0151 crash j\u00e1t\u00e9k\",\"isPartOf\":{\"@id\":\"https:\\\/\\\/betlabel.games\\\/hu\\\/#website\"},\"datePublished\":\"2026-01-02T06:51:52+00:00\",\"dateModified\":\"2026-01-30T04:59:15+00:00\",\"description\":\"A Chicken Road a BetLabel Kaszin\u00f3ban \ud83d\udcbb egy dinamikus crash j\u00e1t\u00e9k magas RTP-vel. Tegye meg t\u00e9tj\u00e9t, figyelje a szorz\u00f3 n\u00f6veked\u00e9s\u00e9t, \u00e9s id\u0151ben szedje be nyerem\u00e9ny\u00e9t. Ide\u00e1lis a gyors temp\u00f3j\u00fa \u00e9s izgalmas j\u00e1t\u00e9kokhoz.\",\"breadcrumb\":{\"@id\":\"https:\\\/\\\/betlabel.games\\\/hu\\\/chicken-road\\\/#breadcrumb\"},\"inLanguage\":\"hu\",\"potentialAction\":[{\"@type\":\"ReadAction\",\"target\":[\"https:\\\/\\\/betlabel.games\\\/hu\\\/chicken-road\\\/\"]}]},{\"@type\":\"BreadcrumbList\",\"@id\":\"https:\\\/\\\/betlabel.games\\\/hu\\\/chicken-road\\\/#breadcrumb\",\"itemListElement\":[{\"@type\":\"ListItem\",\"position\":1,\"name\":\"Home\",\"item\":\"https:\\\/\\\/betlabel.games\\\/hu\\\/\"},{\"@type\":\"ListItem\",\"position\":2,\"name\":\"Chicken Road\"}]},{\"@type\":\"WebSite\",\"@id\":\"https:\\\/\\\/betlabel.games\\\/hu\\\/#website\",\"url\":\"https:\\\/\\\/betlabel.games\\\/hu\\\/\",\"name\":\"Betlabel hu\",\"description\":\"A WordPress blogom\",\"potentialAction\":[{\"@type\":\"SearchAction\",\"target\":{\"@type\":\"EntryPoint\",\"urlTemplate\":\"https:\\\/\\\/betlabel.games\\\/hu\\\/?s={search_term_string}\"},\"query-input\":{\"@type\":\"PropertyValueSpecification\",\"valueRequired\":true,\"valueName\":\"search_term_string\"}}],\"inLanguage\":\"hu\"}]}<\/script>\n<!-- \/ Yoast SEO plugin. -->","yoast_head_json":{"title":"Chicken Road BetLabeln\u00e9l \ud83d\udc14 magas RTP rendelkez\u0151 crash j\u00e1t\u00e9k","description":"A Chicken Road a BetLabel Kaszin\u00f3ban \ud83d\udcbb egy dinamikus crash j\u00e1t\u00e9k magas RTP-vel. Tegye meg t\u00e9tj\u00e9t, figyelje a szorz\u00f3 n\u00f6veked\u00e9s\u00e9t, \u00e9s id\u0151ben szedje be nyerem\u00e9ny\u00e9t. Ide\u00e1lis a gyors temp\u00f3j\u00fa \u00e9s izgalmas j\u00e1t\u00e9kokhoz.","robots":{"index":"index","follow":"follow","max-snippet":"max-snippet:-1","max-image-preview":"max-image-preview:large","max-video-preview":"max-video-preview:-1"},"og_locale":"hu_HU","og_type":"article","og_title":"Chicken Road BetLabeln\u00e9l \ud83d\udc14 magas RTP rendelkez\u0151 crash j\u00e1t\u00e9k","og_description":"A Chicken Road a BetLabel Kaszin\u00f3ban \ud83d\udcbb egy dinamikus crash j\u00e1t\u00e9k magas RTP-vel. Tegye meg t\u00e9tj\u00e9t, figyelje a szorz\u00f3 n\u00f6veked\u00e9s\u00e9t, \u00e9s id\u0151ben szedje be nyerem\u00e9ny\u00e9t. Ide\u00e1lis a gyors temp\u00f3j\u00fa \u00e9s izgalmas j\u00e1t\u00e9kokhoz.","og_url":"https:\/\/betlabel.games\/hu\/chicken-road\/","og_site_name":"Betlabel hu","article_modified_time":"2026-01-30T04:59:15+00:00","twitter_card":"summary_large_image","schema":{"@context":"https:\/\/schema.org","@graph":[{"@type":"WebPage","@id":"https:\/\/betlabel.games\/hu\/chicken-road\/","url":"https:\/\/betlabel.games\/hu\/chicken-road\/","name":"Chicken Road BetLabeln\u00e9l \ud83d\udc14 magas RTP rendelkez\u0151 crash j\u00e1t\u00e9k","isPartOf":{"@id":"https:\/\/betlabel.games\/hu\/#website"},"datePublished":"2026-01-02T06:51:52+00:00","dateModified":"2026-01-30T04:59:15+00:00","description":"A Chicken Road a BetLabel Kaszin\u00f3ban \ud83d\udcbb egy dinamikus crash j\u00e1t\u00e9k magas RTP-vel. Tegye meg t\u00e9tj\u00e9t, figyelje a szorz\u00f3 n\u00f6veked\u00e9s\u00e9t, \u00e9s id\u0151ben szedje be nyerem\u00e9ny\u00e9t. Ide\u00e1lis a gyors temp\u00f3j\u00fa \u00e9s izgalmas j\u00e1t\u00e9kokhoz.","breadcrumb":{"@id":"https:\/\/betlabel.games\/hu\/chicken-road\/#breadcrumb"},"inLanguage":"hu","potentialAction":[{"@type":"ReadAction","target":["https:\/\/betlabel.games\/hu\/chicken-road\/"]}]},{"@type":"BreadcrumbList","@id":"https:\/\/betlabel.games\/hu\/chicken-road\/#breadcrumb","itemListElement":[{"@type":"ListItem","position":1,"name":"Home","item":"https:\/\/betlabel.games\/hu\/"},{"@type":"ListItem","position":2,"name":"Chicken Road"}]},{"@type":"WebSite","@id":"https:\/\/betlabel.games\/hu\/#website","url":"https:\/\/betlabel.games\/hu\/","name":"Betlabel hu","description":"A WordPress blogom","potentialAction":[{"@type":"SearchAction","target":{"@type":"EntryPoint","urlTemplate":"https:\/\/betlabel.games\/hu\/?s={search_term_string}"},"query-input":{"@type":"PropertyValueSpecification","valueRequired":true,"valueName":"search_term_string"}}],"inLanguage":"hu"}]}},"_links":{"self":[{"href":"https:\/\/betlabel.games\/hu\/wp-json\/wp\/v2\/pages\/772","targetHints":{"allow":["GET"]}}],"collection":[{"href":"https:\/\/betlabel.games\/hu\/wp-json\/wp\/v2\/pages"}],"about":[{"href":"https:\/\/betlabel.games\/hu\/wp-json\/wp\/v2\/types\/page"}],"author":[{"embeddable":true,"href":"https:\/\/betlabel.games\/hu\/wp-json\/wp\/v2\/users\/1"}],"replies":[{"embeddable":true,"href":"https:\/\/betlabel.games\/hu\/wp-json\/wp\/v2\/comments?post=772"}],"version-history":[{"count":10,"href":"https:\/\/betlabel.games\/hu\/wp-json\/wp\/v2\/pages\/772\/revisions"}],"predecessor-version":[{"id":1067,"href":"https:\/\/betlabel.games\/hu\/wp-json\/wp\/v2\/pages\/772\/revisions\/1067"}],"wp:attachment":[{"href":"https:\/\/betlabel.games\/hu\/wp-json\/wp\/v2\/media?parent=772"}],"curies":[{"name":"wp","href":"https:\/\/api.w.org\/{rel}","templated":true}]}}