{"id":777,"date":"2026-01-02T07:26:08","date_gmt":"2026-01-02T07:26:08","guid":{"rendered":"https:\/\/betlabel.games\/hu\/?page_id=777"},"modified":"2026-01-30T05:47:46","modified_gmt":"2026-01-30T05:47:46","slug":"plinko","status":"publish","type":"page","link":"https:\/\/betlabel.games\/hu\/plinko\/","title":{"rendered":"Plinko"},"content":{"rendered":"","protected":false},"excerpt":{"rendered":"","protected":false},"author":1,"featured_media":0,"parent":0,"menu_order":0,"comment_status":"closed","ping_status":"closed","template":"","meta":{"footnotes":""},"class_list":["post-777","page","type-page","status-publish","hentry"],"yoast_head":"<!-- This site is optimized with the Yoast SEO plugin v27.4 - https:\/\/yoast.com\/product\/yoast-seo-wordpress\/ -->\n<title>Plinko a BetLabel Kaszin\u00f3ban \ud83c\udfaf Egyszer\u0171 j\u00e1t\u00e9k szorz\u00f3kkal<\/title>\n<meta name=\"description\" content=\"A BetLabel \u2714\ufe0f Plinko egy gyors \u00e9s k\u00f6nnyen \u00e9rthet\u0151 j\u00e1t\u00e9k, amelyben goly\u00f3k esnek \u00e9s szorz\u00f3kat lehet nyerni. Minim\u00e1lis t\u00e9tek, kock\u00e1zatkezel\u00e9s, r\u00f6vid k\u00f6r\u00f6k \u00e9s k\u00e9nyelmes j\u00e1t\u00e9k a sz\u00e1m\u00edt\u00f3g\u00e9pr\u0151l vagy a telefonr\u00f3l.\" \/>\n<meta name=\"robots\" content=\"index, follow, max-snippet:-1, max-image-preview:large, max-video-preview:-1\" \/>\n<meta property=\"og:locale\" content=\"hu_HU\" \/>\n<meta property=\"og:type\" content=\"article\" \/>\n<meta property=\"og:title\" content=\"Plinko a BetLabel Kaszin\u00f3ban \ud83c\udfaf Egyszer\u0171 j\u00e1t\u00e9k szorz\u00f3kkal\" \/>\n<meta property=\"og:description\" content=\"A BetLabel \u2714\ufe0f Plinko egy gyors \u00e9s k\u00f6nnyen \u00e9rthet\u0151 j\u00e1t\u00e9k, amelyben goly\u00f3k esnek \u00e9s szorz\u00f3kat lehet nyerni. Minim\u00e1lis t\u00e9tek, kock\u00e1zatkezel\u00e9s, r\u00f6vid k\u00f6r\u00f6k \u00e9s k\u00e9nyelmes j\u00e1t\u00e9k a sz\u00e1m\u00edt\u00f3g\u00e9pr\u0151l vagy a telefonr\u00f3l.\" \/>\n<meta property=\"og:url\" content=\"https:\/\/betlabel.games\/hu\/plinko\/\" \/>\n<meta property=\"og:site_name\" content=\"Betlabel hu\" \/>\n<meta property=\"article:modified_time\" content=\"2026-01-30T05:47:46+00:00\" \/>\n<meta name=\"twitter:card\" content=\"summary_large_image\" \/>\n<script type=\"application\/ld+json\" class=\"yoast-schema-graph\">{\"@context\":\"https:\\\/\\\/schema.org\",\"@graph\":[{\"@type\":\"WebPage\",\"@id\":\"https:\\\/\\\/betlabel.games\\\/hu\\\/plinko\\\/\",\"url\":\"https:\\\/\\\/betlabel.games\\\/hu\\\/plinko\\\/\",\"name\":\"Plinko a BetLabel Kaszin\u00f3ban \ud83c\udfaf Egyszer\u0171 j\u00e1t\u00e9k szorz\u00f3kkal\",\"isPartOf\":{\"@id\":\"https:\\\/\\\/betlabel.games\\\/hu\\\/#website\"},\"datePublished\":\"2026-01-02T07:26:08+00:00\",\"dateModified\":\"2026-01-30T05:47:46+00:00\",\"description\":\"A BetLabel \u2714\ufe0f Plinko egy gyors \u00e9s k\u00f6nnyen \u00e9rthet\u0151 j\u00e1t\u00e9k, amelyben goly\u00f3k esnek \u00e9s szorz\u00f3kat lehet nyerni. Minim\u00e1lis t\u00e9tek, kock\u00e1zatkezel\u00e9s, r\u00f6vid k\u00f6r\u00f6k \u00e9s k\u00e9nyelmes j\u00e1t\u00e9k a sz\u00e1m\u00edt\u00f3g\u00e9pr\u0151l vagy a telefonr\u00f3l.\",\"breadcrumb\":{\"@id\":\"https:\\\/\\\/betlabel.games\\\/hu\\\/plinko\\\/#breadcrumb\"},\"inLanguage\":\"hu\",\"potentialAction\":[{\"@type\":\"ReadAction\",\"target\":[\"https:\\\/\\\/betlabel.games\\\/hu\\\/plinko\\\/\"]}]},{\"@type\":\"BreadcrumbList\",\"@id\":\"https:\\\/\\\/betlabel.games\\\/hu\\\/plinko\\\/#breadcrumb\",\"itemListElement\":[{\"@type\":\"ListItem\",\"position\":1,\"name\":\"Home\",\"item\":\"https:\\\/\\\/betlabel.games\\\/hu\\\/\"},{\"@type\":\"ListItem\",\"position\":2,\"name\":\"Plinko\"}]},{\"@type\":\"WebSite\",\"@id\":\"https:\\\/\\\/betlabel.games\\\/hu\\\/#website\",\"url\":\"https:\\\/\\\/betlabel.games\\\/hu\\\/\",\"name\":\"Betlabel hu\",\"description\":\"A WordPress blogom\",\"potentialAction\":[{\"@type\":\"SearchAction\",\"target\":{\"@type\":\"EntryPoint\",\"urlTemplate\":\"https:\\\/\\\/betlabel.games\\\/hu\\\/?s={search_term_string}\"},\"query-input\":{\"@type\":\"PropertyValueSpecification\",\"valueRequired\":true,\"valueName\":\"search_term_string\"}}],\"inLanguage\":\"hu\"}]}<\/script>\n<!-- \/ Yoast SEO plugin. -->","yoast_head_json":{"title":"Plinko a BetLabel Kaszin\u00f3ban \ud83c\udfaf Egyszer\u0171 j\u00e1t\u00e9k szorz\u00f3kkal","description":"A BetLabel \u2714\ufe0f Plinko egy gyors \u00e9s k\u00f6nnyen \u00e9rthet\u0151 j\u00e1t\u00e9k, amelyben goly\u00f3k esnek \u00e9s szorz\u00f3kat lehet nyerni. Minim\u00e1lis t\u00e9tek, kock\u00e1zatkezel\u00e9s, r\u00f6vid k\u00f6r\u00f6k \u00e9s k\u00e9nyelmes j\u00e1t\u00e9k a sz\u00e1m\u00edt\u00f3g\u00e9pr\u0151l vagy a telefonr\u00f3l.","robots":{"index":"index","follow":"follow","max-snippet":"max-snippet:-1","max-image-preview":"max-image-preview:large","max-video-preview":"max-video-preview:-1"},"og_locale":"hu_HU","og_type":"article","og_title":"Plinko a BetLabel Kaszin\u00f3ban \ud83c\udfaf Egyszer\u0171 j\u00e1t\u00e9k szorz\u00f3kkal","og_description":"A BetLabel \u2714\ufe0f Plinko egy gyors \u00e9s k\u00f6nnyen \u00e9rthet\u0151 j\u00e1t\u00e9k, amelyben goly\u00f3k esnek \u00e9s szorz\u00f3kat lehet nyerni. Minim\u00e1lis t\u00e9tek, kock\u00e1zatkezel\u00e9s, r\u00f6vid k\u00f6r\u00f6k \u00e9s k\u00e9nyelmes j\u00e1t\u00e9k a sz\u00e1m\u00edt\u00f3g\u00e9pr\u0151l vagy a telefonr\u00f3l.","og_url":"https:\/\/betlabel.games\/hu\/plinko\/","og_site_name":"Betlabel hu","article_modified_time":"2026-01-30T05:47:46+00:00","twitter_card":"summary_large_image","schema":{"@context":"https:\/\/schema.org","@graph":[{"@type":"WebPage","@id":"https:\/\/betlabel.games\/hu\/plinko\/","url":"https:\/\/betlabel.games\/hu\/plinko\/","name":"Plinko a BetLabel Kaszin\u00f3ban \ud83c\udfaf Egyszer\u0171 j\u00e1t\u00e9k szorz\u00f3kkal","isPartOf":{"@id":"https:\/\/betlabel.games\/hu\/#website"},"datePublished":"2026-01-02T07:26:08+00:00","dateModified":"2026-01-30T05:47:46+00:00","description":"A BetLabel \u2714\ufe0f Plinko egy gyors \u00e9s k\u00f6nnyen \u00e9rthet\u0151 j\u00e1t\u00e9k, amelyben goly\u00f3k esnek \u00e9s szorz\u00f3kat lehet nyerni. Minim\u00e1lis t\u00e9tek, kock\u00e1zatkezel\u00e9s, r\u00f6vid k\u00f6r\u00f6k \u00e9s k\u00e9nyelmes j\u00e1t\u00e9k a sz\u00e1m\u00edt\u00f3g\u00e9pr\u0151l vagy a telefonr\u00f3l.","breadcrumb":{"@id":"https:\/\/betlabel.games\/hu\/plinko\/#breadcrumb"},"inLanguage":"hu","potentialAction":[{"@type":"ReadAction","target":["https:\/\/betlabel.games\/hu\/plinko\/"]}]},{"@type":"BreadcrumbList","@id":"https:\/\/betlabel.games\/hu\/plinko\/#breadcrumb","itemListElement":[{"@type":"ListItem","position":1,"name":"Home","item":"https:\/\/betlabel.games\/hu\/"},{"@type":"ListItem","position":2,"name":"Plinko"}]},{"@type":"WebSite","@id":"https:\/\/betlabel.games\/hu\/#website","url":"https:\/\/betlabel.games\/hu\/","name":"Betlabel hu","description":"A WordPress blogom","potentialAction":[{"@type":"SearchAction","target":{"@type":"EntryPoint","urlTemplate":"https:\/\/betlabel.games\/hu\/?s={search_term_string}"},"query-input":{"@type":"PropertyValueSpecification","valueRequired":true,"valueName":"search_term_string"}}],"inLanguage":"hu"}]}},"_links":{"self":[{"href":"https:\/\/betlabel.games\/hu\/wp-json\/wp\/v2\/pages\/777","targetHints":{"allow":["GET"]}}],"collection":[{"href":"https:\/\/betlabel.games\/hu\/wp-json\/wp\/v2\/pages"}],"about":[{"href":"https:\/\/betlabel.games\/hu\/wp-json\/wp\/v2\/types\/page"}],"author":[{"embeddable":true,"href":"https:\/\/betlabel.games\/hu\/wp-json\/wp\/v2\/users\/1"}],"replies":[{"embeddable":true,"href":"https:\/\/betlabel.games\/hu\/wp-json\/wp\/v2\/comments?post=777"}],"version-history":[{"count":5,"href":"https:\/\/betlabel.games\/hu\/wp-json\/wp\/v2\/pages\/777\/revisions"}],"predecessor-version":[{"id":1079,"href":"https:\/\/betlabel.games\/hu\/wp-json\/wp\/v2\/pages\/777\/revisions\/1079"}],"wp:attachment":[{"href":"https:\/\/betlabel.games\/hu\/wp-json\/wp\/v2\/media?parent=777"}],"curies":[{"name":"wp","href":"https:\/\/api.w.org\/{rel}","templated":true}]}}