{"id":806,"date":"2026-01-02T16:49:15","date_gmt":"2026-01-02T16:49:15","guid":{"rendered":"https:\/\/betlabel.games\/hu\/?page_id=806"},"modified":"2026-01-30T05:13:20","modified_gmt":"2026-01-30T05:13:20","slug":"book-of-dead","status":"publish","type":"page","link":"https:\/\/betlabel.games\/hu\/book-of-dead\/","title":{"rendered":"Book of Dead"},"content":{"rendered":"","protected":false},"excerpt":{"rendered":"","protected":false},"author":1,"featured_media":0,"parent":0,"menu_order":0,"comment_status":"closed","ping_status":"closed","template":"","meta":{"footnotes":""},"class_list":["post-806","page","type-page","status-publish","hentry"],"yoast_head":"<!-- This site is optimized with the Yoast SEO plugin v27.4 - https:\/\/yoast.com\/product\/yoast-seo-wordpress\/ -->\n<title>Book of Dead a BetLabel Kaszin\u00f3ban \ud83d\udcd6 Klasszikus Play&#039;n GO slot<\/title>\n<meta name=\"description\" content=\"J\u00e1tssz a BetLabel-en a A halottak k\u00f6nyve \u27a4 a Play&#039;n GO legend\u00e1s k\u00f6nyves slotj\u00e1val, ingyenes p\u00f6rget\u00e9sekkel \u00e9s magas nyer\u00e9si potenci\u00e1llal. Egyszer\u0171 szab\u00e1lyok, gyors p\u00f6rget\u00e9sek \u00e9s az online kaszin\u00f3k kedvenc klasszikusa.\" \/>\n<meta name=\"robots\" content=\"index, follow, max-snippet:-1, max-image-preview:large, max-video-preview:-1\" \/>\n<meta property=\"og:locale\" content=\"hu_HU\" \/>\n<meta property=\"og:type\" content=\"article\" \/>\n<meta property=\"og:title\" content=\"Book of Dead a BetLabel Kaszin\u00f3ban \ud83d\udcd6 Klasszikus Play&#039;n GO slot\" \/>\n<meta property=\"og:description\" content=\"J\u00e1tssz a BetLabel-en a A halottak k\u00f6nyve \u27a4 a Play&#039;n GO legend\u00e1s k\u00f6nyves slotj\u00e1val, ingyenes p\u00f6rget\u00e9sekkel \u00e9s magas nyer\u00e9si potenci\u00e1llal. Egyszer\u0171 szab\u00e1lyok, gyors p\u00f6rget\u00e9sek \u00e9s az online kaszin\u00f3k kedvenc klasszikusa.\" \/>\n<meta property=\"og:url\" content=\"https:\/\/betlabel.games\/hu\/book-of-dead\/\" \/>\n<meta property=\"og:site_name\" content=\"Betlabel hu\" \/>\n<meta property=\"article:modified_time\" content=\"2026-01-30T05:13:20+00:00\" \/>\n<meta name=\"twitter:card\" content=\"summary_large_image\" \/>\n<script type=\"application\/ld+json\" class=\"yoast-schema-graph\">{\"@context\":\"https:\\\/\\\/schema.org\",\"@graph\":[{\"@type\":\"WebPage\",\"@id\":\"https:\\\/\\\/betlabel.games\\\/hu\\\/book-of-dead\\\/\",\"url\":\"https:\\\/\\\/betlabel.games\\\/hu\\\/book-of-dead\\\/\",\"name\":\"Book of Dead a BetLabel Kaszin\u00f3ban \ud83d\udcd6 Klasszikus Play'n GO slot\",\"isPartOf\":{\"@id\":\"https:\\\/\\\/betlabel.games\\\/hu\\\/#website\"},\"datePublished\":\"2026-01-02T16:49:15+00:00\",\"dateModified\":\"2026-01-30T05:13:20+00:00\",\"description\":\"J\u00e1tssz a BetLabel-en a A halottak k\u00f6nyve \u27a4 a Play'n GO legend\u00e1s k\u00f6nyves slotj\u00e1val, ingyenes p\u00f6rget\u00e9sekkel \u00e9s magas nyer\u00e9si potenci\u00e1llal. Egyszer\u0171 szab\u00e1lyok, gyors p\u00f6rget\u00e9sek \u00e9s az online kaszin\u00f3k kedvenc klasszikusa.\",\"breadcrumb\":{\"@id\":\"https:\\\/\\\/betlabel.games\\\/hu\\\/book-of-dead\\\/#breadcrumb\"},\"inLanguage\":\"hu\",\"potentialAction\":[{\"@type\":\"ReadAction\",\"target\":[\"https:\\\/\\\/betlabel.games\\\/hu\\\/book-of-dead\\\/\"]}]},{\"@type\":\"BreadcrumbList\",\"@id\":\"https:\\\/\\\/betlabel.games\\\/hu\\\/book-of-dead\\\/#breadcrumb\",\"itemListElement\":[{\"@type\":\"ListItem\",\"position\":1,\"name\":\"Home\",\"item\":\"https:\\\/\\\/betlabel.games\\\/hu\\\/\"},{\"@type\":\"ListItem\",\"position\":2,\"name\":\"Book of Dead\"}]},{\"@type\":\"WebSite\",\"@id\":\"https:\\\/\\\/betlabel.games\\\/hu\\\/#website\",\"url\":\"https:\\\/\\\/betlabel.games\\\/hu\\\/\",\"name\":\"Betlabel hu\",\"description\":\"A WordPress blogom\",\"potentialAction\":[{\"@type\":\"SearchAction\",\"target\":{\"@type\":\"EntryPoint\",\"urlTemplate\":\"https:\\\/\\\/betlabel.games\\\/hu\\\/?s={search_term_string}\"},\"query-input\":{\"@type\":\"PropertyValueSpecification\",\"valueRequired\":true,\"valueName\":\"search_term_string\"}}],\"inLanguage\":\"hu\"}]}<\/script>\n<!-- \/ Yoast SEO plugin. -->","yoast_head_json":{"title":"Book of Dead a BetLabel Kaszin\u00f3ban \ud83d\udcd6 Klasszikus Play'n GO slot","description":"J\u00e1tssz a BetLabel-en a A halottak k\u00f6nyve \u27a4 a Play'n GO legend\u00e1s k\u00f6nyves slotj\u00e1val, ingyenes p\u00f6rget\u00e9sekkel \u00e9s magas nyer\u00e9si potenci\u00e1llal. Egyszer\u0171 szab\u00e1lyok, gyors p\u00f6rget\u00e9sek \u00e9s az online kaszin\u00f3k kedvenc klasszikusa.","robots":{"index":"index","follow":"follow","max-snippet":"max-snippet:-1","max-image-preview":"max-image-preview:large","max-video-preview":"max-video-preview:-1"},"og_locale":"hu_HU","og_type":"article","og_title":"Book of Dead a BetLabel Kaszin\u00f3ban \ud83d\udcd6 Klasszikus Play'n GO slot","og_description":"J\u00e1tssz a BetLabel-en a A halottak k\u00f6nyve \u27a4 a Play'n GO legend\u00e1s k\u00f6nyves slotj\u00e1val, ingyenes p\u00f6rget\u00e9sekkel \u00e9s magas nyer\u00e9si potenci\u00e1llal. Egyszer\u0171 szab\u00e1lyok, gyors p\u00f6rget\u00e9sek \u00e9s az online kaszin\u00f3k kedvenc klasszikusa.","og_url":"https:\/\/betlabel.games\/hu\/book-of-dead\/","og_site_name":"Betlabel hu","article_modified_time":"2026-01-30T05:13:20+00:00","twitter_card":"summary_large_image","schema":{"@context":"https:\/\/schema.org","@graph":[{"@type":"WebPage","@id":"https:\/\/betlabel.games\/hu\/book-of-dead\/","url":"https:\/\/betlabel.games\/hu\/book-of-dead\/","name":"Book of Dead a BetLabel Kaszin\u00f3ban \ud83d\udcd6 Klasszikus Play'n GO slot","isPartOf":{"@id":"https:\/\/betlabel.games\/hu\/#website"},"datePublished":"2026-01-02T16:49:15+00:00","dateModified":"2026-01-30T05:13:20+00:00","description":"J\u00e1tssz a BetLabel-en a A halottak k\u00f6nyve \u27a4 a Play'n GO legend\u00e1s k\u00f6nyves slotj\u00e1val, ingyenes p\u00f6rget\u00e9sekkel \u00e9s magas nyer\u00e9si potenci\u00e1llal. Egyszer\u0171 szab\u00e1lyok, gyors p\u00f6rget\u00e9sek \u00e9s az online kaszin\u00f3k kedvenc klasszikusa.","breadcrumb":{"@id":"https:\/\/betlabel.games\/hu\/book-of-dead\/#breadcrumb"},"inLanguage":"hu","potentialAction":[{"@type":"ReadAction","target":["https:\/\/betlabel.games\/hu\/book-of-dead\/"]}]},{"@type":"BreadcrumbList","@id":"https:\/\/betlabel.games\/hu\/book-of-dead\/#breadcrumb","itemListElement":[{"@type":"ListItem","position":1,"name":"Home","item":"https:\/\/betlabel.games\/hu\/"},{"@type":"ListItem","position":2,"name":"Book of Dead"}]},{"@type":"WebSite","@id":"https:\/\/betlabel.games\/hu\/#website","url":"https:\/\/betlabel.games\/hu\/","name":"Betlabel hu","description":"A WordPress blogom","potentialAction":[{"@type":"SearchAction","target":{"@type":"EntryPoint","urlTemplate":"https:\/\/betlabel.games\/hu\/?s={search_term_string}"},"query-input":{"@type":"PropertyValueSpecification","valueRequired":true,"valueName":"search_term_string"}}],"inLanguage":"hu"}]}},"_links":{"self":[{"href":"https:\/\/betlabel.games\/hu\/wp-json\/wp\/v2\/pages\/806","targetHints":{"allow":["GET"]}}],"collection":[{"href":"https:\/\/betlabel.games\/hu\/wp-json\/wp\/v2\/pages"}],"about":[{"href":"https:\/\/betlabel.games\/hu\/wp-json\/wp\/v2\/types\/page"}],"author":[{"embeddable":true,"href":"https:\/\/betlabel.games\/hu\/wp-json\/wp\/v2\/users\/1"}],"replies":[{"embeddable":true,"href":"https:\/\/betlabel.games\/hu\/wp-json\/wp\/v2\/comments?post=806"}],"version-history":[{"count":7,"href":"https:\/\/betlabel.games\/hu\/wp-json\/wp\/v2\/pages\/806\/revisions"}],"predecessor-version":[{"id":1070,"href":"https:\/\/betlabel.games\/hu\/wp-json\/wp\/v2\/pages\/806\/revisions\/1070"}],"wp:attachment":[{"href":"https:\/\/betlabel.games\/hu\/wp-json\/wp\/v2\/media?parent=806"}],"curies":[{"name":"wp","href":"https:\/\/api.w.org\/{rel}","templated":true}]}}