{"id":812,"date":"2026-01-02T17:05:33","date_gmt":"2026-01-02T17:05:33","guid":{"rendered":"https:\/\/betlabel.games\/hu\/?page_id=812"},"modified":"2026-01-30T05:31:13","modified_gmt":"2026-01-30T05:31:13","slug":"jetx","status":"publish","type":"page","link":"https:\/\/betlabel.games\/hu\/jetx\/","title":{"rendered":"JetX"},"content":{"rendered":"","protected":false},"excerpt":{"rendered":"","protected":false},"author":1,"featured_media":0,"parent":0,"menu_order":0,"comment_status":"closed","ping_status":"closed","template":"","meta":{"footnotes":""},"class_list":["post-812","page","type-page","status-publish","hentry"],"yoast_head":"<!-- This site is optimized with the Yoast SEO plugin v27.4 - https:\/\/yoast.com\/product\/yoast-seo-wordpress\/ -->\n<title>JetX a BetLabel Kaszin\u00f3ban \u2714\ufe0f egy crash j\u00e1t\u00e9k n\u00f6vekv\u0151 oddsokkal<\/title>\n<meta name=\"description\" content=\"A BetLabel JetX egy n\u00e9pszer\u0171 crash j\u00e1t\u00e9k, ahol az es\u00e9lyek val\u00f3s id\u0151ben n\u00f6vekednek. Ismerje meg, hogyan kell j\u00e1tszani, mikor kell kifizetni, mely strat\u00e9gi\u00e1k m\u0171k\u00f6dnek a legjobban, \u00e9s mi\u00e9rt ide\u00e1lis a JetX a gyors j\u00e1t\u00e9kokhoz.\" \/>\n<meta name=\"robots\" content=\"index, follow, max-snippet:-1, max-image-preview:large, max-video-preview:-1\" \/>\n<meta property=\"og:locale\" content=\"hu_HU\" \/>\n<meta property=\"og:type\" content=\"article\" \/>\n<meta property=\"og:title\" content=\"JetX a BetLabel Kaszin\u00f3ban \u2714\ufe0f egy crash j\u00e1t\u00e9k n\u00f6vekv\u0151 oddsokkal\" \/>\n<meta property=\"og:description\" content=\"A BetLabel JetX egy n\u00e9pszer\u0171 crash j\u00e1t\u00e9k, ahol az es\u00e9lyek val\u00f3s id\u0151ben n\u00f6vekednek. Ismerje meg, hogyan kell j\u00e1tszani, mikor kell kifizetni, mely strat\u00e9gi\u00e1k m\u0171k\u00f6dnek a legjobban, \u00e9s mi\u00e9rt ide\u00e1lis a JetX a gyors j\u00e1t\u00e9kokhoz.\" \/>\n<meta property=\"og:url\" content=\"https:\/\/betlabel.games\/hu\/jetx\/\" \/>\n<meta property=\"og:site_name\" content=\"Betlabel hu\" \/>\n<meta property=\"article:modified_time\" content=\"2026-01-30T05:31:13+00:00\" \/>\n<meta name=\"twitter:card\" content=\"summary_large_image\" \/>\n<script type=\"application\/ld+json\" class=\"yoast-schema-graph\">{\"@context\":\"https:\\\/\\\/schema.org\",\"@graph\":[{\"@type\":\"WebPage\",\"@id\":\"https:\\\/\\\/betlabel.games\\\/hu\\\/jetx\\\/\",\"url\":\"https:\\\/\\\/betlabel.games\\\/hu\\\/jetx\\\/\",\"name\":\"JetX a BetLabel Kaszin\u00f3ban \u2714\ufe0f egy crash j\u00e1t\u00e9k n\u00f6vekv\u0151 oddsokkal\",\"isPartOf\":{\"@id\":\"https:\\\/\\\/betlabel.games\\\/hu\\\/#website\"},\"datePublished\":\"2026-01-02T17:05:33+00:00\",\"dateModified\":\"2026-01-30T05:31:13+00:00\",\"description\":\"A BetLabel JetX egy n\u00e9pszer\u0171 crash j\u00e1t\u00e9k, ahol az es\u00e9lyek val\u00f3s id\u0151ben n\u00f6vekednek. Ismerje meg, hogyan kell j\u00e1tszani, mikor kell kifizetni, mely strat\u00e9gi\u00e1k m\u0171k\u00f6dnek a legjobban, \u00e9s mi\u00e9rt ide\u00e1lis a JetX a gyors j\u00e1t\u00e9kokhoz.\",\"breadcrumb\":{\"@id\":\"https:\\\/\\\/betlabel.games\\\/hu\\\/jetx\\\/#breadcrumb\"},\"inLanguage\":\"hu\",\"potentialAction\":[{\"@type\":\"ReadAction\",\"target\":[\"https:\\\/\\\/betlabel.games\\\/hu\\\/jetx\\\/\"]}]},{\"@type\":\"BreadcrumbList\",\"@id\":\"https:\\\/\\\/betlabel.games\\\/hu\\\/jetx\\\/#breadcrumb\",\"itemListElement\":[{\"@type\":\"ListItem\",\"position\":1,\"name\":\"Home\",\"item\":\"https:\\\/\\\/betlabel.games\\\/hu\\\/\"},{\"@type\":\"ListItem\",\"position\":2,\"name\":\"JetX\"}]},{\"@type\":\"WebSite\",\"@id\":\"https:\\\/\\\/betlabel.games\\\/hu\\\/#website\",\"url\":\"https:\\\/\\\/betlabel.games\\\/hu\\\/\",\"name\":\"Betlabel hu\",\"description\":\"A WordPress blogom\",\"potentialAction\":[{\"@type\":\"SearchAction\",\"target\":{\"@type\":\"EntryPoint\",\"urlTemplate\":\"https:\\\/\\\/betlabel.games\\\/hu\\\/?s={search_term_string}\"},\"query-input\":{\"@type\":\"PropertyValueSpecification\",\"valueRequired\":true,\"valueName\":\"search_term_string\"}}],\"inLanguage\":\"hu\"}]}<\/script>\n<!-- \/ Yoast SEO plugin. -->","yoast_head_json":{"title":"JetX a BetLabel Kaszin\u00f3ban \u2714\ufe0f egy crash j\u00e1t\u00e9k n\u00f6vekv\u0151 oddsokkal","description":"A BetLabel JetX egy n\u00e9pszer\u0171 crash j\u00e1t\u00e9k, ahol az es\u00e9lyek val\u00f3s id\u0151ben n\u00f6vekednek. Ismerje meg, hogyan kell j\u00e1tszani, mikor kell kifizetni, mely strat\u00e9gi\u00e1k m\u0171k\u00f6dnek a legjobban, \u00e9s mi\u00e9rt ide\u00e1lis a JetX a gyors j\u00e1t\u00e9kokhoz.","robots":{"index":"index","follow":"follow","max-snippet":"max-snippet:-1","max-image-preview":"max-image-preview:large","max-video-preview":"max-video-preview:-1"},"og_locale":"hu_HU","og_type":"article","og_title":"JetX a BetLabel Kaszin\u00f3ban \u2714\ufe0f egy crash j\u00e1t\u00e9k n\u00f6vekv\u0151 oddsokkal","og_description":"A BetLabel JetX egy n\u00e9pszer\u0171 crash j\u00e1t\u00e9k, ahol az es\u00e9lyek val\u00f3s id\u0151ben n\u00f6vekednek. Ismerje meg, hogyan kell j\u00e1tszani, mikor kell kifizetni, mely strat\u00e9gi\u00e1k m\u0171k\u00f6dnek a legjobban, \u00e9s mi\u00e9rt ide\u00e1lis a JetX a gyors j\u00e1t\u00e9kokhoz.","og_url":"https:\/\/betlabel.games\/hu\/jetx\/","og_site_name":"Betlabel hu","article_modified_time":"2026-01-30T05:31:13+00:00","twitter_card":"summary_large_image","schema":{"@context":"https:\/\/schema.org","@graph":[{"@type":"WebPage","@id":"https:\/\/betlabel.games\/hu\/jetx\/","url":"https:\/\/betlabel.games\/hu\/jetx\/","name":"JetX a BetLabel Kaszin\u00f3ban \u2714\ufe0f egy crash j\u00e1t\u00e9k n\u00f6vekv\u0151 oddsokkal","isPartOf":{"@id":"https:\/\/betlabel.games\/hu\/#website"},"datePublished":"2026-01-02T17:05:33+00:00","dateModified":"2026-01-30T05:31:13+00:00","description":"A BetLabel JetX egy n\u00e9pszer\u0171 crash j\u00e1t\u00e9k, ahol az es\u00e9lyek val\u00f3s id\u0151ben n\u00f6vekednek. Ismerje meg, hogyan kell j\u00e1tszani, mikor kell kifizetni, mely strat\u00e9gi\u00e1k m\u0171k\u00f6dnek a legjobban, \u00e9s mi\u00e9rt ide\u00e1lis a JetX a gyors j\u00e1t\u00e9kokhoz.","breadcrumb":{"@id":"https:\/\/betlabel.games\/hu\/jetx\/#breadcrumb"},"inLanguage":"hu","potentialAction":[{"@type":"ReadAction","target":["https:\/\/betlabel.games\/hu\/jetx\/"]}]},{"@type":"BreadcrumbList","@id":"https:\/\/betlabel.games\/hu\/jetx\/#breadcrumb","itemListElement":[{"@type":"ListItem","position":1,"name":"Home","item":"https:\/\/betlabel.games\/hu\/"},{"@type":"ListItem","position":2,"name":"JetX"}]},{"@type":"WebSite","@id":"https:\/\/betlabel.games\/hu\/#website","url":"https:\/\/betlabel.games\/hu\/","name":"Betlabel hu","description":"A WordPress blogom","potentialAction":[{"@type":"SearchAction","target":{"@type":"EntryPoint","urlTemplate":"https:\/\/betlabel.games\/hu\/?s={search_term_string}"},"query-input":{"@type":"PropertyValueSpecification","valueRequired":true,"valueName":"search_term_string"}}],"inLanguage":"hu"}]}},"_links":{"self":[{"href":"https:\/\/betlabel.games\/hu\/wp-json\/wp\/v2\/pages\/812","targetHints":{"allow":["GET"]}}],"collection":[{"href":"https:\/\/betlabel.games\/hu\/wp-json\/wp\/v2\/pages"}],"about":[{"href":"https:\/\/betlabel.games\/hu\/wp-json\/wp\/v2\/types\/page"}],"author":[{"embeddable":true,"href":"https:\/\/betlabel.games\/hu\/wp-json\/wp\/v2\/users\/1"}],"replies":[{"embeddable":true,"href":"https:\/\/betlabel.games\/hu\/wp-json\/wp\/v2\/comments?post=812"}],"version-history":[{"count":7,"href":"https:\/\/betlabel.games\/hu\/wp-json\/wp\/v2\/pages\/812\/revisions"}],"predecessor-version":[{"id":1076,"href":"https:\/\/betlabel.games\/hu\/wp-json\/wp\/v2\/pages\/812\/revisions\/1076"}],"wp:attachment":[{"href":"https:\/\/betlabel.games\/hu\/wp-json\/wp\/v2\/media?parent=812"}],"curies":[{"name":"wp","href":"https:\/\/api.w.org\/{rel}","templated":true}]}}