{"id":850,"date":"2026-01-03T17:45:33","date_gmt":"2026-01-03T17:45:33","guid":{"rendered":"https:\/\/betlabel.games\/hu\/?page_id=850"},"modified":"2026-01-28T08:23:40","modified_gmt":"2026-01-28T08:23:40","slug":"sports-betting","status":"publish","type":"page","link":"https:\/\/betlabel.games\/hu\/sports-betting\/","title":{"rendered":"Sportfogad\u00e1s"},"content":{"rendered":"","protected":false},"excerpt":{"rendered":"","protected":false},"author":1,"featured_media":0,"parent":0,"menu_order":0,"comment_status":"closed","ping_status":"closed","template":"","meta":{"footnotes":""},"class_list":["post-850","page","type-page","status-publish","hentry"],"yoast_head":"<!-- This site is optimized with the Yoast SEO plugin v27.4 - https:\/\/yoast.com\/product\/yoast-seo-wordpress\/ -->\n<title>BetLabel sportfogad\u00e1s \u26bd Kedvez\u0151 oddsok \u00e9s r\u00e1t\u00e1k 2026<\/title>\n<meta name=\"description\" content=\"Tegyen nyeres\u00e9ges sportfogad\u00e1sokat online a BetLabel oldalon! \u00c9l\u0151 m\u00e9rk\u0151z\u00e9sk\u00f6vet\u00e9s, a legjobb oddsok \u00e9s felhaszn\u00e1l\u00f3bar\u00e1t fel\u00fclet. Kezdjen el nyerni a legjobb sportfogad\u00e1si platformon m\u00e9g ma!\" \/>\n<meta name=\"robots\" content=\"index, follow, max-snippet:-1, max-image-preview:large, max-video-preview:-1\" \/>\n<meta property=\"og:locale\" content=\"hu_HU\" \/>\n<meta property=\"og:type\" content=\"article\" \/>\n<meta property=\"og:title\" content=\"BetLabel sportfogad\u00e1s \u26bd Kedvez\u0151 oddsok \u00e9s r\u00e1t\u00e1k 2026\" \/>\n<meta property=\"og:description\" content=\"Tegyen nyeres\u00e9ges sportfogad\u00e1sokat online a BetLabel oldalon! \u00c9l\u0151 m\u00e9rk\u0151z\u00e9sk\u00f6vet\u00e9s, a legjobb oddsok \u00e9s felhaszn\u00e1l\u00f3bar\u00e1t fel\u00fclet. Kezdjen el nyerni a legjobb sportfogad\u00e1si platformon m\u00e9g ma!\" \/>\n<meta property=\"og:url\" content=\"https:\/\/betlabel.games\/hu\/sports-betting\/\" \/>\n<meta property=\"og:site_name\" content=\"Betlabel hu\" \/>\n<meta property=\"article:modified_time\" content=\"2026-01-28T08:23:40+00:00\" \/>\n<meta name=\"twitter:card\" content=\"summary_large_image\" \/>\n<script type=\"application\/ld+json\" class=\"yoast-schema-graph\">{\"@context\":\"https:\\\/\\\/schema.org\",\"@graph\":[{\"@type\":\"WebPage\",\"@id\":\"https:\\\/\\\/betlabel.games\\\/hu\\\/sports-betting\\\/\",\"url\":\"https:\\\/\\\/betlabel.games\\\/hu\\\/sports-betting\\\/\",\"name\":\"BetLabel sportfogad\u00e1s \u26bd Kedvez\u0151 oddsok \u00e9s r\u00e1t\u00e1k 2026\",\"isPartOf\":{\"@id\":\"https:\\\/\\\/betlabel.games\\\/hu\\\/#website\"},\"datePublished\":\"2026-01-03T17:45:33+00:00\",\"dateModified\":\"2026-01-28T08:23:40+00:00\",\"description\":\"Tegyen nyeres\u00e9ges sportfogad\u00e1sokat online a BetLabel oldalon! \u00c9l\u0151 m\u00e9rk\u0151z\u00e9sk\u00f6vet\u00e9s, a legjobb oddsok \u00e9s felhaszn\u00e1l\u00f3bar\u00e1t fel\u00fclet. Kezdjen el nyerni a legjobb sportfogad\u00e1si platformon m\u00e9g ma!\",\"breadcrumb\":{\"@id\":\"https:\\\/\\\/betlabel.games\\\/hu\\\/sports-betting\\\/#breadcrumb\"},\"inLanguage\":\"hu\",\"potentialAction\":[{\"@type\":\"ReadAction\",\"target\":[\"https:\\\/\\\/betlabel.games\\\/hu\\\/sports-betting\\\/\"]}]},{\"@type\":\"BreadcrumbList\",\"@id\":\"https:\\\/\\\/betlabel.games\\\/hu\\\/sports-betting\\\/#breadcrumb\",\"itemListElement\":[{\"@type\":\"ListItem\",\"position\":1,\"name\":\"Home\",\"item\":\"https:\\\/\\\/betlabel.games\\\/hu\\\/\"},{\"@type\":\"ListItem\",\"position\":2,\"name\":\"Sportfogad\u00e1s\"}]},{\"@type\":\"WebSite\",\"@id\":\"https:\\\/\\\/betlabel.games\\\/hu\\\/#website\",\"url\":\"https:\\\/\\\/betlabel.games\\\/hu\\\/\",\"name\":\"Betlabel hu\",\"description\":\"A WordPress blogom\",\"potentialAction\":[{\"@type\":\"SearchAction\",\"target\":{\"@type\":\"EntryPoint\",\"urlTemplate\":\"https:\\\/\\\/betlabel.games\\\/hu\\\/?s={search_term_string}\"},\"query-input\":{\"@type\":\"PropertyValueSpecification\",\"valueRequired\":true,\"valueName\":\"search_term_string\"}}],\"inLanguage\":\"hu\"}]}<\/script>\n<!-- \/ Yoast SEO plugin. -->","yoast_head_json":{"title":"BetLabel sportfogad\u00e1s \u26bd Kedvez\u0151 oddsok \u00e9s r\u00e1t\u00e1k 2026","description":"Tegyen nyeres\u00e9ges sportfogad\u00e1sokat online a BetLabel oldalon! \u00c9l\u0151 m\u00e9rk\u0151z\u00e9sk\u00f6vet\u00e9s, a legjobb oddsok \u00e9s felhaszn\u00e1l\u00f3bar\u00e1t fel\u00fclet. Kezdjen el nyerni a legjobb sportfogad\u00e1si platformon m\u00e9g ma!","robots":{"index":"index","follow":"follow","max-snippet":"max-snippet:-1","max-image-preview":"max-image-preview:large","max-video-preview":"max-video-preview:-1"},"og_locale":"hu_HU","og_type":"article","og_title":"BetLabel sportfogad\u00e1s \u26bd Kedvez\u0151 oddsok \u00e9s r\u00e1t\u00e1k 2026","og_description":"Tegyen nyeres\u00e9ges sportfogad\u00e1sokat online a BetLabel oldalon! \u00c9l\u0151 m\u00e9rk\u0151z\u00e9sk\u00f6vet\u00e9s, a legjobb oddsok \u00e9s felhaszn\u00e1l\u00f3bar\u00e1t fel\u00fclet. Kezdjen el nyerni a legjobb sportfogad\u00e1si platformon m\u00e9g ma!","og_url":"https:\/\/betlabel.games\/hu\/sports-betting\/","og_site_name":"Betlabel hu","article_modified_time":"2026-01-28T08:23:40+00:00","twitter_card":"summary_large_image","schema":{"@context":"https:\/\/schema.org","@graph":[{"@type":"WebPage","@id":"https:\/\/betlabel.games\/hu\/sports-betting\/","url":"https:\/\/betlabel.games\/hu\/sports-betting\/","name":"BetLabel sportfogad\u00e1s \u26bd Kedvez\u0151 oddsok \u00e9s r\u00e1t\u00e1k 2026","isPartOf":{"@id":"https:\/\/betlabel.games\/hu\/#website"},"datePublished":"2026-01-03T17:45:33+00:00","dateModified":"2026-01-28T08:23:40+00:00","description":"Tegyen nyeres\u00e9ges sportfogad\u00e1sokat online a BetLabel oldalon! \u00c9l\u0151 m\u00e9rk\u0151z\u00e9sk\u00f6vet\u00e9s, a legjobb oddsok \u00e9s felhaszn\u00e1l\u00f3bar\u00e1t fel\u00fclet. Kezdjen el nyerni a legjobb sportfogad\u00e1si platformon m\u00e9g ma!","breadcrumb":{"@id":"https:\/\/betlabel.games\/hu\/sports-betting\/#breadcrumb"},"inLanguage":"hu","potentialAction":[{"@type":"ReadAction","target":["https:\/\/betlabel.games\/hu\/sports-betting\/"]}]},{"@type":"BreadcrumbList","@id":"https:\/\/betlabel.games\/hu\/sports-betting\/#breadcrumb","itemListElement":[{"@type":"ListItem","position":1,"name":"Home","item":"https:\/\/betlabel.games\/hu\/"},{"@type":"ListItem","position":2,"name":"Sportfogad\u00e1s"}]},{"@type":"WebSite","@id":"https:\/\/betlabel.games\/hu\/#website","url":"https:\/\/betlabel.games\/hu\/","name":"Betlabel hu","description":"A WordPress blogom","potentialAction":[{"@type":"SearchAction","target":{"@type":"EntryPoint","urlTemplate":"https:\/\/betlabel.games\/hu\/?s={search_term_string}"},"query-input":{"@type":"PropertyValueSpecification","valueRequired":true,"valueName":"search_term_string"}}],"inLanguage":"hu"}]}},"_links":{"self":[{"href":"https:\/\/betlabel.games\/hu\/wp-json\/wp\/v2\/pages\/850","targetHints":{"allow":["GET"]}}],"collection":[{"href":"https:\/\/betlabel.games\/hu\/wp-json\/wp\/v2\/pages"}],"about":[{"href":"https:\/\/betlabel.games\/hu\/wp-json\/wp\/v2\/types\/page"}],"author":[{"embeddable":true,"href":"https:\/\/betlabel.games\/hu\/wp-json\/wp\/v2\/users\/1"}],"replies":[{"embeddable":true,"href":"https:\/\/betlabel.games\/hu\/wp-json\/wp\/v2\/comments?post=850"}],"version-history":[{"count":11,"href":"https:\/\/betlabel.games\/hu\/wp-json\/wp\/v2\/pages\/850\/revisions"}],"predecessor-version":[{"id":1051,"href":"https:\/\/betlabel.games\/hu\/wp-json\/wp\/v2\/pages\/850\/revisions\/1051"}],"wp:attachment":[{"href":"https:\/\/betlabel.games\/hu\/wp-json\/wp\/v2\/media?parent=850"}],"curies":[{"name":"wp","href":"https:\/\/api.w.org\/{rel}","templated":true}]}}