{"id":440,"date":"2025-06-13T07:21:59","date_gmt":"2025-06-13T07:21:59","guid":{"rendered":"https:\/\/betlabel.games\/id\/?page_id=440"},"modified":"2026-03-02T09:20:35","modified_gmt":"2026-03-02T09:20:35","slug":"freebet","status":"publish","type":"page","link":"https:\/\/betlabel.games\/id\/bonuses\/freebet\/","title":{"rendered":"Ilmainen veto"},"content":{"rendered":"","protected":false},"excerpt":{"rendered":"","protected":false},"author":1,"featured_media":0,"parent":201,"menu_order":0,"comment_status":"closed","ping_status":"closed","template":"","meta":{"footnotes":""},"class_list":["post-440","page","type-page","status-publish","hentry"],"yoast_head":"<!-- This site is optimized with the Yoast SEO plugin v26.6 - https:\/\/yoast.com\/wordpress\/plugins\/seo\/ -->\n<title>Taruhan Gratis BetLabel \u2014 15% Deposit Pertama Rp1.800.000<\/title>\n<meta name=\"description\" content=\"Hanki tervetuliaisbonuksesi BetLabelilta ja saat 15 % ensimm\u00e4isest\u00e4 talletuksestasi! Rekister\u00f6idy, aktivoi bonus ja lis\u00e4\u00e4 saldoasi \u2013 suurimmat edut odottavat sinua! \u00c4l\u00e4 missaa tilaisuutta!\" \/>\n<meta name=\"robots\" content=\"index, follow, max-snippet:-1, max-image-preview:large, max-video-preview:-1\" \/>\n<meta property=\"og:locale\" content=\"id_ID\" \/>\n<meta property=\"og:type\" content=\"article\" \/>\n<meta property=\"og:title\" content=\"Taruhan Gratis BetLabel \u2014 15% Deposit Pertama Rp1.800.000\" \/>\n<meta property=\"og:description\" content=\"Hanki tervetuliaisbonuksesi BetLabelilta ja saat 15 % ensimm\u00e4isest\u00e4 talletuksestasi! Rekister\u00f6idy, aktivoi bonus ja lis\u00e4\u00e4 saldoasi \u2013 suurimmat edut odottavat sinua! \u00c4l\u00e4 missaa tilaisuutta!\" \/>\n<meta property=\"og:url\" content=\"https:\/\/betlabel.games\/id\/bonuses\/freebet\/\" \/>\n<meta property=\"og:site_name\" content=\"Betlabel id\" \/>\n<meta property=\"article:modified_time\" content=\"2026-03-02T09:20:35+00:00\" \/>\n<meta name=\"twitter:card\" content=\"summary_large_image\" \/>\n<script type=\"application\/ld+json\" class=\"yoast-schema-graph\">{\"@context\":\"https:\/\/schema.org\",\"@graph\":[{\"@type\":\"WebPage\",\"@id\":\"https:\/\/betlabel.games\/id\/bonuses\/freebet\/\",\"url\":\"https:\/\/betlabel.games\/id\/bonuses\/freebet\/\",\"name\":\"Taruhan Gratis BetLabel \u2014 15% Deposit Pertama Rp1.800.000\",\"isPartOf\":{\"@id\":\"https:\/\/betlabel.games\/id\/#website\"},\"datePublished\":\"2025-06-13T07:21:59+00:00\",\"dateModified\":\"2026-03-02T09:20:35+00:00\",\"description\":\"Hanki tervetuliaisbonuksesi BetLabelilta ja saat 15 % ensimm\u00e4isest\u00e4 talletuksestasi! Rekister\u00f6idy, aktivoi bonus ja lis\u00e4\u00e4 saldoasi \u2013 suurimmat edut odottavat sinua! \u00c4l\u00e4 missaa tilaisuutta!\",\"breadcrumb\":{\"@id\":\"https:\/\/betlabel.games\/id\/bonuses\/freebet\/#breadcrumb\"},\"inLanguage\":\"id\",\"potentialAction\":[{\"@type\":\"ReadAction\",\"target\":[\"https:\/\/betlabel.games\/id\/bonuses\/freebet\/\"]}]},{\"@type\":\"BreadcrumbList\",\"@id\":\"https:\/\/betlabel.games\/id\/bonuses\/freebet\/#breadcrumb\",\"itemListElement\":[{\"@type\":\"ListItem\",\"position\":1,\"name\":\"Home\",\"item\":\"https:\/\/betlabel.games\/id\/\"},{\"@type\":\"ListItem\",\"position\":2,\"name\":\"Bonus\",\"item\":\"https:\/\/betlabel.games\/id\/bonuses\/\"},{\"@type\":\"ListItem\",\"position\":3,\"name\":\"Ilmainen veto\"}]},{\"@type\":\"WebSite\",\"@id\":\"https:\/\/betlabel.games\/id\/#website\",\"url\":\"https:\/\/betlabel.games\/id\/\",\"name\":\"Betlabel id\",\"description\":\"My WordPress Blog\",\"potentialAction\":[{\"@type\":\"SearchAction\",\"target\":{\"@type\":\"EntryPoint\",\"urlTemplate\":\"https:\/\/betlabel.games\/id\/?s={search_term_string}\"},\"query-input\":{\"@type\":\"PropertyValueSpecification\",\"valueRequired\":true,\"valueName\":\"search_term_string\"}}],\"inLanguage\":\"id\"}]}<\/script>\n<!-- \/ Yoast SEO plugin. -->","yoast_head_json":{"title":"Taruhan Gratis BetLabel \u2014 15% Deposit Pertama Rp1.800.000","description":"Hanki tervetuliaisbonuksesi BetLabelilta ja saat 15 % ensimm\u00e4isest\u00e4 talletuksestasi! Rekister\u00f6idy, aktivoi bonus ja lis\u00e4\u00e4 saldoasi \u2013 suurimmat edut odottavat sinua! \u00c4l\u00e4 missaa tilaisuutta!","robots":{"index":"index","follow":"follow","max-snippet":"max-snippet:-1","max-image-preview":"max-image-preview:large","max-video-preview":"max-video-preview:-1"},"og_locale":"id_ID","og_type":"article","og_title":"Taruhan Gratis BetLabel \u2014 15% Deposit Pertama Rp1.800.000","og_description":"Hanki tervetuliaisbonuksesi BetLabelilta ja saat 15 % ensimm\u00e4isest\u00e4 talletuksestasi! Rekister\u00f6idy, aktivoi bonus ja lis\u00e4\u00e4 saldoasi \u2013 suurimmat edut odottavat sinua! \u00c4l\u00e4 missaa tilaisuutta!","og_url":"https:\/\/betlabel.games\/id\/bonuses\/freebet\/","og_site_name":"Betlabel id","article_modified_time":"2026-03-02T09:20:35+00:00","twitter_card":"summary_large_image","schema":{"@context":"https:\/\/schema.org","@graph":[{"@type":"WebPage","@id":"https:\/\/betlabel.games\/id\/bonuses\/freebet\/","url":"https:\/\/betlabel.games\/id\/bonuses\/freebet\/","name":"Taruhan Gratis BetLabel \u2014 15% Deposit Pertama Rp1.800.000","isPartOf":{"@id":"https:\/\/betlabel.games\/id\/#website"},"datePublished":"2025-06-13T07:21:59+00:00","dateModified":"2026-03-02T09:20:35+00:00","description":"Hanki tervetuliaisbonuksesi BetLabelilta ja saat 15 % ensimm\u00e4isest\u00e4 talletuksestasi! Rekister\u00f6idy, aktivoi bonus ja lis\u00e4\u00e4 saldoasi \u2013 suurimmat edut odottavat sinua! \u00c4l\u00e4 missaa tilaisuutta!","breadcrumb":{"@id":"https:\/\/betlabel.games\/id\/bonuses\/freebet\/#breadcrumb"},"inLanguage":"id","potentialAction":[{"@type":"ReadAction","target":["https:\/\/betlabel.games\/id\/bonuses\/freebet\/"]}]},{"@type":"BreadcrumbList","@id":"https:\/\/betlabel.games\/id\/bonuses\/freebet\/#breadcrumb","itemListElement":[{"@type":"ListItem","position":1,"name":"Home","item":"https:\/\/betlabel.games\/id\/"},{"@type":"ListItem","position":2,"name":"Bonus","item":"https:\/\/betlabel.games\/id\/bonuses\/"},{"@type":"ListItem","position":3,"name":"Ilmainen veto"}]},{"@type":"WebSite","@id":"https:\/\/betlabel.games\/id\/#website","url":"https:\/\/betlabel.games\/id\/","name":"Betlabel id","description":"My WordPress Blog","potentialAction":[{"@type":"SearchAction","target":{"@type":"EntryPoint","urlTemplate":"https:\/\/betlabel.games\/id\/?s={search_term_string}"},"query-input":{"@type":"PropertyValueSpecification","valueRequired":true,"valueName":"search_term_string"}}],"inLanguage":"id"}]}},"_links":{"self":[{"href":"https:\/\/betlabel.games\/id\/wp-json\/wp\/v2\/pages\/440","targetHints":{"allow":["GET"]}}],"collection":[{"href":"https:\/\/betlabel.games\/id\/wp-json\/wp\/v2\/pages"}],"about":[{"href":"https:\/\/betlabel.games\/id\/wp-json\/wp\/v2\/types\/page"}],"author":[{"embeddable":true,"href":"https:\/\/betlabel.games\/id\/wp-json\/wp\/v2\/users\/1"}],"replies":[{"embeddable":true,"href":"https:\/\/betlabel.games\/id\/wp-json\/wp\/v2\/comments?post=440"}],"version-history":[{"count":5,"href":"https:\/\/betlabel.games\/id\/wp-json\/wp\/v2\/pages\/440\/revisions"}],"predecessor-version":[{"id":1053,"href":"https:\/\/betlabel.games\/id\/wp-json\/wp\/v2\/pages\/440\/revisions\/1053"}],"up":[{"embeddable":true,"href":"https:\/\/betlabel.games\/id\/wp-json\/wp\/v2\/pages\/201"}],"wp:attachment":[{"href":"https:\/\/betlabel.games\/id\/wp-json\/wp\/v2\/media?parent=440"}],"curies":[{"name":"wp","href":"https:\/\/api.w.org\/{rel}","templated":true}]}}