{"id":262,"date":"2024-10-09T14:48:40","date_gmt":"2024-10-09T14:48:40","guid":{"rendered":"https:\/\/betlabel.games\/lt\/?page_id=262"},"modified":"2025-06-15T16:29:44","modified_gmt":"2025-06-15T16:29:44","slug":"apk","status":"publish","type":"page","link":"https:\/\/betlabel.games\/lt\/apk\/","title":{"rendered":"Apk"},"content":{"rendered":"","protected":false},"excerpt":{"rendered":"","protected":false},"author":1,"featured_media":0,"parent":0,"menu_order":0,"comment_status":"closed","ping_status":"closed","template":"","meta":{"footnotes":""},"class_list":["post-262","page","type-page","status-publish","hentry"],"yoast_head":"<!-- This site is optimized with the Yoast SEO plugin v27.4 - https:\/\/yoast.com\/product\/yoast-seo-wordpress\/ -->\n<title>BetLabel Lietuva Apk \u2b07\ufe0f Parsisi\u0173sti APK &quot;Android&quot; ir &quot;iOS&quot; 2025<\/title>\n<meta name=\"description\" content=\"Atsisi\u0173skite ir \u012fdiekite BetLabel Apk \u012f savo &quot;Android&quot; arba &quot;iOS&quot; \u012frengin\u012f su m\u016bs\u0173 \u017eingsnis po \u017eingsnio vadovu. Atraskite mobili\u0105sias la\u017eybas ir kazino \u017eaidimus su BetLabel Mobile Apk \u2b50 M\u0117gaukit\u0117s atsisi\u0173sti BetLabel Apk\" \/>\n<meta name=\"robots\" content=\"index, follow, max-snippet:-1, max-image-preview:large, max-video-preview:-1\" \/>\n<meta property=\"og:locale\" content=\"lt_LT\" \/>\n<meta property=\"og:type\" content=\"article\" \/>\n<meta property=\"og:title\" content=\"BetLabel Lietuva Apk \u2b07\ufe0f Parsisi\u0173sti APK &quot;Android&quot; ir &quot;iOS&quot; 2025\" \/>\n<meta property=\"og:description\" content=\"Atsisi\u0173skite ir \u012fdiekite BetLabel Apk \u012f savo &quot;Android&quot; arba &quot;iOS&quot; \u012frengin\u012f su m\u016bs\u0173 \u017eingsnis po \u017eingsnio vadovu. Atraskite mobili\u0105sias la\u017eybas ir kazino \u017eaidimus su BetLabel Mobile Apk \u2b50 M\u0117gaukit\u0117s atsisi\u0173sti BetLabel Apk\" \/>\n<meta property=\"og:url\" content=\"https:\/\/betlabel.games\/lt\/apk\/\" \/>\n<meta property=\"og:site_name\" content=\"Betlabel lt\" \/>\n<meta property=\"article:modified_time\" content=\"2025-06-15T16:29:44+00:00\" \/>\n<meta name=\"twitter:card\" content=\"summary_large_image\" \/>\n<script type=\"application\/ld+json\" class=\"yoast-schema-graph\">{\"@context\":\"https:\\\/\\\/schema.org\",\"@graph\":[{\"@type\":\"WebPage\",\"@id\":\"https:\\\/\\\/betlabel.games\\\/lt\\\/apk\\\/\",\"url\":\"https:\\\/\\\/betlabel.games\\\/lt\\\/apk\\\/\",\"name\":\"BetLabel Lietuva Apk \u2b07\ufe0f Parsisi\u0173sti APK \\\"Android\\\" ir \\\"iOS\\\" 2025\",\"isPartOf\":{\"@id\":\"https:\\\/\\\/betlabel.games\\\/lt\\\/#website\"},\"datePublished\":\"2024-10-09T14:48:40+00:00\",\"dateModified\":\"2025-06-15T16:29:44+00:00\",\"description\":\"Atsisi\u0173skite ir \u012fdiekite BetLabel Apk \u012f savo \\\"Android\\\" arba \\\"iOS\\\" \u012frengin\u012f su m\u016bs\u0173 \u017eingsnis po \u017eingsnio vadovu. Atraskite mobili\u0105sias la\u017eybas ir kazino \u017eaidimus su BetLabel Mobile Apk \u2b50 M\u0117gaukit\u0117s atsisi\u0173sti BetLabel Apk\",\"breadcrumb\":{\"@id\":\"https:\\\/\\\/betlabel.games\\\/lt\\\/apk\\\/#breadcrumb\"},\"inLanguage\":\"lt-LT\",\"potentialAction\":[{\"@type\":\"ReadAction\",\"target\":[\"https:\\\/\\\/betlabel.games\\\/lt\\\/apk\\\/\"]}]},{\"@type\":\"BreadcrumbList\",\"@id\":\"https:\\\/\\\/betlabel.games\\\/lt\\\/apk\\\/#breadcrumb\",\"itemListElement\":[{\"@type\":\"ListItem\",\"position\":1,\"name\":\"Home\",\"item\":\"https:\\\/\\\/betlabel.games\\\/lt\\\/\"},{\"@type\":\"ListItem\",\"position\":2,\"name\":\"Apk\"}]},{\"@type\":\"WebSite\",\"@id\":\"https:\\\/\\\/betlabel.games\\\/lt\\\/#website\",\"url\":\"https:\\\/\\\/betlabel.games\\\/lt\\\/\",\"name\":\"Betlabel lt\",\"description\":\"My WordPress Blog\",\"potentialAction\":[{\"@type\":\"SearchAction\",\"target\":{\"@type\":\"EntryPoint\",\"urlTemplate\":\"https:\\\/\\\/betlabel.games\\\/lt\\\/?s={search_term_string}\"},\"query-input\":{\"@type\":\"PropertyValueSpecification\",\"valueRequired\":true,\"valueName\":\"search_term_string\"}}],\"inLanguage\":\"lt-LT\"}]}<\/script>\n<!-- \/ Yoast SEO plugin. -->","yoast_head_json":{"title":"BetLabel Lietuva Apk \u2b07\ufe0f Parsisi\u0173sti APK \"Android\" ir \"iOS\" 2025","description":"Atsisi\u0173skite ir \u012fdiekite BetLabel Apk \u012f savo \"Android\" arba \"iOS\" \u012frengin\u012f su m\u016bs\u0173 \u017eingsnis po \u017eingsnio vadovu. Atraskite mobili\u0105sias la\u017eybas ir kazino \u017eaidimus su BetLabel Mobile Apk \u2b50 M\u0117gaukit\u0117s atsisi\u0173sti BetLabel Apk","robots":{"index":"index","follow":"follow","max-snippet":"max-snippet:-1","max-image-preview":"max-image-preview:large","max-video-preview":"max-video-preview:-1"},"og_locale":"lt_LT","og_type":"article","og_title":"BetLabel Lietuva Apk \u2b07\ufe0f Parsisi\u0173sti APK \"Android\" ir \"iOS\" 2025","og_description":"Atsisi\u0173skite ir \u012fdiekite BetLabel Apk \u012f savo \"Android\" arba \"iOS\" \u012frengin\u012f su m\u016bs\u0173 \u017eingsnis po \u017eingsnio vadovu. Atraskite mobili\u0105sias la\u017eybas ir kazino \u017eaidimus su BetLabel Mobile Apk \u2b50 M\u0117gaukit\u0117s atsisi\u0173sti BetLabel Apk","og_url":"https:\/\/betlabel.games\/lt\/apk\/","og_site_name":"Betlabel lt","article_modified_time":"2025-06-15T16:29:44+00:00","twitter_card":"summary_large_image","schema":{"@context":"https:\/\/schema.org","@graph":[{"@type":"WebPage","@id":"https:\/\/betlabel.games\/lt\/apk\/","url":"https:\/\/betlabel.games\/lt\/apk\/","name":"BetLabel Lietuva Apk \u2b07\ufe0f Parsisi\u0173sti APK \"Android\" ir \"iOS\" 2025","isPartOf":{"@id":"https:\/\/betlabel.games\/lt\/#website"},"datePublished":"2024-10-09T14:48:40+00:00","dateModified":"2025-06-15T16:29:44+00:00","description":"Atsisi\u0173skite ir \u012fdiekite BetLabel Apk \u012f savo \"Android\" arba \"iOS\" \u012frengin\u012f su m\u016bs\u0173 \u017eingsnis po \u017eingsnio vadovu. Atraskite mobili\u0105sias la\u017eybas ir kazino \u017eaidimus su BetLabel Mobile Apk \u2b50 M\u0117gaukit\u0117s atsisi\u0173sti BetLabel Apk","breadcrumb":{"@id":"https:\/\/betlabel.games\/lt\/apk\/#breadcrumb"},"inLanguage":"lt-LT","potentialAction":[{"@type":"ReadAction","target":["https:\/\/betlabel.games\/lt\/apk\/"]}]},{"@type":"BreadcrumbList","@id":"https:\/\/betlabel.games\/lt\/apk\/#breadcrumb","itemListElement":[{"@type":"ListItem","position":1,"name":"Home","item":"https:\/\/betlabel.games\/lt\/"},{"@type":"ListItem","position":2,"name":"Apk"}]},{"@type":"WebSite","@id":"https:\/\/betlabel.games\/lt\/#website","url":"https:\/\/betlabel.games\/lt\/","name":"Betlabel lt","description":"My WordPress Blog","potentialAction":[{"@type":"SearchAction","target":{"@type":"EntryPoint","urlTemplate":"https:\/\/betlabel.games\/lt\/?s={search_term_string}"},"query-input":{"@type":"PropertyValueSpecification","valueRequired":true,"valueName":"search_term_string"}}],"inLanguage":"lt-LT"}]}},"_links":{"self":[{"href":"https:\/\/betlabel.games\/lt\/wp-json\/wp\/v2\/pages\/262","targetHints":{"allow":["GET"]}}],"collection":[{"href":"https:\/\/betlabel.games\/lt\/wp-json\/wp\/v2\/pages"}],"about":[{"href":"https:\/\/betlabel.games\/lt\/wp-json\/wp\/v2\/types\/page"}],"author":[{"embeddable":true,"href":"https:\/\/betlabel.games\/lt\/wp-json\/wp\/v2\/users\/1"}],"replies":[{"embeddable":true,"href":"https:\/\/betlabel.games\/lt\/wp-json\/wp\/v2\/comments?post=262"}],"version-history":[{"count":1,"href":"https:\/\/betlabel.games\/lt\/wp-json\/wp\/v2\/pages\/262\/revisions"}],"predecessor-version":[{"id":473,"href":"https:\/\/betlabel.games\/lt\/wp-json\/wp\/v2\/pages\/262\/revisions\/473"}],"wp:attachment":[{"href":"https:\/\/betlabel.games\/lt\/wp-json\/wp\/v2\/media?parent=262"}],"curies":[{"name":"wp","href":"https:\/\/api.w.org\/{rel}","templated":true}]}}