{"id":270,"date":"2024-10-10T12:51:51","date_gmt":"2024-10-10T12:51:51","guid":{"rendered":"https:\/\/betlabel.games\/lt\/?page_id=270"},"modified":"2025-06-15T17:30:28","modified_gmt":"2025-06-15T17:30:28","slug":"login","status":"publish","type":"page","link":"https:\/\/betlabel.games\/lt\/login\/","title":{"rendered":"Prisijungimas"},"content":{"rendered":"","protected":false},"excerpt":{"rendered":"","protected":false},"author":1,"featured_media":0,"parent":0,"menu_order":0,"comment_status":"closed","ping_status":"closed","template":"","meta":{"footnotes":""},"class_list":["post-270","page","type-page","status-publish","hentry"],"yoast_head":"<!-- This site is optimized with the Yoast SEO plugin v27.4 - https:\/\/yoast.com\/product\/yoast-seo-wordpress\/ -->\n<title>BetLabel Lietuva | Prisijunkite prie oficialios la\u017eyb\u0173 svetain\u0117s<\/title>\n<meta name=\"description\" content=\"Prisijunkite prie oficialios &quot;BetLabel&quot; svetain\u0117s \u2713 Kaip atlikti &quot;BetLabel&quot; prisijungim\u0105 ir prad\u0117ti la\u017eybas \u279c Nor\u0117dami prisijungti prie &quot;BetLabel&quot;, tiesiog eikite \u012f &quot;BetLabel&quot; sporto la\u017eyb\u0173 svetain\u0119 ir nurodykite savo vartotojo vard\u0105 ir slapta\u017eod\u012f.\" \/>\n<meta name=\"robots\" content=\"index, follow, max-snippet:-1, max-image-preview:large, max-video-preview:-1\" \/>\n<meta property=\"og:locale\" content=\"lt_LT\" \/>\n<meta property=\"og:type\" content=\"article\" \/>\n<meta property=\"og:title\" content=\"BetLabel Lietuva | Prisijunkite prie oficialios la\u017eyb\u0173 svetain\u0117s\" \/>\n<meta property=\"og:description\" content=\"Prisijunkite prie oficialios &quot;BetLabel&quot; svetain\u0117s \u2713 Kaip atlikti &quot;BetLabel&quot; prisijungim\u0105 ir prad\u0117ti la\u017eybas \u279c Nor\u0117dami prisijungti prie &quot;BetLabel&quot;, tiesiog eikite \u012f &quot;BetLabel&quot; sporto la\u017eyb\u0173 svetain\u0119 ir nurodykite savo vartotojo vard\u0105 ir slapta\u017eod\u012f.\" \/>\n<meta property=\"og:url\" content=\"https:\/\/betlabel.games\/lt\/login\/\" \/>\n<meta property=\"og:site_name\" content=\"Betlabel lt\" \/>\n<meta property=\"article:modified_time\" content=\"2025-06-15T17:30:28+00:00\" \/>\n<meta name=\"twitter:card\" content=\"summary_large_image\" \/>\n<script type=\"application\/ld+json\" class=\"yoast-schema-graph\">{\"@context\":\"https:\\\/\\\/schema.org\",\"@graph\":[{\"@type\":\"WebPage\",\"@id\":\"https:\\\/\\\/betlabel.games\\\/lt\\\/login\\\/\",\"url\":\"https:\\\/\\\/betlabel.games\\\/lt\\\/login\\\/\",\"name\":\"BetLabel Lietuva | Prisijunkite prie oficialios la\u017eyb\u0173 svetain\u0117s\",\"isPartOf\":{\"@id\":\"https:\\\/\\\/betlabel.games\\\/lt\\\/#website\"},\"datePublished\":\"2024-10-10T12:51:51+00:00\",\"dateModified\":\"2025-06-15T17:30:28+00:00\",\"description\":\"Prisijunkite prie oficialios \\\"BetLabel\\\" svetain\u0117s \u2713 Kaip atlikti \\\"BetLabel\\\" prisijungim\u0105 ir prad\u0117ti la\u017eybas \u279c Nor\u0117dami prisijungti prie \\\"BetLabel\\\", tiesiog eikite \u012f \\\"BetLabel\\\" sporto la\u017eyb\u0173 svetain\u0119 ir nurodykite savo vartotojo vard\u0105 ir slapta\u017eod\u012f.\",\"breadcrumb\":{\"@id\":\"https:\\\/\\\/betlabel.games\\\/lt\\\/login\\\/#breadcrumb\"},\"inLanguage\":\"lt-LT\",\"potentialAction\":[{\"@type\":\"ReadAction\",\"target\":[\"https:\\\/\\\/betlabel.games\\\/lt\\\/login\\\/\"]}]},{\"@type\":\"BreadcrumbList\",\"@id\":\"https:\\\/\\\/betlabel.games\\\/lt\\\/login\\\/#breadcrumb\",\"itemListElement\":[{\"@type\":\"ListItem\",\"position\":1,\"name\":\"Home\",\"item\":\"https:\\\/\\\/betlabel.games\\\/lt\\\/\"},{\"@type\":\"ListItem\",\"position\":2,\"name\":\"Prisijungimas\"}]},{\"@type\":\"WebSite\",\"@id\":\"https:\\\/\\\/betlabel.games\\\/lt\\\/#website\",\"url\":\"https:\\\/\\\/betlabel.games\\\/lt\\\/\",\"name\":\"Betlabel lt\",\"description\":\"My WordPress Blog\",\"potentialAction\":[{\"@type\":\"SearchAction\",\"target\":{\"@type\":\"EntryPoint\",\"urlTemplate\":\"https:\\\/\\\/betlabel.games\\\/lt\\\/?s={search_term_string}\"},\"query-input\":{\"@type\":\"PropertyValueSpecification\",\"valueRequired\":true,\"valueName\":\"search_term_string\"}}],\"inLanguage\":\"lt-LT\"}]}<\/script>\n<!-- \/ Yoast SEO plugin. -->","yoast_head_json":{"title":"BetLabel Lietuva | Prisijunkite prie oficialios la\u017eyb\u0173 svetain\u0117s","description":"Prisijunkite prie oficialios \"BetLabel\" svetain\u0117s \u2713 Kaip atlikti \"BetLabel\" prisijungim\u0105 ir prad\u0117ti la\u017eybas \u279c Nor\u0117dami prisijungti prie \"BetLabel\", tiesiog eikite \u012f \"BetLabel\" sporto la\u017eyb\u0173 svetain\u0119 ir nurodykite savo vartotojo vard\u0105 ir slapta\u017eod\u012f.","robots":{"index":"index","follow":"follow","max-snippet":"max-snippet:-1","max-image-preview":"max-image-preview:large","max-video-preview":"max-video-preview:-1"},"og_locale":"lt_LT","og_type":"article","og_title":"BetLabel Lietuva | Prisijunkite prie oficialios la\u017eyb\u0173 svetain\u0117s","og_description":"Prisijunkite prie oficialios \"BetLabel\" svetain\u0117s \u2713 Kaip atlikti \"BetLabel\" prisijungim\u0105 ir prad\u0117ti la\u017eybas \u279c Nor\u0117dami prisijungti prie \"BetLabel\", tiesiog eikite \u012f \"BetLabel\" sporto la\u017eyb\u0173 svetain\u0119 ir nurodykite savo vartotojo vard\u0105 ir slapta\u017eod\u012f.","og_url":"https:\/\/betlabel.games\/lt\/login\/","og_site_name":"Betlabel lt","article_modified_time":"2025-06-15T17:30:28+00:00","twitter_card":"summary_large_image","schema":{"@context":"https:\/\/schema.org","@graph":[{"@type":"WebPage","@id":"https:\/\/betlabel.games\/lt\/login\/","url":"https:\/\/betlabel.games\/lt\/login\/","name":"BetLabel Lietuva | Prisijunkite prie oficialios la\u017eyb\u0173 svetain\u0117s","isPartOf":{"@id":"https:\/\/betlabel.games\/lt\/#website"},"datePublished":"2024-10-10T12:51:51+00:00","dateModified":"2025-06-15T17:30:28+00:00","description":"Prisijunkite prie oficialios \"BetLabel\" svetain\u0117s \u2713 Kaip atlikti \"BetLabel\" prisijungim\u0105 ir prad\u0117ti la\u017eybas \u279c Nor\u0117dami prisijungti prie \"BetLabel\", tiesiog eikite \u012f \"BetLabel\" sporto la\u017eyb\u0173 svetain\u0119 ir nurodykite savo vartotojo vard\u0105 ir slapta\u017eod\u012f.","breadcrumb":{"@id":"https:\/\/betlabel.games\/lt\/login\/#breadcrumb"},"inLanguage":"lt-LT","potentialAction":[{"@type":"ReadAction","target":["https:\/\/betlabel.games\/lt\/login\/"]}]},{"@type":"BreadcrumbList","@id":"https:\/\/betlabel.games\/lt\/login\/#breadcrumb","itemListElement":[{"@type":"ListItem","position":1,"name":"Home","item":"https:\/\/betlabel.games\/lt\/"},{"@type":"ListItem","position":2,"name":"Prisijungimas"}]},{"@type":"WebSite","@id":"https:\/\/betlabel.games\/lt\/#website","url":"https:\/\/betlabel.games\/lt\/","name":"Betlabel lt","description":"My WordPress Blog","potentialAction":[{"@type":"SearchAction","target":{"@type":"EntryPoint","urlTemplate":"https:\/\/betlabel.games\/lt\/?s={search_term_string}"},"query-input":{"@type":"PropertyValueSpecification","valueRequired":true,"valueName":"search_term_string"}}],"inLanguage":"lt-LT"}]}},"_links":{"self":[{"href":"https:\/\/betlabel.games\/lt\/wp-json\/wp\/v2\/pages\/270","targetHints":{"allow":["GET"]}}],"collection":[{"href":"https:\/\/betlabel.games\/lt\/wp-json\/wp\/v2\/pages"}],"about":[{"href":"https:\/\/betlabel.games\/lt\/wp-json\/wp\/v2\/types\/page"}],"author":[{"embeddable":true,"href":"https:\/\/betlabel.games\/lt\/wp-json\/wp\/v2\/users\/1"}],"replies":[{"embeddable":true,"href":"https:\/\/betlabel.games\/lt\/wp-json\/wp\/v2\/comments?post=270"}],"version-history":[{"count":2,"href":"https:\/\/betlabel.games\/lt\/wp-json\/wp\/v2\/pages\/270\/revisions"}],"predecessor-version":[{"id":478,"href":"https:\/\/betlabel.games\/lt\/wp-json\/wp\/v2\/pages\/270\/revisions\/478"}],"wp:attachment":[{"href":"https:\/\/betlabel.games\/lt\/wp-json\/wp\/v2\/media?parent=270"}],"curies":[{"name":"wp","href":"https:\/\/api.w.org\/{rel}","templated":true}]}}