{"id":275,"date":"2024-10-10T12:58:51","date_gmt":"2024-10-10T12:58:51","guid":{"rendered":"https:\/\/betlabel.games\/lt\/?page_id=275"},"modified":"2025-06-15T16:14:40","modified_gmt":"2025-06-15T16:14:40","slug":"affiliate","status":"publish","type":"page","link":"https:\/\/betlabel.games\/lt\/affiliate\/","title":{"rendered":"Partneriai"},"content":{"rendered":"","protected":false},"excerpt":{"rendered":"","protected":false},"author":1,"featured_media":0,"parent":0,"menu_order":0,"comment_status":"closed","ping_status":"closed","template":"","meta":{"footnotes":""},"class_list":["post-275","page","type-page","status-publish","hentry"],"yoast_head":"<!-- This site is optimized with the Yoast SEO plugin v27.4 - https:\/\/yoast.com\/product\/yoast-seo-wordpress\/ -->\n<title>BetLabel Lietuva partneriai | La\u017eyb\u0173 ir kazino partneri\u0173 programa<\/title>\n<meta name=\"description\" content=\"&quot;BetLabel&quot; partneri\u0173 programa si\u016blo 30 % komisini\u0173 u\u017e pajam\u0173 dal\u012f, patogias ataskait\u0173 teikimo ir rinkodaros priemones. Dalinkit\u0117s savo asmenine &quot;BetLabel&quot; nuoroda ir u\u017edirbkite komisinius u\u017e kiekvien\u0105 u\u017esiregistravus\u012f ir pinigus statant\u012f vartotoj\u0105.\" \/>\n<meta name=\"robots\" content=\"index, follow, max-snippet:-1, max-image-preview:large, max-video-preview:-1\" \/>\n<meta property=\"og:locale\" content=\"lt_LT\" \/>\n<meta property=\"og:type\" content=\"article\" \/>\n<meta property=\"og:title\" content=\"BetLabel Lietuva partneriai | La\u017eyb\u0173 ir kazino partneri\u0173 programa\" \/>\n<meta property=\"og:description\" content=\"&quot;BetLabel&quot; partneri\u0173 programa si\u016blo 30 % komisini\u0173 u\u017e pajam\u0173 dal\u012f, patogias ataskait\u0173 teikimo ir rinkodaros priemones. Dalinkit\u0117s savo asmenine &quot;BetLabel&quot; nuoroda ir u\u017edirbkite komisinius u\u017e kiekvien\u0105 u\u017esiregistravus\u012f ir pinigus statant\u012f vartotoj\u0105.\" \/>\n<meta property=\"og:url\" content=\"https:\/\/betlabel.games\/lt\/affiliate\/\" \/>\n<meta property=\"og:site_name\" content=\"Betlabel lt\" \/>\n<meta property=\"article:modified_time\" content=\"2025-06-15T16:14:40+00:00\" \/>\n<meta name=\"twitter:card\" content=\"summary_large_image\" \/>\n<script type=\"application\/ld+json\" class=\"yoast-schema-graph\">{\"@context\":\"https:\\\/\\\/schema.org\",\"@graph\":[{\"@type\":\"WebPage\",\"@id\":\"https:\\\/\\\/betlabel.games\\\/lt\\\/affiliate\\\/\",\"url\":\"https:\\\/\\\/betlabel.games\\\/lt\\\/affiliate\\\/\",\"name\":\"BetLabel Lietuva partneriai | La\u017eyb\u0173 ir kazino partneri\u0173 programa\",\"isPartOf\":{\"@id\":\"https:\\\/\\\/betlabel.games\\\/lt\\\/#website\"},\"datePublished\":\"2024-10-10T12:58:51+00:00\",\"dateModified\":\"2025-06-15T16:14:40+00:00\",\"description\":\"\\\"BetLabel\\\" partneri\u0173 programa si\u016blo 30 % komisini\u0173 u\u017e pajam\u0173 dal\u012f, patogias ataskait\u0173 teikimo ir rinkodaros priemones. Dalinkit\u0117s savo asmenine \\\"BetLabel\\\" nuoroda ir u\u017edirbkite komisinius u\u017e kiekvien\u0105 u\u017esiregistravus\u012f ir pinigus statant\u012f vartotoj\u0105.\",\"breadcrumb\":{\"@id\":\"https:\\\/\\\/betlabel.games\\\/lt\\\/affiliate\\\/#breadcrumb\"},\"inLanguage\":\"lt-LT\",\"potentialAction\":[{\"@type\":\"ReadAction\",\"target\":[\"https:\\\/\\\/betlabel.games\\\/lt\\\/affiliate\\\/\"]}]},{\"@type\":\"BreadcrumbList\",\"@id\":\"https:\\\/\\\/betlabel.games\\\/lt\\\/affiliate\\\/#breadcrumb\",\"itemListElement\":[{\"@type\":\"ListItem\",\"position\":1,\"name\":\"Home\",\"item\":\"https:\\\/\\\/betlabel.games\\\/lt\\\/\"},{\"@type\":\"ListItem\",\"position\":2,\"name\":\"Partneriai\"}]},{\"@type\":\"WebSite\",\"@id\":\"https:\\\/\\\/betlabel.games\\\/lt\\\/#website\",\"url\":\"https:\\\/\\\/betlabel.games\\\/lt\\\/\",\"name\":\"Betlabel lt\",\"description\":\"My WordPress Blog\",\"potentialAction\":[{\"@type\":\"SearchAction\",\"target\":{\"@type\":\"EntryPoint\",\"urlTemplate\":\"https:\\\/\\\/betlabel.games\\\/lt\\\/?s={search_term_string}\"},\"query-input\":{\"@type\":\"PropertyValueSpecification\",\"valueRequired\":true,\"valueName\":\"search_term_string\"}}],\"inLanguage\":\"lt-LT\"}]}<\/script>\n<!-- \/ Yoast SEO plugin. -->","yoast_head_json":{"title":"BetLabel Lietuva partneriai | La\u017eyb\u0173 ir kazino partneri\u0173 programa","description":"\"BetLabel\" partneri\u0173 programa si\u016blo 30 % komisini\u0173 u\u017e pajam\u0173 dal\u012f, patogias ataskait\u0173 teikimo ir rinkodaros priemones. Dalinkit\u0117s savo asmenine \"BetLabel\" nuoroda ir u\u017edirbkite komisinius u\u017e kiekvien\u0105 u\u017esiregistravus\u012f ir pinigus statant\u012f vartotoj\u0105.","robots":{"index":"index","follow":"follow","max-snippet":"max-snippet:-1","max-image-preview":"max-image-preview:large","max-video-preview":"max-video-preview:-1"},"og_locale":"lt_LT","og_type":"article","og_title":"BetLabel Lietuva partneriai | La\u017eyb\u0173 ir kazino partneri\u0173 programa","og_description":"\"BetLabel\" partneri\u0173 programa si\u016blo 30 % komisini\u0173 u\u017e pajam\u0173 dal\u012f, patogias ataskait\u0173 teikimo ir rinkodaros priemones. Dalinkit\u0117s savo asmenine \"BetLabel\" nuoroda ir u\u017edirbkite komisinius u\u017e kiekvien\u0105 u\u017esiregistravus\u012f ir pinigus statant\u012f vartotoj\u0105.","og_url":"https:\/\/betlabel.games\/lt\/affiliate\/","og_site_name":"Betlabel lt","article_modified_time":"2025-06-15T16:14:40+00:00","twitter_card":"summary_large_image","schema":{"@context":"https:\/\/schema.org","@graph":[{"@type":"WebPage","@id":"https:\/\/betlabel.games\/lt\/affiliate\/","url":"https:\/\/betlabel.games\/lt\/affiliate\/","name":"BetLabel Lietuva partneriai | La\u017eyb\u0173 ir kazino partneri\u0173 programa","isPartOf":{"@id":"https:\/\/betlabel.games\/lt\/#website"},"datePublished":"2024-10-10T12:58:51+00:00","dateModified":"2025-06-15T16:14:40+00:00","description":"\"BetLabel\" partneri\u0173 programa si\u016blo 30 % komisini\u0173 u\u017e pajam\u0173 dal\u012f, patogias ataskait\u0173 teikimo ir rinkodaros priemones. Dalinkit\u0117s savo asmenine \"BetLabel\" nuoroda ir u\u017edirbkite komisinius u\u017e kiekvien\u0105 u\u017esiregistravus\u012f ir pinigus statant\u012f vartotoj\u0105.","breadcrumb":{"@id":"https:\/\/betlabel.games\/lt\/affiliate\/#breadcrumb"},"inLanguage":"lt-LT","potentialAction":[{"@type":"ReadAction","target":["https:\/\/betlabel.games\/lt\/affiliate\/"]}]},{"@type":"BreadcrumbList","@id":"https:\/\/betlabel.games\/lt\/affiliate\/#breadcrumb","itemListElement":[{"@type":"ListItem","position":1,"name":"Home","item":"https:\/\/betlabel.games\/lt\/"},{"@type":"ListItem","position":2,"name":"Partneriai"}]},{"@type":"WebSite","@id":"https:\/\/betlabel.games\/lt\/#website","url":"https:\/\/betlabel.games\/lt\/","name":"Betlabel lt","description":"My WordPress Blog","potentialAction":[{"@type":"SearchAction","target":{"@type":"EntryPoint","urlTemplate":"https:\/\/betlabel.games\/lt\/?s={search_term_string}"},"query-input":{"@type":"PropertyValueSpecification","valueRequired":true,"valueName":"search_term_string"}}],"inLanguage":"lt-LT"}]}},"_links":{"self":[{"href":"https:\/\/betlabel.games\/lt\/wp-json\/wp\/v2\/pages\/275","targetHints":{"allow":["GET"]}}],"collection":[{"href":"https:\/\/betlabel.games\/lt\/wp-json\/wp\/v2\/pages"}],"about":[{"href":"https:\/\/betlabel.games\/lt\/wp-json\/wp\/v2\/types\/page"}],"author":[{"embeddable":true,"href":"https:\/\/betlabel.games\/lt\/wp-json\/wp\/v2\/users\/1"}],"replies":[{"embeddable":true,"href":"https:\/\/betlabel.games\/lt\/wp-json\/wp\/v2\/comments?post=275"}],"version-history":[{"count":3,"href":"https:\/\/betlabel.games\/lt\/wp-json\/wp\/v2\/pages\/275\/revisions"}],"predecessor-version":[{"id":472,"href":"https:\/\/betlabel.games\/lt\/wp-json\/wp\/v2\/pages\/275\/revisions\/472"}],"wp:attachment":[{"href":"https:\/\/betlabel.games\/lt\/wp-json\/wp\/v2\/media?parent=275"}],"curies":[{"name":"wp","href":"https:\/\/api.w.org\/{rel}","templated":true}]}}