{"id":440,"date":"2025-06-13T07:21:59","date_gmt":"2025-06-13T07:21:59","guid":{"rendered":"https:\/\/betlabel.games\/lt\/?page_id=440"},"modified":"2025-06-15T19:20:50","modified_gmt":"2025-06-15T19:20:50","slug":"freebet","status":"publish","type":"page","link":"https:\/\/betlabel.games\/lt\/bonuses\/freebet\/","title":{"rendered":"FreeBet"},"content":{"rendered":"","protected":false},"excerpt":{"rendered":"","protected":false},"author":1,"featured_media":0,"parent":201,"menu_order":0,"comment_status":"closed","ping_status":"closed","template":"","meta":{"footnotes":""},"class_list":["post-440","page","type-page","status-publish","hentry"],"yoast_head":"<!-- This site is optimized with the Yoast SEO plugin v27.4 - https:\/\/yoast.com\/product\/yoast-seo-wordpress\/ -->\n<title>Nemokamas statymas i\u0161 BetLabel | 15% nuo pirmojo \u012fna\u0161o iki 95 EUR!<\/title>\n<meta name=\"description\" content=\"Gaukite sveikinimo nemokam\u0105 statym\u0105 i\u0161 BetLabel ir gaukite 15 % nuo pirmojo \u012fna\u0161o! U\u017esiregistruokite, aktyvuokite premij\u0105 ir papildykite savo balans\u0105 - j\u016bs\u0173 laukia maksimali nauda! Nepraleiskite progos!\" \/>\n<meta name=\"robots\" content=\"index, follow, max-snippet:-1, max-image-preview:large, max-video-preview:-1\" \/>\n<meta property=\"og:locale\" content=\"lt_LT\" \/>\n<meta property=\"og:type\" content=\"article\" \/>\n<meta property=\"og:title\" content=\"Nemokamas statymas i\u0161 BetLabel | 15% nuo pirmojo \u012fna\u0161o iki 95 EUR!\" \/>\n<meta property=\"og:description\" content=\"Gaukite sveikinimo nemokam\u0105 statym\u0105 i\u0161 BetLabel ir gaukite 15 % nuo pirmojo \u012fna\u0161o! U\u017esiregistruokite, aktyvuokite premij\u0105 ir papildykite savo balans\u0105 - j\u016bs\u0173 laukia maksimali nauda! Nepraleiskite progos!\" \/>\n<meta property=\"og:url\" content=\"https:\/\/betlabel.games\/lt\/bonuses\/freebet\/\" \/>\n<meta property=\"og:site_name\" content=\"Betlabel lt\" \/>\n<meta property=\"article:modified_time\" content=\"2025-06-15T19:20:50+00:00\" \/>\n<meta name=\"twitter:card\" content=\"summary_large_image\" \/>\n<script type=\"application\/ld+json\" class=\"yoast-schema-graph\">{\"@context\":\"https:\\\/\\\/schema.org\",\"@graph\":[{\"@type\":\"WebPage\",\"@id\":\"https:\\\/\\\/betlabel.games\\\/lt\\\/bonuses\\\/freebet\\\/\",\"url\":\"https:\\\/\\\/betlabel.games\\\/lt\\\/bonuses\\\/freebet\\\/\",\"name\":\"Nemokamas statymas i\u0161 BetLabel | 15% nuo pirmojo \u012fna\u0161o iki 95 EUR!\",\"isPartOf\":{\"@id\":\"https:\\\/\\\/betlabel.games\\\/lt\\\/#website\"},\"datePublished\":\"2025-06-13T07:21:59+00:00\",\"dateModified\":\"2025-06-15T19:20:50+00:00\",\"description\":\"Gaukite sveikinimo nemokam\u0105 statym\u0105 i\u0161 BetLabel ir gaukite 15 % nuo pirmojo \u012fna\u0161o! U\u017esiregistruokite, aktyvuokite premij\u0105 ir papildykite savo balans\u0105 - j\u016bs\u0173 laukia maksimali nauda! Nepraleiskite progos!\",\"breadcrumb\":{\"@id\":\"https:\\\/\\\/betlabel.games\\\/lt\\\/bonuses\\\/freebet\\\/#breadcrumb\"},\"inLanguage\":\"lt-LT\",\"potentialAction\":[{\"@type\":\"ReadAction\",\"target\":[\"https:\\\/\\\/betlabel.games\\\/lt\\\/bonuses\\\/freebet\\\/\"]}]},{\"@type\":\"BreadcrumbList\",\"@id\":\"https:\\\/\\\/betlabel.games\\\/lt\\\/bonuses\\\/freebet\\\/#breadcrumb\",\"itemListElement\":[{\"@type\":\"ListItem\",\"position\":1,\"name\":\"Home\",\"item\":\"https:\\\/\\\/betlabel.games\\\/lt\\\/\"},{\"@type\":\"ListItem\",\"position\":2,\"name\":\"Premijos\",\"item\":\"https:\\\/\\\/betlabel.games\\\/lt\\\/bonuses\\\/\"},{\"@type\":\"ListItem\",\"position\":3,\"name\":\"FreeBet\"}]},{\"@type\":\"WebSite\",\"@id\":\"https:\\\/\\\/betlabel.games\\\/lt\\\/#website\",\"url\":\"https:\\\/\\\/betlabel.games\\\/lt\\\/\",\"name\":\"Betlabel lt\",\"description\":\"My WordPress Blog\",\"potentialAction\":[{\"@type\":\"SearchAction\",\"target\":{\"@type\":\"EntryPoint\",\"urlTemplate\":\"https:\\\/\\\/betlabel.games\\\/lt\\\/?s={search_term_string}\"},\"query-input\":{\"@type\":\"PropertyValueSpecification\",\"valueRequired\":true,\"valueName\":\"search_term_string\"}}],\"inLanguage\":\"lt-LT\"}]}<\/script>\n<!-- \/ Yoast SEO plugin. -->","yoast_head_json":{"title":"Nemokamas statymas i\u0161 BetLabel | 15% nuo pirmojo \u012fna\u0161o iki 95 EUR!","description":"Gaukite sveikinimo nemokam\u0105 statym\u0105 i\u0161 BetLabel ir gaukite 15 % nuo pirmojo \u012fna\u0161o! U\u017esiregistruokite, aktyvuokite premij\u0105 ir papildykite savo balans\u0105 - j\u016bs\u0173 laukia maksimali nauda! Nepraleiskite progos!","robots":{"index":"index","follow":"follow","max-snippet":"max-snippet:-1","max-image-preview":"max-image-preview:large","max-video-preview":"max-video-preview:-1"},"og_locale":"lt_LT","og_type":"article","og_title":"Nemokamas statymas i\u0161 BetLabel | 15% nuo pirmojo \u012fna\u0161o iki 95 EUR!","og_description":"Gaukite sveikinimo nemokam\u0105 statym\u0105 i\u0161 BetLabel ir gaukite 15 % nuo pirmojo \u012fna\u0161o! U\u017esiregistruokite, aktyvuokite premij\u0105 ir papildykite savo balans\u0105 - j\u016bs\u0173 laukia maksimali nauda! Nepraleiskite progos!","og_url":"https:\/\/betlabel.games\/lt\/bonuses\/freebet\/","og_site_name":"Betlabel lt","article_modified_time":"2025-06-15T19:20:50+00:00","twitter_card":"summary_large_image","schema":{"@context":"https:\/\/schema.org","@graph":[{"@type":"WebPage","@id":"https:\/\/betlabel.games\/lt\/bonuses\/freebet\/","url":"https:\/\/betlabel.games\/lt\/bonuses\/freebet\/","name":"Nemokamas statymas i\u0161 BetLabel | 15% nuo pirmojo \u012fna\u0161o iki 95 EUR!","isPartOf":{"@id":"https:\/\/betlabel.games\/lt\/#website"},"datePublished":"2025-06-13T07:21:59+00:00","dateModified":"2025-06-15T19:20:50+00:00","description":"Gaukite sveikinimo nemokam\u0105 statym\u0105 i\u0161 BetLabel ir gaukite 15 % nuo pirmojo \u012fna\u0161o! U\u017esiregistruokite, aktyvuokite premij\u0105 ir papildykite savo balans\u0105 - j\u016bs\u0173 laukia maksimali nauda! Nepraleiskite progos!","breadcrumb":{"@id":"https:\/\/betlabel.games\/lt\/bonuses\/freebet\/#breadcrumb"},"inLanguage":"lt-LT","potentialAction":[{"@type":"ReadAction","target":["https:\/\/betlabel.games\/lt\/bonuses\/freebet\/"]}]},{"@type":"BreadcrumbList","@id":"https:\/\/betlabel.games\/lt\/bonuses\/freebet\/#breadcrumb","itemListElement":[{"@type":"ListItem","position":1,"name":"Home","item":"https:\/\/betlabel.games\/lt\/"},{"@type":"ListItem","position":2,"name":"Premijos","item":"https:\/\/betlabel.games\/lt\/bonuses\/"},{"@type":"ListItem","position":3,"name":"FreeBet"}]},{"@type":"WebSite","@id":"https:\/\/betlabel.games\/lt\/#website","url":"https:\/\/betlabel.games\/lt\/","name":"Betlabel lt","description":"My WordPress Blog","potentialAction":[{"@type":"SearchAction","target":{"@type":"EntryPoint","urlTemplate":"https:\/\/betlabel.games\/lt\/?s={search_term_string}"},"query-input":{"@type":"PropertyValueSpecification","valueRequired":true,"valueName":"search_term_string"}}],"inLanguage":"lt-LT"}]}},"_links":{"self":[{"href":"https:\/\/betlabel.games\/lt\/wp-json\/wp\/v2\/pages\/440","targetHints":{"allow":["GET"]}}],"collection":[{"href":"https:\/\/betlabel.games\/lt\/wp-json\/wp\/v2\/pages"}],"about":[{"href":"https:\/\/betlabel.games\/lt\/wp-json\/wp\/v2\/types\/page"}],"author":[{"embeddable":true,"href":"https:\/\/betlabel.games\/lt\/wp-json\/wp\/v2\/users\/1"}],"replies":[{"embeddable":true,"href":"https:\/\/betlabel.games\/lt\/wp-json\/wp\/v2\/comments?post=440"}],"version-history":[{"count":3,"href":"https:\/\/betlabel.games\/lt\/wp-json\/wp\/v2\/pages\/440\/revisions"}],"predecessor-version":[{"id":490,"href":"https:\/\/betlabel.games\/lt\/wp-json\/wp\/v2\/pages\/440\/revisions\/490"}],"up":[{"embeddable":true,"href":"https:\/\/betlabel.games\/lt\/wp-json\/wp\/v2\/pages\/201"}],"wp:attachment":[{"href":"https:\/\/betlabel.games\/lt\/wp-json\/wp\/v2\/media?parent=440"}],"curies":[{"name":"wp","href":"https:\/\/api.w.org\/{rel}","templated":true}]}}