{"id":447,"date":"2025-06-13T07:40:56","date_gmt":"2025-06-13T07:40:56","guid":{"rendered":"https:\/\/betlabel.games\/lt\/?page_id=447"},"modified":"2025-06-15T19:23:37","modified_gmt":"2025-06-15T19:23:37","slug":"sports-cashback","status":"publish","type":"page","link":"https:\/\/betlabel.games\/lt\/bonuses\/sports-cashback\/","title":{"rendered":"Sporto pinig\u0173 gr\u0105\u017einimas"},"content":{"rendered":"","protected":false},"excerpt":{"rendered":"","protected":false},"author":1,"featured_media":0,"parent":201,"menu_order":0,"comment_status":"closed","ping_status":"closed","template":"","meta":{"footnotes":""},"class_list":["post-447","page","type-page","status-publish","hentry"],"yoast_head":"<!-- This site is optimized with the Yoast SEO plugin v27.4 - https:\/\/yoast.com\/product\/yoast-seo-wordpress\/ -->\n<title>Sporto pinig\u0173 gr\u0105\u017einimas i\u0161 BetLabel | Gr\u0105\u017einkite 3 % savo nuostoli\u0173<\/title>\n<meta name=\"description\" content=\"Nepraleiskite progos susigr\u0105\u017einti dal\u012f prarast\u0173 pinig\u0173 i\u0161 BetLabel! Kiekvien\u0105 savait\u0119 atgaukite 3 % savo statym\u0173 be joki\u0173 papildom\u0173 \u012fmok\u0173.\" \/>\n<meta name=\"robots\" content=\"index, follow, max-snippet:-1, max-image-preview:large, max-video-preview:-1\" \/>\n<meta property=\"og:locale\" content=\"lt_LT\" \/>\n<meta property=\"og:type\" content=\"article\" \/>\n<meta property=\"og:title\" content=\"Sporto pinig\u0173 gr\u0105\u017einimas i\u0161 BetLabel | Gr\u0105\u017einkite 3 % savo nuostoli\u0173\" \/>\n<meta property=\"og:description\" content=\"Nepraleiskite progos susigr\u0105\u017einti dal\u012f prarast\u0173 pinig\u0173 i\u0161 BetLabel! Kiekvien\u0105 savait\u0119 atgaukite 3 % savo statym\u0173 be joki\u0173 papildom\u0173 \u012fmok\u0173.\" \/>\n<meta property=\"og:url\" content=\"https:\/\/betlabel.games\/lt\/bonuses\/sports-cashback\/\" \/>\n<meta property=\"og:site_name\" content=\"Betlabel lt\" \/>\n<meta property=\"article:modified_time\" content=\"2025-06-15T19:23:37+00:00\" \/>\n<meta name=\"twitter:card\" content=\"summary_large_image\" \/>\n<script type=\"application\/ld+json\" class=\"yoast-schema-graph\">{\"@context\":\"https:\\\/\\\/schema.org\",\"@graph\":[{\"@type\":\"WebPage\",\"@id\":\"https:\\\/\\\/betlabel.games\\\/lt\\\/bonuses\\\/sports-cashback\\\/\",\"url\":\"https:\\\/\\\/betlabel.games\\\/lt\\\/bonuses\\\/sports-cashback\\\/\",\"name\":\"Sporto pinig\u0173 gr\u0105\u017einimas i\u0161 BetLabel | Gr\u0105\u017einkite 3 % savo nuostoli\u0173\",\"isPartOf\":{\"@id\":\"https:\\\/\\\/betlabel.games\\\/lt\\\/#website\"},\"datePublished\":\"2025-06-13T07:40:56+00:00\",\"dateModified\":\"2025-06-15T19:23:37+00:00\",\"description\":\"Nepraleiskite progos susigr\u0105\u017einti dal\u012f prarast\u0173 pinig\u0173 i\u0161 BetLabel! Kiekvien\u0105 savait\u0119 atgaukite 3 % savo statym\u0173 be joki\u0173 papildom\u0173 \u012fmok\u0173.\",\"breadcrumb\":{\"@id\":\"https:\\\/\\\/betlabel.games\\\/lt\\\/bonuses\\\/sports-cashback\\\/#breadcrumb\"},\"inLanguage\":\"lt-LT\",\"potentialAction\":[{\"@type\":\"ReadAction\",\"target\":[\"https:\\\/\\\/betlabel.games\\\/lt\\\/bonuses\\\/sports-cashback\\\/\"]}]},{\"@type\":\"BreadcrumbList\",\"@id\":\"https:\\\/\\\/betlabel.games\\\/lt\\\/bonuses\\\/sports-cashback\\\/#breadcrumb\",\"itemListElement\":[{\"@type\":\"ListItem\",\"position\":1,\"name\":\"Home\",\"item\":\"https:\\\/\\\/betlabel.games\\\/lt\\\/\"},{\"@type\":\"ListItem\",\"position\":2,\"name\":\"Premijos\",\"item\":\"https:\\\/\\\/betlabel.games\\\/lt\\\/bonuses\\\/\"},{\"@type\":\"ListItem\",\"position\":3,\"name\":\"Sporto pinig\u0173 gr\u0105\u017einimas\"}]},{\"@type\":\"WebSite\",\"@id\":\"https:\\\/\\\/betlabel.games\\\/lt\\\/#website\",\"url\":\"https:\\\/\\\/betlabel.games\\\/lt\\\/\",\"name\":\"Betlabel lt\",\"description\":\"My WordPress Blog\",\"potentialAction\":[{\"@type\":\"SearchAction\",\"target\":{\"@type\":\"EntryPoint\",\"urlTemplate\":\"https:\\\/\\\/betlabel.games\\\/lt\\\/?s={search_term_string}\"},\"query-input\":{\"@type\":\"PropertyValueSpecification\",\"valueRequired\":true,\"valueName\":\"search_term_string\"}}],\"inLanguage\":\"lt-LT\"}]}<\/script>\n<!-- \/ Yoast SEO plugin. -->","yoast_head_json":{"title":"Sporto pinig\u0173 gr\u0105\u017einimas i\u0161 BetLabel | Gr\u0105\u017einkite 3 % savo nuostoli\u0173","description":"Nepraleiskite progos susigr\u0105\u017einti dal\u012f prarast\u0173 pinig\u0173 i\u0161 BetLabel! Kiekvien\u0105 savait\u0119 atgaukite 3 % savo statym\u0173 be joki\u0173 papildom\u0173 \u012fmok\u0173.","robots":{"index":"index","follow":"follow","max-snippet":"max-snippet:-1","max-image-preview":"max-image-preview:large","max-video-preview":"max-video-preview:-1"},"og_locale":"lt_LT","og_type":"article","og_title":"Sporto pinig\u0173 gr\u0105\u017einimas i\u0161 BetLabel | Gr\u0105\u017einkite 3 % savo nuostoli\u0173","og_description":"Nepraleiskite progos susigr\u0105\u017einti dal\u012f prarast\u0173 pinig\u0173 i\u0161 BetLabel! Kiekvien\u0105 savait\u0119 atgaukite 3 % savo statym\u0173 be joki\u0173 papildom\u0173 \u012fmok\u0173.","og_url":"https:\/\/betlabel.games\/lt\/bonuses\/sports-cashback\/","og_site_name":"Betlabel lt","article_modified_time":"2025-06-15T19:23:37+00:00","twitter_card":"summary_large_image","schema":{"@context":"https:\/\/schema.org","@graph":[{"@type":"WebPage","@id":"https:\/\/betlabel.games\/lt\/bonuses\/sports-cashback\/","url":"https:\/\/betlabel.games\/lt\/bonuses\/sports-cashback\/","name":"Sporto pinig\u0173 gr\u0105\u017einimas i\u0161 BetLabel | Gr\u0105\u017einkite 3 % savo nuostoli\u0173","isPartOf":{"@id":"https:\/\/betlabel.games\/lt\/#website"},"datePublished":"2025-06-13T07:40:56+00:00","dateModified":"2025-06-15T19:23:37+00:00","description":"Nepraleiskite progos susigr\u0105\u017einti dal\u012f prarast\u0173 pinig\u0173 i\u0161 BetLabel! Kiekvien\u0105 savait\u0119 atgaukite 3 % savo statym\u0173 be joki\u0173 papildom\u0173 \u012fmok\u0173.","breadcrumb":{"@id":"https:\/\/betlabel.games\/lt\/bonuses\/sports-cashback\/#breadcrumb"},"inLanguage":"lt-LT","potentialAction":[{"@type":"ReadAction","target":["https:\/\/betlabel.games\/lt\/bonuses\/sports-cashback\/"]}]},{"@type":"BreadcrumbList","@id":"https:\/\/betlabel.games\/lt\/bonuses\/sports-cashback\/#breadcrumb","itemListElement":[{"@type":"ListItem","position":1,"name":"Home","item":"https:\/\/betlabel.games\/lt\/"},{"@type":"ListItem","position":2,"name":"Premijos","item":"https:\/\/betlabel.games\/lt\/bonuses\/"},{"@type":"ListItem","position":3,"name":"Sporto pinig\u0173 gr\u0105\u017einimas"}]},{"@type":"WebSite","@id":"https:\/\/betlabel.games\/lt\/#website","url":"https:\/\/betlabel.games\/lt\/","name":"Betlabel lt","description":"My WordPress Blog","potentialAction":[{"@type":"SearchAction","target":{"@type":"EntryPoint","urlTemplate":"https:\/\/betlabel.games\/lt\/?s={search_term_string}"},"query-input":{"@type":"PropertyValueSpecification","valueRequired":true,"valueName":"search_term_string"}}],"inLanguage":"lt-LT"}]}},"_links":{"self":[{"href":"https:\/\/betlabel.games\/lt\/wp-json\/wp\/v2\/pages\/447","targetHints":{"allow":["GET"]}}],"collection":[{"href":"https:\/\/betlabel.games\/lt\/wp-json\/wp\/v2\/pages"}],"about":[{"href":"https:\/\/betlabel.games\/lt\/wp-json\/wp\/v2\/types\/page"}],"author":[{"embeddable":true,"href":"https:\/\/betlabel.games\/lt\/wp-json\/wp\/v2\/users\/1"}],"replies":[{"embeddable":true,"href":"https:\/\/betlabel.games\/lt\/wp-json\/wp\/v2\/comments?post=447"}],"version-history":[{"count":5,"href":"https:\/\/betlabel.games\/lt\/wp-json\/wp\/v2\/pages\/447\/revisions"}],"predecessor-version":[{"id":492,"href":"https:\/\/betlabel.games\/lt\/wp-json\/wp\/v2\/pages\/447\/revisions\/492"}],"up":[{"embeddable":true,"href":"https:\/\/betlabel.games\/lt\/wp-json\/wp\/v2\/pages\/201"}],"wp:attachment":[{"href":"https:\/\/betlabel.games\/lt\/wp-json\/wp\/v2\/media?parent=447"}],"curies":[{"name":"wp","href":"https:\/\/api.w.org\/{rel}","templated":true}]}}