{"id":2,"date":"2023-05-18T17:18:34","date_gmt":"2023-05-18T17:18:34","guid":{"rendered":"https:\/\/betlabel.games\/lv\/?page_id=2"},"modified":"2026-01-09T19:40:03","modified_gmt":"2026-01-09T19:40:03","slug":"sample-page","status":"publish","type":"page","link":"https:\/\/betlabel.games\/lv\/","title":{"rendered":"S\u0101kums"},"content":{"rendered":"","protected":false},"excerpt":{"rendered":"","protected":false},"author":1,"featured_media":0,"parent":0,"menu_order":0,"comment_status":"closed","ping_status":"open","template":"","meta":{"footnotes":""},"class_list":["post-2","page","type-page","status-publish","hentry"],"yoast_head":"<!-- This site is optimized with the Yoast SEO plugin v27.4 - https:\/\/yoast.com\/product\/yoast-seo-wordpress\/ -->\n<title>BetLabel\u2122 Latvija \u2013 Sporta Likmes &amp; Labi Koeficienti \u2014 2026<\/title>\n<meta name=\"description\" content=\"Bet Label pied\u0101v\u0101 sporta likmes LV ar labiem koeficientiem, prognoz\u0113m un anal\u012bzi pieredz\u0113ju\u0161iem sp\u0113l\u0113t\u0101jiem.\" \/>\n<meta name=\"robots\" content=\"index, follow, max-snippet:-1, max-image-preview:large, max-video-preview:-1\" \/>\n<meta property=\"og:locale\" content=\"lv_LV\" \/>\n<meta property=\"og:type\" content=\"article\" \/>\n<meta property=\"og:title\" content=\"BetLabel\u2122 Latvija \u2013 Sporta Likmes &amp; Labi Koeficienti \u2014 2026\" \/>\n<meta property=\"og:description\" content=\"Bet Label pied\u0101v\u0101 sporta likmes LV ar labiem koeficientiem, prognoz\u0113m un anal\u012bzi pieredz\u0113ju\u0161iem sp\u0113l\u0113t\u0101jiem.\" \/>\n<meta property=\"og:url\" content=\"https:\/\/betlabel.games\/lv\/\" \/>\n<meta property=\"og:site_name\" content=\"Betlabel lv\" \/>\n<meta property=\"article:modified_time\" content=\"2026-01-09T19:40:03+00:00\" \/>\n<meta name=\"twitter:card\" content=\"summary_large_image\" \/>\n<script type=\"application\/ld+json\" class=\"yoast-schema-graph\">{\"@context\":\"https:\\\/\\\/schema.org\",\"@graph\":[{\"@type\":\"WebPage\",\"@id\":\"https:\\\/\\\/betlabel.games\\\/lv\\\/\",\"url\":\"https:\\\/\\\/betlabel.games\\\/lv\\\/\",\"name\":\"BetLabel\u2122 Latvija \u2013 Sporta Likmes & Labi Koeficienti \u2014 2026\",\"isPartOf\":{\"@id\":\"https:\\\/\\\/betlabel.games\\\/lv\\\/#website\"},\"datePublished\":\"2023-05-18T17:18:34+00:00\",\"dateModified\":\"2026-01-09T19:40:03+00:00\",\"description\":\"Bet Label pied\u0101v\u0101 sporta likmes LV ar labiem koeficientiem, prognoz\u0113m un anal\u012bzi pieredz\u0113ju\u0161iem sp\u0113l\u0113t\u0101jiem.\",\"breadcrumb\":{\"@id\":\"https:\\\/\\\/betlabel.games\\\/lv\\\/#breadcrumb\"},\"inLanguage\":\"lv-LV\",\"potentialAction\":[{\"@type\":\"ReadAction\",\"target\":[\"https:\\\/\\\/betlabel.games\\\/lv\\\/\"]}]},{\"@type\":\"BreadcrumbList\",\"@id\":\"https:\\\/\\\/betlabel.games\\\/lv\\\/#breadcrumb\",\"itemListElement\":[{\"@type\":\"ListItem\",\"position\":1,\"name\":\"Home\",\"item\":\"https:\\\/\\\/betlabel.games\\\/lv\\\/\"},{\"@type\":\"ListItem\",\"position\":2,\"name\":\"S\u0101kums\"}]},{\"@type\":\"WebSite\",\"@id\":\"https:\\\/\\\/betlabel.games\\\/lv\\\/#website\",\"url\":\"https:\\\/\\\/betlabel.games\\\/lv\\\/\",\"name\":\"Betlabel lv\",\"description\":\"My WordPress Blog\",\"potentialAction\":[{\"@type\":\"SearchAction\",\"target\":{\"@type\":\"EntryPoint\",\"urlTemplate\":\"https:\\\/\\\/betlabel.games\\\/lv\\\/?s={search_term_string}\"},\"query-input\":{\"@type\":\"PropertyValueSpecification\",\"valueRequired\":true,\"valueName\":\"search_term_string\"}}],\"inLanguage\":\"lv-LV\"}]}<\/script>\n<!-- \/ Yoast SEO plugin. -->","yoast_head_json":{"title":"BetLabel\u2122 Latvija \u2013 Sporta Likmes & Labi Koeficienti \u2014 2026","description":"Bet Label pied\u0101v\u0101 sporta likmes LV ar labiem koeficientiem, prognoz\u0113m un anal\u012bzi pieredz\u0113ju\u0161iem sp\u0113l\u0113t\u0101jiem.","robots":{"index":"index","follow":"follow","max-snippet":"max-snippet:-1","max-image-preview":"max-image-preview:large","max-video-preview":"max-video-preview:-1"},"og_locale":"lv_LV","og_type":"article","og_title":"BetLabel\u2122 Latvija \u2013 Sporta Likmes & Labi Koeficienti \u2014 2026","og_description":"Bet Label pied\u0101v\u0101 sporta likmes LV ar labiem koeficientiem, prognoz\u0113m un anal\u012bzi pieredz\u0113ju\u0161iem sp\u0113l\u0113t\u0101jiem.","og_url":"https:\/\/betlabel.games\/lv\/","og_site_name":"Betlabel lv","article_modified_time":"2026-01-09T19:40:03+00:00","twitter_card":"summary_large_image","schema":{"@context":"https:\/\/schema.org","@graph":[{"@type":"WebPage","@id":"https:\/\/betlabel.games\/lv\/","url":"https:\/\/betlabel.games\/lv\/","name":"BetLabel\u2122 Latvija \u2013 Sporta Likmes & Labi Koeficienti \u2014 2026","isPartOf":{"@id":"https:\/\/betlabel.games\/lv\/#website"},"datePublished":"2023-05-18T17:18:34+00:00","dateModified":"2026-01-09T19:40:03+00:00","description":"Bet Label pied\u0101v\u0101 sporta likmes LV ar labiem koeficientiem, prognoz\u0113m un anal\u012bzi pieredz\u0113ju\u0161iem sp\u0113l\u0113t\u0101jiem.","breadcrumb":{"@id":"https:\/\/betlabel.games\/lv\/#breadcrumb"},"inLanguage":"lv-LV","potentialAction":[{"@type":"ReadAction","target":["https:\/\/betlabel.games\/lv\/"]}]},{"@type":"BreadcrumbList","@id":"https:\/\/betlabel.games\/lv\/#breadcrumb","itemListElement":[{"@type":"ListItem","position":1,"name":"Home","item":"https:\/\/betlabel.games\/lv\/"},{"@type":"ListItem","position":2,"name":"S\u0101kums"}]},{"@type":"WebSite","@id":"https:\/\/betlabel.games\/lv\/#website","url":"https:\/\/betlabel.games\/lv\/","name":"Betlabel lv","description":"My WordPress Blog","potentialAction":[{"@type":"SearchAction","target":{"@type":"EntryPoint","urlTemplate":"https:\/\/betlabel.games\/lv\/?s={search_term_string}"},"query-input":{"@type":"PropertyValueSpecification","valueRequired":true,"valueName":"search_term_string"}}],"inLanguage":"lv-LV"}]}},"_links":{"self":[{"href":"https:\/\/betlabel.games\/lv\/wp-json\/wp\/v2\/pages\/2","targetHints":{"allow":["GET"]}}],"collection":[{"href":"https:\/\/betlabel.games\/lv\/wp-json\/wp\/v2\/pages"}],"about":[{"href":"https:\/\/betlabel.games\/lv\/wp-json\/wp\/v2\/types\/page"}],"author":[{"embeddable":true,"href":"https:\/\/betlabel.games\/lv\/wp-json\/wp\/v2\/users\/1"}],"replies":[{"embeddable":true,"href":"https:\/\/betlabel.games\/lv\/wp-json\/wp\/v2\/comments?post=2"}],"version-history":[{"count":8,"href":"https:\/\/betlabel.games\/lv\/wp-json\/wp\/v2\/pages\/2\/revisions"}],"predecessor-version":[{"id":503,"href":"https:\/\/betlabel.games\/lv\/wp-json\/wp\/v2\/pages\/2\/revisions\/503"}],"wp:attachment":[{"href":"https:\/\/betlabel.games\/lv\/wp-json\/wp\/v2\/media?parent=2"}],"curies":[{"name":"wp","href":"https:\/\/api.w.org\/{rel}","templated":true}]}}