{"id":201,"date":"2024-10-03T12:45:57","date_gmt":"2024-10-03T12:45:57","guid":{"rendered":"https:\/\/betlabel.games\/lv\/?page_id=201"},"modified":"2025-06-14T16:32:17","modified_gmt":"2025-06-14T16:32:17","slug":"bonuses","status":"publish","type":"page","link":"https:\/\/betlabel.games\/lv\/bonuses\/","title":{"rendered":"Bonusi"},"content":{"rendered":"","protected":false},"excerpt":{"rendered":"","protected":false},"author":1,"featured_media":0,"parent":0,"menu_order":0,"comment_status":"closed","ping_status":"closed","template":"","meta":{"footnotes":""},"class_list":["post-201","page","type-page","status-publish","hentry"],"yoast_head":"<!-- This site is optimized with the Yoast SEO plugin v27.4 - https:\/\/yoast.com\/product\/yoast-seo-wordpress\/ -->\n<title>BetLabel bonuss \u1409 Pied\u0101v\u0101jumi sporta un kazino<\/title>\n<meta name=\"description\" content=\"Ieg\u016bstiet sagaid\u012b\u0161anas paketi 1 300 EUR plus 150 bezmaksas griezienus BetLabel - Atkl\u0101jiet visus kazino bonusus un der\u012bbu akcijas - VIP naudas atmaksa - Bezmaksas likmes - Ikned\u0113\u013cas pied\u0101v\u0101jumi - Pievienojieties BetLabel un sa\u0146emiet ekskluz\u012bvus bonusus katru dienu.\" \/>\n<meta name=\"robots\" content=\"index, follow, max-snippet:-1, max-image-preview:large, max-video-preview:-1\" \/>\n<meta property=\"og:locale\" content=\"lv_LV\" \/>\n<meta property=\"og:type\" content=\"article\" \/>\n<meta property=\"og:title\" content=\"BetLabel bonuss \u1409 Pied\u0101v\u0101jumi sporta un kazino\" \/>\n<meta property=\"og:description\" content=\"Ieg\u016bstiet sagaid\u012b\u0161anas paketi 1 300 EUR plus 150 bezmaksas griezienus BetLabel - Atkl\u0101jiet visus kazino bonusus un der\u012bbu akcijas - VIP naudas atmaksa - Bezmaksas likmes - Ikned\u0113\u013cas pied\u0101v\u0101jumi - Pievienojieties BetLabel un sa\u0146emiet ekskluz\u012bvus bonusus katru dienu.\" \/>\n<meta property=\"og:url\" content=\"https:\/\/betlabel.games\/lv\/bonuses\/\" \/>\n<meta property=\"og:site_name\" content=\"Betlabel lv\" \/>\n<meta property=\"article:modified_time\" content=\"2025-06-14T16:32:17+00:00\" \/>\n<meta name=\"twitter:card\" content=\"summary_large_image\" \/>\n<script type=\"application\/ld+json\" class=\"yoast-schema-graph\">{\"@context\":\"https:\\\/\\\/schema.org\",\"@graph\":[{\"@type\":\"WebPage\",\"@id\":\"https:\\\/\\\/betlabel.games\\\/lv\\\/bonuses\\\/\",\"url\":\"https:\\\/\\\/betlabel.games\\\/lv\\\/bonuses\\\/\",\"name\":\"BetLabel bonuss \u1409 Pied\u0101v\u0101jumi sporta un kazino\",\"isPartOf\":{\"@id\":\"https:\\\/\\\/betlabel.games\\\/lv\\\/#website\"},\"datePublished\":\"2024-10-03T12:45:57+00:00\",\"dateModified\":\"2025-06-14T16:32:17+00:00\",\"description\":\"Ieg\u016bstiet sagaid\u012b\u0161anas paketi 1 300 EUR plus 150 bezmaksas griezienus BetLabel - Atkl\u0101jiet visus kazino bonusus un der\u012bbu akcijas - VIP naudas atmaksa - Bezmaksas likmes - Ikned\u0113\u013cas pied\u0101v\u0101jumi - Pievienojieties BetLabel un sa\u0146emiet ekskluz\u012bvus bonusus katru dienu.\",\"breadcrumb\":{\"@id\":\"https:\\\/\\\/betlabel.games\\\/lv\\\/bonuses\\\/#breadcrumb\"},\"inLanguage\":\"lv-LV\",\"potentialAction\":[{\"@type\":\"ReadAction\",\"target\":[\"https:\\\/\\\/betlabel.games\\\/lv\\\/bonuses\\\/\"]}]},{\"@type\":\"BreadcrumbList\",\"@id\":\"https:\\\/\\\/betlabel.games\\\/lv\\\/bonuses\\\/#breadcrumb\",\"itemListElement\":[{\"@type\":\"ListItem\",\"position\":1,\"name\":\"Home\",\"item\":\"https:\\\/\\\/betlabel.games\\\/lv\\\/\"},{\"@type\":\"ListItem\",\"position\":2,\"name\":\"Bonusi\"}]},{\"@type\":\"WebSite\",\"@id\":\"https:\\\/\\\/betlabel.games\\\/lv\\\/#website\",\"url\":\"https:\\\/\\\/betlabel.games\\\/lv\\\/\",\"name\":\"Betlabel lv\",\"description\":\"My WordPress Blog\",\"potentialAction\":[{\"@type\":\"SearchAction\",\"target\":{\"@type\":\"EntryPoint\",\"urlTemplate\":\"https:\\\/\\\/betlabel.games\\\/lv\\\/?s={search_term_string}\"},\"query-input\":{\"@type\":\"PropertyValueSpecification\",\"valueRequired\":true,\"valueName\":\"search_term_string\"}}],\"inLanguage\":\"lv-LV\"}]}<\/script>\n<!-- \/ Yoast SEO plugin. -->","yoast_head_json":{"title":"BetLabel bonuss \u1409 Pied\u0101v\u0101jumi sporta un kazino","description":"Ieg\u016bstiet sagaid\u012b\u0161anas paketi 1 300 EUR plus 150 bezmaksas griezienus BetLabel - Atkl\u0101jiet visus kazino bonusus un der\u012bbu akcijas - VIP naudas atmaksa - Bezmaksas likmes - Ikned\u0113\u013cas pied\u0101v\u0101jumi - Pievienojieties BetLabel un sa\u0146emiet ekskluz\u012bvus bonusus katru dienu.","robots":{"index":"index","follow":"follow","max-snippet":"max-snippet:-1","max-image-preview":"max-image-preview:large","max-video-preview":"max-video-preview:-1"},"og_locale":"lv_LV","og_type":"article","og_title":"BetLabel bonuss \u1409 Pied\u0101v\u0101jumi sporta un kazino","og_description":"Ieg\u016bstiet sagaid\u012b\u0161anas paketi 1 300 EUR plus 150 bezmaksas griezienus BetLabel - Atkl\u0101jiet visus kazino bonusus un der\u012bbu akcijas - VIP naudas atmaksa - Bezmaksas likmes - Ikned\u0113\u013cas pied\u0101v\u0101jumi - Pievienojieties BetLabel un sa\u0146emiet ekskluz\u012bvus bonusus katru dienu.","og_url":"https:\/\/betlabel.games\/lv\/bonuses\/","og_site_name":"Betlabel lv","article_modified_time":"2025-06-14T16:32:17+00:00","twitter_card":"summary_large_image","schema":{"@context":"https:\/\/schema.org","@graph":[{"@type":"WebPage","@id":"https:\/\/betlabel.games\/lv\/bonuses\/","url":"https:\/\/betlabel.games\/lv\/bonuses\/","name":"BetLabel bonuss \u1409 Pied\u0101v\u0101jumi sporta un kazino","isPartOf":{"@id":"https:\/\/betlabel.games\/lv\/#website"},"datePublished":"2024-10-03T12:45:57+00:00","dateModified":"2025-06-14T16:32:17+00:00","description":"Ieg\u016bstiet sagaid\u012b\u0161anas paketi 1 300 EUR plus 150 bezmaksas griezienus BetLabel - Atkl\u0101jiet visus kazino bonusus un der\u012bbu akcijas - VIP naudas atmaksa - Bezmaksas likmes - Ikned\u0113\u013cas pied\u0101v\u0101jumi - Pievienojieties BetLabel un sa\u0146emiet ekskluz\u012bvus bonusus katru dienu.","breadcrumb":{"@id":"https:\/\/betlabel.games\/lv\/bonuses\/#breadcrumb"},"inLanguage":"lv-LV","potentialAction":[{"@type":"ReadAction","target":["https:\/\/betlabel.games\/lv\/bonuses\/"]}]},{"@type":"BreadcrumbList","@id":"https:\/\/betlabel.games\/lv\/bonuses\/#breadcrumb","itemListElement":[{"@type":"ListItem","position":1,"name":"Home","item":"https:\/\/betlabel.games\/lv\/"},{"@type":"ListItem","position":2,"name":"Bonusi"}]},{"@type":"WebSite","@id":"https:\/\/betlabel.games\/lv\/#website","url":"https:\/\/betlabel.games\/lv\/","name":"Betlabel lv","description":"My WordPress Blog","potentialAction":[{"@type":"SearchAction","target":{"@type":"EntryPoint","urlTemplate":"https:\/\/betlabel.games\/lv\/?s={search_term_string}"},"query-input":{"@type":"PropertyValueSpecification","valueRequired":true,"valueName":"search_term_string"}}],"inLanguage":"lv-LV"}]}},"_links":{"self":[{"href":"https:\/\/betlabel.games\/lv\/wp-json\/wp\/v2\/pages\/201","targetHints":{"allow":["GET"]}}],"collection":[{"href":"https:\/\/betlabel.games\/lv\/wp-json\/wp\/v2\/pages"}],"about":[{"href":"https:\/\/betlabel.games\/lv\/wp-json\/wp\/v2\/types\/page"}],"author":[{"embeddable":true,"href":"https:\/\/betlabel.games\/lv\/wp-json\/wp\/v2\/users\/1"}],"replies":[{"embeddable":true,"href":"https:\/\/betlabel.games\/lv\/wp-json\/wp\/v2\/comments?post=201"}],"version-history":[{"count":1,"href":"https:\/\/betlabel.games\/lv\/wp-json\/wp\/v2\/pages\/201\/revisions"}],"predecessor-version":[{"id":475,"href":"https:\/\/betlabel.games\/lv\/wp-json\/wp\/v2\/pages\/201\/revisions\/475"}],"wp:attachment":[{"href":"https:\/\/betlabel.games\/lv\/wp-json\/wp\/v2\/media?parent=201"}],"curies":[{"name":"wp","href":"https:\/\/api.w.org\/{rel}","templated":true}]}}