{"id":258,"date":"2024-10-09T14:42:29","date_gmt":"2024-10-09T14:42:29","guid":{"rendered":"https:\/\/betlabel.games\/lv\/?page_id=258"},"modified":"2025-10-03T13:40:35","modified_gmt":"2025-10-03T13:40:35","slug":"promo-code","status":"publish","type":"page","link":"https:\/\/betlabel.games\/lv\/promo-code\/","title":{"rendered":"Promo kods"},"content":{"rendered":"","protected":false},"excerpt":{"rendered":"","protected":false},"author":1,"featured_media":0,"parent":0,"menu_order":0,"comment_status":"closed","ping_status":"closed","template":"","meta":{"footnotes":""},"class_list":["post-258","page","type-page","status-publish","hentry"],"yoast_head":"<!-- This site is optimized with the Yoast SEO plugin v27.4 - https:\/\/yoast.com\/product\/yoast-seo-wordpress\/ -->\n<title>BetLabel Promo kods 2025 \ud83c\udf81 Izmantojiet 100% bonusu<\/title>\n<meta name=\"description\" content=\"Ieg\u016bstiet bonusu ar BetLabel promo kodu re\u0123istr\u0101cijas laik\u0101. Uzziniet, k\u0101 izmantot aktu\u0101los BetLabel promo kodus, lai veiktu likmes uz j\u016bsu iecien\u012bt\u0101kajiem sporta veidiem un sp\u0113l\u0113m. K\u0101 aktiviz\u0113t BetLabel bonusa kodu\" \/>\n<meta name=\"robots\" content=\"index, follow, max-snippet:-1, max-image-preview:large, max-video-preview:-1\" \/>\n<meta property=\"og:locale\" content=\"lv_LV\" \/>\n<meta property=\"og:type\" content=\"article\" \/>\n<meta property=\"og:title\" content=\"BetLabel Promo kods 2025 \ud83c\udf81 Izmantojiet 100% bonusu\" \/>\n<meta property=\"og:description\" content=\"Ieg\u016bstiet bonusu ar BetLabel promo kodu re\u0123istr\u0101cijas laik\u0101. Uzziniet, k\u0101 izmantot aktu\u0101los BetLabel promo kodus, lai veiktu likmes uz j\u016bsu iecien\u012bt\u0101kajiem sporta veidiem un sp\u0113l\u0113m. K\u0101 aktiviz\u0113t BetLabel bonusa kodu\" \/>\n<meta property=\"og:url\" content=\"https:\/\/betlabel.games\/lv\/promo-code\/\" \/>\n<meta property=\"og:site_name\" content=\"Betlabel lv\" \/>\n<meta property=\"article:modified_time\" content=\"2025-10-03T13:40:35+00:00\" \/>\n<meta name=\"twitter:card\" content=\"summary_large_image\" \/>\n<script type=\"application\/ld+json\" class=\"yoast-schema-graph\">{\"@context\":\"https:\\\/\\\/schema.org\",\"@graph\":[{\"@type\":\"WebPage\",\"@id\":\"https:\\\/\\\/betlabel.games\\\/lv\\\/promo-code\\\/\",\"url\":\"https:\\\/\\\/betlabel.games\\\/lv\\\/promo-code\\\/\",\"name\":\"BetLabel Promo kods 2025 \ud83c\udf81 Izmantojiet 100% bonusu\",\"isPartOf\":{\"@id\":\"https:\\\/\\\/betlabel.games\\\/lv\\\/#website\"},\"datePublished\":\"2024-10-09T14:42:29+00:00\",\"dateModified\":\"2025-10-03T13:40:35+00:00\",\"description\":\"Ieg\u016bstiet bonusu ar BetLabel promo kodu re\u0123istr\u0101cijas laik\u0101. Uzziniet, k\u0101 izmantot aktu\u0101los BetLabel promo kodus, lai veiktu likmes uz j\u016bsu iecien\u012bt\u0101kajiem sporta veidiem un sp\u0113l\u0113m. K\u0101 aktiviz\u0113t BetLabel bonusa kodu\",\"breadcrumb\":{\"@id\":\"https:\\\/\\\/betlabel.games\\\/lv\\\/promo-code\\\/#breadcrumb\"},\"inLanguage\":\"lv-LV\",\"potentialAction\":[{\"@type\":\"ReadAction\",\"target\":[\"https:\\\/\\\/betlabel.games\\\/lv\\\/promo-code\\\/\"]}]},{\"@type\":\"BreadcrumbList\",\"@id\":\"https:\\\/\\\/betlabel.games\\\/lv\\\/promo-code\\\/#breadcrumb\",\"itemListElement\":[{\"@type\":\"ListItem\",\"position\":1,\"name\":\"Home\",\"item\":\"https:\\\/\\\/betlabel.games\\\/lv\\\/\"},{\"@type\":\"ListItem\",\"position\":2,\"name\":\"Promo kods\"}]},{\"@type\":\"WebSite\",\"@id\":\"https:\\\/\\\/betlabel.games\\\/lv\\\/#website\",\"url\":\"https:\\\/\\\/betlabel.games\\\/lv\\\/\",\"name\":\"Betlabel lv\",\"description\":\"My WordPress Blog\",\"potentialAction\":[{\"@type\":\"SearchAction\",\"target\":{\"@type\":\"EntryPoint\",\"urlTemplate\":\"https:\\\/\\\/betlabel.games\\\/lv\\\/?s={search_term_string}\"},\"query-input\":{\"@type\":\"PropertyValueSpecification\",\"valueRequired\":true,\"valueName\":\"search_term_string\"}}],\"inLanguage\":\"lv-LV\"}]}<\/script>\n<!-- \/ Yoast SEO plugin. -->","yoast_head_json":{"title":"BetLabel Promo kods 2025 \ud83c\udf81 Izmantojiet 100% bonusu","description":"Ieg\u016bstiet bonusu ar BetLabel promo kodu re\u0123istr\u0101cijas laik\u0101. Uzziniet, k\u0101 izmantot aktu\u0101los BetLabel promo kodus, lai veiktu likmes uz j\u016bsu iecien\u012bt\u0101kajiem sporta veidiem un sp\u0113l\u0113m. K\u0101 aktiviz\u0113t BetLabel bonusa kodu","robots":{"index":"index","follow":"follow","max-snippet":"max-snippet:-1","max-image-preview":"max-image-preview:large","max-video-preview":"max-video-preview:-1"},"og_locale":"lv_LV","og_type":"article","og_title":"BetLabel Promo kods 2025 \ud83c\udf81 Izmantojiet 100% bonusu","og_description":"Ieg\u016bstiet bonusu ar BetLabel promo kodu re\u0123istr\u0101cijas laik\u0101. Uzziniet, k\u0101 izmantot aktu\u0101los BetLabel promo kodus, lai veiktu likmes uz j\u016bsu iecien\u012bt\u0101kajiem sporta veidiem un sp\u0113l\u0113m. K\u0101 aktiviz\u0113t BetLabel bonusa kodu","og_url":"https:\/\/betlabel.games\/lv\/promo-code\/","og_site_name":"Betlabel lv","article_modified_time":"2025-10-03T13:40:35+00:00","twitter_card":"summary_large_image","schema":{"@context":"https:\/\/schema.org","@graph":[{"@type":"WebPage","@id":"https:\/\/betlabel.games\/lv\/promo-code\/","url":"https:\/\/betlabel.games\/lv\/promo-code\/","name":"BetLabel Promo kods 2025 \ud83c\udf81 Izmantojiet 100% bonusu","isPartOf":{"@id":"https:\/\/betlabel.games\/lv\/#website"},"datePublished":"2024-10-09T14:42:29+00:00","dateModified":"2025-10-03T13:40:35+00:00","description":"Ieg\u016bstiet bonusu ar BetLabel promo kodu re\u0123istr\u0101cijas laik\u0101. Uzziniet, k\u0101 izmantot aktu\u0101los BetLabel promo kodus, lai veiktu likmes uz j\u016bsu iecien\u012bt\u0101kajiem sporta veidiem un sp\u0113l\u0113m. K\u0101 aktiviz\u0113t BetLabel bonusa kodu","breadcrumb":{"@id":"https:\/\/betlabel.games\/lv\/promo-code\/#breadcrumb"},"inLanguage":"lv-LV","potentialAction":[{"@type":"ReadAction","target":["https:\/\/betlabel.games\/lv\/promo-code\/"]}]},{"@type":"BreadcrumbList","@id":"https:\/\/betlabel.games\/lv\/promo-code\/#breadcrumb","itemListElement":[{"@type":"ListItem","position":1,"name":"Home","item":"https:\/\/betlabel.games\/lv\/"},{"@type":"ListItem","position":2,"name":"Promo kods"}]},{"@type":"WebSite","@id":"https:\/\/betlabel.games\/lv\/#website","url":"https:\/\/betlabel.games\/lv\/","name":"Betlabel lv","description":"My WordPress Blog","potentialAction":[{"@type":"SearchAction","target":{"@type":"EntryPoint","urlTemplate":"https:\/\/betlabel.games\/lv\/?s={search_term_string}"},"query-input":{"@type":"PropertyValueSpecification","valueRequired":true,"valueName":"search_term_string"}}],"inLanguage":"lv-LV"}]}},"_links":{"self":[{"href":"https:\/\/betlabel.games\/lv\/wp-json\/wp\/v2\/pages\/258","targetHints":{"allow":["GET"]}}],"collection":[{"href":"https:\/\/betlabel.games\/lv\/wp-json\/wp\/v2\/pages"}],"about":[{"href":"https:\/\/betlabel.games\/lv\/wp-json\/wp\/v2\/types\/page"}],"author":[{"embeddable":true,"href":"https:\/\/betlabel.games\/lv\/wp-json\/wp\/v2\/users\/1"}],"replies":[{"embeddable":true,"href":"https:\/\/betlabel.games\/lv\/wp-json\/wp\/v2\/comments?post=258"}],"version-history":[{"count":5,"href":"https:\/\/betlabel.games\/lv\/wp-json\/wp\/v2\/pages\/258\/revisions"}],"predecessor-version":[{"id":500,"href":"https:\/\/betlabel.games\/lv\/wp-json\/wp\/v2\/pages\/258\/revisions\/500"}],"wp:attachment":[{"href":"https:\/\/betlabel.games\/lv\/wp-json\/wp\/v2\/media?parent=258"}],"curies":[{"name":"wp","href":"https:\/\/api.w.org\/{rel}","templated":true}]}}