{"id":262,"date":"2024-10-09T14:48:40","date_gmt":"2024-10-09T14:48:40","guid":{"rendered":"https:\/\/betlabel.games\/lv\/?page_id=262"},"modified":"2025-06-14T16:20:36","modified_gmt":"2025-06-14T16:20:36","slug":"apk","status":"publish","type":"page","link":"https:\/\/betlabel.games\/lv\/apk\/","title":{"rendered":"Apk"},"content":{"rendered":"","protected":false},"excerpt":{"rendered":"","protected":false},"author":1,"featured_media":0,"parent":0,"menu_order":0,"comment_status":"closed","ping_status":"closed","template":"","meta":{"footnotes":""},"class_list":["post-262","page","type-page","status-publish","hentry"],"yoast_head":"<!-- This site is optimized with the Yoast SEO plugin v27.4 - https:\/\/yoast.com\/product\/yoast-seo-wordpress\/ -->\n<title>BetLabel Apk \u2b07\ufe0f Lejupiel\u0101d\u0113t APK Android un iOS 2025<\/title>\n<meta name=\"description\" content=\"Lejupiel\u0101d\u0113jiet un instal\u0113jiet BetLabel Apk sav\u0101 Android vai iOS ier\u012bc\u0113, izmantojot m\u016bsu soli pa solim sniegto rokasgr\u0101matu. Atkl\u0101jiet mobil\u0101s totalizatora un kazino sp\u0113les, izmantojot BetLabel Mobile Apk \u2b50 Izbaudiet BetLabel Apk lejupiel\u0101di.\" \/>\n<meta name=\"robots\" content=\"index, follow, max-snippet:-1, max-image-preview:large, max-video-preview:-1\" \/>\n<meta property=\"og:locale\" content=\"lv_LV\" \/>\n<meta property=\"og:type\" content=\"article\" \/>\n<meta property=\"og:title\" content=\"BetLabel Apk \u2b07\ufe0f Lejupiel\u0101d\u0113t APK Android un iOS 2025\" \/>\n<meta property=\"og:description\" content=\"Lejupiel\u0101d\u0113jiet un instal\u0113jiet BetLabel Apk sav\u0101 Android vai iOS ier\u012bc\u0113, izmantojot m\u016bsu soli pa solim sniegto rokasgr\u0101matu. Atkl\u0101jiet mobil\u0101s totalizatora un kazino sp\u0113les, izmantojot BetLabel Mobile Apk \u2b50 Izbaudiet BetLabel Apk lejupiel\u0101di.\" \/>\n<meta property=\"og:url\" content=\"https:\/\/betlabel.games\/lv\/apk\/\" \/>\n<meta property=\"og:site_name\" content=\"Betlabel lv\" \/>\n<meta property=\"article:modified_time\" content=\"2025-06-14T16:20:36+00:00\" \/>\n<meta name=\"twitter:card\" content=\"summary_large_image\" \/>\n<script type=\"application\/ld+json\" class=\"yoast-schema-graph\">{\"@context\":\"https:\\\/\\\/schema.org\",\"@graph\":[{\"@type\":\"WebPage\",\"@id\":\"https:\\\/\\\/betlabel.games\\\/lv\\\/apk\\\/\",\"url\":\"https:\\\/\\\/betlabel.games\\\/lv\\\/apk\\\/\",\"name\":\"BetLabel Apk \u2b07\ufe0f Lejupiel\u0101d\u0113t APK Android un iOS 2025\",\"isPartOf\":{\"@id\":\"https:\\\/\\\/betlabel.games\\\/lv\\\/#website\"},\"datePublished\":\"2024-10-09T14:48:40+00:00\",\"dateModified\":\"2025-06-14T16:20:36+00:00\",\"description\":\"Lejupiel\u0101d\u0113jiet un instal\u0113jiet BetLabel Apk sav\u0101 Android vai iOS ier\u012bc\u0113, izmantojot m\u016bsu soli pa solim sniegto rokasgr\u0101matu. Atkl\u0101jiet mobil\u0101s totalizatora un kazino sp\u0113les, izmantojot BetLabel Mobile Apk \u2b50 Izbaudiet BetLabel Apk lejupiel\u0101di.\",\"breadcrumb\":{\"@id\":\"https:\\\/\\\/betlabel.games\\\/lv\\\/apk\\\/#breadcrumb\"},\"inLanguage\":\"lv-LV\",\"potentialAction\":[{\"@type\":\"ReadAction\",\"target\":[\"https:\\\/\\\/betlabel.games\\\/lv\\\/apk\\\/\"]}]},{\"@type\":\"BreadcrumbList\",\"@id\":\"https:\\\/\\\/betlabel.games\\\/lv\\\/apk\\\/#breadcrumb\",\"itemListElement\":[{\"@type\":\"ListItem\",\"position\":1,\"name\":\"Home\",\"item\":\"https:\\\/\\\/betlabel.games\\\/lv\\\/\"},{\"@type\":\"ListItem\",\"position\":2,\"name\":\"Apk\"}]},{\"@type\":\"WebSite\",\"@id\":\"https:\\\/\\\/betlabel.games\\\/lv\\\/#website\",\"url\":\"https:\\\/\\\/betlabel.games\\\/lv\\\/\",\"name\":\"Betlabel lv\",\"description\":\"My WordPress Blog\",\"potentialAction\":[{\"@type\":\"SearchAction\",\"target\":{\"@type\":\"EntryPoint\",\"urlTemplate\":\"https:\\\/\\\/betlabel.games\\\/lv\\\/?s={search_term_string}\"},\"query-input\":{\"@type\":\"PropertyValueSpecification\",\"valueRequired\":true,\"valueName\":\"search_term_string\"}}],\"inLanguage\":\"lv-LV\"}]}<\/script>\n<!-- \/ Yoast SEO plugin. -->","yoast_head_json":{"title":"BetLabel Apk \u2b07\ufe0f Lejupiel\u0101d\u0113t APK Android un iOS 2025","description":"Lejupiel\u0101d\u0113jiet un instal\u0113jiet BetLabel Apk sav\u0101 Android vai iOS ier\u012bc\u0113, izmantojot m\u016bsu soli pa solim sniegto rokasgr\u0101matu. Atkl\u0101jiet mobil\u0101s totalizatora un kazino sp\u0113les, izmantojot BetLabel Mobile Apk \u2b50 Izbaudiet BetLabel Apk lejupiel\u0101di.","robots":{"index":"index","follow":"follow","max-snippet":"max-snippet:-1","max-image-preview":"max-image-preview:large","max-video-preview":"max-video-preview:-1"},"og_locale":"lv_LV","og_type":"article","og_title":"BetLabel Apk \u2b07\ufe0f Lejupiel\u0101d\u0113t APK Android un iOS 2025","og_description":"Lejupiel\u0101d\u0113jiet un instal\u0113jiet BetLabel Apk sav\u0101 Android vai iOS ier\u012bc\u0113, izmantojot m\u016bsu soli pa solim sniegto rokasgr\u0101matu. Atkl\u0101jiet mobil\u0101s totalizatora un kazino sp\u0113les, izmantojot BetLabel Mobile Apk \u2b50 Izbaudiet BetLabel Apk lejupiel\u0101di.","og_url":"https:\/\/betlabel.games\/lv\/apk\/","og_site_name":"Betlabel lv","article_modified_time":"2025-06-14T16:20:36+00:00","twitter_card":"summary_large_image","schema":{"@context":"https:\/\/schema.org","@graph":[{"@type":"WebPage","@id":"https:\/\/betlabel.games\/lv\/apk\/","url":"https:\/\/betlabel.games\/lv\/apk\/","name":"BetLabel Apk \u2b07\ufe0f Lejupiel\u0101d\u0113t APK Android un iOS 2025","isPartOf":{"@id":"https:\/\/betlabel.games\/lv\/#website"},"datePublished":"2024-10-09T14:48:40+00:00","dateModified":"2025-06-14T16:20:36+00:00","description":"Lejupiel\u0101d\u0113jiet un instal\u0113jiet BetLabel Apk sav\u0101 Android vai iOS ier\u012bc\u0113, izmantojot m\u016bsu soli pa solim sniegto rokasgr\u0101matu. Atkl\u0101jiet mobil\u0101s totalizatora un kazino sp\u0113les, izmantojot BetLabel Mobile Apk \u2b50 Izbaudiet BetLabel Apk lejupiel\u0101di.","breadcrumb":{"@id":"https:\/\/betlabel.games\/lv\/apk\/#breadcrumb"},"inLanguage":"lv-LV","potentialAction":[{"@type":"ReadAction","target":["https:\/\/betlabel.games\/lv\/apk\/"]}]},{"@type":"BreadcrumbList","@id":"https:\/\/betlabel.games\/lv\/apk\/#breadcrumb","itemListElement":[{"@type":"ListItem","position":1,"name":"Home","item":"https:\/\/betlabel.games\/lv\/"},{"@type":"ListItem","position":2,"name":"Apk"}]},{"@type":"WebSite","@id":"https:\/\/betlabel.games\/lv\/#website","url":"https:\/\/betlabel.games\/lv\/","name":"Betlabel lv","description":"My WordPress Blog","potentialAction":[{"@type":"SearchAction","target":{"@type":"EntryPoint","urlTemplate":"https:\/\/betlabel.games\/lv\/?s={search_term_string}"},"query-input":{"@type":"PropertyValueSpecification","valueRequired":true,"valueName":"search_term_string"}}],"inLanguage":"lv-LV"}]}},"_links":{"self":[{"href":"https:\/\/betlabel.games\/lv\/wp-json\/wp\/v2\/pages\/262","targetHints":{"allow":["GET"]}}],"collection":[{"href":"https:\/\/betlabel.games\/lv\/wp-json\/wp\/v2\/pages"}],"about":[{"href":"https:\/\/betlabel.games\/lv\/wp-json\/wp\/v2\/types\/page"}],"author":[{"embeddable":true,"href":"https:\/\/betlabel.games\/lv\/wp-json\/wp\/v2\/users\/1"}],"replies":[{"embeddable":true,"href":"https:\/\/betlabel.games\/lv\/wp-json\/wp\/v2\/comments?post=262"}],"version-history":[{"count":1,"href":"https:\/\/betlabel.games\/lv\/wp-json\/wp\/v2\/pages\/262\/revisions"}],"predecessor-version":[{"id":473,"href":"https:\/\/betlabel.games\/lv\/wp-json\/wp\/v2\/pages\/262\/revisions\/473"}],"wp:attachment":[{"href":"https:\/\/betlabel.games\/lv\/wp-json\/wp\/v2\/media?parent=262"}],"curies":[{"name":"wp","href":"https:\/\/api.w.org\/{rel}","templated":true}]}}