{"id":270,"date":"2024-10-10T12:51:51","date_gmt":"2024-10-10T12:51:51","guid":{"rendered":"https:\/\/betlabel.games\/lv\/?page_id=270"},"modified":"2025-06-14T16:48:44","modified_gmt":"2025-06-14T16:48:44","slug":"login","status":"publish","type":"page","link":"https:\/\/betlabel.games\/lv\/login\/","title":{"rendered":"Pieteik\u0161an\u0101s"},"content":{"rendered":"","protected":false},"excerpt":{"rendered":"","protected":false},"author":1,"featured_media":0,"parent":0,"menu_order":0,"comment_status":"closed","ping_status":"closed","template":"","meta":{"footnotes":""},"class_list":["post-270","page","type-page","status-publish","hentry"],"yoast_head":"<!-- This site is optimized with the Yoast SEO plugin v27.4 - https:\/\/yoast.com\/product\/yoast-seo-wordpress\/ -->\n<title>BetLabel | Pieteik\u0161an\u0101s ofici\u0101laj\u0101 der\u012bbu vietn\u0113<\/title>\n<meta name=\"description\" content=\"Pieteik\u0161an\u0101s ofici\u0101laj\u0101 BetLabel vietn\u0113 \u2713 K\u0101 veikt savu BetLabel pieteik\u0161anos un s\u0101kt der\u012bbas \u279c Lai veiktu BetLabel pieteik\u0161anos, vienk\u0101r\u0161i dodieties uz BetLabel Sportsbook un nor\u0101diet savu lietot\u0101jv\u0101rdu un paroli.\" \/>\n<meta name=\"robots\" content=\"index, follow, max-snippet:-1, max-image-preview:large, max-video-preview:-1\" \/>\n<meta property=\"og:locale\" content=\"lv_LV\" \/>\n<meta property=\"og:type\" content=\"article\" \/>\n<meta property=\"og:title\" content=\"BetLabel | Pieteik\u0161an\u0101s ofici\u0101laj\u0101 der\u012bbu vietn\u0113\" \/>\n<meta property=\"og:description\" content=\"Pieteik\u0161an\u0101s ofici\u0101laj\u0101 BetLabel vietn\u0113 \u2713 K\u0101 veikt savu BetLabel pieteik\u0161anos un s\u0101kt der\u012bbas \u279c Lai veiktu BetLabel pieteik\u0161anos, vienk\u0101r\u0161i dodieties uz BetLabel Sportsbook un nor\u0101diet savu lietot\u0101jv\u0101rdu un paroli.\" \/>\n<meta property=\"og:url\" content=\"https:\/\/betlabel.games\/lv\/login\/\" \/>\n<meta property=\"og:site_name\" content=\"Betlabel lv\" \/>\n<meta property=\"article:modified_time\" content=\"2025-06-14T16:48:44+00:00\" \/>\n<meta name=\"twitter:card\" content=\"summary_large_image\" \/>\n<script type=\"application\/ld+json\" class=\"yoast-schema-graph\">{\"@context\":\"https:\\\/\\\/schema.org\",\"@graph\":[{\"@type\":\"WebPage\",\"@id\":\"https:\\\/\\\/betlabel.games\\\/lv\\\/login\\\/\",\"url\":\"https:\\\/\\\/betlabel.games\\\/lv\\\/login\\\/\",\"name\":\"BetLabel | Pieteik\u0161an\u0101s ofici\u0101laj\u0101 der\u012bbu vietn\u0113\",\"isPartOf\":{\"@id\":\"https:\\\/\\\/betlabel.games\\\/lv\\\/#website\"},\"datePublished\":\"2024-10-10T12:51:51+00:00\",\"dateModified\":\"2025-06-14T16:48:44+00:00\",\"description\":\"Pieteik\u0161an\u0101s ofici\u0101laj\u0101 BetLabel vietn\u0113 \u2713 K\u0101 veikt savu BetLabel pieteik\u0161anos un s\u0101kt der\u012bbas \u279c Lai veiktu BetLabel pieteik\u0161anos, vienk\u0101r\u0161i dodieties uz BetLabel Sportsbook un nor\u0101diet savu lietot\u0101jv\u0101rdu un paroli.\",\"breadcrumb\":{\"@id\":\"https:\\\/\\\/betlabel.games\\\/lv\\\/login\\\/#breadcrumb\"},\"inLanguage\":\"lv-LV\",\"potentialAction\":[{\"@type\":\"ReadAction\",\"target\":[\"https:\\\/\\\/betlabel.games\\\/lv\\\/login\\\/\"]}]},{\"@type\":\"BreadcrumbList\",\"@id\":\"https:\\\/\\\/betlabel.games\\\/lv\\\/login\\\/#breadcrumb\",\"itemListElement\":[{\"@type\":\"ListItem\",\"position\":1,\"name\":\"Home\",\"item\":\"https:\\\/\\\/betlabel.games\\\/lv\\\/\"},{\"@type\":\"ListItem\",\"position\":2,\"name\":\"Pieteik\u0161an\u0101s\"}]},{\"@type\":\"WebSite\",\"@id\":\"https:\\\/\\\/betlabel.games\\\/lv\\\/#website\",\"url\":\"https:\\\/\\\/betlabel.games\\\/lv\\\/\",\"name\":\"Betlabel lv\",\"description\":\"My WordPress Blog\",\"potentialAction\":[{\"@type\":\"SearchAction\",\"target\":{\"@type\":\"EntryPoint\",\"urlTemplate\":\"https:\\\/\\\/betlabel.games\\\/lv\\\/?s={search_term_string}\"},\"query-input\":{\"@type\":\"PropertyValueSpecification\",\"valueRequired\":true,\"valueName\":\"search_term_string\"}}],\"inLanguage\":\"lv-LV\"}]}<\/script>\n<!-- \/ Yoast SEO plugin. -->","yoast_head_json":{"title":"BetLabel | Pieteik\u0161an\u0101s ofici\u0101laj\u0101 der\u012bbu vietn\u0113","description":"Pieteik\u0161an\u0101s ofici\u0101laj\u0101 BetLabel vietn\u0113 \u2713 K\u0101 veikt savu BetLabel pieteik\u0161anos un s\u0101kt der\u012bbas \u279c Lai veiktu BetLabel pieteik\u0161anos, vienk\u0101r\u0161i dodieties uz BetLabel Sportsbook un nor\u0101diet savu lietot\u0101jv\u0101rdu un paroli.","robots":{"index":"index","follow":"follow","max-snippet":"max-snippet:-1","max-image-preview":"max-image-preview:large","max-video-preview":"max-video-preview:-1"},"og_locale":"lv_LV","og_type":"article","og_title":"BetLabel | Pieteik\u0161an\u0101s ofici\u0101laj\u0101 der\u012bbu vietn\u0113","og_description":"Pieteik\u0161an\u0101s ofici\u0101laj\u0101 BetLabel vietn\u0113 \u2713 K\u0101 veikt savu BetLabel pieteik\u0161anos un s\u0101kt der\u012bbas \u279c Lai veiktu BetLabel pieteik\u0161anos, vienk\u0101r\u0161i dodieties uz BetLabel Sportsbook un nor\u0101diet savu lietot\u0101jv\u0101rdu un paroli.","og_url":"https:\/\/betlabel.games\/lv\/login\/","og_site_name":"Betlabel lv","article_modified_time":"2025-06-14T16:48:44+00:00","twitter_card":"summary_large_image","schema":{"@context":"https:\/\/schema.org","@graph":[{"@type":"WebPage","@id":"https:\/\/betlabel.games\/lv\/login\/","url":"https:\/\/betlabel.games\/lv\/login\/","name":"BetLabel | Pieteik\u0161an\u0101s ofici\u0101laj\u0101 der\u012bbu vietn\u0113","isPartOf":{"@id":"https:\/\/betlabel.games\/lv\/#website"},"datePublished":"2024-10-10T12:51:51+00:00","dateModified":"2025-06-14T16:48:44+00:00","description":"Pieteik\u0161an\u0101s ofici\u0101laj\u0101 BetLabel vietn\u0113 \u2713 K\u0101 veikt savu BetLabel pieteik\u0161anos un s\u0101kt der\u012bbas \u279c Lai veiktu BetLabel pieteik\u0161anos, vienk\u0101r\u0161i dodieties uz BetLabel Sportsbook un nor\u0101diet savu lietot\u0101jv\u0101rdu un paroli.","breadcrumb":{"@id":"https:\/\/betlabel.games\/lv\/login\/#breadcrumb"},"inLanguage":"lv-LV","potentialAction":[{"@type":"ReadAction","target":["https:\/\/betlabel.games\/lv\/login\/"]}]},{"@type":"BreadcrumbList","@id":"https:\/\/betlabel.games\/lv\/login\/#breadcrumb","itemListElement":[{"@type":"ListItem","position":1,"name":"Home","item":"https:\/\/betlabel.games\/lv\/"},{"@type":"ListItem","position":2,"name":"Pieteik\u0161an\u0101s"}]},{"@type":"WebSite","@id":"https:\/\/betlabel.games\/lv\/#website","url":"https:\/\/betlabel.games\/lv\/","name":"Betlabel lv","description":"My WordPress Blog","potentialAction":[{"@type":"SearchAction","target":{"@type":"EntryPoint","urlTemplate":"https:\/\/betlabel.games\/lv\/?s={search_term_string}"},"query-input":{"@type":"PropertyValueSpecification","valueRequired":true,"valueName":"search_term_string"}}],"inLanguage":"lv-LV"}]}},"_links":{"self":[{"href":"https:\/\/betlabel.games\/lv\/wp-json\/wp\/v2\/pages\/270","targetHints":{"allow":["GET"]}}],"collection":[{"href":"https:\/\/betlabel.games\/lv\/wp-json\/wp\/v2\/pages"}],"about":[{"href":"https:\/\/betlabel.games\/lv\/wp-json\/wp\/v2\/types\/page"}],"author":[{"embeddable":true,"href":"https:\/\/betlabel.games\/lv\/wp-json\/wp\/v2\/users\/1"}],"replies":[{"embeddable":true,"href":"https:\/\/betlabel.games\/lv\/wp-json\/wp\/v2\/comments?post=270"}],"version-history":[{"count":2,"href":"https:\/\/betlabel.games\/lv\/wp-json\/wp\/v2\/pages\/270\/revisions"}],"predecessor-version":[{"id":478,"href":"https:\/\/betlabel.games\/lv\/wp-json\/wp\/v2\/pages\/270\/revisions\/478"}],"wp:attachment":[{"href":"https:\/\/betlabel.games\/lv\/wp-json\/wp\/v2\/media?parent=270"}],"curies":[{"name":"wp","href":"https:\/\/api.w.org\/{rel}","templated":true}]}}