{"id":279,"date":"2024-10-10T13:11:39","date_gmt":"2024-10-10T13:11:39","guid":{"rendered":"https:\/\/betlabel.games\/lv\/?page_id=279"},"modified":"2025-06-26T18:43:16","modified_gmt":"2025-06-26T18:43:16","slug":"casino","status":"publish","type":"page","link":"https:\/\/betlabel.games\/lv\/casino\/","title":{"rendered":"Kazino"},"content":{"rendered":"","protected":false},"excerpt":{"rendered":"","protected":false},"author":1,"featured_media":0,"parent":0,"menu_order":0,"comment_status":"closed","ping_status":"closed","template":"","meta":{"footnotes":""},"class_list":["post-279","page","type-page","status-publish","hentry"],"yoast_head":"<!-- This site is optimized with the Yoast SEO plugin v27.4 - https:\/\/yoast.com\/product\/yoast-seo-wordpress\/ -->\n<title>BetLabel Kazino | Sp\u0113l\u0113t sp\u0113\u013cu autom\u0101tus un sp\u0113le<\/title>\n<meta name=\"description\" content=\"BetLabel Kazino ir godalgota kazino vietne ar simtiem sp\u0113\u013cu, sp\u0113\u013cu autom\u0101tu un izcilu bonusu kl\u0101stu. Izbaudiet dro\u0161u un dro\u0161u kazino pieredzi ar BetLabel\" \/>\n<meta name=\"robots\" content=\"index, follow, max-snippet:-1, max-image-preview:large, max-video-preview:-1\" \/>\n<meta property=\"og:locale\" content=\"lv_LV\" \/>\n<meta property=\"og:type\" content=\"article\" \/>\n<meta property=\"og:title\" content=\"BetLabel Kazino | Sp\u0113l\u0113t sp\u0113\u013cu autom\u0101tus un sp\u0113le\" \/>\n<meta property=\"og:description\" content=\"BetLabel Kazino ir godalgota kazino vietne ar simtiem sp\u0113\u013cu, sp\u0113\u013cu autom\u0101tu un izcilu bonusu kl\u0101stu. Izbaudiet dro\u0161u un dro\u0161u kazino pieredzi ar BetLabel\" \/>\n<meta property=\"og:url\" content=\"https:\/\/betlabel.games\/lv\/casino\/\" \/>\n<meta property=\"og:site_name\" content=\"Betlabel lv\" \/>\n<meta property=\"article:modified_time\" content=\"2025-06-26T18:43:16+00:00\" \/>\n<meta name=\"twitter:card\" content=\"summary_large_image\" \/>\n<script type=\"application\/ld+json\" class=\"yoast-schema-graph\">{\"@context\":\"https:\\\/\\\/schema.org\",\"@graph\":[{\"@type\":\"WebPage\",\"@id\":\"https:\\\/\\\/betlabel.games\\\/lv\\\/casino\\\/\",\"url\":\"https:\\\/\\\/betlabel.games\\\/lv\\\/casino\\\/\",\"name\":\"BetLabel Kazino | Sp\u0113l\u0113t sp\u0113\u013cu autom\u0101tus un sp\u0113le\",\"isPartOf\":{\"@id\":\"https:\\\/\\\/betlabel.games\\\/lv\\\/#website\"},\"datePublished\":\"2024-10-10T13:11:39+00:00\",\"dateModified\":\"2025-06-26T18:43:16+00:00\",\"description\":\"BetLabel Kazino ir godalgota kazino vietne ar simtiem sp\u0113\u013cu, sp\u0113\u013cu autom\u0101tu un izcilu bonusu kl\u0101stu. Izbaudiet dro\u0161u un dro\u0161u kazino pieredzi ar BetLabel\",\"breadcrumb\":{\"@id\":\"https:\\\/\\\/betlabel.games\\\/lv\\\/casino\\\/#breadcrumb\"},\"inLanguage\":\"lv-LV\",\"potentialAction\":[{\"@type\":\"ReadAction\",\"target\":[\"https:\\\/\\\/betlabel.games\\\/lv\\\/casino\\\/\"]}]},{\"@type\":\"BreadcrumbList\",\"@id\":\"https:\\\/\\\/betlabel.games\\\/lv\\\/casino\\\/#breadcrumb\",\"itemListElement\":[{\"@type\":\"ListItem\",\"position\":1,\"name\":\"Home\",\"item\":\"https:\\\/\\\/betlabel.games\\\/lv\\\/\"},{\"@type\":\"ListItem\",\"position\":2,\"name\":\"Kazino\"}]},{\"@type\":\"WebSite\",\"@id\":\"https:\\\/\\\/betlabel.games\\\/lv\\\/#website\",\"url\":\"https:\\\/\\\/betlabel.games\\\/lv\\\/\",\"name\":\"Betlabel lv\",\"description\":\"My WordPress Blog\",\"potentialAction\":[{\"@type\":\"SearchAction\",\"target\":{\"@type\":\"EntryPoint\",\"urlTemplate\":\"https:\\\/\\\/betlabel.games\\\/lv\\\/?s={search_term_string}\"},\"query-input\":{\"@type\":\"PropertyValueSpecification\",\"valueRequired\":true,\"valueName\":\"search_term_string\"}}],\"inLanguage\":\"lv-LV\"}]}<\/script>\n<!-- \/ Yoast SEO plugin. -->","yoast_head_json":{"title":"BetLabel Kazino | Sp\u0113l\u0113t sp\u0113\u013cu autom\u0101tus un sp\u0113le","description":"BetLabel Kazino ir godalgota kazino vietne ar simtiem sp\u0113\u013cu, sp\u0113\u013cu autom\u0101tu un izcilu bonusu kl\u0101stu. Izbaudiet dro\u0161u un dro\u0161u kazino pieredzi ar BetLabel","robots":{"index":"index","follow":"follow","max-snippet":"max-snippet:-1","max-image-preview":"max-image-preview:large","max-video-preview":"max-video-preview:-1"},"og_locale":"lv_LV","og_type":"article","og_title":"BetLabel Kazino | Sp\u0113l\u0113t sp\u0113\u013cu autom\u0101tus un sp\u0113le","og_description":"BetLabel Kazino ir godalgota kazino vietne ar simtiem sp\u0113\u013cu, sp\u0113\u013cu autom\u0101tu un izcilu bonusu kl\u0101stu. Izbaudiet dro\u0161u un dro\u0161u kazino pieredzi ar BetLabel","og_url":"https:\/\/betlabel.games\/lv\/casino\/","og_site_name":"Betlabel lv","article_modified_time":"2025-06-26T18:43:16+00:00","twitter_card":"summary_large_image","schema":{"@context":"https:\/\/schema.org","@graph":[{"@type":"WebPage","@id":"https:\/\/betlabel.games\/lv\/casino\/","url":"https:\/\/betlabel.games\/lv\/casino\/","name":"BetLabel Kazino | Sp\u0113l\u0113t sp\u0113\u013cu autom\u0101tus un sp\u0113le","isPartOf":{"@id":"https:\/\/betlabel.games\/lv\/#website"},"datePublished":"2024-10-10T13:11:39+00:00","dateModified":"2025-06-26T18:43:16+00:00","description":"BetLabel Kazino ir godalgota kazino vietne ar simtiem sp\u0113\u013cu, sp\u0113\u013cu autom\u0101tu un izcilu bonusu kl\u0101stu. Izbaudiet dro\u0161u un dro\u0161u kazino pieredzi ar BetLabel","breadcrumb":{"@id":"https:\/\/betlabel.games\/lv\/casino\/#breadcrumb"},"inLanguage":"lv-LV","potentialAction":[{"@type":"ReadAction","target":["https:\/\/betlabel.games\/lv\/casino\/"]}]},{"@type":"BreadcrumbList","@id":"https:\/\/betlabel.games\/lv\/casino\/#breadcrumb","itemListElement":[{"@type":"ListItem","position":1,"name":"Home","item":"https:\/\/betlabel.games\/lv\/"},{"@type":"ListItem","position":2,"name":"Kazino"}]},{"@type":"WebSite","@id":"https:\/\/betlabel.games\/lv\/#website","url":"https:\/\/betlabel.games\/lv\/","name":"Betlabel lv","description":"My WordPress Blog","potentialAction":[{"@type":"SearchAction","target":{"@type":"EntryPoint","urlTemplate":"https:\/\/betlabel.games\/lv\/?s={search_term_string}"},"query-input":{"@type":"PropertyValueSpecification","valueRequired":true,"valueName":"search_term_string"}}],"inLanguage":"lv-LV"}]}},"_links":{"self":[{"href":"https:\/\/betlabel.games\/lv\/wp-json\/wp\/v2\/pages\/279","targetHints":{"allow":["GET"]}}],"collection":[{"href":"https:\/\/betlabel.games\/lv\/wp-json\/wp\/v2\/pages"}],"about":[{"href":"https:\/\/betlabel.games\/lv\/wp-json\/wp\/v2\/types\/page"}],"author":[{"embeddable":true,"href":"https:\/\/betlabel.games\/lv\/wp-json\/wp\/v2\/users\/1"}],"replies":[{"embeddable":true,"href":"https:\/\/betlabel.games\/lv\/wp-json\/wp\/v2\/comments?post=279"}],"version-history":[{"count":1,"href":"https:\/\/betlabel.games\/lv\/wp-json\/wp\/v2\/pages\/279\/revisions"}],"predecessor-version":[{"id":477,"href":"https:\/\/betlabel.games\/lv\/wp-json\/wp\/v2\/pages\/279\/revisions\/477"}],"wp:attachment":[{"href":"https:\/\/betlabel.games\/lv\/wp-json\/wp\/v2\/media?parent=279"}],"curies":[{"name":"wp","href":"https:\/\/api.w.org\/{rel}","templated":true}]}}