{"id":420,"date":"2025-06-13T06:21:39","date_gmt":"2025-06-13T06:21:39","guid":{"rendered":"https:\/\/betlabel.games\/lv\/?page_id=420"},"modified":"2025-06-14T17:48:32","modified_gmt":"2025-06-14T17:48:32","slug":"first-deposit","status":"publish","type":"page","link":"https:\/\/betlabel.games\/lv\/bonuses\/first-deposit\/","title":{"rendered":"Pirmais depoz\u012bts"},"content":{"rendered":"","protected":false},"excerpt":{"rendered":"","protected":false},"author":1,"featured_media":0,"parent":201,"menu_order":0,"comment_status":"closed","ping_status":"closed","template":"","meta":{"footnotes":""},"class_list":["post-420","page","type-page","status-publish","hentry"],"yoast_head":"<!-- This site is optimized with the Yoast SEO plugin v27.4 - https:\/\/yoast.com\/product\/yoast-seo-wordpress\/ -->\n<title>Ieg\u016bstiet 100% no sava pirm\u0101 depoz\u012bta BetLabel | Pieprasiet l\u012bdz pat 95 EUR<\/title>\n<meta name=\"description\" content=\"Nepalaidiet gar\u0101m iesp\u0113ju sa\u0146emt 100% no pirm\u0101 depoz\u012bta BetLabel vietn\u0113! Re\u0123istr\u0113jieties un sa\u0146emiet l\u012bdz pat 95 EUR sporta der\u012bb\u0101m. Tas ir vienk\u0101r\u0161i, \u0101tri un izdev\u012bgi - j\u016bsu bonuss jau gaida j\u016bs!\" \/>\n<meta name=\"robots\" content=\"index, follow, max-snippet:-1, max-image-preview:large, max-video-preview:-1\" \/>\n<meta property=\"og:locale\" content=\"lv_LV\" \/>\n<meta property=\"og:type\" content=\"article\" \/>\n<meta property=\"og:title\" content=\"Ieg\u016bstiet 100% no sava pirm\u0101 depoz\u012bta BetLabel | Pieprasiet l\u012bdz pat 95 EUR\" \/>\n<meta property=\"og:description\" content=\"Nepalaidiet gar\u0101m iesp\u0113ju sa\u0146emt 100% no pirm\u0101 depoz\u012bta BetLabel vietn\u0113! Re\u0123istr\u0113jieties un sa\u0146emiet l\u012bdz pat 95 EUR sporta der\u012bb\u0101m. Tas ir vienk\u0101r\u0161i, \u0101tri un izdev\u012bgi - j\u016bsu bonuss jau gaida j\u016bs!\" \/>\n<meta property=\"og:url\" content=\"https:\/\/betlabel.games\/lv\/bonuses\/first-deposit\/\" \/>\n<meta property=\"og:site_name\" content=\"Betlabel lv\" \/>\n<meta property=\"article:modified_time\" content=\"2025-06-14T17:48:32+00:00\" \/>\n<meta name=\"twitter:card\" content=\"summary_large_image\" \/>\n<script type=\"application\/ld+json\" class=\"yoast-schema-graph\">{\"@context\":\"https:\\\/\\\/schema.org\",\"@graph\":[{\"@type\":\"WebPage\",\"@id\":\"https:\\\/\\\/betlabel.games\\\/lv\\\/bonuses\\\/first-deposit\\\/\",\"url\":\"https:\\\/\\\/betlabel.games\\\/lv\\\/bonuses\\\/first-deposit\\\/\",\"name\":\"Ieg\u016bstiet 100% no sava pirm\u0101 depoz\u012bta BetLabel | Pieprasiet l\u012bdz pat 95 EUR\",\"isPartOf\":{\"@id\":\"https:\\\/\\\/betlabel.games\\\/lv\\\/#website\"},\"datePublished\":\"2025-06-13T06:21:39+00:00\",\"dateModified\":\"2025-06-14T17:48:32+00:00\",\"description\":\"Nepalaidiet gar\u0101m iesp\u0113ju sa\u0146emt 100% no pirm\u0101 depoz\u012bta BetLabel vietn\u0113! Re\u0123istr\u0113jieties un sa\u0146emiet l\u012bdz pat 95 EUR sporta der\u012bb\u0101m. Tas ir vienk\u0101r\u0161i, \u0101tri un izdev\u012bgi - j\u016bsu bonuss jau gaida j\u016bs!\",\"breadcrumb\":{\"@id\":\"https:\\\/\\\/betlabel.games\\\/lv\\\/bonuses\\\/first-deposit\\\/#breadcrumb\"},\"inLanguage\":\"lv-LV\",\"potentialAction\":[{\"@type\":\"ReadAction\",\"target\":[\"https:\\\/\\\/betlabel.games\\\/lv\\\/bonuses\\\/first-deposit\\\/\"]}]},{\"@type\":\"BreadcrumbList\",\"@id\":\"https:\\\/\\\/betlabel.games\\\/lv\\\/bonuses\\\/first-deposit\\\/#breadcrumb\",\"itemListElement\":[{\"@type\":\"ListItem\",\"position\":1,\"name\":\"Home\",\"item\":\"https:\\\/\\\/betlabel.games\\\/lv\\\/\"},{\"@type\":\"ListItem\",\"position\":2,\"name\":\"Bonusi\",\"item\":\"https:\\\/\\\/betlabel.games\\\/lv\\\/bonuses\\\/\"},{\"@type\":\"ListItem\",\"position\":3,\"name\":\"Pirmais depoz\u012bts\"}]},{\"@type\":\"WebSite\",\"@id\":\"https:\\\/\\\/betlabel.games\\\/lv\\\/#website\",\"url\":\"https:\\\/\\\/betlabel.games\\\/lv\\\/\",\"name\":\"Betlabel lv\",\"description\":\"My WordPress Blog\",\"potentialAction\":[{\"@type\":\"SearchAction\",\"target\":{\"@type\":\"EntryPoint\",\"urlTemplate\":\"https:\\\/\\\/betlabel.games\\\/lv\\\/?s={search_term_string}\"},\"query-input\":{\"@type\":\"PropertyValueSpecification\",\"valueRequired\":true,\"valueName\":\"search_term_string\"}}],\"inLanguage\":\"lv-LV\"}]}<\/script>\n<!-- \/ Yoast SEO plugin. -->","yoast_head_json":{"title":"Ieg\u016bstiet 100% no sava pirm\u0101 depoz\u012bta BetLabel | Pieprasiet l\u012bdz pat 95 EUR","description":"Nepalaidiet gar\u0101m iesp\u0113ju sa\u0146emt 100% no pirm\u0101 depoz\u012bta BetLabel vietn\u0113! Re\u0123istr\u0113jieties un sa\u0146emiet l\u012bdz pat 95 EUR sporta der\u012bb\u0101m. Tas ir vienk\u0101r\u0161i, \u0101tri un izdev\u012bgi - j\u016bsu bonuss jau gaida j\u016bs!","robots":{"index":"index","follow":"follow","max-snippet":"max-snippet:-1","max-image-preview":"max-image-preview:large","max-video-preview":"max-video-preview:-1"},"og_locale":"lv_LV","og_type":"article","og_title":"Ieg\u016bstiet 100% no sava pirm\u0101 depoz\u012bta BetLabel | Pieprasiet l\u012bdz pat 95 EUR","og_description":"Nepalaidiet gar\u0101m iesp\u0113ju sa\u0146emt 100% no pirm\u0101 depoz\u012bta BetLabel vietn\u0113! Re\u0123istr\u0113jieties un sa\u0146emiet l\u012bdz pat 95 EUR sporta der\u012bb\u0101m. Tas ir vienk\u0101r\u0161i, \u0101tri un izdev\u012bgi - j\u016bsu bonuss jau gaida j\u016bs!","og_url":"https:\/\/betlabel.games\/lv\/bonuses\/first-deposit\/","og_site_name":"Betlabel lv","article_modified_time":"2025-06-14T17:48:32+00:00","twitter_card":"summary_large_image","schema":{"@context":"https:\/\/schema.org","@graph":[{"@type":"WebPage","@id":"https:\/\/betlabel.games\/lv\/bonuses\/first-deposit\/","url":"https:\/\/betlabel.games\/lv\/bonuses\/first-deposit\/","name":"Ieg\u016bstiet 100% no sava pirm\u0101 depoz\u012bta BetLabel | Pieprasiet l\u012bdz pat 95 EUR","isPartOf":{"@id":"https:\/\/betlabel.games\/lv\/#website"},"datePublished":"2025-06-13T06:21:39+00:00","dateModified":"2025-06-14T17:48:32+00:00","description":"Nepalaidiet gar\u0101m iesp\u0113ju sa\u0146emt 100% no pirm\u0101 depoz\u012bta BetLabel vietn\u0113! Re\u0123istr\u0113jieties un sa\u0146emiet l\u012bdz pat 95 EUR sporta der\u012bb\u0101m. Tas ir vienk\u0101r\u0161i, \u0101tri un izdev\u012bgi - j\u016bsu bonuss jau gaida j\u016bs!","breadcrumb":{"@id":"https:\/\/betlabel.games\/lv\/bonuses\/first-deposit\/#breadcrumb"},"inLanguage":"lv-LV","potentialAction":[{"@type":"ReadAction","target":["https:\/\/betlabel.games\/lv\/bonuses\/first-deposit\/"]}]},{"@type":"BreadcrumbList","@id":"https:\/\/betlabel.games\/lv\/bonuses\/first-deposit\/#breadcrumb","itemListElement":[{"@type":"ListItem","position":1,"name":"Home","item":"https:\/\/betlabel.games\/lv\/"},{"@type":"ListItem","position":2,"name":"Bonusi","item":"https:\/\/betlabel.games\/lv\/bonuses\/"},{"@type":"ListItem","position":3,"name":"Pirmais depoz\u012bts"}]},{"@type":"WebSite","@id":"https:\/\/betlabel.games\/lv\/#website","url":"https:\/\/betlabel.games\/lv\/","name":"Betlabel lv","description":"My WordPress Blog","potentialAction":[{"@type":"SearchAction","target":{"@type":"EntryPoint","urlTemplate":"https:\/\/betlabel.games\/lv\/?s={search_term_string}"},"query-input":{"@type":"PropertyValueSpecification","valueRequired":true,"valueName":"search_term_string"}}],"inLanguage":"lv-LV"}]}},"_links":{"self":[{"href":"https:\/\/betlabel.games\/lv\/wp-json\/wp\/v2\/pages\/420","targetHints":{"allow":["GET"]}}],"collection":[{"href":"https:\/\/betlabel.games\/lv\/wp-json\/wp\/v2\/pages"}],"about":[{"href":"https:\/\/betlabel.games\/lv\/wp-json\/wp\/v2\/types\/page"}],"author":[{"embeddable":true,"href":"https:\/\/betlabel.games\/lv\/wp-json\/wp\/v2\/users\/1"}],"replies":[{"embeddable":true,"href":"https:\/\/betlabel.games\/lv\/wp-json\/wp\/v2\/comments?post=420"}],"version-history":[{"count":8,"href":"https:\/\/betlabel.games\/lv\/wp-json\/wp\/v2\/pages\/420\/revisions"}],"predecessor-version":[{"id":490,"href":"https:\/\/betlabel.games\/lv\/wp-json\/wp\/v2\/pages\/420\/revisions\/490"}],"up":[{"embeddable":true,"href":"https:\/\/betlabel.games\/lv\/wp-json\/wp\/v2\/pages\/201"}],"wp:attachment":[{"href":"https:\/\/betlabel.games\/lv\/wp-json\/wp\/v2\/media?parent=420"}],"curies":[{"name":"wp","href":"https:\/\/api.w.org\/{rel}","templated":true}]}}