{"id":443,"date":"2025-06-13T07:30:16","date_gmt":"2025-06-13T07:30:16","guid":{"rendered":"https:\/\/betlabel.games\/lv\/?page_id=443"},"modified":"2025-06-14T17:45:21","modified_gmt":"2025-06-14T17:45:21","slug":"casino-welcome-pack","status":"publish","type":"page","link":"https:\/\/betlabel.games\/lv\/bonuses\/casino-welcome-pack\/","title":{"rendered":"Kazino sagaid\u012b\u0161anas pakete"},"content":{"rendered":"","protected":false},"excerpt":{"rendered":"","protected":false},"author":1,"featured_media":0,"parent":201,"menu_order":0,"comment_status":"closed","ping_status":"closed","template":"","meta":{"footnotes":""},"class_list":["post-443","page","type-page","status-publish","hentry"],"yoast_head":"<!-- This site is optimized with the Yoast SEO plugin v27.4 - https:\/\/yoast.com\/product\/yoast-seo-wordpress\/ -->\n<title>BetLabel Casino Welcome Package | \u20ac1,500 un 150 bezmaksas griezieni!<\/title>\n<meta name=\"description\" content=\"Iegremd\u0113jiet sevi aizraujo\u0161u laimestu pasaul\u0113 ar BetLabel kazino sagaid\u012b\u0161anas paketi! Sa\u0146emiet d\u0101snus bonusus l\u012bdz pat 1500 eiro apm\u0113r\u0101 un 150 bezmaksas griezienus par pirmajiem \u010detriem iemaks\u0101jumiem. Re\u0123istr\u0113jieties un s\u0101ciet sp\u0113l\u0113t jau \u0161odien!\" \/>\n<meta name=\"robots\" content=\"index, follow, max-snippet:-1, max-image-preview:large, max-video-preview:-1\" \/>\n<meta property=\"og:locale\" content=\"lv_LV\" \/>\n<meta property=\"og:type\" content=\"article\" \/>\n<meta property=\"og:title\" content=\"BetLabel Casino Welcome Package | \u20ac1,500 un 150 bezmaksas griezieni!\" \/>\n<meta property=\"og:description\" content=\"Iegremd\u0113jiet sevi aizraujo\u0161u laimestu pasaul\u0113 ar BetLabel kazino sagaid\u012b\u0161anas paketi! Sa\u0146emiet d\u0101snus bonusus l\u012bdz pat 1500 eiro apm\u0113r\u0101 un 150 bezmaksas griezienus par pirmajiem \u010detriem iemaks\u0101jumiem. Re\u0123istr\u0113jieties un s\u0101ciet sp\u0113l\u0113t jau \u0161odien!\" \/>\n<meta property=\"og:url\" content=\"https:\/\/betlabel.games\/lv\/bonuses\/casino-welcome-pack\/\" \/>\n<meta property=\"og:site_name\" content=\"Betlabel lv\" \/>\n<meta property=\"article:modified_time\" content=\"2025-06-14T17:45:21+00:00\" \/>\n<meta name=\"twitter:card\" content=\"summary_large_image\" \/>\n<script type=\"application\/ld+json\" class=\"yoast-schema-graph\">{\"@context\":\"https:\\\/\\\/schema.org\",\"@graph\":[{\"@type\":\"WebPage\",\"@id\":\"https:\\\/\\\/betlabel.games\\\/lv\\\/bonuses\\\/casino-welcome-pack\\\/\",\"url\":\"https:\\\/\\\/betlabel.games\\\/lv\\\/bonuses\\\/casino-welcome-pack\\\/\",\"name\":\"BetLabel Casino Welcome Package | \u20ac1,500 un 150 bezmaksas griezieni!\",\"isPartOf\":{\"@id\":\"https:\\\/\\\/betlabel.games\\\/lv\\\/#website\"},\"datePublished\":\"2025-06-13T07:30:16+00:00\",\"dateModified\":\"2025-06-14T17:45:21+00:00\",\"description\":\"Iegremd\u0113jiet sevi aizraujo\u0161u laimestu pasaul\u0113 ar BetLabel kazino sagaid\u012b\u0161anas paketi! Sa\u0146emiet d\u0101snus bonusus l\u012bdz pat 1500 eiro apm\u0113r\u0101 un 150 bezmaksas griezienus par pirmajiem \u010detriem iemaks\u0101jumiem. Re\u0123istr\u0113jieties un s\u0101ciet sp\u0113l\u0113t jau \u0161odien!\",\"breadcrumb\":{\"@id\":\"https:\\\/\\\/betlabel.games\\\/lv\\\/bonuses\\\/casino-welcome-pack\\\/#breadcrumb\"},\"inLanguage\":\"lv-LV\",\"potentialAction\":[{\"@type\":\"ReadAction\",\"target\":[\"https:\\\/\\\/betlabel.games\\\/lv\\\/bonuses\\\/casino-welcome-pack\\\/\"]}]},{\"@type\":\"BreadcrumbList\",\"@id\":\"https:\\\/\\\/betlabel.games\\\/lv\\\/bonuses\\\/casino-welcome-pack\\\/#breadcrumb\",\"itemListElement\":[{\"@type\":\"ListItem\",\"position\":1,\"name\":\"Home\",\"item\":\"https:\\\/\\\/betlabel.games\\\/lv\\\/\"},{\"@type\":\"ListItem\",\"position\":2,\"name\":\"Bonusi\",\"item\":\"https:\\\/\\\/betlabel.games\\\/lv\\\/bonuses\\\/\"},{\"@type\":\"ListItem\",\"position\":3,\"name\":\"Kazino sagaid\u012b\u0161anas pakete\"}]},{\"@type\":\"WebSite\",\"@id\":\"https:\\\/\\\/betlabel.games\\\/lv\\\/#website\",\"url\":\"https:\\\/\\\/betlabel.games\\\/lv\\\/\",\"name\":\"Betlabel lv\",\"description\":\"My WordPress Blog\",\"potentialAction\":[{\"@type\":\"SearchAction\",\"target\":{\"@type\":\"EntryPoint\",\"urlTemplate\":\"https:\\\/\\\/betlabel.games\\\/lv\\\/?s={search_term_string}\"},\"query-input\":{\"@type\":\"PropertyValueSpecification\",\"valueRequired\":true,\"valueName\":\"search_term_string\"}}],\"inLanguage\":\"lv-LV\"}]}<\/script>\n<!-- \/ Yoast SEO plugin. -->","yoast_head_json":{"title":"BetLabel Casino Welcome Package | \u20ac1,500 un 150 bezmaksas griezieni!","description":"Iegremd\u0113jiet sevi aizraujo\u0161u laimestu pasaul\u0113 ar BetLabel kazino sagaid\u012b\u0161anas paketi! Sa\u0146emiet d\u0101snus bonusus l\u012bdz pat 1500 eiro apm\u0113r\u0101 un 150 bezmaksas griezienus par pirmajiem \u010detriem iemaks\u0101jumiem. Re\u0123istr\u0113jieties un s\u0101ciet sp\u0113l\u0113t jau \u0161odien!","robots":{"index":"index","follow":"follow","max-snippet":"max-snippet:-1","max-image-preview":"max-image-preview:large","max-video-preview":"max-video-preview:-1"},"og_locale":"lv_LV","og_type":"article","og_title":"BetLabel Casino Welcome Package | \u20ac1,500 un 150 bezmaksas griezieni!","og_description":"Iegremd\u0113jiet sevi aizraujo\u0161u laimestu pasaul\u0113 ar BetLabel kazino sagaid\u012b\u0161anas paketi! Sa\u0146emiet d\u0101snus bonusus l\u012bdz pat 1500 eiro apm\u0113r\u0101 un 150 bezmaksas griezienus par pirmajiem \u010detriem iemaks\u0101jumiem. Re\u0123istr\u0113jieties un s\u0101ciet sp\u0113l\u0113t jau \u0161odien!","og_url":"https:\/\/betlabel.games\/lv\/bonuses\/casino-welcome-pack\/","og_site_name":"Betlabel lv","article_modified_time":"2025-06-14T17:45:21+00:00","twitter_card":"summary_large_image","schema":{"@context":"https:\/\/schema.org","@graph":[{"@type":"WebPage","@id":"https:\/\/betlabel.games\/lv\/bonuses\/casino-welcome-pack\/","url":"https:\/\/betlabel.games\/lv\/bonuses\/casino-welcome-pack\/","name":"BetLabel Casino Welcome Package | \u20ac1,500 un 150 bezmaksas griezieni!","isPartOf":{"@id":"https:\/\/betlabel.games\/lv\/#website"},"datePublished":"2025-06-13T07:30:16+00:00","dateModified":"2025-06-14T17:45:21+00:00","description":"Iegremd\u0113jiet sevi aizraujo\u0161u laimestu pasaul\u0113 ar BetLabel kazino sagaid\u012b\u0161anas paketi! Sa\u0146emiet d\u0101snus bonusus l\u012bdz pat 1500 eiro apm\u0113r\u0101 un 150 bezmaksas griezienus par pirmajiem \u010detriem iemaks\u0101jumiem. Re\u0123istr\u0113jieties un s\u0101ciet sp\u0113l\u0113t jau \u0161odien!","breadcrumb":{"@id":"https:\/\/betlabel.games\/lv\/bonuses\/casino-welcome-pack\/#breadcrumb"},"inLanguage":"lv-LV","potentialAction":[{"@type":"ReadAction","target":["https:\/\/betlabel.games\/lv\/bonuses\/casino-welcome-pack\/"]}]},{"@type":"BreadcrumbList","@id":"https:\/\/betlabel.games\/lv\/bonuses\/casino-welcome-pack\/#breadcrumb","itemListElement":[{"@type":"ListItem","position":1,"name":"Home","item":"https:\/\/betlabel.games\/lv\/"},{"@type":"ListItem","position":2,"name":"Bonusi","item":"https:\/\/betlabel.games\/lv\/bonuses\/"},{"@type":"ListItem","position":3,"name":"Kazino sagaid\u012b\u0161anas pakete"}]},{"@type":"WebSite","@id":"https:\/\/betlabel.games\/lv\/#website","url":"https:\/\/betlabel.games\/lv\/","name":"Betlabel lv","description":"My WordPress Blog","potentialAction":[{"@type":"SearchAction","target":{"@type":"EntryPoint","urlTemplate":"https:\/\/betlabel.games\/lv\/?s={search_term_string}"},"query-input":{"@type":"PropertyValueSpecification","valueRequired":true,"valueName":"search_term_string"}}],"inLanguage":"lv-LV"}]}},"_links":{"self":[{"href":"https:\/\/betlabel.games\/lv\/wp-json\/wp\/v2\/pages\/443","targetHints":{"allow":["GET"]}}],"collection":[{"href":"https:\/\/betlabel.games\/lv\/wp-json\/wp\/v2\/pages"}],"about":[{"href":"https:\/\/betlabel.games\/lv\/wp-json\/wp\/v2\/types\/page"}],"author":[{"embeddable":true,"href":"https:\/\/betlabel.games\/lv\/wp-json\/wp\/v2\/users\/1"}],"replies":[{"embeddable":true,"href":"https:\/\/betlabel.games\/lv\/wp-json\/wp\/v2\/comments?post=443"}],"version-history":[{"count":5,"href":"https:\/\/betlabel.games\/lv\/wp-json\/wp\/v2\/pages\/443\/revisions"}],"predecessor-version":[{"id":488,"href":"https:\/\/betlabel.games\/lv\/wp-json\/wp\/v2\/pages\/443\/revisions\/488"}],"up":[{"embeddable":true,"href":"https:\/\/betlabel.games\/lv\/wp-json\/wp\/v2\/pages\/201"}],"wp:attachment":[{"href":"https:\/\/betlabel.games\/lv\/wp-json\/wp\/v2\/media?parent=443"}],"curies":[{"name":"wp","href":"https:\/\/api.w.org\/{rel}","templated":true}]}}