{"id":204,"date":"2024-10-03T12:46:23","date_gmt":"2024-10-03T12:46:23","guid":{"rendered":"https:\/\/betlabel.games\/mx\/?page_id=204"},"modified":"2025-12-02T12:26:34","modified_gmt":"2025-12-02T12:26:34","slug":"mobile","status":"publish","type":"page","link":"https:\/\/betlabel.games\/mx\/mobile\/","title":{"rendered":"M\u00f3vil"},"content":{"rendered":"","protected":false},"excerpt":{"rendered":"","protected":false},"author":1,"featured_media":0,"parent":0,"menu_order":0,"comment_status":"closed","ping_status":"closed","template":"","meta":{"footnotes":""},"class_list":["post-204","page","type-page","status-publish","hentry"],"yoast_head":"<!-- This site is optimized with the Yoast SEO plugin v27.4 - https:\/\/yoast.com\/product\/yoast-seo-wordpress\/ -->\n<title>Aplicaci\u00f3n BetLabel \u1409 Gu\u00eda de descarga para Android e iOS<\/title>\n<meta name=\"description\" content=\"Descarga la aplicaci\u00f3n BetLabel M\u00e9xico para dispositivos Android e iOS \u2714\ufe0f\ufe0f Disfruta de las mejores cuotas y bonificaciones en tu celular en cualquier momento \u2b50\ufe0f La aplicaci\u00f3n m\u00f3vil BetLabel tiene un dise\u00f1o moderno y una interfaz intuitiva.\" \/>\n<meta name=\"robots\" content=\"index, follow, max-snippet:-1, max-image-preview:large, max-video-preview:-1\" \/>\n<meta property=\"og:locale\" content=\"es_MX\" \/>\n<meta property=\"og:type\" content=\"article\" \/>\n<meta property=\"og:title\" content=\"Aplicaci\u00f3n BetLabel \u1409 Gu\u00eda de descarga para Android e iOS\" \/>\n<meta property=\"og:description\" content=\"Descarga la aplicaci\u00f3n BetLabel M\u00e9xico para dispositivos Android e iOS \u2714\ufe0f\ufe0f Disfruta de las mejores cuotas y bonificaciones en tu celular en cualquier momento \u2b50\ufe0f La aplicaci\u00f3n m\u00f3vil BetLabel tiene un dise\u00f1o moderno y una interfaz intuitiva.\" \/>\n<meta property=\"og:url\" content=\"https:\/\/betlabel.games\/mx\/mobile\/\" \/>\n<meta property=\"og:site_name\" content=\"Betlabel mx\" \/>\n<meta property=\"article:modified_time\" content=\"2025-12-02T12:26:34+00:00\" \/>\n<meta name=\"twitter:card\" content=\"summary_large_image\" \/>\n<script type=\"application\/ld+json\" class=\"yoast-schema-graph\">{\"@context\":\"https:\\\/\\\/schema.org\",\"@graph\":[{\"@type\":\"WebPage\",\"@id\":\"https:\\\/\\\/betlabel.games\\\/mx\\\/mobile\\\/\",\"url\":\"https:\\\/\\\/betlabel.games\\\/mx\\\/mobile\\\/\",\"name\":\"Aplicaci\u00f3n BetLabel \u1409 Gu\u00eda de descarga para Android e iOS\",\"isPartOf\":{\"@id\":\"https:\\\/\\\/betlabel.games\\\/mx\\\/#website\"},\"datePublished\":\"2024-10-03T12:46:23+00:00\",\"dateModified\":\"2025-12-02T12:26:34+00:00\",\"description\":\"Descarga la aplicaci\u00f3n BetLabel M\u00e9xico para dispositivos Android e iOS \u2714\ufe0f\ufe0f Disfruta de las mejores cuotas y bonificaciones en tu celular en cualquier momento \u2b50\ufe0f La aplicaci\u00f3n m\u00f3vil BetLabel tiene un dise\u00f1o moderno y una interfaz intuitiva.\",\"breadcrumb\":{\"@id\":\"https:\\\/\\\/betlabel.games\\\/mx\\\/mobile\\\/#breadcrumb\"},\"inLanguage\":\"es\",\"potentialAction\":[{\"@type\":\"ReadAction\",\"target\":[\"https:\\\/\\\/betlabel.games\\\/mx\\\/mobile\\\/\"]}]},{\"@type\":\"BreadcrumbList\",\"@id\":\"https:\\\/\\\/betlabel.games\\\/mx\\\/mobile\\\/#breadcrumb\",\"itemListElement\":[{\"@type\":\"ListItem\",\"position\":1,\"name\":\"Home\",\"item\":\"https:\\\/\\\/betlabel.games\\\/mx\\\/\"},{\"@type\":\"ListItem\",\"position\":2,\"name\":\"M\u00f3vil\"}]},{\"@type\":\"WebSite\",\"@id\":\"https:\\\/\\\/betlabel.games\\\/mx\\\/#website\",\"url\":\"https:\\\/\\\/betlabel.games\\\/mx\\\/\",\"name\":\"Betlabel mx\",\"description\":\"My WordPress Blog\",\"potentialAction\":[{\"@type\":\"SearchAction\",\"target\":{\"@type\":\"EntryPoint\",\"urlTemplate\":\"https:\\\/\\\/betlabel.games\\\/mx\\\/?s={search_term_string}\"},\"query-input\":{\"@type\":\"PropertyValueSpecification\",\"valueRequired\":true,\"valueName\":\"search_term_string\"}}],\"inLanguage\":\"es\"}]}<\/script>\n<!-- \/ Yoast SEO plugin. -->","yoast_head_json":{"title":"Aplicaci\u00f3n BetLabel \u1409 Gu\u00eda de descarga para Android e iOS","description":"Descarga la aplicaci\u00f3n BetLabel M\u00e9xico para dispositivos Android e iOS \u2714\ufe0f\ufe0f Disfruta de las mejores cuotas y bonificaciones en tu celular en cualquier momento \u2b50\ufe0f La aplicaci\u00f3n m\u00f3vil BetLabel tiene un dise\u00f1o moderno y una interfaz intuitiva.","robots":{"index":"index","follow":"follow","max-snippet":"max-snippet:-1","max-image-preview":"max-image-preview:large","max-video-preview":"max-video-preview:-1"},"og_locale":"es_MX","og_type":"article","og_title":"Aplicaci\u00f3n BetLabel \u1409 Gu\u00eda de descarga para Android e iOS","og_description":"Descarga la aplicaci\u00f3n BetLabel M\u00e9xico para dispositivos Android e iOS \u2714\ufe0f\ufe0f Disfruta de las mejores cuotas y bonificaciones en tu celular en cualquier momento \u2b50\ufe0f La aplicaci\u00f3n m\u00f3vil BetLabel tiene un dise\u00f1o moderno y una interfaz intuitiva.","og_url":"https:\/\/betlabel.games\/mx\/mobile\/","og_site_name":"Betlabel mx","article_modified_time":"2025-12-02T12:26:34+00:00","twitter_card":"summary_large_image","schema":{"@context":"https:\/\/schema.org","@graph":[{"@type":"WebPage","@id":"https:\/\/betlabel.games\/mx\/mobile\/","url":"https:\/\/betlabel.games\/mx\/mobile\/","name":"Aplicaci\u00f3n BetLabel \u1409 Gu\u00eda de descarga para Android e iOS","isPartOf":{"@id":"https:\/\/betlabel.games\/mx\/#website"},"datePublished":"2024-10-03T12:46:23+00:00","dateModified":"2025-12-02T12:26:34+00:00","description":"Descarga la aplicaci\u00f3n BetLabel M\u00e9xico para dispositivos Android e iOS \u2714\ufe0f\ufe0f Disfruta de las mejores cuotas y bonificaciones en tu celular en cualquier momento \u2b50\ufe0f La aplicaci\u00f3n m\u00f3vil BetLabel tiene un dise\u00f1o moderno y una interfaz intuitiva.","breadcrumb":{"@id":"https:\/\/betlabel.games\/mx\/mobile\/#breadcrumb"},"inLanguage":"es","potentialAction":[{"@type":"ReadAction","target":["https:\/\/betlabel.games\/mx\/mobile\/"]}]},{"@type":"BreadcrumbList","@id":"https:\/\/betlabel.games\/mx\/mobile\/#breadcrumb","itemListElement":[{"@type":"ListItem","position":1,"name":"Home","item":"https:\/\/betlabel.games\/mx\/"},{"@type":"ListItem","position":2,"name":"M\u00f3vil"}]},{"@type":"WebSite","@id":"https:\/\/betlabel.games\/mx\/#website","url":"https:\/\/betlabel.games\/mx\/","name":"Betlabel mx","description":"My WordPress Blog","potentialAction":[{"@type":"SearchAction","target":{"@type":"EntryPoint","urlTemplate":"https:\/\/betlabel.games\/mx\/?s={search_term_string}"},"query-input":{"@type":"PropertyValueSpecification","valueRequired":true,"valueName":"search_term_string"}}],"inLanguage":"es"}]}},"_links":{"self":[{"href":"https:\/\/betlabel.games\/mx\/wp-json\/wp\/v2\/pages\/204","targetHints":{"allow":["GET"]}}],"collection":[{"href":"https:\/\/betlabel.games\/mx\/wp-json\/wp\/v2\/pages"}],"about":[{"href":"https:\/\/betlabel.games\/mx\/wp-json\/wp\/v2\/types\/page"}],"author":[{"embeddable":true,"href":"https:\/\/betlabel.games\/mx\/wp-json\/wp\/v2\/users\/1"}],"replies":[{"embeddable":true,"href":"https:\/\/betlabel.games\/mx\/wp-json\/wp\/v2\/comments?post=204"}],"version-history":[{"count":3,"href":"https:\/\/betlabel.games\/mx\/wp-json\/wp\/v2\/pages\/204\/revisions"}],"predecessor-version":[{"id":672,"href":"https:\/\/betlabel.games\/mx\/wp-json\/wp\/v2\/pages\/204\/revisions\/672"}],"wp:attachment":[{"href":"https:\/\/betlabel.games\/mx\/wp-json\/wp\/v2\/media?parent=204"}],"curies":[{"name":"wp","href":"https:\/\/api.w.org\/{rel}","templated":true}]}}