{"id":275,"date":"2024-10-10T12:58:51","date_gmt":"2024-10-10T12:58:51","guid":{"rendered":"https:\/\/betlabel.games\/mx\/?page_id=275"},"modified":"2025-12-02T11:26:48","modified_gmt":"2025-12-02T11:26:48","slug":"affiliate","status":"publish","type":"page","link":"https:\/\/betlabel.games\/mx\/affiliate\/","title":{"rendered":"Afiliado"},"content":{"rendered":"","protected":false},"excerpt":{"rendered":"","protected":false},"author":1,"featured_media":0,"parent":0,"menu_order":0,"comment_status":"closed","ping_status":"closed","template":"","meta":{"footnotes":""},"class_list":["post-275","page","type-page","status-publish","hentry"],"yoast_head":"<!-- This site is optimized with the Yoast SEO plugin v27.4 - https:\/\/yoast.com\/product\/yoast-seo-wordpress\/ -->\n<title>Socios de BetLabel | Programa de afiliados de apuestas y casino<\/title>\n<meta name=\"description\" content=\"El programa de afiliados de BetLabel M\u00e9xico ofrece comisiones por participaci\u00f3n en los ingresos del 30 % con pr\u00e1cticas herramientas de informes y marketing. Comparte tu enlace personal de BetLabel y gana una comisi\u00f3n por cada usuario que se registre y apueste dinero.\" \/>\n<meta name=\"robots\" content=\"index, follow, max-snippet:-1, max-image-preview:large, max-video-preview:-1\" \/>\n<meta property=\"og:locale\" content=\"es_MX\" \/>\n<meta property=\"og:type\" content=\"article\" \/>\n<meta property=\"og:title\" content=\"Socios de BetLabel | Programa de afiliados de apuestas y casino\" \/>\n<meta property=\"og:description\" content=\"El programa de afiliados de BetLabel M\u00e9xico ofrece comisiones por participaci\u00f3n en los ingresos del 30 % con pr\u00e1cticas herramientas de informes y marketing. Comparte tu enlace personal de BetLabel y gana una comisi\u00f3n por cada usuario que se registre y apueste dinero.\" \/>\n<meta property=\"og:url\" content=\"https:\/\/betlabel.games\/mx\/affiliate\/\" \/>\n<meta property=\"og:site_name\" content=\"Betlabel mx\" \/>\n<meta property=\"article:modified_time\" content=\"2025-12-02T11:26:48+00:00\" \/>\n<meta name=\"twitter:card\" content=\"summary_large_image\" \/>\n<script type=\"application\/ld+json\" class=\"yoast-schema-graph\">{\"@context\":\"https:\\\/\\\/schema.org\",\"@graph\":[{\"@type\":\"WebPage\",\"@id\":\"https:\\\/\\\/betlabel.games\\\/mx\\\/affiliate\\\/\",\"url\":\"https:\\\/\\\/betlabel.games\\\/mx\\\/affiliate\\\/\",\"name\":\"Socios de BetLabel | Programa de afiliados de apuestas y casino\",\"isPartOf\":{\"@id\":\"https:\\\/\\\/betlabel.games\\\/mx\\\/#website\"},\"datePublished\":\"2024-10-10T12:58:51+00:00\",\"dateModified\":\"2025-12-02T11:26:48+00:00\",\"description\":\"El programa de afiliados de BetLabel M\u00e9xico ofrece comisiones por participaci\u00f3n en los ingresos del 30 % con pr\u00e1cticas herramientas de informes y marketing. Comparte tu enlace personal de BetLabel y gana una comisi\u00f3n por cada usuario que se registre y apueste dinero.\",\"breadcrumb\":{\"@id\":\"https:\\\/\\\/betlabel.games\\\/mx\\\/affiliate\\\/#breadcrumb\"},\"inLanguage\":\"es\",\"potentialAction\":[{\"@type\":\"ReadAction\",\"target\":[\"https:\\\/\\\/betlabel.games\\\/mx\\\/affiliate\\\/\"]}]},{\"@type\":\"BreadcrumbList\",\"@id\":\"https:\\\/\\\/betlabel.games\\\/mx\\\/affiliate\\\/#breadcrumb\",\"itemListElement\":[{\"@type\":\"ListItem\",\"position\":1,\"name\":\"Home\",\"item\":\"https:\\\/\\\/betlabel.games\\\/mx\\\/\"},{\"@type\":\"ListItem\",\"position\":2,\"name\":\"Afiliado\"}]},{\"@type\":\"WebSite\",\"@id\":\"https:\\\/\\\/betlabel.games\\\/mx\\\/#website\",\"url\":\"https:\\\/\\\/betlabel.games\\\/mx\\\/\",\"name\":\"Betlabel mx\",\"description\":\"My WordPress Blog\",\"potentialAction\":[{\"@type\":\"SearchAction\",\"target\":{\"@type\":\"EntryPoint\",\"urlTemplate\":\"https:\\\/\\\/betlabel.games\\\/mx\\\/?s={search_term_string}\"},\"query-input\":{\"@type\":\"PropertyValueSpecification\",\"valueRequired\":true,\"valueName\":\"search_term_string\"}}],\"inLanguage\":\"es\"}]}<\/script>\n<!-- \/ Yoast SEO plugin. -->","yoast_head_json":{"title":"Socios de BetLabel | Programa de afiliados de apuestas y casino","description":"El programa de afiliados de BetLabel M\u00e9xico ofrece comisiones por participaci\u00f3n en los ingresos del 30 % con pr\u00e1cticas herramientas de informes y marketing. Comparte tu enlace personal de BetLabel y gana una comisi\u00f3n por cada usuario que se registre y apueste dinero.","robots":{"index":"index","follow":"follow","max-snippet":"max-snippet:-1","max-image-preview":"max-image-preview:large","max-video-preview":"max-video-preview:-1"},"og_locale":"es_MX","og_type":"article","og_title":"Socios de BetLabel | Programa de afiliados de apuestas y casino","og_description":"El programa de afiliados de BetLabel M\u00e9xico ofrece comisiones por participaci\u00f3n en los ingresos del 30 % con pr\u00e1cticas herramientas de informes y marketing. Comparte tu enlace personal de BetLabel y gana una comisi\u00f3n por cada usuario que se registre y apueste dinero.","og_url":"https:\/\/betlabel.games\/mx\/affiliate\/","og_site_name":"Betlabel mx","article_modified_time":"2025-12-02T11:26:48+00:00","twitter_card":"summary_large_image","schema":{"@context":"https:\/\/schema.org","@graph":[{"@type":"WebPage","@id":"https:\/\/betlabel.games\/mx\/affiliate\/","url":"https:\/\/betlabel.games\/mx\/affiliate\/","name":"Socios de BetLabel | Programa de afiliados de apuestas y casino","isPartOf":{"@id":"https:\/\/betlabel.games\/mx\/#website"},"datePublished":"2024-10-10T12:58:51+00:00","dateModified":"2025-12-02T11:26:48+00:00","description":"El programa de afiliados de BetLabel M\u00e9xico ofrece comisiones por participaci\u00f3n en los ingresos del 30 % con pr\u00e1cticas herramientas de informes y marketing. Comparte tu enlace personal de BetLabel y gana una comisi\u00f3n por cada usuario que se registre y apueste dinero.","breadcrumb":{"@id":"https:\/\/betlabel.games\/mx\/affiliate\/#breadcrumb"},"inLanguage":"es","potentialAction":[{"@type":"ReadAction","target":["https:\/\/betlabel.games\/mx\/affiliate\/"]}]},{"@type":"BreadcrumbList","@id":"https:\/\/betlabel.games\/mx\/affiliate\/#breadcrumb","itemListElement":[{"@type":"ListItem","position":1,"name":"Home","item":"https:\/\/betlabel.games\/mx\/"},{"@type":"ListItem","position":2,"name":"Afiliado"}]},{"@type":"WebSite","@id":"https:\/\/betlabel.games\/mx\/#website","url":"https:\/\/betlabel.games\/mx\/","name":"Betlabel mx","description":"My WordPress Blog","potentialAction":[{"@type":"SearchAction","target":{"@type":"EntryPoint","urlTemplate":"https:\/\/betlabel.games\/mx\/?s={search_term_string}"},"query-input":{"@type":"PropertyValueSpecification","valueRequired":true,"valueName":"search_term_string"}}],"inLanguage":"es"}]}},"_links":{"self":[{"href":"https:\/\/betlabel.games\/mx\/wp-json\/wp\/v2\/pages\/275","targetHints":{"allow":["GET"]}}],"collection":[{"href":"https:\/\/betlabel.games\/mx\/wp-json\/wp\/v2\/pages"}],"about":[{"href":"https:\/\/betlabel.games\/mx\/wp-json\/wp\/v2\/types\/page"}],"author":[{"embeddable":true,"href":"https:\/\/betlabel.games\/mx\/wp-json\/wp\/v2\/users\/1"}],"replies":[{"embeddable":true,"href":"https:\/\/betlabel.games\/mx\/wp-json\/wp\/v2\/comments?post=275"}],"version-history":[{"count":7,"href":"https:\/\/betlabel.games\/mx\/wp-json\/wp\/v2\/pages\/275\/revisions"}],"predecessor-version":[{"id":665,"href":"https:\/\/betlabel.games\/mx\/wp-json\/wp\/v2\/pages\/275\/revisions\/665"}],"wp:attachment":[{"href":"https:\/\/betlabel.games\/mx\/wp-json\/wp\/v2\/media?parent=275"}],"curies":[{"name":"wp","href":"https:\/\/api.w.org\/{rel}","templated":true}]}}