{"id":420,"date":"2025-06-13T06:21:39","date_gmt":"2025-06-13T06:21:39","guid":{"rendered":"https:\/\/betlabel.games\/no\/?page_id=420"},"modified":"2025-10-25T07:59:39","modified_gmt":"2025-10-25T07:59:39","slug":"first-deposit","status":"publish","type":"page","link":"https:\/\/betlabel.games\/no\/bonuses\/first-deposit\/","title":{"rendered":"F\u00f8rste innskudd"},"content":{"rendered":"","protected":false},"excerpt":{"rendered":"","protected":false},"author":1,"featured_media":0,"parent":201,"menu_order":0,"comment_status":"closed","ping_status":"closed","template":"","meta":{"footnotes":""},"class_list":["post-420","page","type-page","status-publish","hentry"],"yoast_head":"<!-- This site is optimized with the Yoast SEO plugin v27.4 - https:\/\/yoast.com\/product\/yoast-seo-wordpress\/ -->\n<title>F\u00e5 100 % p\u00e5 ditt f\u00f8rste innskudd hos BetLabel | 1100 NOK<\/title>\n<meta name=\"description\" content=\"Ikke g\u00e5 glipp av sjansen til \u00e5 f\u00e5 100 % p\u00e5 ditt f\u00f8rste innskudd hos BetLabel! Registrer deg og f\u00e5 opptil 1100 NOK til sportsbetting. Det er enkelt, raskt og l\u00f8nnsomt \u2013 bonusen din venter allerede p\u00e5 deg!\" \/>\n<meta name=\"robots\" content=\"index, follow, max-snippet:-1, max-image-preview:large, max-video-preview:-1\" \/>\n<meta property=\"og:locale\" content=\"nb_NO\" \/>\n<meta property=\"og:type\" content=\"article\" \/>\n<meta property=\"og:title\" content=\"F\u00e5 100 % p\u00e5 ditt f\u00f8rste innskudd hos BetLabel | 1100 NOK\" \/>\n<meta property=\"og:description\" content=\"Ikke g\u00e5 glipp av sjansen til \u00e5 f\u00e5 100 % p\u00e5 ditt f\u00f8rste innskudd hos BetLabel! Registrer deg og f\u00e5 opptil 1100 NOK til sportsbetting. Det er enkelt, raskt og l\u00f8nnsomt \u2013 bonusen din venter allerede p\u00e5 deg!\" \/>\n<meta property=\"og:url\" content=\"https:\/\/betlabel.games\/no\/bonuses\/first-deposit\/\" \/>\n<meta property=\"og:site_name\" content=\"Betlabel NO\" \/>\n<meta property=\"article:modified_time\" content=\"2025-10-25T07:59:39+00:00\" \/>\n<meta name=\"twitter:card\" content=\"summary_large_image\" \/>\n<script type=\"application\/ld+json\" class=\"yoast-schema-graph\">{\"@context\":\"https:\\\/\\\/schema.org\",\"@graph\":[{\"@type\":\"WebPage\",\"@id\":\"https:\\\/\\\/betlabel.games\\\/no\\\/bonuses\\\/first-deposit\\\/\",\"url\":\"https:\\\/\\\/betlabel.games\\\/no\\\/bonuses\\\/first-deposit\\\/\",\"name\":\"F\u00e5 100 % p\u00e5 ditt f\u00f8rste innskudd hos BetLabel | 1100 NOK\",\"isPartOf\":{\"@id\":\"https:\\\/\\\/betlabel.games\\\/no\\\/#website\"},\"datePublished\":\"2025-06-13T06:21:39+00:00\",\"dateModified\":\"2025-10-25T07:59:39+00:00\",\"description\":\"Ikke g\u00e5 glipp av sjansen til \u00e5 f\u00e5 100 % p\u00e5 ditt f\u00f8rste innskudd hos BetLabel! Registrer deg og f\u00e5 opptil 1100 NOK til sportsbetting. Det er enkelt, raskt og l\u00f8nnsomt \u2013 bonusen din venter allerede p\u00e5 deg!\",\"breadcrumb\":{\"@id\":\"https:\\\/\\\/betlabel.games\\\/no\\\/bonuses\\\/first-deposit\\\/#breadcrumb\"},\"inLanguage\":\"nb-NO\",\"potentialAction\":[{\"@type\":\"ReadAction\",\"target\":[\"https:\\\/\\\/betlabel.games\\\/no\\\/bonuses\\\/first-deposit\\\/\"]}]},{\"@type\":\"BreadcrumbList\",\"@id\":\"https:\\\/\\\/betlabel.games\\\/no\\\/bonuses\\\/first-deposit\\\/#breadcrumb\",\"itemListElement\":[{\"@type\":\"ListItem\",\"position\":1,\"name\":\"Home\",\"item\":\"https:\\\/\\\/betlabel.games\\\/no\\\/\"},{\"@type\":\"ListItem\",\"position\":2,\"name\":\"Bonuser\",\"item\":\"https:\\\/\\\/betlabel.games\\\/no\\\/bonuses\\\/\"},{\"@type\":\"ListItem\",\"position\":3,\"name\":\"F\u00f8rste innskudd\"}]},{\"@type\":\"WebSite\",\"@id\":\"https:\\\/\\\/betlabel.games\\\/no\\\/#website\",\"url\":\"https:\\\/\\\/betlabel.games\\\/no\\\/\",\"name\":\"Betlabel NO\",\"description\":\"My WordPress Blog\",\"potentialAction\":[{\"@type\":\"SearchAction\",\"target\":{\"@type\":\"EntryPoint\",\"urlTemplate\":\"https:\\\/\\\/betlabel.games\\\/no\\\/?s={search_term_string}\"},\"query-input\":{\"@type\":\"PropertyValueSpecification\",\"valueRequired\":true,\"valueName\":\"search_term_string\"}}],\"inLanguage\":\"nb-NO\"}]}<\/script>\n<!-- \/ Yoast SEO plugin. -->","yoast_head_json":{"title":"F\u00e5 100 % p\u00e5 ditt f\u00f8rste innskudd hos BetLabel | 1100 NOK","description":"Ikke g\u00e5 glipp av sjansen til \u00e5 f\u00e5 100 % p\u00e5 ditt f\u00f8rste innskudd hos BetLabel! Registrer deg og f\u00e5 opptil 1100 NOK til sportsbetting. Det er enkelt, raskt og l\u00f8nnsomt \u2013 bonusen din venter allerede p\u00e5 deg!","robots":{"index":"index","follow":"follow","max-snippet":"max-snippet:-1","max-image-preview":"max-image-preview:large","max-video-preview":"max-video-preview:-1"},"og_locale":"nb_NO","og_type":"article","og_title":"F\u00e5 100 % p\u00e5 ditt f\u00f8rste innskudd hos BetLabel | 1100 NOK","og_description":"Ikke g\u00e5 glipp av sjansen til \u00e5 f\u00e5 100 % p\u00e5 ditt f\u00f8rste innskudd hos BetLabel! Registrer deg og f\u00e5 opptil 1100 NOK til sportsbetting. Det er enkelt, raskt og l\u00f8nnsomt \u2013 bonusen din venter allerede p\u00e5 deg!","og_url":"https:\/\/betlabel.games\/no\/bonuses\/first-deposit\/","og_site_name":"Betlabel NO","article_modified_time":"2025-10-25T07:59:39+00:00","twitter_card":"summary_large_image","schema":{"@context":"https:\/\/schema.org","@graph":[{"@type":"WebPage","@id":"https:\/\/betlabel.games\/no\/bonuses\/first-deposit\/","url":"https:\/\/betlabel.games\/no\/bonuses\/first-deposit\/","name":"F\u00e5 100 % p\u00e5 ditt f\u00f8rste innskudd hos BetLabel | 1100 NOK","isPartOf":{"@id":"https:\/\/betlabel.games\/no\/#website"},"datePublished":"2025-06-13T06:21:39+00:00","dateModified":"2025-10-25T07:59:39+00:00","description":"Ikke g\u00e5 glipp av sjansen til \u00e5 f\u00e5 100 % p\u00e5 ditt f\u00f8rste innskudd hos BetLabel! Registrer deg og f\u00e5 opptil 1100 NOK til sportsbetting. Det er enkelt, raskt og l\u00f8nnsomt \u2013 bonusen din venter allerede p\u00e5 deg!","breadcrumb":{"@id":"https:\/\/betlabel.games\/no\/bonuses\/first-deposit\/#breadcrumb"},"inLanguage":"nb-NO","potentialAction":[{"@type":"ReadAction","target":["https:\/\/betlabel.games\/no\/bonuses\/first-deposit\/"]}]},{"@type":"BreadcrumbList","@id":"https:\/\/betlabel.games\/no\/bonuses\/first-deposit\/#breadcrumb","itemListElement":[{"@type":"ListItem","position":1,"name":"Home","item":"https:\/\/betlabel.games\/no\/"},{"@type":"ListItem","position":2,"name":"Bonuser","item":"https:\/\/betlabel.games\/no\/bonuses\/"},{"@type":"ListItem","position":3,"name":"F\u00f8rste innskudd"}]},{"@type":"WebSite","@id":"https:\/\/betlabel.games\/no\/#website","url":"https:\/\/betlabel.games\/no\/","name":"Betlabel NO","description":"My WordPress Blog","potentialAction":[{"@type":"SearchAction","target":{"@type":"EntryPoint","urlTemplate":"https:\/\/betlabel.games\/no\/?s={search_term_string}"},"query-input":{"@type":"PropertyValueSpecification","valueRequired":true,"valueName":"search_term_string"}}],"inLanguage":"nb-NO"}]}},"_links":{"self":[{"href":"https:\/\/betlabel.games\/no\/wp-json\/wp\/v2\/pages\/420","targetHints":{"allow":["GET"]}}],"collection":[{"href":"https:\/\/betlabel.games\/no\/wp-json\/wp\/v2\/pages"}],"about":[{"href":"https:\/\/betlabel.games\/no\/wp-json\/wp\/v2\/types\/page"}],"author":[{"embeddable":true,"href":"https:\/\/betlabel.games\/no\/wp-json\/wp\/v2\/users\/1"}],"replies":[{"embeddable":true,"href":"https:\/\/betlabel.games\/no\/wp-json\/wp\/v2\/comments?post=420"}],"version-history":[{"count":8,"href":"https:\/\/betlabel.games\/no\/wp-json\/wp\/v2\/pages\/420\/revisions"}],"predecessor-version":[{"id":604,"href":"https:\/\/betlabel.games\/no\/wp-json\/wp\/v2\/pages\/420\/revisions\/604"}],"up":[{"embeddable":true,"href":"https:\/\/betlabel.games\/no\/wp-json\/wp\/v2\/pages\/201"}],"wp:attachment":[{"href":"https:\/\/betlabel.games\/no\/wp-json\/wp\/v2\/media?parent=420"}],"curies":[{"name":"wp","href":"https:\/\/api.w.org\/{rel}","templated":true}]}}