{"id":2,"date":"2023-05-18T17:18:34","date_gmt":"2023-05-18T17:18:34","guid":{"rendered":"https:\/\/betlabel.games\/peru\/?page_id=2"},"modified":"2026-01-27T13:36:10","modified_gmt":"2026-01-27T13:36:10","slug":"sample-page","status":"publish","type":"page","link":"https:\/\/betlabel.games\/peru\/","title":{"rendered":"Inicio"},"content":{"rendered":"","protected":false},"excerpt":{"rendered":"","protected":false},"author":1,"featured_media":0,"parent":0,"menu_order":0,"comment_status":"closed","ping_status":"open","template":"","meta":{"footnotes":""},"class_list":["post-2","page","type-page","status-publish","hentry"],"yoast_head":"<!-- This site is optimized with the Yoast SEO plugin v27.4 - https:\/\/yoast.com\/product\/yoast-seo-wordpress\/ -->\n<title>BetLabel\u2122 Apuestas deportivas \u2013 Apuestas y cuotas \u2014 2026<\/title>\n<meta name=\"description\" content=\"Bet Label Per\u00fa ofrece apuestas en l\u00ednea con las mejores cuotas, consejos de expertos y an\u00e1lisis en profundidad para los jugadores que valoran las apuestas inteligentes y las decisiones informadas.\" \/>\n<meta name=\"robots\" content=\"index, follow, max-snippet:-1, max-image-preview:large, max-video-preview:-1\" \/>\n<meta property=\"og:locale\" content=\"es_ES\" \/>\n<meta property=\"og:type\" content=\"article\" \/>\n<meta property=\"og:title\" content=\"BetLabel\u2122 Apuestas deportivas \u2013 Apuestas y cuotas \u2014 2026\" \/>\n<meta property=\"og:description\" content=\"Bet Label Per\u00fa ofrece apuestas en l\u00ednea con las mejores cuotas, consejos de expertos y an\u00e1lisis en profundidad para los jugadores que valoran las apuestas inteligentes y las decisiones informadas.\" \/>\n<meta property=\"og:url\" content=\"https:\/\/betlabel.games\/peru\/\" \/>\n<meta property=\"og:site_name\" content=\"Betlabel PE\" \/>\n<meta property=\"article:modified_time\" content=\"2026-01-27T13:36:10+00:00\" \/>\n<meta name=\"twitter:card\" content=\"summary_large_image\" \/>\n<script type=\"application\/ld+json\" class=\"yoast-schema-graph\">{\"@context\":\"https:\\\/\\\/schema.org\",\"@graph\":[{\"@type\":\"WebPage\",\"@id\":\"https:\\\/\\\/betlabel.games\\\/peru\\\/\",\"url\":\"https:\\\/\\\/betlabel.games\\\/peru\\\/\",\"name\":\"BetLabel\u2122 Apuestas deportivas \u2013 Apuestas y cuotas \u2014 2026\",\"isPartOf\":{\"@id\":\"https:\\\/\\\/betlabel.games\\\/peru\\\/#website\"},\"datePublished\":\"2023-05-18T17:18:34+00:00\",\"dateModified\":\"2026-01-27T13:36:10+00:00\",\"description\":\"Bet Label Per\u00fa ofrece apuestas en l\u00ednea con las mejores cuotas, consejos de expertos y an\u00e1lisis en profundidad para los jugadores que valoran las apuestas inteligentes y las decisiones informadas.\",\"breadcrumb\":{\"@id\":\"https:\\\/\\\/betlabel.games\\\/peru\\\/#breadcrumb\"},\"inLanguage\":\"es-PE\",\"potentialAction\":[{\"@type\":\"ReadAction\",\"target\":[\"https:\\\/\\\/betlabel.games\\\/peru\\\/\"]}]},{\"@type\":\"BreadcrumbList\",\"@id\":\"https:\\\/\\\/betlabel.games\\\/peru\\\/#breadcrumb\",\"itemListElement\":[{\"@type\":\"ListItem\",\"position\":1,\"name\":\"Home\",\"item\":\"https:\\\/\\\/betlabel.games\\\/peru\\\/\"},{\"@type\":\"ListItem\",\"position\":2,\"name\":\"Inicio\"}]},{\"@type\":\"WebSite\",\"@id\":\"https:\\\/\\\/betlabel.games\\\/peru\\\/#website\",\"url\":\"https:\\\/\\\/betlabel.games\\\/peru\\\/\",\"name\":\"Betlabel PE\",\"description\":\"My WordPress Blog\",\"potentialAction\":[{\"@type\":\"SearchAction\",\"target\":{\"@type\":\"EntryPoint\",\"urlTemplate\":\"https:\\\/\\\/betlabel.games\\\/peru\\\/?s={search_term_string}\"},\"query-input\":{\"@type\":\"PropertyValueSpecification\",\"valueRequired\":true,\"valueName\":\"search_term_string\"}}],\"inLanguage\":\"es-PE\"}]}<\/script>\n<!-- \/ Yoast SEO plugin. -->","yoast_head_json":{"title":"BetLabel\u2122 Apuestas deportivas \u2013 Apuestas y cuotas \u2014 2026","description":"Bet Label Per\u00fa ofrece apuestas en l\u00ednea con las mejores cuotas, consejos de expertos y an\u00e1lisis en profundidad para los jugadores que valoran las apuestas inteligentes y las decisiones informadas.","robots":{"index":"index","follow":"follow","max-snippet":"max-snippet:-1","max-image-preview":"max-image-preview:large","max-video-preview":"max-video-preview:-1"},"og_locale":"es_ES","og_type":"article","og_title":"BetLabel\u2122 Apuestas deportivas \u2013 Apuestas y cuotas \u2014 2026","og_description":"Bet Label Per\u00fa ofrece apuestas en l\u00ednea con las mejores cuotas, consejos de expertos y an\u00e1lisis en profundidad para los jugadores que valoran las apuestas inteligentes y las decisiones informadas.","og_url":"https:\/\/betlabel.games\/peru\/","og_site_name":"Betlabel PE","article_modified_time":"2026-01-27T13:36:10+00:00","twitter_card":"summary_large_image","schema":{"@context":"https:\/\/schema.org","@graph":[{"@type":"WebPage","@id":"https:\/\/betlabel.games\/peru\/","url":"https:\/\/betlabel.games\/peru\/","name":"BetLabel\u2122 Apuestas deportivas \u2013 Apuestas y cuotas \u2014 2026","isPartOf":{"@id":"https:\/\/betlabel.games\/peru\/#website"},"datePublished":"2023-05-18T17:18:34+00:00","dateModified":"2026-01-27T13:36:10+00:00","description":"Bet Label Per\u00fa ofrece apuestas en l\u00ednea con las mejores cuotas, consejos de expertos y an\u00e1lisis en profundidad para los jugadores que valoran las apuestas inteligentes y las decisiones informadas.","breadcrumb":{"@id":"https:\/\/betlabel.games\/peru\/#breadcrumb"},"inLanguage":"es-PE","potentialAction":[{"@type":"ReadAction","target":["https:\/\/betlabel.games\/peru\/"]}]},{"@type":"BreadcrumbList","@id":"https:\/\/betlabel.games\/peru\/#breadcrumb","itemListElement":[{"@type":"ListItem","position":1,"name":"Home","item":"https:\/\/betlabel.games\/peru\/"},{"@type":"ListItem","position":2,"name":"Inicio"}]},{"@type":"WebSite","@id":"https:\/\/betlabel.games\/peru\/#website","url":"https:\/\/betlabel.games\/peru\/","name":"Betlabel PE","description":"My WordPress Blog","potentialAction":[{"@type":"SearchAction","target":{"@type":"EntryPoint","urlTemplate":"https:\/\/betlabel.games\/peru\/?s={search_term_string}"},"query-input":{"@type":"PropertyValueSpecification","valueRequired":true,"valueName":"search_term_string"}}],"inLanguage":"es-PE"}]}},"_links":{"self":[{"href":"https:\/\/betlabel.games\/peru\/wp-json\/wp\/v2\/pages\/2","targetHints":{"allow":["GET"]}}],"collection":[{"href":"https:\/\/betlabel.games\/peru\/wp-json\/wp\/v2\/pages"}],"about":[{"href":"https:\/\/betlabel.games\/peru\/wp-json\/wp\/v2\/types\/page"}],"author":[{"embeddable":true,"href":"https:\/\/betlabel.games\/peru\/wp-json\/wp\/v2\/users\/1"}],"replies":[{"embeddable":true,"href":"https:\/\/betlabel.games\/peru\/wp-json\/wp\/v2\/comments?post=2"}],"version-history":[{"count":46,"href":"https:\/\/betlabel.games\/peru\/wp-json\/wp\/v2\/pages\/2\/revisions"}],"predecessor-version":[{"id":1099,"href":"https:\/\/betlabel.games\/peru\/wp-json\/wp\/v2\/pages\/2\/revisions\/1099"}],"wp:attachment":[{"href":"https:\/\/betlabel.games\/peru\/wp-json\/wp\/v2\/media?parent=2"}],"curies":[{"name":"wp","href":"https:\/\/api.w.org\/{rel}","templated":true}]}}