{"id":267,"date":"2024-10-10T12:44:36","date_gmt":"2024-10-10T12:44:36","guid":{"rendered":"https:\/\/betlabel.games\/pl\/?page_id=267"},"modified":"2024-10-22T08:59:19","modified_gmt":"2024-10-22T08:59:19","slug":"registration","status":"publish","type":"page","link":"https:\/\/betlabel.games\/pl\/registration\/","title":{"rendered":"Rejestracja"},"content":{"rendered":"","protected":false},"excerpt":{"rendered":"","protected":false},"author":1,"featured_media":0,"parent":0,"menu_order":0,"comment_status":"closed","ping_status":"closed","template":"","meta":{"footnotes":""},"class_list":["post-267","page","type-page","status-publish","hentry"],"yoast_head":"<!-- This site is optimized with the Yoast SEO plugin v26.6 - https:\/\/yoast.com\/wordpress\/plugins\/seo\/ -->\n<title>Rejestracja BetLabel | \u0141atwy przewodnik rejestracji na 2024 rok<\/title>\n<meta name=\"description\" content=\"Jak otworzy\u0107 konto BetLabel Polska i skorzysta\u0107 z bonus\u00f3w. Zarejestruj si\u0119 i otrzymaj bonus powitalny BetLabel \u2713 Zarejestruj si\u0119 i rozpocznij swoj\u0105 przygod\u0119 z zak\u0142adami ju\u017c teraz\" \/>\n<meta name=\"robots\" content=\"index, follow, max-snippet:-1, max-image-preview:large, max-video-preview:-1\" \/>\n<meta property=\"og:locale\" content=\"pl_PL\" \/>\n<meta property=\"og:type\" content=\"article\" \/>\n<meta property=\"og:title\" content=\"Rejestracja BetLabel | \u0141atwy przewodnik rejestracji na 2024 rok\" \/>\n<meta property=\"og:description\" content=\"Jak otworzy\u0107 konto BetLabel Polska i skorzysta\u0107 z bonus\u00f3w. Zarejestruj si\u0119 i otrzymaj bonus powitalny BetLabel \u2713 Zarejestruj si\u0119 i rozpocznij swoj\u0105 przygod\u0119 z zak\u0142adami ju\u017c teraz\" \/>\n<meta property=\"og:url\" content=\"https:\/\/betlabel.games\/pl\/registration\/\" \/>\n<meta property=\"og:site_name\" content=\"Betlabel pl\" \/>\n<meta property=\"article:modified_time\" content=\"2024-10-22T08:59:19+00:00\" \/>\n<meta name=\"twitter:card\" content=\"summary_large_image\" \/>\n<script type=\"application\/ld+json\" class=\"yoast-schema-graph\">{\"@context\":\"https:\/\/schema.org\",\"@graph\":[{\"@type\":\"WebPage\",\"@id\":\"https:\/\/betlabel.games\/pl\/registration\/\",\"url\":\"https:\/\/betlabel.games\/pl\/registration\/\",\"name\":\"Rejestracja BetLabel | \u0141atwy przewodnik rejestracji na 2024 rok\",\"isPartOf\":{\"@id\":\"https:\/\/betlabel.games\/pl\/#website\"},\"datePublished\":\"2024-10-10T12:44:36+00:00\",\"dateModified\":\"2024-10-22T08:59:19+00:00\",\"description\":\"Jak otworzy\u0107 konto BetLabel Polska i skorzysta\u0107 z bonus\u00f3w. Zarejestruj si\u0119 i otrzymaj bonus powitalny BetLabel \u2713 Zarejestruj si\u0119 i rozpocznij swoj\u0105 przygod\u0119 z zak\u0142adami ju\u017c teraz\",\"breadcrumb\":{\"@id\":\"https:\/\/betlabel.games\/pl\/registration\/#breadcrumb\"},\"inLanguage\":\"pl-PL\",\"potentialAction\":[{\"@type\":\"ReadAction\",\"target\":[\"https:\/\/betlabel.games\/pl\/registration\/\"]}]},{\"@type\":\"BreadcrumbList\",\"@id\":\"https:\/\/betlabel.games\/pl\/registration\/#breadcrumb\",\"itemListElement\":[{\"@type\":\"ListItem\",\"position\":1,\"name\":\"Home\",\"item\":\"https:\/\/betlabel.games\/pl\/\"},{\"@type\":\"ListItem\",\"position\":2,\"name\":\"Rejestracja\"}]},{\"@type\":\"WebSite\",\"@id\":\"https:\/\/betlabel.games\/pl\/#website\",\"url\":\"https:\/\/betlabel.games\/pl\/\",\"name\":\"Betlabel pl\",\"description\":\"My WordPress Blog\",\"potentialAction\":[{\"@type\":\"SearchAction\",\"target\":{\"@type\":\"EntryPoint\",\"urlTemplate\":\"https:\/\/betlabel.games\/pl\/?s={search_term_string}\"},\"query-input\":{\"@type\":\"PropertyValueSpecification\",\"valueRequired\":true,\"valueName\":\"search_term_string\"}}],\"inLanguage\":\"pl-PL\"}]}<\/script>\n<!-- \/ Yoast SEO plugin. -->","yoast_head_json":{"title":"Rejestracja BetLabel | \u0141atwy przewodnik rejestracji na 2024 rok","description":"Jak otworzy\u0107 konto BetLabel Polska i skorzysta\u0107 z bonus\u00f3w. Zarejestruj si\u0119 i otrzymaj bonus powitalny BetLabel \u2713 Zarejestruj si\u0119 i rozpocznij swoj\u0105 przygod\u0119 z zak\u0142adami ju\u017c teraz","robots":{"index":"index","follow":"follow","max-snippet":"max-snippet:-1","max-image-preview":"max-image-preview:large","max-video-preview":"max-video-preview:-1"},"og_locale":"pl_PL","og_type":"article","og_title":"Rejestracja BetLabel | \u0141atwy przewodnik rejestracji na 2024 rok","og_description":"Jak otworzy\u0107 konto BetLabel Polska i skorzysta\u0107 z bonus\u00f3w. Zarejestruj si\u0119 i otrzymaj bonus powitalny BetLabel \u2713 Zarejestruj si\u0119 i rozpocznij swoj\u0105 przygod\u0119 z zak\u0142adami ju\u017c teraz","og_url":"https:\/\/betlabel.games\/pl\/registration\/","og_site_name":"Betlabel pl","article_modified_time":"2024-10-22T08:59:19+00:00","twitter_card":"summary_large_image","schema":{"@context":"https:\/\/schema.org","@graph":[{"@type":"WebPage","@id":"https:\/\/betlabel.games\/pl\/registration\/","url":"https:\/\/betlabel.games\/pl\/registration\/","name":"Rejestracja BetLabel | \u0141atwy przewodnik rejestracji na 2024 rok","isPartOf":{"@id":"https:\/\/betlabel.games\/pl\/#website"},"datePublished":"2024-10-10T12:44:36+00:00","dateModified":"2024-10-22T08:59:19+00:00","description":"Jak otworzy\u0107 konto BetLabel Polska i skorzysta\u0107 z bonus\u00f3w. Zarejestruj si\u0119 i otrzymaj bonus powitalny BetLabel \u2713 Zarejestruj si\u0119 i rozpocznij swoj\u0105 przygod\u0119 z zak\u0142adami ju\u017c teraz","breadcrumb":{"@id":"https:\/\/betlabel.games\/pl\/registration\/#breadcrumb"},"inLanguage":"pl-PL","potentialAction":[{"@type":"ReadAction","target":["https:\/\/betlabel.games\/pl\/registration\/"]}]},{"@type":"BreadcrumbList","@id":"https:\/\/betlabel.games\/pl\/registration\/#breadcrumb","itemListElement":[{"@type":"ListItem","position":1,"name":"Home","item":"https:\/\/betlabel.games\/pl\/"},{"@type":"ListItem","position":2,"name":"Rejestracja"}]},{"@type":"WebSite","@id":"https:\/\/betlabel.games\/pl\/#website","url":"https:\/\/betlabel.games\/pl\/","name":"Betlabel pl","description":"My WordPress Blog","potentialAction":[{"@type":"SearchAction","target":{"@type":"EntryPoint","urlTemplate":"https:\/\/betlabel.games\/pl\/?s={search_term_string}"},"query-input":{"@type":"PropertyValueSpecification","valueRequired":true,"valueName":"search_term_string"}}],"inLanguage":"pl-PL"}]}},"_links":{"self":[{"href":"https:\/\/betlabel.games\/pl\/wp-json\/wp\/v2\/pages\/267","targetHints":{"allow":["GET"]}}],"collection":[{"href":"https:\/\/betlabel.games\/pl\/wp-json\/wp\/v2\/pages"}],"about":[{"href":"https:\/\/betlabel.games\/pl\/wp-json\/wp\/v2\/types\/page"}],"author":[{"embeddable":true,"href":"https:\/\/betlabel.games\/pl\/wp-json\/wp\/v2\/users\/1"}],"replies":[{"embeddable":true,"href":"https:\/\/betlabel.games\/pl\/wp-json\/wp\/v2\/comments?post=267"}],"version-history":[{"count":1,"href":"https:\/\/betlabel.games\/pl\/wp-json\/wp\/v2\/pages\/267\/revisions"}],"predecessor-version":[{"id":419,"href":"https:\/\/betlabel.games\/pl\/wp-json\/wp\/v2\/pages\/267\/revisions\/419"}],"wp:attachment":[{"href":"https:\/\/betlabel.games\/pl\/wp-json\/wp\/v2\/media?parent=267"}],"curies":[{"name":"wp","href":"https:\/\/api.w.org\/{rel}","templated":true}]}}